{"id":64771,"date":"2019-03-19T16:16:30","date_gmt":"2019-03-19T15:16:30","guid":{"rendered":"https:\/\/prodotti.albaen.it\/?product=x1311ck-s3"},"modified":"2021-09-10T10:59:03","modified_gmt":"2021-09-10T08:59:03","slug":"x1311ck-s3","status":"publish","type":"product","link":"https:\/\/prodotti.albaen.it\/deutsche\/produkt\/x1311ck-s3\/","title":{"rendered":"Stivale da lavoro X1311CK S3"},"content":{"rendered":"<p>Der Kn\u00f6chelschuh F1071CK, aus atmungsaktiven, widerstandsf\u00e4higen und wasserabweisenden Materialien, bietet eine besondere TPU-Fersenst\u00fctze, die den Fu\u00df stabil h\u00e4lt. Entworfen und hergestellt f\u00fcr Arbeiter im Bereich der Umz\u00fcgen, Logistik, Lagern, Handwerk, Wartung usw.<\/p>","protected":false},"excerpt":{"rendered":"<p><strong>Schaft:<\/strong> Vollnarbiges wasserabweisendes Leder mit synthetischem Kragen und Zunge<br \/><strong>Futtermaterial:<\/strong> 3D Gewebe, atmungsaktiv<br \/><strong>Schutzkappe:<\/strong> 200-J Kunststoff<br \/><strong>Einlegesohle:<\/strong> atmungsaktiv, antistatisch und herausnehmbar<br \/><strong>Durchtrittsichere Zwischensohle:<\/strong> nicht-metallisch<br \/><strong>Sohle:<\/strong> PU\/PU zweischichtig, SRC rutschhemmend<br \/><strong>Gr\u00f6\u00dfen:<\/strong> 36-47<br \/><strong>Einzelheiten:<\/strong> Schuhe S3, SRC<\/p>\n<p><a href=\"https:\/\/prodotti.albaen.it\/wp-content\/uploads\/X1311CK-S3-1.pdf\" target=\"_blank\" rel=\"noopener\"><span style=\"color: #0000ff;\"><strong>Laden Sie das Zertifikat herunter<\/strong><\/span><\/a><\/p>","protected":false},"featured_media":14310,"comment_status":"closed","ping_status":"open","template":"","meta":[],"product_cat":[8282],"product_tag":[],"yoast_head":"<!-- This site is optimized with the Yoast SEO Premium plugin v15.0 - https:\/\/yoast.com\/wordpress\/plugins\/seo\/ -->\n<title>Stivale da lavoro X1311CK S3 - Alba&amp;N. - Produttori di Scarpe Antinfortunistiche<\/title>\n<meta name=\"robots\" content=\"index, follow, max-snippet:-1, max-image-preview:large, max-video-preview:-1\" \/>\n<link rel=\"canonical\" href=\"https:\/\/prodotti.albaen.it\/deutsche\/produkt\/x1311ck-s3\/\" \/>\n<meta property=\"og:locale\" content=\"de_DE\" \/>\n<meta property=\"og:type\" content=\"article\" \/>\n<meta property=\"og:title\" content=\"Stivale da lavoro X1311CK S3 - Alba&amp;N. - Produttori di Scarpe Antinfortunistiche\" \/>\n<meta property=\"og:description\" content=\"Tomaia: Pelle pieno fiore idrorepellente, con collarino e lingua in sinteticoFodera: 3D traspirantePuntale: CompositoSottopiede: Rimovibile e antistaticoLamina: tessuto anti-perforazioneSuola: Bi-densit\u00e0 PU\/PU SRCTaglie: 36-47Particolari: Calzatura S3, ampia e confortevoleScarica il certificato\" \/>\n<meta property=\"og:url\" content=\"https:\/\/prodotti.albaen.it\/deutsche\/produkt\/x1311ck-s3\/\" \/>\n<meta property=\"og:site_name\" content=\"Alba&amp;N. - Produttori di Scarpe Antinfortunistiche\" \/>\n<meta property=\"article:publisher\" content=\"https:\/\/www.facebook.com\/AlbaenShoes\/\" \/>\n<meta property=\"article:modified_time\" content=\"2021-09-10T08:59:03+00:00\" \/>\n<meta property=\"og:image\" content=\"https:\/\/prodotti.albaen.it\/wp-content\/uploads\/scarpe-antinfortunistiche-uomo-impermeabili-puntale-composito-alta-marrone-albaen-1-X1311CK-S3.jpg\" \/>\n\t<meta property=\"og:image:width\" content=\"1000\" \/>\n\t<meta property=\"og:image:height\" content=\"1000\" \/>\n<meta name=\"twitter:card\" content=\"summary_large_image\" \/>\n<script type=\"application\/ld+json\" class=\"yoast-schema-graph\">{\"@context\":\"https:\/\/schema.org\",\"@graph\":[{\"@type\":\"Organization\",\"@id\":\"https:\/\/prodotti.albaen.it\/deutsche\/#organization\",\"name\":\"Alba&N\",\"url\":\"https:\/\/prodotti.albaen.it\/deutsche\/\",\"sameAs\":[\"https:\/\/www.facebook.com\/AlbaenShoes\/\"],\"logo\":{\"@type\":\"ImageObject\",\"@id\":\"https:\/\/prodotti.albaen.it\/deutsche\/#logo\",\"inLanguage\":\"de\",\"url\":\"https:\/\/prodotti.albaen.it\/wp-content\/uploads\/2019\/01\/logo1-1.png\",\"width\":269,\"height\":98,\"caption\":\"Alba&N\"},\"image\":{\"@id\":\"https:\/\/prodotti.albaen.it\/deutsche\/#logo\"}},{\"@type\":\"WebSite\",\"@id\":\"https:\/\/prodotti.albaen.it\/deutsche\/#website\",\"url\":\"https:\/\/prodotti.albaen.it\/deutsche\/\",\"name\":\"Alba&N - Produttori di Scarpe Antinfortunistiche\",\"description\":\"Leader Mondiali nella produzione di Scarpe Antinfortunistiche\",\"publisher\":{\"@id\":\"https:\/\/prodotti.albaen.it\/deutsche\/#organization\"},\"potentialAction\":[{\"@type\":\"SearchAction\",\"target\":\"https:\/\/prodotti.albaen.it\/deutsche\/?s={search_term_string}\",\"query-input\":\"required name=search_term_string\"}],\"inLanguage\":\"de\"},{\"@type\":\"ImageObject\",\"@id\":\"https:\/\/prodotti.albaen.it\/prodotto\/x1311ck-s3\/#primaryimage\",\"inLanguage\":\"de\",\"url\":\"https:\/\/prodotti.albaen.it\/wp-content\/uploads\/scarpe-antinfortunistiche-uomo-impermeabili-puntale-composito-alta-marrone-albaen-1-X1311CK-S3.jpg\",\"width\":1000,\"height\":1000},{\"@type\":\"WebPage\",\"@id\":\"https:\/\/prodotti.albaen.it\/prodotto\/x1311ck-s3\/#webpage\",\"url\":\"https:\/\/prodotti.albaen.it\/prodotto\/x1311ck-s3\/\",\"name\":\"Stivale da lavoro X1311CK S3 - Alba&amp;N. - Produttori di Scarpe Antinfortunistiche\",\"isPartOf\":{\"@id\":\"https:\/\/prodotti.albaen.it\/deutsche\/#website\"},\"primaryImageOfPage\":{\"@id\":\"https:\/\/prodotti.albaen.it\/prodotto\/x1311ck-s3\/#primaryimage\"},\"datePublished\":\"2019-03-19T15:16:30+00:00\",\"dateModified\":\"2021-09-10T08:59:03+00:00\",\"inLanguage\":\"de\",\"potentialAction\":[{\"@type\":\"ReadAction\",\"target\":[\"https:\/\/prodotti.albaen.it\/prodotto\/x1311ck-s3\/\"]}]}]}<\/script>\n<!-- \/ Yoast SEO Premium plugin. -->","_links":{"self":[{"href":"https:\/\/prodotti.albaen.it\/deutsche\/wp-json\/wp\/v2\/product\/64771"}],"collection":[{"href":"https:\/\/prodotti.albaen.it\/deutsche\/wp-json\/wp\/v2\/product"}],"about":[{"href":"https:\/\/prodotti.albaen.it\/deutsche\/wp-json\/wp\/v2\/types\/product"}],"replies":[{"embeddable":true,"href":"https:\/\/prodotti.albaen.it\/deutsche\/wp-json\/wp\/v2\/comments?post=64771"}],"wp:featuredmedia":[{"embeddable":true,"href":"https:\/\/prodotti.albaen.it\/deutsche\/wp-json\/wp\/v2\/media\/14310"}],"wp:attachment":[{"href":"https:\/\/prodotti.albaen.it\/deutsche\/wp-json\/wp\/v2\/media?parent=64771"}],"wp:term":[{"taxonomy":"product_cat","embeddable":true,"href":"https:\/\/prodotti.albaen.it\/deutsche\/wp-json\/wp\/v2\/product_cat?post=64771"},{"taxonomy":"product_tag","embeddable":true,"href":"https:\/\/prodotti.albaen.it\/deutsche\/wp-json\/wp\/v2\/product_tag?post=64771"}],"curies":[{"name":"wp","href":"https:\/\/api.w.org\/{rel}","templated":true}]}}