{"id":64846,"date":"2019-03-27T08:53:43","date_gmt":"2019-03-27T07:53:43","guid":{"rendered":"https:\/\/prodotti.albaen.it\/?product=c18sck-s1p"},"modified":"2021-09-10T10:20:40","modified_gmt":"2021-09-10T08:20:40","slug":"c18sck-s1p","status":"publish","type":"product","link":"https:\/\/prodotti.albaen.it\/deutsche\/produkt\/c18sck-s1p\/","title":{"rendered":"Sandalo da lavoro C18SCK S1P"},"content":{"rendered":"<p>Sicherheitsschuh aus weichem Veloursleder mit L\u00f6chern an den Seiten, um die Bel\u00fcftung des Schuhs zu erh\u00f6hen. Das Innenfutter aus 3D abriebfestem Gewebe absorbiert Schwei\u00df und l\u00e4sst den Fu\u00df atmen. Zehenschutz wird durch eine bis 200J nicht-metallische Schutzkappe garantiert. Mit einer leichten Durchtrittsicheren Einlage aus Gewebe ausgestattet.<\/p>","protected":false},"excerpt":{"rendered":"<p><strong>Schaft:<\/strong> Pelle stampata<br \/>\n<strong>Futtermaterial:<\/strong> 3D Gewebe, atmungsaktiv<br \/>\n<strong>Schutzkappe:<\/strong> 200-J Kunststoff<br \/>\n<strong>Einlegesohle:<\/strong> atmungsaktiv, antistatisch und herausnehmbar<br \/>\n<strong>Durchtrittsichere Zwischensohle:<\/strong> nicht-metallisch<br \/>\n<strong>Sohle:<\/strong> PU\/PU zweischichtig, SRC rutschhemmend<br \/>\n<strong>A<\/strong><strong>aglie:<\/strong> 35-48<br \/>\n<strong>Particolari<\/strong>: Calzatura S1P, ampia e confortevole<\/p>","protected":false},"featured_media":14475,"comment_status":"closed","ping_status":"closed","template":"","meta":[],"product_cat":[8284],"product_tag":[],"yoast_head":"<!-- This site is optimized with the Yoast SEO Premium plugin v15.0 - https:\/\/yoast.com\/wordpress\/plugins\/seo\/ -->\n<title>Sandalo da lavoro C18SCK S1P - Alba&amp;N. - Produttori di Scarpe Antinfortunistiche<\/title>\n<meta name=\"robots\" content=\"index, follow, max-snippet:-1, max-image-preview:large, max-video-preview:-1\" \/>\n<link rel=\"canonical\" href=\"https:\/\/prodotti.albaen.it\/deutsche\/produkt\/c18sck-s1p\/\" \/>\n<meta property=\"og:locale\" content=\"de_DE\" \/>\n<meta property=\"og:type\" content=\"article\" \/>\n<meta property=\"og:title\" content=\"Sandalo da lavoro C18SCK S1P - Alba&amp;N. - Produttori di Scarpe Antinfortunistiche\" \/>\n<meta property=\"og:description\" content=\"Tomaia: Pelle stampata Fodera: 3D traspirante Puntale: Composito Sottopiede: Rimovibile e antistatico Lamina: tessuto anti-perforazione Suola: Bi-densit\u00e0 PU\/PU SRC Taglie: 35-48 Particolari: Calzatura S1P, ampia e confortevole\" \/>\n<meta property=\"og:url\" content=\"https:\/\/prodotti.albaen.it\/deutsche\/produkt\/c18sck-s1p\/\" \/>\n<meta property=\"og:site_name\" content=\"Alba&amp;N. - Produttori di Scarpe Antinfortunistiche\" \/>\n<meta property=\"article:publisher\" content=\"https:\/\/www.facebook.com\/AlbaenShoes\/\" \/>\n<meta property=\"article:modified_time\" content=\"2021-09-10T08:20:40+00:00\" \/>\n<meta property=\"og:image\" content=\"https:\/\/prodotti.albaen.it\/wp-content\/uploads\/scarpe-antinfortunistiche-uomo-puntale-composito-bassa-nero-albaen-1-C18SCK-S1P.jpg\" \/>\n\t<meta property=\"og:image:width\" content=\"1000\" \/>\n\t<meta property=\"og:image:height\" content=\"1000\" \/>\n<meta name=\"twitter:card\" content=\"summary_large_image\" \/>\n<script type=\"application\/ld+json\" class=\"yoast-schema-graph\">{\"@context\":\"https:\/\/schema.org\",\"@graph\":[{\"@type\":\"Organization\",\"@id\":\"https:\/\/prodotti.albaen.it\/deutsche\/#organization\",\"name\":\"Alba&N\",\"url\":\"https:\/\/prodotti.albaen.it\/deutsche\/\",\"sameAs\":[\"https:\/\/www.facebook.com\/AlbaenShoes\/\"],\"logo\":{\"@type\":\"ImageObject\",\"@id\":\"https:\/\/prodotti.albaen.it\/deutsche\/#logo\",\"inLanguage\":\"de\",\"url\":\"https:\/\/prodotti.albaen.it\/wp-content\/uploads\/2019\/01\/logo1-1.png\",\"width\":269,\"height\":98,\"caption\":\"Alba&N\"},\"image\":{\"@id\":\"https:\/\/prodotti.albaen.it\/deutsche\/#logo\"}},{\"@type\":\"WebSite\",\"@id\":\"https:\/\/prodotti.albaen.it\/deutsche\/#website\",\"url\":\"https:\/\/prodotti.albaen.it\/deutsche\/\",\"name\":\"Alba&N - Produttori di Scarpe Antinfortunistiche\",\"description\":\"Leader Mondiali nella produzione di Scarpe Antinfortunistiche\",\"publisher\":{\"@id\":\"https:\/\/prodotti.albaen.it\/deutsche\/#organization\"},\"potentialAction\":[{\"@type\":\"SearchAction\",\"target\":\"https:\/\/prodotti.albaen.it\/deutsche\/?s={search_term_string}\",\"query-input\":\"required name=search_term_string\"}],\"inLanguage\":\"de\"},{\"@type\":\"ImageObject\",\"@id\":\"https:\/\/prodotti.albaen.it\/prodotto\/c18sck-s1p\/#primaryimage\",\"inLanguage\":\"de\",\"url\":\"https:\/\/prodotti.albaen.it\/wp-content\/uploads\/scarpe-antinfortunistiche-uomo-puntale-composito-bassa-nero-albaen-1-C18SCK-S1P.jpg\",\"width\":1000,\"height\":1000},{\"@type\":\"WebPage\",\"@id\":\"https:\/\/prodotti.albaen.it\/prodotto\/c18sck-s1p\/#webpage\",\"url\":\"https:\/\/prodotti.albaen.it\/prodotto\/c18sck-s1p\/\",\"name\":\"Sandalo da lavoro C18SCK S1P - Alba&amp;N. - Produttori di Scarpe Antinfortunistiche\",\"isPartOf\":{\"@id\":\"https:\/\/prodotti.albaen.it\/deutsche\/#website\"},\"primaryImageOfPage\":{\"@id\":\"https:\/\/prodotti.albaen.it\/prodotto\/c18sck-s1p\/#primaryimage\"},\"datePublished\":\"2019-03-27T07:53:43+00:00\",\"dateModified\":\"2021-09-10T08:20:40+00:00\",\"inLanguage\":\"de\",\"potentialAction\":[{\"@type\":\"ReadAction\",\"target\":[\"https:\/\/prodotti.albaen.it\/prodotto\/c18sck-s1p\/\"]}]}]}<\/script>\n<!-- \/ Yoast SEO Premium plugin. -->","_links":{"self":[{"href":"https:\/\/prodotti.albaen.it\/deutsche\/wp-json\/wp\/v2\/product\/64846"}],"collection":[{"href":"https:\/\/prodotti.albaen.it\/deutsche\/wp-json\/wp\/v2\/product"}],"about":[{"href":"https:\/\/prodotti.albaen.it\/deutsche\/wp-json\/wp\/v2\/types\/product"}],"replies":[{"embeddable":true,"href":"https:\/\/prodotti.albaen.it\/deutsche\/wp-json\/wp\/v2\/comments?post=64846"}],"wp:featuredmedia":[{"embeddable":true,"href":"https:\/\/prodotti.albaen.it\/deutsche\/wp-json\/wp\/v2\/media\/14475"}],"wp:attachment":[{"href":"https:\/\/prodotti.albaen.it\/deutsche\/wp-json\/wp\/v2\/media?parent=64846"}],"wp:term":[{"taxonomy":"product_cat","embeddable":true,"href":"https:\/\/prodotti.albaen.it\/deutsche\/wp-json\/wp\/v2\/product_cat?post=64846"},{"taxonomy":"product_tag","embeddable":true,"href":"https:\/\/prodotti.albaen.it\/deutsche\/wp-json\/wp\/v2\/product_tag?post=64846"}],"curies":[{"name":"wp","href":"https:\/\/api.w.org\/{rel}","templated":true}]}}