{"id":64882,"date":"2019-03-29T08:21:40","date_gmt":"2019-03-29T07:21:40","guid":{"rendered":"https:\/\/prodotti.albaen.it\/?product=fc18ck-s1p"},"modified":"2021-09-10T10:20:36","modified_gmt":"2021-09-10T08:20:36","slug":"fc18ck-s1p","status":"publish","type":"product","link":"https:\/\/prodotti.albaen.it\/deutsche\/produkt\/fc18ck-s1p\/","title":{"rendered":"Sandalo da lavoro FC18CK S1P"},"content":{"rendered":"<p>S1P-Arbeitsschuhe sind antistatisch und mit einer Arbeitskappe und einer rutschfesten Sohle gegen \u00d6l und Benzin ausgestattet. Sie haben eine gute Elastizit\u00e4t und sind die am h\u00e4ufigsten verwendeten Schuhe in der Arbeitswelt.<\/p>","protected":false},"excerpt":{"rendered":"<p><strong>Schaft:<\/strong> Pelle crosta scamosciata<br \/><strong>Futtermaterial:<\/strong> 3D Gewebe, atmungsaktiv<br \/><strong>Schutzkappe:<\/strong> 200-J Kunststoff<br \/><strong>Einlegesohle:<\/strong> atmungsaktiv, antistatisch und herausnehmbar<br \/><strong>Durchtrittsichere Zwischensohle:<\/strong> nicht-metallisch<br \/><strong>Sohle:<\/strong> PU\/PU zweischichtig, SRC rutschhemmend<br \/><strong>Gr\u00f6\u00dfen:<\/strong> 35-48<br \/><strong>Einzelheiten:<\/strong> Calzatura S1P, ampia e confortevole<\/p>","protected":false},"featured_media":14550,"comment_status":"closed","ping_status":"open","template":"","meta":[],"product_cat":[8286],"product_tag":[],"yoast_head":"<!-- This site is optimized with the Yoast SEO Premium plugin v15.0 - https:\/\/yoast.com\/wordpress\/plugins\/seo\/ -->\n<title>Sandalo da lavoro FC18CK S1P - Alba&amp;N. - Produttori di Scarpe Antinfortunistiche<\/title>\n<meta name=\"robots\" content=\"index, follow, max-snippet:-1, max-image-preview:large, max-video-preview:-1\" \/>\n<link rel=\"canonical\" href=\"https:\/\/prodotti.albaen.it\/deutsche\/produkt\/fc18ck-s1p\/\" \/>\n<meta property=\"og:locale\" content=\"de_DE\" \/>\n<meta property=\"og:type\" content=\"article\" \/>\n<meta property=\"og:title\" content=\"Sandalo da lavoro FC18CK S1P - Alba&amp;N. - Produttori di Scarpe Antinfortunistiche\" \/>\n<meta property=\"og:description\" content=\"Tomaia: Pelle crosta scamosciataFodera: 3D traspirantePuntale: CompositoSottopiede: Rimovibile e antistaticoLamina: tessuto anti-perforazioneSuola: Bi-densit\u00e0 PU\/PU SRCTaglie: 35-48Particolari: Calzatura S1P, ampia e confortevole\" \/>\n<meta property=\"og:url\" content=\"https:\/\/prodotti.albaen.it\/deutsche\/produkt\/fc18ck-s1p\/\" \/>\n<meta property=\"og:site_name\" content=\"Alba&amp;N. - Produttori di Scarpe Antinfortunistiche\" \/>\n<meta property=\"article:publisher\" content=\"https:\/\/www.facebook.com\/AlbaenShoes\/\" \/>\n<meta property=\"article:modified_time\" content=\"2021-09-10T08:20:36+00:00\" \/>\n<meta property=\"og:image\" content=\"https:\/\/prodotti.albaen.it\/wp-content\/uploads\/scarpe-antinfortunistiche-uomo-puntale-composito-bassa-grigio-albaen-1-FC18CK-S1P.jpg\" \/>\n\t<meta property=\"og:image:width\" content=\"1000\" \/>\n\t<meta property=\"og:image:height\" content=\"1000\" \/>\n<meta name=\"twitter:card\" content=\"summary_large_image\" \/>\n<script type=\"application\/ld+json\" class=\"yoast-schema-graph\">{\"@context\":\"https:\/\/schema.org\",\"@graph\":[{\"@type\":\"Organization\",\"@id\":\"https:\/\/prodotti.albaen.it\/deutsche\/#organization\",\"name\":\"Alba&N\",\"url\":\"https:\/\/prodotti.albaen.it\/deutsche\/\",\"sameAs\":[\"https:\/\/www.facebook.com\/AlbaenShoes\/\"],\"logo\":{\"@type\":\"ImageObject\",\"@id\":\"https:\/\/prodotti.albaen.it\/deutsche\/#logo\",\"inLanguage\":\"de\",\"url\":\"https:\/\/prodotti.albaen.it\/wp-content\/uploads\/2019\/01\/logo1-1.png\",\"width\":269,\"height\":98,\"caption\":\"Alba&N\"},\"image\":{\"@id\":\"https:\/\/prodotti.albaen.it\/deutsche\/#logo\"}},{\"@type\":\"WebSite\",\"@id\":\"https:\/\/prodotti.albaen.it\/deutsche\/#website\",\"url\":\"https:\/\/prodotti.albaen.it\/deutsche\/\",\"name\":\"Alba&N - Produttori di Scarpe Antinfortunistiche\",\"description\":\"Leader Mondiali nella produzione di Scarpe Antinfortunistiche\",\"publisher\":{\"@id\":\"https:\/\/prodotti.albaen.it\/deutsche\/#organization\"},\"potentialAction\":[{\"@type\":\"SearchAction\",\"target\":\"https:\/\/prodotti.albaen.it\/deutsche\/?s={search_term_string}\",\"query-input\":\"required name=search_term_string\"}],\"inLanguage\":\"de\"},{\"@type\":\"ImageObject\",\"@id\":\"https:\/\/prodotti.albaen.it\/prodotto\/fc18ck-s1p\/#primaryimage\",\"inLanguage\":\"de\",\"url\":\"https:\/\/prodotti.albaen.it\/wp-content\/uploads\/scarpe-antinfortunistiche-uomo-puntale-composito-bassa-grigio-albaen-1-FC18CK-S1P.jpg\",\"width\":1000,\"height\":1000},{\"@type\":\"WebPage\",\"@id\":\"https:\/\/prodotti.albaen.it\/prodotto\/fc18ck-s1p\/#webpage\",\"url\":\"https:\/\/prodotti.albaen.it\/prodotto\/fc18ck-s1p\/\",\"name\":\"Sandalo da lavoro FC18CK S1P - Alba&amp;N. - Produttori di Scarpe Antinfortunistiche\",\"isPartOf\":{\"@id\":\"https:\/\/prodotti.albaen.it\/deutsche\/#website\"},\"primaryImageOfPage\":{\"@id\":\"https:\/\/prodotti.albaen.it\/prodotto\/fc18ck-s1p\/#primaryimage\"},\"datePublished\":\"2019-03-29T07:21:40+00:00\",\"dateModified\":\"2021-09-10T08:20:36+00:00\",\"inLanguage\":\"de\",\"potentialAction\":[{\"@type\":\"ReadAction\",\"target\":[\"https:\/\/prodotti.albaen.it\/prodotto\/fc18ck-s1p\/\"]}]}]}<\/script>\n<!-- \/ Yoast SEO Premium plugin. -->","_links":{"self":[{"href":"https:\/\/prodotti.albaen.it\/deutsche\/wp-json\/wp\/v2\/product\/64882"}],"collection":[{"href":"https:\/\/prodotti.albaen.it\/deutsche\/wp-json\/wp\/v2\/product"}],"about":[{"href":"https:\/\/prodotti.albaen.it\/deutsche\/wp-json\/wp\/v2\/types\/product"}],"replies":[{"embeddable":true,"href":"https:\/\/prodotti.albaen.it\/deutsche\/wp-json\/wp\/v2\/comments?post=64882"}],"wp:featuredmedia":[{"embeddable":true,"href":"https:\/\/prodotti.albaen.it\/deutsche\/wp-json\/wp\/v2\/media\/14550"}],"wp:attachment":[{"href":"https:\/\/prodotti.albaen.it\/deutsche\/wp-json\/wp\/v2\/media?parent=64882"}],"wp:term":[{"taxonomy":"product_cat","embeddable":true,"href":"https:\/\/prodotti.albaen.it\/deutsche\/wp-json\/wp\/v2\/product_cat?post=64882"},{"taxonomy":"product_tag","embeddable":true,"href":"https:\/\/prodotti.albaen.it\/deutsche\/wp-json\/wp\/v2\/product_tag?post=64882"}],"curies":[{"name":"wp","href":"https:\/\/api.w.org\/{rel}","templated":true}]}}