{"id":64945,"date":"2019-03-29T15:03:01","date_gmt":"2019-03-29T14:03:01","guid":{"rendered":"https:\/\/prodotti.albaen.it\/?product=g32ck-s3"},"modified":"2022-11-24T11:01:54","modified_gmt":"2022-11-24T10:01:54","slug":"g32ck-s3","status":"publish","type":"product","link":"https:\/\/prodotti.albaen.it\/deutsche\/produkt\/g32ck-s3\/","title":{"rendered":"Stivale da lavoro GC210CK S3"},"content":{"rendered":"<p>Der Kn\u00f6chelschuh F1071CK, aus atmungsaktiven, widerstandsf\u00e4higen und wasserabweisenden Materialien, bietet eine besondere TPU-Fersenst\u00fctze, die den Fu\u00df stabil h\u00e4lt. Entworfen und hergestellt f\u00fcr Arbeiter im Bereich der Umz\u00fcgen, Logistik, Lagern, Handwerk, Wartung usw.<\/p>","protected":false},"excerpt":{"rendered":"<p><strong>Schaft:<\/strong> Pelle fiore con pelle stampata, collarino e lingua in tessuto sintetico<br \/>\n<strong>Futtermaterial:<\/strong> 3D Gewebe, atmungsaktiv<br \/>\n<strong>Schutzkappe:<\/strong> 200-J Kunststoff<br \/>\n<strong>Einlegesohle:<\/strong> atmungsaktiv, antistatisch und herausnehmbar<br \/>\n<strong>Durchtrittsichere Zwischensohle:<\/strong> Kevlar<br \/>\n<strong>Sohle:<\/strong> Bi-Dichte PU \/ HRO RUBBER SRC<br \/>\n<strong>Gr\u00f6\u00dfen:<\/strong> 37-48<br \/>\n<strong>Einzelheiten:<\/strong> Schuhe S3, SRC<\/p>","protected":false},"featured_media":14679,"comment_status":"closed","ping_status":"closed","template":"","meta":[],"product_cat":[8288],"product_tag":[],"yoast_head":"<!-- This site is optimized with the Yoast SEO Premium plugin v15.0 - https:\/\/yoast.com\/wordpress\/plugins\/seo\/ -->\n<title>Stivale da lavoro GC210CK S3 - Alba&amp;N. - Produttori di Scarpe Antinfortunistiche<\/title>\n<meta name=\"robots\" content=\"index, follow, max-snippet:-1, max-image-preview:large, max-video-preview:-1\" \/>\n<link rel=\"canonical\" href=\"https:\/\/prodotti.albaen.it\/deutsche\/produkt\/g32ck-s3\/\" \/>\n<meta property=\"og:locale\" content=\"de_DE\" \/>\n<meta property=\"og:type\" content=\"article\" \/>\n<meta property=\"og:title\" content=\"Stivale da lavoro GC210CK S3 - Alba&amp;N. - Produttori di Scarpe Antinfortunistiche\" \/>\n<meta property=\"og:description\" content=\"Tomaia: Pelle fiore con pelle stampata, collarino e lingua in tessuto sintetico Fodera: 3D traspirante Puntale: Composito Sottopiede: Rimovibile e antistatico Lamina: Kevlar Suola: Bi-densit\u00e0 PU\/HRO RUBBER SRC Taglie: 37-48 Particolari: Calzatura S3, ampia e confortevole\" \/>\n<meta property=\"og:url\" content=\"https:\/\/prodotti.albaen.it\/deutsche\/produkt\/g32ck-s3\/\" \/>\n<meta property=\"og:site_name\" content=\"Alba&amp;N. - Produttori di Scarpe Antinfortunistiche\" \/>\n<meta property=\"article:publisher\" content=\"https:\/\/www.facebook.com\/AlbaenShoes\/\" \/>\n<meta property=\"article:modified_time\" content=\"2022-11-24T10:01:54+00:00\" \/>\n<meta property=\"og:image\" content=\"https:\/\/prodotti.albaen.it\/wp-content\/uploads\/scarpe-antinfortunistiche-uomo-impermeabili-puntale-composito-alta-nero-albaen-1-G32CK-S3-HRO.jpg\" \/>\n\t<meta property=\"og:image:width\" content=\"1000\" \/>\n\t<meta property=\"og:image:height\" content=\"1000\" \/>\n<meta name=\"twitter:card\" content=\"summary_large_image\" \/>\n<script type=\"application\/ld+json\" class=\"yoast-schema-graph\">{\"@context\":\"https:\/\/schema.org\",\"@graph\":[{\"@type\":\"Organization\",\"@id\":\"https:\/\/prodotti.albaen.it\/deutsche\/#organization\",\"name\":\"Alba&N\",\"url\":\"https:\/\/prodotti.albaen.it\/deutsche\/\",\"sameAs\":[\"https:\/\/www.facebook.com\/AlbaenShoes\/\"],\"logo\":{\"@type\":\"ImageObject\",\"@id\":\"https:\/\/prodotti.albaen.it\/deutsche\/#logo\",\"inLanguage\":\"de\",\"url\":\"https:\/\/prodotti.albaen.it\/wp-content\/uploads\/2019\/01\/logo1-1.png\",\"width\":269,\"height\":98,\"caption\":\"Alba&N\"},\"image\":{\"@id\":\"https:\/\/prodotti.albaen.it\/deutsche\/#logo\"}},{\"@type\":\"WebSite\",\"@id\":\"https:\/\/prodotti.albaen.it\/deutsche\/#website\",\"url\":\"https:\/\/prodotti.albaen.it\/deutsche\/\",\"name\":\"Alba&N - Produttori di Scarpe Antinfortunistiche\",\"description\":\"Leader Mondiali nella produzione di Scarpe Antinfortunistiche\",\"publisher\":{\"@id\":\"https:\/\/prodotti.albaen.it\/deutsche\/#organization\"},\"potentialAction\":[{\"@type\":\"SearchAction\",\"target\":\"https:\/\/prodotti.albaen.it\/deutsche\/?s={search_term_string}\",\"query-input\":\"required name=search_term_string\"}],\"inLanguage\":\"de\"},{\"@type\":\"ImageObject\",\"@id\":\"https:\/\/prodotti.albaen.it\/prodotto\/g32ck-s3\/#primaryimage\",\"inLanguage\":\"de\",\"url\":\"https:\/\/prodotti.albaen.it\/wp-content\/uploads\/scarpe-antinfortunistiche-uomo-impermeabili-puntale-composito-alta-nero-albaen-1-G32CK-S3-HRO.jpg\",\"width\":1000,\"height\":1000},{\"@type\":\"WebPage\",\"@id\":\"https:\/\/prodotti.albaen.it\/prodotto\/g32ck-s3\/#webpage\",\"url\":\"https:\/\/prodotti.albaen.it\/prodotto\/g32ck-s3\/\",\"name\":\"Stivale da lavoro GC210CK S3 - Alba&amp;N. - Produttori di Scarpe Antinfortunistiche\",\"isPartOf\":{\"@id\":\"https:\/\/prodotti.albaen.it\/deutsche\/#website\"},\"primaryImageOfPage\":{\"@id\":\"https:\/\/prodotti.albaen.it\/prodotto\/g32ck-s3\/#primaryimage\"},\"datePublished\":\"2019-03-29T14:03:01+00:00\",\"dateModified\":\"2022-11-24T10:01:54+00:00\",\"inLanguage\":\"de\",\"potentialAction\":[{\"@type\":\"ReadAction\",\"target\":[\"https:\/\/prodotti.albaen.it\/prodotto\/g32ck-s3\/\"]}]}]}<\/script>\n<!-- \/ Yoast SEO Premium plugin. -->","_links":{"self":[{"href":"https:\/\/prodotti.albaen.it\/deutsche\/wp-json\/wp\/v2\/product\/64945"}],"collection":[{"href":"https:\/\/prodotti.albaen.it\/deutsche\/wp-json\/wp\/v2\/product"}],"about":[{"href":"https:\/\/prodotti.albaen.it\/deutsche\/wp-json\/wp\/v2\/types\/product"}],"replies":[{"embeddable":true,"href":"https:\/\/prodotti.albaen.it\/deutsche\/wp-json\/wp\/v2\/comments?post=64945"}],"wp:featuredmedia":[{"embeddable":true,"href":"https:\/\/prodotti.albaen.it\/deutsche\/wp-json\/wp\/v2\/media\/14679"}],"wp:attachment":[{"href":"https:\/\/prodotti.albaen.it\/deutsche\/wp-json\/wp\/v2\/media?parent=64945"}],"wp:term":[{"taxonomy":"product_cat","embeddable":true,"href":"https:\/\/prodotti.albaen.it\/deutsche\/wp-json\/wp\/v2\/product_cat?post=64945"},{"taxonomy":"product_tag","embeddable":true,"href":"https:\/\/prodotti.albaen.it\/deutsche\/wp-json\/wp\/v2\/product_tag?post=64945"}],"curies":[{"name":"wp","href":"https:\/\/api.w.org\/{rel}","templated":true}]}}