{"id":64983,"date":"2020-12-17T14:28:18","date_gmt":"2020-12-17T13:28:18","guid":{"rendered":"https:\/\/prodotti.albaen.it\/?post_type=product&#038;p=64983"},"modified":"2024-04-22T09:38:03","modified_gmt":"2024-04-22T07:38:03","slug":"scarpa-antinfortunistica-alta-s3","status":"publish","type":"product","link":"https:\/\/prodotti.albaen.it\/deutsche\/produkt\/scarpa-antinfortunistica-alta-s3\/","title":{"rendered":"Sicherheitsschuh N1149CK S3"},"content":{"rendered":"<p>S3 Sicherheitsschuh aus wasserabweisendem Vollleder. V\u00f6llig frei von Metallteilen, dank der Kunstoff-Schutzkappe und der nicht-mtallischen Durchtrittsicheresohle. Perfekt f\u00fcr Au\u00dfenarbeiten in Bau, Handwerk und Leichtindustrie.<\/p>","protected":false},"excerpt":{"rendered":"<p><strong>Schaft:<\/strong> Vollleder, wasserfest<br \/>\n<strong>Futtermaterial:<\/strong> 3D Gewebe, atmungsaktiv<br \/>\n<strong>Schutzkappe:<\/strong> 200-J Kunststoff<br \/>\n<strong>Einlegesohle:<\/strong>\u00a0Atmungsaktiv, antistatisch und herausnehmbar<br \/>\n<strong>Durchtrittsichere Zwischensohle:<\/strong>\u00a0Nicht-metallisch<br \/>\n<strong>Sohle:<\/strong> PU\/PU zweischichtig, SRC rutschhemmend<br \/>\n<strong>Gr\u00f6\u00dfen:<\/strong> 35-48<br \/>\n<strong>Einzelheiten: <\/strong>S3 Schuh SRC<\/p>\n<p><img loading=\"lazy\" decoding=\"async\" class=\"alignnone size-medium wp-image-65433\" src=\"https:\/\/prodotti.albaen.it\/wp-content\/uploads\/N1149-CK-e-N1150-CK--300x43.png\" alt=\"\" width=\"300\" height=\"43\" srcset=\"https:\/\/prodotti.albaen.it\/wp-content\/uploads\/N1149-CK-e-N1150-CK--300x43.png 300w, https:\/\/prodotti.albaen.it\/wp-content\/uploads\/N1149-CK-e-N1150-CK--768x109.png 768w, https:\/\/prodotti.albaen.it\/wp-content\/uploads\/N1149-CK-e-N1150-CK--18x3.png 18w, https:\/\/prodotti.albaen.it\/wp-content\/uploads\/N1149-CK-e-N1150-CK--320x45.png 320w, https:\/\/prodotti.albaen.it\/wp-content\/uploads\/N1149-CK-e-N1150-CK--480x68.png 480w, https:\/\/prodotti.albaen.it\/wp-content\/uploads\/N1149-CK-e-N1150-CK--800x114.png 800w, https:\/\/prodotti.albaen.it\/wp-content\/uploads\/N1149-CK-e-N1150-CK-.png 944w\" sizes=\"(max-width: 300px) 100vw, 300px\" \/><\/p>\n<h3><span style=\"color: #000000;\"><a style=\"color: #000000;\" href=\"https:\/\/prodotti.albaen.it\/wp-content\/uploads\/N1149CK-S3.ted_.pdf\">TECHNISCHES DATENBLATT HERUNTERLADEN<\/a><\/span><\/h3>","protected":false},"featured_media":65206,"comment_status":"closed","ping_status":"closed","template":"","meta":[],"product_cat":[8283],"product_tag":[],"yoast_head":"<!-- This site is optimized with the Yoast SEO Premium plugin v15.0 - https:\/\/yoast.com\/wordpress\/plugins\/seo\/ -->\n<title>Scarpa alta da lavoro N1149CK S3 - Alba&amp;N. - Produttori di Scarpe Antinfortunistiche<\/title>\n<meta name=\"robots\" content=\"index, follow, max-snippet:-1, max-image-preview:large, max-video-preview:-1\" \/>\n<link rel=\"canonical\" href=\"https:\/\/prodotti.albaen.it\/deutsche\/produkt\/scarpa-antinfortunistica-alta-s3\/\" \/>\n<meta property=\"og:locale\" content=\"de_DE\" \/>\n<meta property=\"og:type\" content=\"article\" \/>\n<meta property=\"og:title\" content=\"Scarpa alta da lavoro N1149CK S3 - Alba&amp;N. - Produttori di Scarpe Antinfortunistiche\" \/>\n<meta property=\"og:description\" content=\"Tomaia: Pelle pieno fiore marrone idrorepellente Fodera: 3D traspirante Puntale: Composito, 200-J Sottopiede:\u00a0Traspirante, antistatico e rimovibile Lamina:\u00a0Tessuto antiperforazione Suola: Bi-densit\u00e0 PU\/PU SRC Taglie: 35-48 Particolari: Calzatura alta S3, SRC, calzata ampia e confortevole   SCARICA SCHEDA TECNICA\" \/>\n<meta property=\"og:url\" content=\"https:\/\/prodotti.albaen.it\/deutsche\/produkt\/scarpa-antinfortunistica-alta-s3\/\" \/>\n<meta property=\"og:site_name\" content=\"Alba&amp;N. - Produttori di Scarpe Antinfortunistiche\" \/>\n<meta property=\"article:publisher\" content=\"https:\/\/www.facebook.com\/AlbaenShoes\/\" \/>\n<meta property=\"article:modified_time\" content=\"2024-04-22T07:38:03+00:00\" \/>\n<meta property=\"og:image\" content=\"https:\/\/prodotti.albaen.it\/wp-content\/uploads\/N1149CK-S3-1_.jpg\" \/>\n\t<meta property=\"og:image:width\" content=\"1000\" \/>\n\t<meta property=\"og:image:height\" content=\"1000\" \/>\n<meta name=\"twitter:card\" content=\"summary_large_image\" \/>\n<script type=\"application\/ld+json\" class=\"yoast-schema-graph\">{\"@context\":\"https:\/\/schema.org\",\"@graph\":[{\"@type\":\"Organization\",\"@id\":\"https:\/\/prodotti.albaen.it\/deutsche\/#organization\",\"name\":\"Alba&N\",\"url\":\"https:\/\/prodotti.albaen.it\/deutsche\/\",\"sameAs\":[\"https:\/\/www.facebook.com\/AlbaenShoes\/\"],\"logo\":{\"@type\":\"ImageObject\",\"@id\":\"https:\/\/prodotti.albaen.it\/deutsche\/#logo\",\"inLanguage\":\"de\",\"url\":\"https:\/\/prodotti.albaen.it\/wp-content\/uploads\/2019\/01\/logo1-1.png\",\"width\":269,\"height\":98,\"caption\":\"Alba&N\"},\"image\":{\"@id\":\"https:\/\/prodotti.albaen.it\/deutsche\/#logo\"}},{\"@type\":\"WebSite\",\"@id\":\"https:\/\/prodotti.albaen.it\/deutsche\/#website\",\"url\":\"https:\/\/prodotti.albaen.it\/deutsche\/\",\"name\":\"Alba&N - Produttori di Scarpe Antinfortunistiche\",\"description\":\"Leader Mondiali nella produzione di Scarpe Antinfortunistiche\",\"publisher\":{\"@id\":\"https:\/\/prodotti.albaen.it\/deutsche\/#organization\"},\"potentialAction\":[{\"@type\":\"SearchAction\",\"target\":\"https:\/\/prodotti.albaen.it\/deutsche\/?s={search_term_string}\",\"query-input\":\"required name=search_term_string\"}],\"inLanguage\":\"de\"},{\"@type\":\"ImageObject\",\"@id\":\"https:\/\/prodotti.albaen.it\/prodotto\/scarpa-antinfortunistica-alta-s3\/#primaryimage\",\"inLanguage\":\"de\",\"url\":\"https:\/\/prodotti.albaen.it\/wp-content\/uploads\/N1149CK-S3-1_.jpg\",\"width\":1000,\"height\":1000},{\"@type\":\"WebPage\",\"@id\":\"https:\/\/prodotti.albaen.it\/prodotto\/scarpa-antinfortunistica-alta-s3\/#webpage\",\"url\":\"https:\/\/prodotti.albaen.it\/prodotto\/scarpa-antinfortunistica-alta-s3\/\",\"name\":\"Scarpa alta da lavoro N1149CK S3 - Alba&amp;N. - Produttori di Scarpe Antinfortunistiche\",\"isPartOf\":{\"@id\":\"https:\/\/prodotti.albaen.it\/deutsche\/#website\"},\"primaryImageOfPage\":{\"@id\":\"https:\/\/prodotti.albaen.it\/prodotto\/scarpa-antinfortunistica-alta-s3\/#primaryimage\"},\"datePublished\":\"2020-12-17T13:28:18+00:00\",\"dateModified\":\"2024-04-22T07:38:03+00:00\",\"inLanguage\":\"de\",\"potentialAction\":[{\"@type\":\"ReadAction\",\"target\":[\"https:\/\/prodotti.albaen.it\/prodotto\/scarpa-antinfortunistica-alta-s3\/\"]}]}]}<\/script>\n<!-- \/ Yoast SEO Premium plugin. -->","_links":{"self":[{"href":"https:\/\/prodotti.albaen.it\/deutsche\/wp-json\/wp\/v2\/product\/64983"}],"collection":[{"href":"https:\/\/prodotti.albaen.it\/deutsche\/wp-json\/wp\/v2\/product"}],"about":[{"href":"https:\/\/prodotti.albaen.it\/deutsche\/wp-json\/wp\/v2\/types\/product"}],"replies":[{"embeddable":true,"href":"https:\/\/prodotti.albaen.it\/deutsche\/wp-json\/wp\/v2\/comments?post=64983"}],"wp:featuredmedia":[{"embeddable":true,"href":"https:\/\/prodotti.albaen.it\/deutsche\/wp-json\/wp\/v2\/media\/65206"}],"wp:attachment":[{"href":"https:\/\/prodotti.albaen.it\/deutsche\/wp-json\/wp\/v2\/media?parent=64983"}],"wp:term":[{"taxonomy":"product_cat","embeddable":true,"href":"https:\/\/prodotti.albaen.it\/deutsche\/wp-json\/wp\/v2\/product_cat?post=64983"},{"taxonomy":"product_tag","embeddable":true,"href":"https:\/\/prodotti.albaen.it\/deutsche\/wp-json\/wp\/v2\/product_tag?post=64983"}],"curies":[{"name":"wp","href":"https:\/\/api.w.org\/{rel}","templated":true}]}}