{"id":65240,"date":"2021-05-17T12:36:02","date_gmt":"2021-05-17T10:36:02","guid":{"rendered":"https:\/\/prodotti.albaen.it\/?post_type=product&#038;p=65240"},"modified":"2024-04-22T09:36:43","modified_gmt":"2024-04-22T07:36:43","slug":"scarpa-da-lavoro-s1p","status":"publish","type":"product","link":"https:\/\/prodotti.albaen.it\/deutsche\/produkt\/scarpa-da-lavoro-s1p\/","title":{"rendered":"Sicherheitsschuh C29S S1P SRC"},"content":{"rendered":"<p>S1P Kn\u00f6chel-Sicherheitsschuh f\u00fcr Schwei\u00dfarbeiten mit guter Passform und rutschfester Sohle. Aus Leder mit oberem Schutz und Klettverschluss.<\/p>","protected":false},"excerpt":{"rendered":"<p><strong>Schaft<\/strong>Gepr\u00e4gtes Leder, wasserfest<br \/>\n<strong>Beschichtung<\/strong>: 3D Gewebe, atmungsaktiv<br \/>\n<strong>Schutzkappe:<\/strong>: 200-J Stahl<br \/>\n<strong>Einlegesohle<\/strong>: Atmungsaktiv, antistatisch und herausnehmbar<br \/>\n<strong>Durchtrittsichere<\/strong>: rostfreier Stahl<br \/>\n<strong>Sohle<\/strong>: PU\/PU zweischichtig, SRC rutschhemmend<br \/>\n<strong>Taglie<\/strong>: 35-48<br \/>\n<strong>Particolari<\/strong>: S1P Schwei\u00dferschuh, SRC, Weite und bequeme Passform<\/p>\n<p><img loading=\"lazy\" decoding=\"async\" class=\"alignnone wp-image-65423\" src=\"https:\/\/prodotti.albaen.it\/wp-content\/uploads\/Unknown7-1-300x50.png\" alt=\"\" width=\"270\" height=\"45\" srcset=\"https:\/\/prodotti.albaen.it\/wp-content\/uploads\/Unknown7-1-300x50.png 300w, https:\/\/prodotti.albaen.it\/wp-content\/uploads\/Unknown7-1-768x129.png 768w, https:\/\/prodotti.albaen.it\/wp-content\/uploads\/Unknown7-1-18x3.png 18w, https:\/\/prodotti.albaen.it\/wp-content\/uploads\/Unknown7-1-320x54.png 320w, https:\/\/prodotti.albaen.it\/wp-content\/uploads\/Unknown7-1-480x81.png 480w, https:\/\/prodotti.albaen.it\/wp-content\/uploads\/Unknown7-1.png 799w\" sizes=\"(max-width: 270px) 100vw, 270px\" \/><\/p>\n<h3><span style=\"color: #000000;\"><a style=\"color: #000000;\" href=\"https:\/\/prodotti.albaen.it\/wp-content\/uploads\/C29S-S1P.ted_.pdf\">TECHNISCHES DATENBLATT HERUNTERLADEN<\/a><\/span><\/h3>","protected":false},"featured_media":14477,"comment_status":"closed","ping_status":"closed","template":"","meta":[],"product_cat":[8284],"product_tag":[],"yoast_head":"<!-- This site is optimized with the Yoast SEO Premium plugin v15.0 - https:\/\/yoast.com\/wordpress\/plugins\/seo\/ -->\n<title>Scarpa alta da lavoro C29S S1P SRC - Alba&amp;N. - Produttori di Scarpe Antinfortunistiche<\/title>\n<meta name=\"robots\" content=\"index, follow, max-snippet:-1, max-image-preview:large, max-video-preview:-1\" \/>\n<link rel=\"canonical\" href=\"https:\/\/prodotti.albaen.it\/deutsche\/produkt\/scarpa-da-lavoro-s1p\/\" \/>\n<meta property=\"og:locale\" content=\"de_DE\" \/>\n<meta property=\"og:type\" content=\"article\" \/>\n<meta property=\"og:title\" content=\"Scarpa alta da lavoro C29S S1P SRC - Alba&amp;N. - Produttori di Scarpe Antinfortunistiche\" \/>\n<meta property=\"og:description\" content=\"Tomaia: Pelle stampata, chiusura con velcro collarino e lingua in sintetico Fodera: 3D traspirante Puntale: Acciaio 200-J Sottopiede: Traspirante, antistatico e rimovibile Lamina: Acciaio inossidabile Suola: Bi-densit\u00e0 PU\/PU SRC Taglie: 35-48 Particolari: Calzatura S1P, SRC, protezione saldatore, Calzata ampia e confortevole   SCARICA SCHEDA TECNICA\" \/>\n<meta property=\"og:url\" content=\"https:\/\/prodotti.albaen.it\/deutsche\/produkt\/scarpa-da-lavoro-s1p\/\" \/>\n<meta property=\"og:site_name\" content=\"Alba&amp;N. - Produttori di Scarpe Antinfortunistiche\" \/>\n<meta property=\"article:publisher\" content=\"https:\/\/www.facebook.com\/AlbaenShoes\/\" \/>\n<meta property=\"article:modified_time\" content=\"2024-04-22T07:36:43+00:00\" \/>\n<meta property=\"og:image\" content=\"https:\/\/prodotti.albaen.it\/wp-content\/uploads\/scarpe-antinfortunistiche-uomo-impermeabili-puntale-composito-alta-nero-albaen-1-C29SCK-S3.jpg\" \/>\n\t<meta property=\"og:image:width\" content=\"1000\" \/>\n\t<meta property=\"og:image:height\" content=\"1000\" \/>\n<meta name=\"twitter:card\" content=\"summary_large_image\" \/>\n<script type=\"application\/ld+json\" class=\"yoast-schema-graph\">{\"@context\":\"https:\/\/schema.org\",\"@graph\":[{\"@type\":\"Organization\",\"@id\":\"https:\/\/prodotti.albaen.it\/deutsche\/#organization\",\"name\":\"Alba&N\",\"url\":\"https:\/\/prodotti.albaen.it\/deutsche\/\",\"sameAs\":[\"https:\/\/www.facebook.com\/AlbaenShoes\/\"],\"logo\":{\"@type\":\"ImageObject\",\"@id\":\"https:\/\/prodotti.albaen.it\/deutsche\/#logo\",\"inLanguage\":\"de\",\"url\":\"https:\/\/prodotti.albaen.it\/wp-content\/uploads\/2019\/01\/logo1-1.png\",\"width\":269,\"height\":98,\"caption\":\"Alba&N\"},\"image\":{\"@id\":\"https:\/\/prodotti.albaen.it\/deutsche\/#logo\"}},{\"@type\":\"WebSite\",\"@id\":\"https:\/\/prodotti.albaen.it\/deutsche\/#website\",\"url\":\"https:\/\/prodotti.albaen.it\/deutsche\/\",\"name\":\"Alba&N - Produttori di Scarpe Antinfortunistiche\",\"description\":\"Leader Mondiali nella produzione di Scarpe Antinfortunistiche\",\"publisher\":{\"@id\":\"https:\/\/prodotti.albaen.it\/deutsche\/#organization\"},\"potentialAction\":[{\"@type\":\"SearchAction\",\"target\":\"https:\/\/prodotti.albaen.it\/deutsche\/?s={search_term_string}\",\"query-input\":\"required name=search_term_string\"}],\"inLanguage\":\"de\"},{\"@type\":\"ImageObject\",\"@id\":\"https:\/\/prodotti.albaen.it\/prodotto\/scarpa-da-lavoro-s1p\/#primaryimage\",\"inLanguage\":\"de\",\"url\":\"https:\/\/prodotti.albaen.it\/wp-content\/uploads\/scarpe-antinfortunistiche-uomo-impermeabili-puntale-composito-alta-nero-albaen-1-C29SCK-S3.jpg\",\"width\":1000,\"height\":1000},{\"@type\":\"WebPage\",\"@id\":\"https:\/\/prodotti.albaen.it\/prodotto\/scarpa-da-lavoro-s1p\/#webpage\",\"url\":\"https:\/\/prodotti.albaen.it\/prodotto\/scarpa-da-lavoro-s1p\/\",\"name\":\"Scarpa alta da lavoro C29S S1P SRC - Alba&amp;N. - Produttori di Scarpe Antinfortunistiche\",\"isPartOf\":{\"@id\":\"https:\/\/prodotti.albaen.it\/deutsche\/#website\"},\"primaryImageOfPage\":{\"@id\":\"https:\/\/prodotti.albaen.it\/prodotto\/scarpa-da-lavoro-s1p\/#primaryimage\"},\"datePublished\":\"2021-05-17T10:36:02+00:00\",\"dateModified\":\"2024-04-22T07:36:43+00:00\",\"inLanguage\":\"de\",\"potentialAction\":[{\"@type\":\"ReadAction\",\"target\":[\"https:\/\/prodotti.albaen.it\/prodotto\/scarpa-da-lavoro-s1p\/\"]}]}]}<\/script>\n<!-- \/ Yoast SEO Premium plugin. -->","_links":{"self":[{"href":"https:\/\/prodotti.albaen.it\/deutsche\/wp-json\/wp\/v2\/product\/65240"}],"collection":[{"href":"https:\/\/prodotti.albaen.it\/deutsche\/wp-json\/wp\/v2\/product"}],"about":[{"href":"https:\/\/prodotti.albaen.it\/deutsche\/wp-json\/wp\/v2\/types\/product"}],"replies":[{"embeddable":true,"href":"https:\/\/prodotti.albaen.it\/deutsche\/wp-json\/wp\/v2\/comments?post=65240"}],"wp:featuredmedia":[{"embeddable":true,"href":"https:\/\/prodotti.albaen.it\/deutsche\/wp-json\/wp\/v2\/media\/14477"}],"wp:attachment":[{"href":"https:\/\/prodotti.albaen.it\/deutsche\/wp-json\/wp\/v2\/media?parent=65240"}],"wp:term":[{"taxonomy":"product_cat","embeddable":true,"href":"https:\/\/prodotti.albaen.it\/deutsche\/wp-json\/wp\/v2\/product_cat?post=65240"},{"taxonomy":"product_tag","embeddable":true,"href":"https:\/\/prodotti.albaen.it\/deutsche\/wp-json\/wp\/v2\/product_tag?post=65240"}],"curies":[{"name":"wp","href":"https:\/\/api.w.org\/{rel}","templated":true}]}}