{"id":65291,"date":"2021-07-13T15:04:42","date_gmt":"2021-07-13T13:04:42","guid":{"rendered":"https:\/\/prodotti.albaen.it\/?post_type=product&#038;p=65291"},"modified":"2024-04-22T09:35:52","modified_gmt":"2024-04-22T07:35:52","slug":"scarpa-da-lavoro-re-choose-p1450ck-s3-src","status":"publish","type":"product","link":"https:\/\/prodotti.albaen.it\/deutsche\/produkt\/scarpa-da-lavoro-re-choose-p1450ck-s3-src\/","title":{"rendered":"Re-choose sicherheitshalbschuh P1450CK S3 SRC"},"content":{"rendered":"<p>Sicherheits-Schuh aus recyceltem PET-Materialien, von Post-Consumer Plastikflaschen. Leicht, v\u00f6llig frei von Metallteilen, ausgestattet mit Schutzkappe und durchtrittsichere Zwischensohle. Zwei-schichtige PU-Sohle f\u00fcr hervorragende Sto\u00dfd\u00e4mpfung und Rutschfestigkeit. Memory-Schaum-Einlegesohle f\u00fcr unvergleichlichen Komfort.<\/p>","protected":false},"excerpt":{"rendered":"<p><strong>Schaft<\/strong>: Gewebe aus recyceltem PET, atmungsaktiv, leicht, wasserfest mit Teilen aus Veloursleder und anti-scratching Leder vorne<br \/>\n<strong>Beschichtung<\/strong>: 3D Gewebe aus recyceltem PET, atmungsaktiv<br \/>\n<strong>Schutzkappe:<\/strong>: 200-J Kunststoff<br \/>\n<strong>Durchtrittsichere Zwischensohle: <\/strong>nicht metallisch, aus recyceltem PET, 1100 N<br \/>\n<strong>Einlegesohle<\/strong>: atmungsaktiv, antistatisch und anatomisch \nmit MEMORY FOAM und Gewebe aus recyceltem PET<br \/>\n<strong>Sohle<\/strong>: PU\/PU zweischichtig, SRC rutschhemmend<br \/>\n<strong>Gr\u00f6\u00dfen: <\/strong>36-48<br \/>\n<strong>Einzelheiten: <\/strong>S3-Schuhe, SRC, Eco-Friendly, DGUV 112-191 Standard<\/p>\n<p><img loading=\"lazy\" decoding=\"async\" class=\"alignnone wp-image-65419\" src=\"https:\/\/prodotti.albaen.it\/wp-content\/uploads\/Unknown3-1-300x34.png\" alt=\"\" width=\"336\" height=\"38\" srcset=\"https:\/\/prodotti.albaen.it\/wp-content\/uploads\/Unknown3-1-300x34.png 300w, https:\/\/prodotti.albaen.it\/wp-content\/uploads\/Unknown3-1-1000x113.png 1000w, https:\/\/prodotti.albaen.it\/wp-content\/uploads\/Unknown3-1-1024x115.png 1024w, https:\/\/prodotti.albaen.it\/wp-content\/uploads\/Unknown3-1-768x86.png 768w, https:\/\/prodotti.albaen.it\/wp-content\/uploads\/Unknown3-1-18x2.png 18w, https:\/\/prodotti.albaen.it\/wp-content\/uploads\/Unknown3-1-320x36.png 320w, https:\/\/prodotti.albaen.it\/wp-content\/uploads\/Unknown3-1-480x54.png 480w, https:\/\/prodotti.albaen.it\/wp-content\/uploads\/Unknown3-1-800x90.png 800w, https:\/\/prodotti.albaen.it\/wp-content\/uploads\/Unknown3-1.png 1199w\" sizes=\"(max-width: 336px) 100vw, 336px\" \/><\/p>\n<h3><span style=\"color: #000000;\"><a style=\"color: #000000;\" href=\"https:\/\/prodotti.albaen.it\/wp-content\/uploads\/P1450CK-S3-rechoose.ted_.pdf\">TECHNISCHES DATENBLATT HERUNTERLADEN<\/a><\/span><\/h3>","protected":false},"featured_media":65304,"comment_status":"closed","ping_status":"closed","template":"","meta":[],"product_cat":[8340],"product_tag":[],"yoast_head":"<!-- This site is optimized with the Yoast SEO Premium plugin v15.0 - https:\/\/yoast.com\/wordpress\/plugins\/seo\/ -->\n<title>Scarpa da lavoro Re-choose P1450CK S3 SRC - Albaen Safety Shoes<\/title>\n<meta name=\"description\" content=\"Calzature antinfortunistiche realizzate con materiali PET riciclati, da bottiglie di plastica post-consumo.\" \/>\n<meta name=\"robots\" content=\"index, follow, max-snippet:-1, max-image-preview:large, max-video-preview:-1\" \/>\n<link rel=\"canonical\" href=\"https:\/\/prodotti.albaen.it\/deutsche\/produkt\/scarpa-da-lavoro-re-choose-p1450ck-s3-src\/\" \/>\n<meta property=\"og:locale\" content=\"de_DE\" \/>\n<meta property=\"og:type\" content=\"article\" \/>\n<meta property=\"og:title\" content=\"Scarpa da lavoro Re-choose P1450CK S3 SRC - Albaen Safety Shoes\" \/>\n<meta property=\"og:description\" content=\"Calzature antinfortunistiche realizzate con materiali PET riciclati, da bottiglie di plastica post-consumo.\" \/>\n<meta property=\"og:url\" content=\"https:\/\/prodotti.albaen.it\/deutsche\/produkt\/scarpa-da-lavoro-re-choose-p1450ck-s3-src\/\" \/>\n<meta property=\"og:site_name\" content=\"Alba&amp;N. - Produttori di Scarpe Antinfortunistiche\" \/>\n<meta property=\"article:publisher\" content=\"https:\/\/www.facebook.com\/AlbaenShoes\/\" \/>\n<meta property=\"article:modified_time\" content=\"2024-04-22T07:35:52+00:00\" \/>\n<meta property=\"og:image\" content=\"https:\/\/prodotti.albaen.it\/wp-content\/uploads\/P1450CK-S3-1.jpg\" \/>\n\t<meta property=\"og:image:width\" content=\"1000\" \/>\n\t<meta property=\"og:image:height\" content=\"1000\" \/>\n<meta name=\"twitter:card\" content=\"summary_large_image\" \/>\n<script type=\"application\/ld+json\" class=\"yoast-schema-graph\">{\"@context\":\"https:\/\/schema.org\",\"@graph\":[{\"@type\":\"Organization\",\"@id\":\"https:\/\/prodotti.albaen.it\/deutsche\/#organization\",\"name\":\"Alba&N\",\"url\":\"https:\/\/prodotti.albaen.it\/deutsche\/\",\"sameAs\":[\"https:\/\/www.facebook.com\/AlbaenShoes\/\"],\"logo\":{\"@type\":\"ImageObject\",\"@id\":\"https:\/\/prodotti.albaen.it\/deutsche\/#logo\",\"inLanguage\":\"de\",\"url\":\"https:\/\/prodotti.albaen.it\/wp-content\/uploads\/2019\/01\/logo1-1.png\",\"width\":269,\"height\":98,\"caption\":\"Alba&N\"},\"image\":{\"@id\":\"https:\/\/prodotti.albaen.it\/deutsche\/#logo\"}},{\"@type\":\"WebSite\",\"@id\":\"https:\/\/prodotti.albaen.it\/deutsche\/#website\",\"url\":\"https:\/\/prodotti.albaen.it\/deutsche\/\",\"name\":\"Alba&N - Produttori di Scarpe Antinfortunistiche\",\"description\":\"Leader Mondiali nella produzione di Scarpe Antinfortunistiche\",\"publisher\":{\"@id\":\"https:\/\/prodotti.albaen.it\/deutsche\/#organization\"},\"potentialAction\":[{\"@type\":\"SearchAction\",\"target\":\"https:\/\/prodotti.albaen.it\/deutsche\/?s={search_term_string}\",\"query-input\":\"required name=search_term_string\"}],\"inLanguage\":\"de\"},{\"@type\":\"ImageObject\",\"@id\":\"https:\/\/prodotti.albaen.it\/prodotto\/scarpa-da-lavoro-re-choose-p1450ck-s3-src\/#primaryimage\",\"inLanguage\":\"de\",\"url\":\"https:\/\/prodotti.albaen.it\/wp-content\/uploads\/P1450CK-S3-1.jpg\",\"width\":1000,\"height\":1000},{\"@type\":\"WebPage\",\"@id\":\"https:\/\/prodotti.albaen.it\/prodotto\/scarpa-da-lavoro-re-choose-p1450ck-s3-src\/#webpage\",\"url\":\"https:\/\/prodotti.albaen.it\/prodotto\/scarpa-da-lavoro-re-choose-p1450ck-s3-src\/\",\"name\":\"Scarpa da lavoro Re-choose P1450CK S3 SRC - Albaen Safety Shoes\",\"isPartOf\":{\"@id\":\"https:\/\/prodotti.albaen.it\/deutsche\/#website\"},\"primaryImageOfPage\":{\"@id\":\"https:\/\/prodotti.albaen.it\/prodotto\/scarpa-da-lavoro-re-choose-p1450ck-s3-src\/#primaryimage\"},\"datePublished\":\"2021-07-13T13:04:42+00:00\",\"dateModified\":\"2024-04-22T07:35:52+00:00\",\"description\":\"Calzature antinfortunistiche realizzate con materiali PET riciclati, da bottiglie di plastica post-consumo.\",\"inLanguage\":\"de\",\"potentialAction\":[{\"@type\":\"ReadAction\",\"target\":[\"https:\/\/prodotti.albaen.it\/prodotto\/scarpa-da-lavoro-re-choose-p1450ck-s3-src\/\"]}]}]}<\/script>\n<!-- \/ Yoast SEO Premium plugin. -->","_links":{"self":[{"href":"https:\/\/prodotti.albaen.it\/deutsche\/wp-json\/wp\/v2\/product\/65291"}],"collection":[{"href":"https:\/\/prodotti.albaen.it\/deutsche\/wp-json\/wp\/v2\/product"}],"about":[{"href":"https:\/\/prodotti.albaen.it\/deutsche\/wp-json\/wp\/v2\/types\/product"}],"replies":[{"embeddable":true,"href":"https:\/\/prodotti.albaen.it\/deutsche\/wp-json\/wp\/v2\/comments?post=65291"}],"wp:featuredmedia":[{"embeddable":true,"href":"https:\/\/prodotti.albaen.it\/deutsche\/wp-json\/wp\/v2\/media\/65304"}],"wp:attachment":[{"href":"https:\/\/prodotti.albaen.it\/deutsche\/wp-json\/wp\/v2\/media?parent=65291"}],"wp:term":[{"taxonomy":"product_cat","embeddable":true,"href":"https:\/\/prodotti.albaen.it\/deutsche\/wp-json\/wp\/v2\/product_cat?post=65291"},{"taxonomy":"product_tag","embeddable":true,"href":"https:\/\/prodotti.albaen.it\/deutsche\/wp-json\/wp\/v2\/product_tag?post=65291"}],"curies":[{"name":"wp","href":"https:\/\/api.w.org\/{rel}","templated":true}]}}