{"id":65328,"date":"2021-11-19T12:11:35","date_gmt":"2021-11-19T11:11:35","guid":{"rendered":"https:\/\/prodotti.albaen.it\/?post_type=product&#038;p=65328"},"modified":"2024-04-22T09:32:43","modified_gmt":"2024-04-22T07:32:43","slug":"scarpa-da-lavoro-p1428ck-2","status":"publish","type":"product","link":"https:\/\/prodotti.albaen.it\/deutsche\/produkt\/scarpa-da-lavoro-p1428ck-2\/","title":{"rendered":"Sicherheitshalbschuh P1428CK S3 SRC"},"content":{"rendered":"<p>Leichte Sport-Sicherheitsschuhe, ausgestattet mit Schutzkappe, durchtrittsichere Zwischensohle und Drehverschluss-Schn\u00fcrsystem, um das An- und Ausziehen der Sicherheitsschuhe zu erleichtern, insbesondere in dringenden F\u00e4llen. Memory-Schaum-Einlegesohle f\u00fcr unvergleichlichen Komfort. \nDie Sicherheitsschuhe der Performer-Linie sind f\u00fcr orthop\u00e4dische Einlagen nach DGUV 112-191 ausgelegt.<\/p>","protected":false},"excerpt":{"rendered":"<p><strong>Schaft<\/strong>: abriebfestes Gewebe, atmungsaktiv, \u00dcberkappe Einsatz  aus kratzfestem Leder, wasserfest. Drehverschluss-system<br \/>\n<strong>Futtermaterial:<\/strong>\u00a03D Gewebe, atmungsaktiv<br \/>\n<strong>Schutzkappe: <\/strong>200-J Kunststoff<strong>,<\/strong>\u00a0200J<br \/>\n<strong>Durchtrittsichere Zwischensohle: <\/strong>Nicht-metallisch<br \/>\n<strong>Einlegesohle: <\/strong>Memory Foam und PU Basis. Ergonomisch, antistatisch, atmungsaktiv.<br \/>\n<strong>Sohle:<\/strong> PU\/TPU zweischichtig, SRC rutschhemmend<br \/>\n<strong>Gr\u00f6\u00dfen: <\/strong>EU 36-47<br \/>\n<strong>Einzelheiten:<\/strong> S3-Schuhe,  SRC, DLS System, DGUV 112-191 Standard<\/p>\n<p><img loading=\"lazy\" decoding=\"async\" class=\"alignnone size-medium wp-image-65412\" src=\"https:\/\/prodotti.albaen.it\/wp-content\/uploads\/Unknown4-300x43.png\" alt=\"\" width=\"300\" height=\"43\" srcset=\"https:\/\/prodotti.albaen.it\/wp-content\/uploads\/Unknown4-300x43.png 300w, https:\/\/prodotti.albaen.it\/wp-content\/uploads\/Unknown4-768x110.png 768w, https:\/\/prodotti.albaen.it\/wp-content\/uploads\/Unknown4-18x3.png 18w, https:\/\/prodotti.albaen.it\/wp-content\/uploads\/Unknown4-320x46.png 320w, https:\/\/prodotti.albaen.it\/wp-content\/uploads\/Unknown4-480x69.png 480w, https:\/\/prodotti.albaen.it\/wp-content\/uploads\/Unknown4-800x114.png 800w, https:\/\/prodotti.albaen.it\/wp-content\/uploads\/Unknown4.png 938w\" sizes=\"(max-width: 300px) 100vw, 300px\" \/><\/p>\n<h3><span style=\"color: #000000;\"><a style=\"color: #000000;\" href=\"https:\/\/prodotti.albaen.it\/wp-content\/uploads\/P1428CK-S3.ted_.pdf\">TECHNISCHES DATENBLATT HERUNTERLADEN<\/a><\/span><\/h3>","protected":false},"featured_media":65386,"comment_status":"closed","ping_status":"closed","template":"","meta":[],"product_cat":[8291],"product_tag":[],"yoast_head":"<!-- This site is optimized with the Yoast SEO Premium plugin v15.0 - https:\/\/yoast.com\/wordpress\/plugins\/seo\/ -->\n<title>Scarpa da lavoro P1428CK S3 SRC - Alba&amp;N. - Produttori di Scarpe Antinfortunistiche<\/title>\n<meta name=\"robots\" content=\"index, follow, max-snippet:-1, max-image-preview:large, max-video-preview:-1\" \/>\n<link rel=\"canonical\" href=\"https:\/\/prodotti.albaen.it\/deutsche\/produkt\/scarpa-da-lavoro-p1428ck-2\/\" \/>\n<meta property=\"og:locale\" content=\"de_DE\" \/>\n<meta property=\"og:type\" content=\"article\" \/>\n<meta property=\"og:title\" content=\"Scarpa da lavoro P1428CK S3 SRC - Alba&amp;N. - Produttori di Scarpe Antinfortunistiche\" \/>\n<meta property=\"og:description\" content=\"Tomaia: Tessuto resistente, traspirante con punta in pelle antiabrasione, idrorepellente, con sistema di allacciatura rapido DLS Fodera:\u00a03D, traspirante Puntale: Composito,\u00a0200J Lamina: Tessuto antiperforazione Sottopiede: Traspirante, antistatico e anatomico con MEMORY FOAM Suola: PU\/TPU bi-densit\u00e0 SRC Taglie: EU 36-47 Particolari: Calzatura S3, SRC, sistema DLS, Norma DGUV 112-191   SCARICA SCHEDA TECNICA\" \/>\n<meta property=\"og:url\" content=\"https:\/\/prodotti.albaen.it\/deutsche\/produkt\/scarpa-da-lavoro-p1428ck-2\/\" \/>\n<meta property=\"og:site_name\" content=\"Alba&amp;N. - Produttori di Scarpe Antinfortunistiche\" \/>\n<meta property=\"article:publisher\" content=\"https:\/\/www.facebook.com\/AlbaenShoes\/\" \/>\n<meta property=\"article:modified_time\" content=\"2024-04-22T07:32:43+00:00\" \/>\n<meta property=\"og:image\" content=\"https:\/\/prodotti.albaen.it\/wp-content\/uploads\/Scarpa-da-lavoro-P1428CK-S3_1.jpg\" \/>\n\t<meta property=\"og:image:width\" content=\"1000\" \/>\n\t<meta property=\"og:image:height\" content=\"1000\" \/>\n<meta name=\"twitter:card\" content=\"summary_large_image\" \/>\n<script type=\"application\/ld+json\" class=\"yoast-schema-graph\">{\"@context\":\"https:\/\/schema.org\",\"@graph\":[{\"@type\":\"Organization\",\"@id\":\"https:\/\/prodotti.albaen.it\/deutsche\/#organization\",\"name\":\"Alba&N\",\"url\":\"https:\/\/prodotti.albaen.it\/deutsche\/\",\"sameAs\":[\"https:\/\/www.facebook.com\/AlbaenShoes\/\"],\"logo\":{\"@type\":\"ImageObject\",\"@id\":\"https:\/\/prodotti.albaen.it\/deutsche\/#logo\",\"inLanguage\":\"de\",\"url\":\"https:\/\/prodotti.albaen.it\/wp-content\/uploads\/2019\/01\/logo1-1.png\",\"width\":269,\"height\":98,\"caption\":\"Alba&N\"},\"image\":{\"@id\":\"https:\/\/prodotti.albaen.it\/deutsche\/#logo\"}},{\"@type\":\"WebSite\",\"@id\":\"https:\/\/prodotti.albaen.it\/deutsche\/#website\",\"url\":\"https:\/\/prodotti.albaen.it\/deutsche\/\",\"name\":\"Alba&N - Produttori di Scarpe Antinfortunistiche\",\"description\":\"Leader Mondiali nella produzione di Scarpe Antinfortunistiche\",\"publisher\":{\"@id\":\"https:\/\/prodotti.albaen.it\/deutsche\/#organization\"},\"potentialAction\":[{\"@type\":\"SearchAction\",\"target\":\"https:\/\/prodotti.albaen.it\/deutsche\/?s={search_term_string}\",\"query-input\":\"required name=search_term_string\"}],\"inLanguage\":\"de\"},{\"@type\":\"ImageObject\",\"@id\":\"https:\/\/prodotti.albaen.it\/prodotto\/scarpa-da-lavoro-p1428ck-2\/#primaryimage\",\"inLanguage\":\"de\",\"url\":\"https:\/\/prodotti.albaen.it\/wp-content\/uploads\/Scarpa-da-lavoro-P1428CK-S3_1.jpg\",\"width\":1000,\"height\":1000},{\"@type\":\"WebPage\",\"@id\":\"https:\/\/prodotti.albaen.it\/prodotto\/scarpa-da-lavoro-p1428ck-2\/#webpage\",\"url\":\"https:\/\/prodotti.albaen.it\/prodotto\/scarpa-da-lavoro-p1428ck-2\/\",\"name\":\"Scarpa da lavoro P1428CK S3 SRC - Alba&amp;N. - Produttori di Scarpe Antinfortunistiche\",\"isPartOf\":{\"@id\":\"https:\/\/prodotti.albaen.it\/deutsche\/#website\"},\"primaryImageOfPage\":{\"@id\":\"https:\/\/prodotti.albaen.it\/prodotto\/scarpa-da-lavoro-p1428ck-2\/#primaryimage\"},\"datePublished\":\"2021-11-19T11:11:35+00:00\",\"dateModified\":\"2024-04-22T07:32:43+00:00\",\"inLanguage\":\"de\",\"potentialAction\":[{\"@type\":\"ReadAction\",\"target\":[\"https:\/\/prodotti.albaen.it\/prodotto\/scarpa-da-lavoro-p1428ck-2\/\"]}]}]}<\/script>\n<!-- \/ Yoast SEO Premium plugin. -->","_links":{"self":[{"href":"https:\/\/prodotti.albaen.it\/deutsche\/wp-json\/wp\/v2\/product\/65328"}],"collection":[{"href":"https:\/\/prodotti.albaen.it\/deutsche\/wp-json\/wp\/v2\/product"}],"about":[{"href":"https:\/\/prodotti.albaen.it\/deutsche\/wp-json\/wp\/v2\/types\/product"}],"replies":[{"embeddable":true,"href":"https:\/\/prodotti.albaen.it\/deutsche\/wp-json\/wp\/v2\/comments?post=65328"}],"wp:featuredmedia":[{"embeddable":true,"href":"https:\/\/prodotti.albaen.it\/deutsche\/wp-json\/wp\/v2\/media\/65386"}],"wp:attachment":[{"href":"https:\/\/prodotti.albaen.it\/deutsche\/wp-json\/wp\/v2\/media?parent=65328"}],"wp:term":[{"taxonomy":"product_cat","embeddable":true,"href":"https:\/\/prodotti.albaen.it\/deutsche\/wp-json\/wp\/v2\/product_cat?post=65328"},{"taxonomy":"product_tag","embeddable":true,"href":"https:\/\/prodotti.albaen.it\/deutsche\/wp-json\/wp\/v2\/product_tag?post=65328"}],"curies":[{"name":"wp","href":"https:\/\/api.w.org\/{rel}","templated":true}]}}