{"id":65706,"date":"2022-11-16T14:53:10","date_gmt":"2022-11-16T13:53:10","guid":{"rendered":"https:\/\/prodotti.albaen.it\/?post_type=product&#038;p=65706"},"modified":"2024-06-26T11:12:48","modified_gmt":"2024-06-26T09:12:48","slug":"polacco-da-lavoro-vesuvio-h03ck-s3l-fo-src-marrone","status":"publish","type":"product","link":"https:\/\/prodotti.albaen.it\/deutsche\/produkt\/polacco-da-lavoro-vesuvio-h03ck-s3l-fo-src-marrone\/","title":{"rendered":"VESUVIO S3L FO SR"},"content":{"rendered":"<div class=\"vc_row wpb_row vc_row-fluid\"><div class=\"wpb_column vc_column_container vc_col-sm-6\"><div class=\"vc_column-inner\"><div class=\"wpb_wrapper\">\n\t<div class=\"wpb_text_column wpb_content_element\" >\n\t\t<div class=\"wpb_wrapper\">\n\t\t\t<p>Arbeitsstiefel VESUVIO H03CK S3L FO SR BRAUN aus wasserabweisendem  Vollleder.<br \/>\nZunge und Kragen sind mit weichem \u00d6ko-Leder gef\u00fcttert.<br \/>\nNicht-metallische Schn\u00fcrhaken\/\u00d6sen.<\/p>\n<p><strong>FUTTER <\/strong>Innenfutter mit 3D Effekt, atmungsaktiv mit hervorragender Abriebfestigkeit.<br \/>\n<strong><br \/>\nEMBOUT<\/strong> aus Verbundmaterial, sto\u00dffest bis 200 Joule und Druck bis zu 15 kN. Leicht, nicht magnetisch und athermisch.<\/p>\n<p><strong>DURCHTRITTSCHUTZ<\/strong> Metall-frei Schutz vor Durchtritt mit bis zu 1100 N. Sch\u00fctzt die gesamte Oberfl\u00e4che der Fu\u00dfsohle. Flexibel und komfortabel, nicht magnetisch, antistatisch und w\u00e4rmeisolierend.<\/p>\n<p><strong>SOHLE<\/strong> 2-Schichten PU\/PU Sohle, antistatisch, rutschfest, \u00d6l-best\u00e4ndig, Energieaufnahme im Fersenbereich.<\/p>\n<p><strong>BANDE DE ROULEMENT<\/strong> Aussensohle mit Reliefs f\u00fcr au\u00dfergew\u00f6hnlichen Halt auch auf unebenem Gel\u00e4nde.<\/p>\n<p><strong>EINLEGESOHLE<\/strong> antistatisch, atmungsaktiv, herausnehmbar \"PS03-Claudia\".<\/p>\n<p><strong>PASSFORM<\/strong> <em>Mondopoint<\/em> 11 \u2013 breit und bequem.<\/p>\n<p><strong>STANDARD<\/strong> EN ISO 20345:2022<\/p>\n<p><strong>GEWICHT DES SCHUHS<\/strong> GR. 730 \u00bd Kampf 42<\/p>\n\n\t\t<\/div>\n\t<\/div>\n<\/div><\/div><\/div><div class=\"wpb_column vc_column_container vc_col-sm-6\"><div class=\"vc_column-inner\"><div class=\"wpb_wrapper\">\n\t<div class=\"wpb_text_column wpb_content_element\" >\n\t\t<div class=\"wpb_wrapper\">\n\t\t\t<p>Die HUMMER-Linie wurde f\u00fcr diejenigen entwickelt, die ein H\u00f6chstma\u00df an Leistung und Raffinesse suchen und die Kraft hoher Leistung mit dem Luxus des Komforts kombinieren.<br \/>\nEntscheiden Sie sich f\u00fcr kompromisslose Sicherheit und Komfort mit VESUVIO von <a href=\"https:\/\/albaen.it\/\">Alba&amp;n<\/a> XQT.<\/p>\n<p>XQT by <a href=\"https:\/\/albaen.it\/\">Alba&amp;n<\/a> ist die zweite Marke von ALBA&amp;N. Sie steht als Akronym f\u00fcr eXtra Quality Technology, ein Konzept, das Technologie und Komfort zugleich verk\u00f6rpert, um hohe Sicherheitsstandards zu gew\u00e4hrleisten, ohne jemals auf das Wohlbefinden zu verzichten.<\/p>\n\n\t\t<\/div>\n\t<\/div>\n<div class=\"icons_cat_title\"> <h2>Schutzkategorien <\/h2><\/div><div class=\"container row\"> \n\t\t\t<div>\n  <ul class=\"image-gallery\"><li style=\"float: left;\">  <img decoding=\"async\" src=\"https:\/\/prodotti.albaen.it\/wp-content\/uploads\/simboletti-06.png\"  alt=\"Antistatisch\" style=\"height:110px;\"\/> <span class=\"products_icons products_icons1\">Antistatisch<\/span> <\/li><li style=\"float: left;\">  <img decoding=\"async\" src=\"https:\/\/prodotti.albaen.it\/wp-content\/uploads\/simboletti-07.png\"  alt=\"Energieaufnahme in der Ferse\" style=\"height:110px;\"\/> <span class=\"products_icons products_icons1\">Energieaufnahme in der Ferse<\/span> <\/li><li style=\"float: left;\">  <img decoding=\"async\" src=\"https:\/\/prodotti.albaen.it\/wp-content\/uploads\/simboletti-09.png\"  alt=\"Inserto antiforo tessile resistente alla perforazione \u00d8=4,5mm\" style=\"height:110px;\"\/> <span class=\"products_icons products_icons1\">Inserto antiforo tessile resistente alla perforazione \u00d8=4,5mm<\/span> <\/li><li style=\"float: left;\">  <img decoding=\"async\" src=\"https:\/\/prodotti.albaen.it\/wp-content\/uploads\/simboletti-22.png\"  alt=\"Schlag- und Druckfestigkeit\" style=\"height:110px;\"\/> <span class=\"products_icons products_icons1\">Schlag- und Druckfestigkeit<\/span> <\/li><li style=\"float: left;\">  <img decoding=\"async\" src=\"https:\/\/prodotti.albaen.it\/wp-content\/uploads\/simboletti-12.png\"  alt=\"Rutschfestigkeit \u2013 Keramikboden + Glycerin\" style=\"height:110px;\"\/> <span class=\"products_icons products_icons1\">Rutschfestigkeit \u2013 Keramikboden + Glycerin<\/span> <\/li><li style=\"float: left;\">  <img decoding=\"async\" src=\"https:\/\/prodotti.albaen.it\/wp-content\/uploads\/simboletti-04.png\"  alt=\"Sohle best\u00e4ndig gegen \u00d6le und Kohlenwasserstoffe\" style=\"height:110px;\"\/> <span class=\"products_icons products_icons1\">Sohle best\u00e4ndig gegen \u00d6le und Kohlenwasserstoffe<\/span> <\/li><li style=\"float: left;\">  <img decoding=\"async\" src=\"https:\/\/prodotti.albaen.it\/wp-content\/uploads\/simboletti-01.png\"  alt=\"Tomaia resistente all\u2019assorbimento e alla penetrazione dell\u2019acqua\" style=\"height:110px;\"\/> <span class=\"products_icons products_icons1\">Tomaia resistente all\u2019assorbimento e alla penetrazione dell\u2019acqua<\/span> <\/li><\/ul>\n<\/div><\/div>\n\t<div class=\"wpb_text_column wpb_content_element\" >\n\t\t<div class=\"wpb_wrapper\">\n\t\t\t\n\n\t\t<\/div>\n\t<\/div>\n<div class=\"icons_cat_title\"> <h2>Anwendungsbereiche <\/h2><\/div><div class=\"container row\"> \n\t\t\t<div>\n  <ul class=\"image-gallery\"><li style=\"float: left;\"> <img decoding=\"async\" src=\"https:\/\/prodotti.albaen.it\/wp-content\/uploads\/Agricoltura-_-Giardinaggio-1.png\" alt=\"Landwirtschaft \/ Gartenbau\" style=\"height:60px;\"\/>  <span class=\"products_icons\">Landwirtschaft \/ Gartenbau<\/span> <\/li><li style=\"float: left;\"> <img decoding=\"async\" src=\"https:\/\/prodotti.albaen.it\/wp-content\/uploads\/Edilizia-e-Carpenteria-1.png\" alt=\"Bau und Zimmerei\" style=\"height:60px;\"\/>  <span class=\"products_icons\">Bau und Zimmerei<\/span> <\/li><li style=\"float: left;\"> <img decoding=\"async\" src=\"https:\/\/prodotti.albaen.it\/wp-content\/uploads\/Industria-Metalmeccanica-1.png\" alt=\"Metallverarbeitende Industrie\" style=\"height:60px;\"\/>  <span class=\"products_icons\">Metallverarbeitende Industrie<\/span> <\/li><li style=\"float: left;\"> <img decoding=\"async\" src=\"https:\/\/prodotti.albaen.it\/wp-content\/uploads\/Miniere-_-Estrazione-1.png\" alt=\"Bergbau \/ Steingewinnung\" style=\"height:60px;\"\/>  <span class=\"products_icons\">Bergbau \/ Steingewinnung<\/span> <\/li><li style=\"float: left;\"> <img decoding=\"async\" src=\"https:\/\/prodotti.albaen.it\/wp-content\/uploads\/Industria-Pesante-1.png\" alt=\"Schwere Industrie\" style=\"height:60px;\"\/>  <span class=\"products_icons\">Schwere Industrie<\/span> <\/li><li style=\"float: left;\"> <img decoding=\"async\" src=\"https:\/\/prodotti.albaen.it\/wp-content\/uploads\/Smaltimento-rifiuti1.png\" alt=\"M\u00fcllentsorgung\" style=\"height:60px;\"\/>  <span class=\"products_icons\">M\u00fcllentsorgung<\/span> <\/li><\/ul>\n<\/div><\/div>\n\t<div class=\"wpb_text_column wpb_content_element\" >\n\t\t<div class=\"wpb_wrapper\">\n\t\t\t\n\n\t\t<\/div>\n\t<\/div>\n<div class=\"icons_cat_title\"> <h2>Technologie <\/h2><\/div><div class=\"container row\"> \n\t\t\t<div>\n  <ul class=\"image-gallery\"><li style=\"float: left;\"><img decoding=\"async\" src=\"https:\/\/prodotti.albaen.it\/wp-content\/uploads\/Xqt-_2.png\"  alt=\"Extra Quality Technology\" style=\"height:60px;\"\/><span class=\"products_icons\">Extra Quality Technology<\/span><\/li><li style=\"float: left;\"><img decoding=\"async\" src=\"https:\/\/prodotti.albaen.it\/wp-content\/uploads\/No-nail-tex.png\"  alt=\"Pannensichere Stoffplatte\" style=\"height:60px;\"\/><span class=\"products_icons\">Pannensichere Stoffplatte<\/span><\/li><li style=\"float: left;\"><img decoding=\"async\" src=\"https:\/\/prodotti.albaen.it\/wp-content\/uploads\/C-Cap.png\"  alt=\"Sicherheits-Zehenkappe aus Verbundwerkstoff\" style=\"height:60px;\"\/><span class=\"products_icons\">Sicherheits-Zehenkappe aus Verbundwerkstoff<\/span><\/li><\/ul>\n<\/div><\/div>\n\t<div class=\"wpb_text_column wpb_content_element\" >\n\t\t<div class=\"wpb_wrapper\">\n\t\t\t<p><strong><\/strong><\/p>\n\n\t\t<\/div>\n\t<\/div>\n<\/div><\/div><\/div><\/div>","protected":false},"excerpt":{"rendered":"<p>Entdecken Sie Innovation mit dem Arbeitsstiefel VESUVIO S3L FO SR.<br \/>\nArbeitsstiefel, zertifiziert nach EN ISO 20345:2022, bietet \u00fcberragenden Komfort und exklusiven Schutz.<br \/>\nEr garantiert unvergleichliche Qualit\u00e4t und eine hohe Performance.<\/p>\n<p><a href=\"https:\/\/prodotti.albaen.it\/wp-content\/uploads\/H03K-S3-t.moro_.ted_.pdf\"><button class=\"btn1\">TECHNISCHES DATENBLATT HERUNTERLADEN<\/button><\/a> \u00a0\u00a0<a href=\"https:\/\/prodotti.albaen.it\/wp-content\/uploads\/H03CK-S3L-Dich.-conformita-1.pdf\"><button><span style=\"vertical-align: inherit;\">KONFORMIT\u00c4TSERKL\u00c4RUNG<\/span><\/button><\/a><\/p>","protected":false},"featured_media":65756,"comment_status":"closed","ping_status":"closed","template":"","meta":[],"product_cat":[8275,8292],"product_tag":[],"yoast_head":"<!-- This site is optimized with the Yoast SEO Premium plugin v15.0 - https:\/\/yoast.com\/wordpress\/plugins\/seo\/ -->\n<title>Polacco alto da lavoro VESUVIO H03CK S3L FO SR Marrone, Alba&amp;n<\/title>\n<meta name=\"description\" content=\"Sicurezza e comfort imbattibili con il polacco da lavoro VESUVIO H03CK S3L FO SR. Acquista ora per prestazioni elevate nel lavoro.\" \/>\n<meta name=\"robots\" content=\"index, follow, max-snippet:-1, max-image-preview:large, max-video-preview:-1\" \/>\n<link rel=\"canonical\" href=\"https:\/\/prodotti.albaen.it\/deutsche\/produkt\/polacco-da-lavoro-vesuvio-h03ck-s3l-fo-src-marrone\/\" \/>\n<meta property=\"og:locale\" content=\"de_DE\" \/>\n<meta property=\"og:type\" content=\"article\" \/>\n<meta property=\"og:title\" content=\"Polacco alto da lavoro VESUVIO H03CK S3L FO SR Marrone, Alba&amp;n\" \/>\n<meta property=\"og:description\" content=\"Sicurezza e comfort imbattibili con il polacco da lavoro VESUVIO H03CK S3L FO SR. Acquista ora per prestazioni elevate nel lavoro.\" \/>\n<meta property=\"og:url\" content=\"https:\/\/prodotti.albaen.it\/deutsche\/produkt\/polacco-da-lavoro-vesuvio-h03ck-s3l-fo-src-marrone\/\" \/>\n<meta property=\"og:site_name\" content=\"Alba&amp;N. - Produttori di Scarpe Antinfortunistiche\" \/>\n<meta property=\"article:publisher\" content=\"https:\/\/www.facebook.com\/AlbaenShoes\/\" \/>\n<meta property=\"article:modified_time\" content=\"2024-06-26T09:12:48+00:00\" \/>\n<meta property=\"og:image\" content=\"https:\/\/prodotti.albaen.it\/wp-content\/uploads\/H03CK-S3L-FO-SR-marrone_2_1.jpg\" \/>\n\t<meta property=\"og:image:width\" content=\"1000\" \/>\n\t<meta property=\"og:image:height\" content=\"1000\" \/>\n<meta name=\"twitter:card\" content=\"summary_large_image\" \/>\n<script type=\"application\/ld+json\" class=\"yoast-schema-graph\">{\"@context\":\"https:\/\/schema.org\",\"@graph\":[{\"@type\":\"Organization\",\"@id\":\"https:\/\/prodotti.albaen.it\/deutsche\/#organization\",\"name\":\"Alba&N\",\"url\":\"https:\/\/prodotti.albaen.it\/deutsche\/\",\"sameAs\":[\"https:\/\/www.facebook.com\/AlbaenShoes\/\"],\"logo\":{\"@type\":\"ImageObject\",\"@id\":\"https:\/\/prodotti.albaen.it\/deutsche\/#logo\",\"inLanguage\":\"de\",\"url\":\"https:\/\/prodotti.albaen.it\/wp-content\/uploads\/2019\/01\/logo1-1.png\",\"width\":269,\"height\":98,\"caption\":\"Alba&N\"},\"image\":{\"@id\":\"https:\/\/prodotti.albaen.it\/deutsche\/#logo\"}},{\"@type\":\"WebSite\",\"@id\":\"https:\/\/prodotti.albaen.it\/deutsche\/#website\",\"url\":\"https:\/\/prodotti.albaen.it\/deutsche\/\",\"name\":\"Alba&N - Produttori di Scarpe Antinfortunistiche\",\"description\":\"Leader Mondiali nella produzione di Scarpe Antinfortunistiche\",\"publisher\":{\"@id\":\"https:\/\/prodotti.albaen.it\/deutsche\/#organization\"},\"potentialAction\":[{\"@type\":\"SearchAction\",\"target\":\"https:\/\/prodotti.albaen.it\/deutsche\/?s={search_term_string}\",\"query-input\":\"required name=search_term_string\"}],\"inLanguage\":\"de\"},{\"@type\":\"ImageObject\",\"@id\":\"https:\/\/prodotti.albaen.it\/prodotto\/polacco-da-lavoro-vesuvio-h03ck-s3l-fo-src-marrone\/#primaryimage\",\"inLanguage\":\"de\",\"url\":\"https:\/\/prodotti.albaen.it\/wp-content\/uploads\/H03CK-S3L-FO-SR-marrone_2_1.jpg\",\"width\":1000,\"height\":1000,\"caption\":\"Polacco alto da lavoro\"},{\"@type\":\"WebPage\",\"@id\":\"https:\/\/prodotti.albaen.it\/prodotto\/polacco-da-lavoro-vesuvio-h03ck-s3l-fo-src-marrone\/#webpage\",\"url\":\"https:\/\/prodotti.albaen.it\/prodotto\/polacco-da-lavoro-vesuvio-h03ck-s3l-fo-src-marrone\/\",\"name\":\"Polacco alto da lavoro VESUVIO H03CK S3L FO SR Marrone, Alba&n\",\"isPartOf\":{\"@id\":\"https:\/\/prodotti.albaen.it\/deutsche\/#website\"},\"primaryImageOfPage\":{\"@id\":\"https:\/\/prodotti.albaen.it\/prodotto\/polacco-da-lavoro-vesuvio-h03ck-s3l-fo-src-marrone\/#primaryimage\"},\"datePublished\":\"2022-11-16T13:53:10+00:00\",\"dateModified\":\"2024-06-26T09:12:48+00:00\",\"description\":\"Sicurezza e comfort imbattibili con il polacco da lavoro VESUVIO H03CK S3L FO SR. Acquista ora per prestazioni elevate nel lavoro.\",\"inLanguage\":\"de\",\"potentialAction\":[{\"@type\":\"ReadAction\",\"target\":[\"https:\/\/prodotti.albaen.it\/prodotto\/polacco-da-lavoro-vesuvio-h03ck-s3l-fo-src-marrone\/\"]}]}]}<\/script>\n<!-- \/ Yoast SEO Premium plugin. -->","_links":{"self":[{"href":"https:\/\/prodotti.albaen.it\/deutsche\/wp-json\/wp\/v2\/product\/65706"}],"collection":[{"href":"https:\/\/prodotti.albaen.it\/deutsche\/wp-json\/wp\/v2\/product"}],"about":[{"href":"https:\/\/prodotti.albaen.it\/deutsche\/wp-json\/wp\/v2\/types\/product"}],"replies":[{"embeddable":true,"href":"https:\/\/prodotti.albaen.it\/deutsche\/wp-json\/wp\/v2\/comments?post=65706"}],"wp:featuredmedia":[{"embeddable":true,"href":"https:\/\/prodotti.albaen.it\/deutsche\/wp-json\/wp\/v2\/media\/65756"}],"wp:attachment":[{"href":"https:\/\/prodotti.albaen.it\/deutsche\/wp-json\/wp\/v2\/media?parent=65706"}],"wp:term":[{"taxonomy":"product_cat","embeddable":true,"href":"https:\/\/prodotti.albaen.it\/deutsche\/wp-json\/wp\/v2\/product_cat?post=65706"},{"taxonomy":"product_tag","embeddable":true,"href":"https:\/\/prodotti.albaen.it\/deutsche\/wp-json\/wp\/v2\/product_tag?post=65706"}],"curies":[{"name":"wp","href":"https:\/\/api.w.org\/{rel}","templated":true}]}}