{"id":65813,"date":"2024-04-23T01:23:14","date_gmt":"2024-04-22T23:23:14","guid":{"rendered":"https:\/\/prodotti.albaen.it\/?post_type=product&#038;p=65813"},"modified":"2024-06-26T10:38:46","modified_gmt":"2024-06-26T08:38:46","slug":"scarpa-antinfortunistica-bassa-proxima-p1566ck-s3-src","status":"publish","type":"product","link":"https:\/\/prodotti.albaen.it\/deutsche\/produkt\/scarpa-antinfortunistica-bassa-proxima-p1566ck-s3-src\/","title":{"rendered":"PROXIMA S3 SRC"},"content":{"rendered":"<div class=\"vc_row wpb_row vc_row-fluid\"><div class=\"wpb_column vc_column_container vc_col-sm-6\"><div class=\"vc_column-inner\"><div class=\"wpb_wrapper\">\n\t<div class=\"wpb_text_column wpb_content_element\" >\n\t\t<div class=\"wpb_wrapper\">\n\t\t\t<p><span style=\"vertical-align: inherit;\">PROXIMA S3 SRC ist vollst\u00e4ndig metallfrei und besteht aus ultraleichten und widerstandsf\u00e4higen Materialien, um Festigkeit und Haltbarkeit zu gew\u00e4hrleisten.<br \/>\n<\/span><strong><br \/>\n<span style=\"vertical-align: inherit;\">OBERMATERIAL<\/span><\/strong><span style=\"vertical-align: inherit;\"> Atmungsaktives und abriebfestes Nylontextil mit TPU-Applikationen. Leichtes, wasserabweisendes technisches Gewebe.<br \/>\n<\/span><br \/>\n<strong><span style=\"vertical-align: inherit;\">FUTTER<\/span><\/strong><span style=\"vertical-align: inherit;\"> Innenfutter mit 3D Effekt, atmungsaktiv und mit hervorragender Abriebfestigkeit. Verst\u00e4rkte Ferse aus Mikrofaser f\u00fcr Rutsch- und Verschlei\u00dfschutz.<br \/>\n<\/span><br \/>\n<strong><span style=\"vertical-align: inherit;\">EMBOUT<\/span><\/strong><span style=\"vertical-align: inherit;\"> Nicht-metallisch, mit Kunststoff, 200J Sto\u00dffestigkeit und 15kN Druckfestigkeit. Leicht, nicht magnetisch und w\u00e4rmeisolierend.<br \/>\n<\/span><br \/>\n<strong><span style=\"vertical-align: inherit;\">DURCHTRITTSCHUTZ<\/span><\/strong><span style=\"vertical-align: inherit;\"> aus Gewebe, 1100N. Extrem leicht und flexibel, nicht magnetisch und w\u00e4rmeisolierend.<br \/>\n<\/span><br \/>\n<strong><span style=\"vertical-align: inherit;\">SOHLE<\/span><\/strong><span style=\"vertical-align: inherit;\"> antistatische, \u00f6l- und s\u00e4urebest\u00e4ndige, SRC rutschhemmende 2-Schichten-PU\/TPU-Sohle mit Shock absorber im Fersenbereich.<br \/>\n<\/span><br \/>\n<strong><span style=\"vertical-align: inherit;\">EINLEGESOHLE <\/span><\/strong><span style=\"vertical-align: inherit;\">ELISA MEMORY, anathomisch aus antistatischem und sto\u00dfd\u00e4mpfendem PU, \u00fcberzogen mit atmungsaktivem und abriebfestem Stoff. Fersen Cushion f\u00fcr zus\u00e4tzliche Sto\u00dfd\u00e4mpfung und selbstformende Memory Foam-Schicht f\u00fcr unvergleichlichen Komfort. Antistatisch, abnehmbar und waschbar.<\/span><span style=\"vertical-align: inherit;\"><br \/>\n<\/span><br \/>\n<strong><span style=\"vertical-align: inherit;\">PASSFORM <\/span><\/strong> <em><span style=\"vertical-align: inherit;\">Mondopoint<\/span><\/em><span style=\"vertical-align: inherit;\"> \u00a011 \u2013 breit und bequem.<br \/>\n<\/span><br \/>\n<strong><span style=\"vertical-align: inherit;\">STANDARD<\/span><\/strong><span style=\"vertical-align: inherit;\"> EN ISO 20345:2011, DGUV 112-191<br \/>\n<\/span><br \/>\n<strong><span style=\"vertical-align: inherit;\">GEWICHT DES SCHUHS<\/span><\/strong><span style=\"vertical-align: inherit;\"> 520 GR \u00bd Schlag 42<\/span><\/p>\n\n\t\t<\/div>\n\t<\/div>\n<\/div><\/div><\/div><div class=\"wpb_column vc_column_container vc_col-sm-6\"><div class=\"vc_column-inner\"><div class=\"wpb_wrapper\">\n\t<div class=\"wpb_text_column wpb_content_element\" >\n\t\t<div class=\"wpb_wrapper\">\n\t\t\t<p>Die Sicherheitsschuhe der Performer-Reihe weisen alle wesentlichen Merkmale eines bequemen Sport-Sneakers auf: Leichtigkeit, Vielseitigkeit, Flexibilit\u00e4t, Grip und Design. Ideal f\u00fcr Leichtindustrie und Logistik, Lager- und Transportaktivit\u00e4ten.<\/p>\n<p><strong>TECHNISCHES PLUS:<\/strong> Die Schuhe der Performer-Reihe sind so konzipiert und zertifiziert, dass sie auch mit orthop\u00e4dischen SECOSOL-Einlagen nach DGUV 112-191 kompatibel sind.<\/p>\n\n\t\t<\/div>\n\t<\/div>\n<div class=\"icons_cat_title\"> <h2>Schutzkategorien <\/h2><\/div><div class=\"container row\"> \n\t\t\t<div>\n  <ul class=\"image-gallery\"><li style=\"float: left;\">  <img decoding=\"async\" src=\"https:\/\/prodotti.albaen.it\/wp-content\/uploads\/simboletti-06.png\"  alt=\"Antistatisch\" style=\"height:110px;\"\/> <span class=\"products_icons products_icons1\">Antistatisch<\/span> <\/li><li style=\"float: left;\">  <img decoding=\"async\" src=\"https:\/\/prodotti.albaen.it\/wp-content\/uploads\/simboletti-07.png\"  alt=\"Energieaufnahme in der Ferse\" style=\"height:110px;\"\/> <span class=\"products_icons products_icons1\">Energieaufnahme in der Ferse<\/span> <\/li><li style=\"float: left;\">  <img decoding=\"async\" src=\"https:\/\/prodotti.albaen.it\/wp-content\/uploads\/simboletti-08.png\"  alt=\"Durchsto\u00dfsicherer Einsatz, best\u00e4ndig gegen Perforation \u00d8=4,5 mm\" style=\"height:110px;\"\/> <span class=\"products_icons products_icons1\">Durchsto\u00dfsicherer Einsatz, best\u00e4ndig gegen Perforation \u00d8=4,5 mm<\/span> <\/li><li style=\"float: left;\">  <img decoding=\"async\" src=\"https:\/\/prodotti.albaen.it\/wp-content\/uploads\/simboletti-02.png\"  alt=\"Best\u00e4ndigkeit gegen Wasseraufnahme und -durchdringung\" style=\"height:110px;\"\/> <span class=\"products_icons products_icons1\">Best\u00e4ndigkeit gegen Wasseraufnahme und -durchdringung<\/span> <\/li><li style=\"float: left;\">  <img decoding=\"async\" src=\"https:\/\/prodotti.albaen.it\/wp-content\/uploads\/simboletti-22.png\"  alt=\"Schlag- und Druckfestigkeit\" style=\"height:110px;\"\/> <span class=\"products_icons products_icons1\">Schlag- und Druckfestigkeit<\/span> <\/li><li style=\"float: left;\">  <img decoding=\"async\" src=\"https:\/\/prodotti.albaen.it\/wp-content\/uploads\/simboletti-11.png\"  alt=\"Rutschhemmung\" style=\"height:110px;\"\/> <span class=\"products_icons products_icons1\">Rutschhemmung<\/span> <\/li><li style=\"float: left;\">  <img decoding=\"async\" src=\"https:\/\/prodotti.albaen.it\/wp-content\/uploads\/simboletti-04.png\"  alt=\"Sohle best\u00e4ndig gegen \u00d6le und Kohlenwasserstoffe\" style=\"height:110px;\"\/> <span class=\"products_icons products_icons1\">Sohle best\u00e4ndig gegen \u00d6le und Kohlenwasserstoffe<\/span> <\/li><\/ul>\n<\/div><\/div>\n\t<div class=\"wpb_text_column wpb_content_element\" >\n\t\t<div class=\"wpb_wrapper\">\n\t\t\t\n\n\t\t<\/div>\n\t<\/div>\n<div class=\"icons_cat_title\"> <h2>Anwendungsbereiche <\/h2><\/div><div class=\"container row\"> \n\t\t\t<div>\n  <ul class=\"image-gallery\"><li style=\"float: left;\"> <img decoding=\"async\" src=\"https:\/\/prodotti.albaen.it\/wp-content\/uploads\/Artigianato-_-Officine-1.png\" alt=\"Handwerk \/ Werkst\u00e4tten\" style=\"height:60px;\"\/>  <span class=\"products_icons\">Handwerk \/ Werkst\u00e4tten<\/span> <\/li><li style=\"float: left;\"> <img decoding=\"async\" src=\"https:\/\/prodotti.albaen.it\/wp-content\/uploads\/Industria-Metalmeccanica-1.png\" alt=\"Metallverarbeitende Industrie\" style=\"height:60px;\"\/>  <span class=\"products_icons\">Metallverarbeitende Industrie<\/span> <\/li><li style=\"float: left;\"> <img decoding=\"async\" src=\"https:\/\/prodotti.albaen.it\/wp-content\/uploads\/Logistica-_-Trasporto-1.png\" alt=\"Logistik \/ Transport\" style=\"height:60px;\"\/>  <span class=\"products_icons\">Logistik \/ Transport<\/span> <\/li><li style=\"float: left;\"> <img decoding=\"async\" src=\"https:\/\/prodotti.albaen.it\/wp-content\/uploads\/Magazzino-_-GDO-1.png\" alt=\"Lager \/ GDO\" style=\"height:60px;\"\/>  <span class=\"products_icons\">Lager \/ GDO<\/span> <\/li><\/ul>\n<\/div><\/div>\n\t<div class=\"wpb_text_column wpb_content_element\" >\n\t\t<div class=\"wpb_wrapper\">\n\t\t\t\n\n\t\t<\/div>\n\t<\/div>\n<div class=\"icons_cat_title\"> <h2>Technologie <\/h2><\/div><div class=\"container row\"> \n\t\t\t<div>\n  <ul class=\"image-gallery\"><li style=\"float: left;\"><img decoding=\"async\" src=\"https:\/\/prodotti.albaen.it\/wp-content\/uploads\/secosol-@4x.png\"  alt=\"DGUV 112_191\" style=\"height:60px;\"\/><span class=\"products_icons\">DGUV 112_191<\/span><\/li><li style=\"float: left;\"><img decoding=\"async\" src=\"https:\/\/prodotti.albaen.it\/wp-content\/uploads\/Xqt-_2.png\"  alt=\"Extra Quality Technology\" style=\"height:60px;\"\/><span class=\"products_icons\">Extra Quality Technology<\/span><\/li><li style=\"float: left;\"><img decoding=\"async\" src=\"https:\/\/prodotti.albaen.it\/wp-content\/uploads\/memory-flex-2.png\"  alt=\"Memory Flex\" style=\"height:60px;\"\/><span class=\"products_icons\">Memory Flex<\/span><\/li><li style=\"float: left;\"><img decoding=\"async\" src=\"https:\/\/prodotti.albaen.it\/wp-content\/uploads\/Metal-Free-Tecnologia-2.png\"  alt=\"Metal Free\" style=\"height:60px;\"\/><span class=\"products_icons\">Metal Free<\/span><\/li><\/ul>\n<\/div><\/div>\n\t<div class=\"wpb_text_column wpb_content_element\" >\n\t\t<div class=\"wpb_wrapper\">\n\t\t\t<p><strong><\/strong><\/p>\n\n\t\t<\/div>\n\t<\/div>\n<\/div><\/div><\/div><\/div>","protected":false},"excerpt":{"rendered":"<p>PROXIMA, ein Flaggschiff-Sicherheitstrainer der PERFORMER-Linie von Alba&amp;n, perfekte Synthese aus Design, Sicherheit und Komfort. Diese Schuhe wurden entwickelt, um den ganzen Arbeitstag \u00fcber maximalen Komfort zu gew\u00e4hrleisten. Sie verf\u00fcgen \u00fcber ein besonderes Polster an der Ferse, das den Aufprall mit d\u00e4mpfender Wirkung absorbiert und so den richtigen Auftrieb und die richtige Elastizit\u00e4t verleiht, die Ihre F\u00fc\u00dfe ben\u00f6tigen.<\/p>\n<p>Die dreifarbige, rutschfeste SRC-Sohle besteht aus 2 Schichten PU. Die TPU Laufsohle ist gegen Abrieb, \u00d6l, Fett und Benzin best\u00e4ndig.<\/p>\n<p><a href=\"https:\/\/prodotti.albaen.it\/wp-content\/uploads\/P1566CK-S3-V.4-PROXIMA-S3-SRC.ted_.pdf\"><button class=\"btn1\"><span style=\"vertical-align: inherit;\">TECHNISCHES DATENBLATT HERUNTERLADEN<\/span><\/button><\/a> <a href=\"https:\/\/prodotti.albaen.it\/wp-content\/uploads\/P1566CK-S3-Dich.-conformita.pdf\"><button><span style=\"vertical-align: inherit;\">KONFORMIT\u00c4TSERKL\u00c4RUNG<\/span><\/button><\/a><\/p>","protected":false},"featured_media":65814,"comment_status":"closed","ping_status":"closed","template":"","meta":[],"product_cat":[8291,8292],"product_tag":[],"yoast_head":"<!-- This site is optimized with the Yoast SEO Premium plugin v15.0 - https:\/\/yoast.com\/wordpress\/plugins\/seo\/ -->\n<title>Scarpa antinfortunistica bassa PROXIMA S3 SRC Alba&amp;N<\/title>\n<meta name=\"description\" content=\"Scarpa antinfortunistica bassa 100% metal free, realizzata con materiali ultra leggeri e resistenti per garantire resistenza e durabilit\u00e0.\" \/>\n<meta name=\"robots\" content=\"index, follow, max-snippet:-1, max-image-preview:large, max-video-preview:-1\" \/>\n<link rel=\"canonical\" href=\"https:\/\/prodotti.albaen.it\/deutsche\/produkt\/scarpa-antinfortunistica-bassa-proxima-p1566ck-s3-src\/\" \/>\n<meta property=\"og:locale\" content=\"de_DE\" \/>\n<meta property=\"og:type\" content=\"article\" \/>\n<meta property=\"og:title\" content=\"Scarpa antinfortunistica bassa PROXIMA S3 SRC Alba&amp;N\" \/>\n<meta property=\"og:description\" content=\"Scarpa antinfortunistica bassa 100% metal free, realizzata con materiali ultra leggeri e resistenti per garantire resistenza e durabilit\u00e0.\" \/>\n<meta property=\"og:url\" content=\"https:\/\/prodotti.albaen.it\/deutsche\/produkt\/scarpa-antinfortunistica-bassa-proxima-p1566ck-s3-src\/\" \/>\n<meta property=\"og:site_name\" content=\"Alba&amp;N. - Produttori di Scarpe Antinfortunistiche\" \/>\n<meta property=\"article:publisher\" content=\"https:\/\/www.facebook.com\/AlbaenShoes\/\" \/>\n<meta property=\"article:modified_time\" content=\"2024-06-26T08:38:46+00:00\" \/>\n<meta property=\"og:image\" content=\"https:\/\/prodotti.albaen.it\/wp-content\/uploads\/PROXIMA-scarpa-antinfortunistica.jpg\" \/>\n\t<meta property=\"og:image:width\" content=\"1000\" \/>\n\t<meta property=\"og:image:height\" content=\"1000\" \/>\n<meta name=\"twitter:card\" content=\"summary_large_image\" \/>\n<script type=\"application\/ld+json\" class=\"yoast-schema-graph\">{\"@context\":\"https:\/\/schema.org\",\"@graph\":[{\"@type\":\"Organization\",\"@id\":\"https:\/\/prodotti.albaen.it\/deutsche\/#organization\",\"name\":\"Alba&N\",\"url\":\"https:\/\/prodotti.albaen.it\/deutsche\/\",\"sameAs\":[\"https:\/\/www.facebook.com\/AlbaenShoes\/\"],\"logo\":{\"@type\":\"ImageObject\",\"@id\":\"https:\/\/prodotti.albaen.it\/deutsche\/#logo\",\"inLanguage\":\"de\",\"url\":\"https:\/\/prodotti.albaen.it\/wp-content\/uploads\/2019\/01\/logo1-1.png\",\"width\":269,\"height\":98,\"caption\":\"Alba&N\"},\"image\":{\"@id\":\"https:\/\/prodotti.albaen.it\/deutsche\/#logo\"}},{\"@type\":\"WebSite\",\"@id\":\"https:\/\/prodotti.albaen.it\/deutsche\/#website\",\"url\":\"https:\/\/prodotti.albaen.it\/deutsche\/\",\"name\":\"Alba&N - Produttori di Scarpe Antinfortunistiche\",\"description\":\"Leader Mondiali nella produzione di Scarpe Antinfortunistiche\",\"publisher\":{\"@id\":\"https:\/\/prodotti.albaen.it\/deutsche\/#organization\"},\"potentialAction\":[{\"@type\":\"SearchAction\",\"target\":\"https:\/\/prodotti.albaen.it\/deutsche\/?s={search_term_string}\",\"query-input\":\"required name=search_term_string\"}],\"inLanguage\":\"de\"},{\"@type\":\"ImageObject\",\"@id\":\"https:\/\/prodotti.albaen.it\/prodotto\/scarpa-antinfortunistica-bassa-proxima-p1566ck-s3-src\/#primaryimage\",\"inLanguage\":\"de\",\"url\":\"https:\/\/prodotti.albaen.it\/wp-content\/uploads\/PROXIMA-scarpa-antinfortunistica.jpg\",\"width\":1000,\"height\":1000,\"caption\":\"scarpa antinfortunistica bassa\"},{\"@type\":\"WebPage\",\"@id\":\"https:\/\/prodotti.albaen.it\/prodotto\/scarpa-antinfortunistica-bassa-proxima-p1566ck-s3-src\/#webpage\",\"url\":\"https:\/\/prodotti.albaen.it\/prodotto\/scarpa-antinfortunistica-bassa-proxima-p1566ck-s3-src\/\",\"name\":\"Scarpa antinfortunistica bassa PROXIMA S3 SRC Alba&N\",\"isPartOf\":{\"@id\":\"https:\/\/prodotti.albaen.it\/deutsche\/#website\"},\"primaryImageOfPage\":{\"@id\":\"https:\/\/prodotti.albaen.it\/prodotto\/scarpa-antinfortunistica-bassa-proxima-p1566ck-s3-src\/#primaryimage\"},\"datePublished\":\"2024-04-22T23:23:14+00:00\",\"dateModified\":\"2024-06-26T08:38:46+00:00\",\"description\":\"Scarpa antinfortunistica bassa 100% metal free, realizzata con materiali ultra leggeri e resistenti per garantire resistenza e durabilit\\u00e0.\",\"inLanguage\":\"de\",\"potentialAction\":[{\"@type\":\"ReadAction\",\"target\":[\"https:\/\/prodotti.albaen.it\/prodotto\/scarpa-antinfortunistica-bassa-proxima-p1566ck-s3-src\/\"]}]}]}<\/script>\n<!-- \/ Yoast SEO Premium plugin. -->","_links":{"self":[{"href":"https:\/\/prodotti.albaen.it\/deutsche\/wp-json\/wp\/v2\/product\/65813"}],"collection":[{"href":"https:\/\/prodotti.albaen.it\/deutsche\/wp-json\/wp\/v2\/product"}],"about":[{"href":"https:\/\/prodotti.albaen.it\/deutsche\/wp-json\/wp\/v2\/types\/product"}],"replies":[{"embeddable":true,"href":"https:\/\/prodotti.albaen.it\/deutsche\/wp-json\/wp\/v2\/comments?post=65813"}],"wp:featuredmedia":[{"embeddable":true,"href":"https:\/\/prodotti.albaen.it\/deutsche\/wp-json\/wp\/v2\/media\/65814"}],"wp:attachment":[{"href":"https:\/\/prodotti.albaen.it\/deutsche\/wp-json\/wp\/v2\/media?parent=65813"}],"wp:term":[{"taxonomy":"product_cat","embeddable":true,"href":"https:\/\/prodotti.albaen.it\/deutsche\/wp-json\/wp\/v2\/product_cat?post=65813"},{"taxonomy":"product_tag","embeddable":true,"href":"https:\/\/prodotti.albaen.it\/deutsche\/wp-json\/wp\/v2\/product_tag?post=65813"}],"curies":[{"name":"wp","href":"https:\/\/api.w.org\/{rel}","templated":true}]}}