{"id":65828,"date":"2024-04-23T01:40:06","date_gmt":"2024-04-22T23:40:06","guid":{"rendered":"https:\/\/prodotti.albaen.it\/?post_type=product&#038;p=65828"},"modified":"2024-06-26T10:39:28","modified_gmt":"2024-06-26T08:39:28","slug":"scarpa-antinfortunistica-bassa-cosmo-p1566ck-s3-src-esd","status":"publish","type":"product","link":"https:\/\/prodotti.albaen.it\/deutsche\/produkt\/scarpa-antinfortunistica-bassa-cosmo-p1566ck-s3-src-esd\/","title":{"rendered":"COSMO S3 SRC ESD"},"content":{"rendered":"<div class=\"vc_row wpb_row vc_row-fluid\"><div class=\"wpb_column vc_column_container vc_col-sm-6\"><div class=\"vc_column-inner\"><div class=\"wpb_wrapper\">\n\t<div class=\"wpb_text_column wpb_content_element\" >\n\t\t<div class=\"wpb_wrapper\">\n\t\t\t<p><span style=\"vertical-align: inherit;\">Sicherheits-Halbschuh COSMO S3 ESD SRC aus der PERFORMER-Reihe von Alba&amp;n, v\u00f6llig frei von Metallteilen, entwickelt und konzipiert f\u00fcr EPA-Bereiche (Electrostatic Protected Area).<\/span><\/p>\n<p><strong><br \/>\n<span style=\"vertical-align: inherit;\">OBERMATERIAL<\/span><\/strong><span style=\"vertical-align: inherit;\"> aus widerstandsf\u00e4higem und atmungsaktivem Nylongewebe mit Hi-Vis refraktiven TPU Linien. Wasserfest.<\/span><\/p>\n<p><strong><span style=\"vertical-align: inherit;\">FUTTER<\/span><\/strong><span style=\"vertical-align: inherit;\"> Innenfutter mit 3D Effekt, atmungsaktiv mit hervorragender Abriebfestigkeit.<br \/>\nVerst\u00e4rkte Ferse aus Mikrofaser f\u00fcr Rutsch- und Verschlei\u00dfschutz.<\/span><\/p>\n<p><strong><span style=\"vertical-align: inherit;\">EMBOUT<\/span><\/strong><span style=\"vertical-align: inherit;\"> Composite-Zehenschutzkappe, athermisch, und nicht magnetisch. Schutz gegen Sto\u00dfeinwirkungen von min. 200 Joule und Druckbeanspruchung von min. 15 kN.<\/span><\/p>\n<p><strong><span style=\"vertical-align: inherit;\">DURCHTRITTSCHUTZ<\/span><\/strong><span style=\"vertical-align: inherit;\"> bis 1100N aus Gewebe.<br \/>\nHochflexibel und leicht, unmagnetisch, antistatisch und w\u00e4rmeisolierend.<br \/>\nEs sorgt f\u00fcr Sicherheit in der gesamten Fu\u00dfsohle.<\/span><\/p>\n<p><strong><span style=\"vertical-align: inherit;\">SOHLE<\/span><\/strong><span style=\"vertical-align: inherit;\"> Zweischichtige PUPU-Sohle, dreifarbig, antistatisch, rutschfest, \u00f6l- und kohlenwasserstoffbest\u00e4ndig, Sto\u00dfd\u00e4mpfung im Fersenbereich.<\/span><\/p>\n<p><strong><span style=\"vertical-align: inherit;\">SOLETTA ELISA MEMORY<\/span><\/strong><span style=\"vertical-align: inherit;\"> anatomisch <\/span><span style=\"vertical-align: inherit;\">aus antistatischem und sto\u00dfd\u00e4mpfendem PU, \u00fcberzogen mit atmungsaktivem und abriebfestem Stoff.<br \/>\nFersen Cushion f\u00fcr zus\u00e4tzliche Sto\u00dfd\u00e4mpfung und selbstformende Memory Foam-Schicht f\u00fcr unvergleichlichen Komfort. Antistatisch, abnehmbar und waschbar.<\/span><\/p>\n<p><strong><span style=\"vertical-align: inherit;\">PASSFORM <\/span><\/strong> <em><span style=\"vertical-align: inherit;\">Mondopoint<\/span><\/em><span style=\"vertical-align: inherit;\"> \u00a011 \u2013 breit und bequem.<br \/>\n<\/span><strong><span style=\"vertical-align: inherit;\"><br \/>\nSTANDARD<\/span><\/strong><span style=\"vertical-align: inherit;\"> EN ISO 20345:2011, DGUV 112-191<\/span><br \/>\n<span style=\"vertical-align: inherit;\"><strong><br \/>\nESD<\/strong> Elektrostatische Entladung gem\u00e4\u00df den Normen:<br \/>\n<strong>EN 61340-5-1:2016 &#8211; EN 61340-4-3:2018 &#8211; EN 61340-4-5:2018<\/strong><\/span><\/p>\n<p><strong><span style=\"vertical-align: inherit;\">GEWICHT DES SCHUHS<\/span><\/strong><span style=\"vertical-align: inherit;\"> 550g 1 Schuh in Gr 42<\/span><\/p>\n\n\t\t<\/div>\n\t<\/div>\n<\/div><\/div><\/div><div class=\"wpb_column vc_column_container vc_col-sm-6\"><div class=\"vc_column-inner\"><div class=\"wpb_wrapper\">\n\t<div class=\"wpb_text_column wpb_content_element\" >\n\t\t<div class=\"wpb_wrapper\">\n\t\t\t<p>100 % frei von Metallteilen.<\/p>\n<p>Der COSMO S3 ESD SRC-Schuh entspricht den Anforderungen der Normen:<br \/>\nCEI EN 61340-5-1:2016\/COR1:2017 &#8211; CEI EN IEC 61340-4-5:2018 &#8211; CEI EN IEC 61340-4-3:2018.<\/p>\n<p>Es ist daher ideal f\u00fcr Arbeiten im Kontakt mit brennbaren Fl\u00fcssigkeiten oder Gasen, in der industriellen Automobillackierung, in der chemischen Industrie und in riskanten Umgebungen, in denen es notwendig ist, elektronische Ger\u00e4te oder empfindliche elektrische Teile wie Mikrochips vor elektrostatischen Aufladungen (von 100 Kiloohm bis 35 Megaohm) zu sch\u00fctzen.<\/p>\n<p>Die Sicherheitsschuhe der Performer-Reihe weisen alle wesentlichen Merkmale eines bequemen Sport-Sneakers auf: Leichtigkeit, Vielseitigkeit, Flexibilit\u00e4t, Grip und Design. Ideal f\u00fcr Leichtindustrie und Logistik, Lager- und Transportaktivit\u00e4ten.<\/p>\n<p><strong>PLUS TECNICO<\/strong>: Die Schuhe der Performer-Reihe sind so konzipiert und zertifiziert, dass sie auch mit orthop\u00e4dischen SECOSOL-Einlagen nach kompatibel sind. <strong>DGUV 112-191<\/strong>.<\/p>\n\n\t\t<\/div>\n\t<\/div>\n<div class=\"icons_cat_title\"> <h2>Schutzkategorien <\/h2><\/div><div class=\"container row\"> \n\t\t\t<div>\n  <ul class=\"image-gallery\"><li style=\"float: left;\">  <img decoding=\"async\" src=\"https:\/\/prodotti.albaen.it\/wp-content\/uploads\/simboletti-06.png\"  alt=\"Antistatisch\" style=\"height:110px;\"\/> <span class=\"products_icons products_icons1\">Antistatisch<\/span> <\/li><li style=\"float: left;\">  <img decoding=\"async\" src=\"https:\/\/prodotti.albaen.it\/wp-content\/uploads\/simboletti-07.png\"  alt=\"Energieaufnahme in der Ferse\" style=\"height:110px;\"\/> <span class=\"products_icons products_icons1\">Energieaufnahme in der Ferse<\/span> <\/li><li style=\"float: left;\">  <img decoding=\"async\" src=\"https:\/\/prodotti.albaen.it\/wp-content\/uploads\/simboletti-23.png\"  alt=\"ElectroStatic Discharge\" style=\"height:110px;\"\/> <span class=\"products_icons products_icons1\">ElectroStatic Discharge<\/span> <\/li><li style=\"float: left;\">  <img decoding=\"async\" src=\"https:\/\/prodotti.albaen.it\/wp-content\/uploads\/simboletti-08.png\"  alt=\"Durchsto\u00dfsicherer Einsatz, best\u00e4ndig gegen Perforation \u00d8=4,5 mm\" style=\"height:110px;\"\/> <span class=\"products_icons products_icons1\">Durchsto\u00dfsicherer Einsatz, best\u00e4ndig gegen Perforation \u00d8=4,5 mm<\/span> <\/li><li style=\"float: left;\">  <img decoding=\"async\" src=\"https:\/\/prodotti.albaen.it\/wp-content\/uploads\/simboletti-02.png\"  alt=\"Best\u00e4ndigkeit gegen Wasseraufnahme und -durchdringung\" style=\"height:110px;\"\/> <span class=\"products_icons products_icons1\">Best\u00e4ndigkeit gegen Wasseraufnahme und -durchdringung<\/span> <\/li><li style=\"float: left;\">  <img decoding=\"async\" src=\"https:\/\/prodotti.albaen.it\/wp-content\/uploads\/simboletti-22.png\"  alt=\"Schlag- und Druckfestigkeit\" style=\"height:110px;\"\/> <span class=\"products_icons products_icons1\">Schlag- und Druckfestigkeit<\/span> <\/li><li style=\"float: left;\">  <img decoding=\"async\" src=\"https:\/\/prodotti.albaen.it\/wp-content\/uploads\/simboletti-11.png\"  alt=\"Rutschhemmung\" style=\"height:110px;\"\/> <span class=\"products_icons products_icons1\">Rutschhemmung<\/span> <\/li><li style=\"float: left;\">  <img decoding=\"async\" src=\"https:\/\/prodotti.albaen.it\/wp-content\/uploads\/simboletti-04.png\"  alt=\"Sohle best\u00e4ndig gegen \u00d6le und Kohlenwasserstoffe\" style=\"height:110px;\"\/> <span class=\"products_icons products_icons1\">Sohle best\u00e4ndig gegen \u00d6le und Kohlenwasserstoffe<\/span> <\/li><\/ul>\n<\/div><\/div>\n\t<div class=\"wpb_text_column wpb_content_element\" >\n\t\t<div class=\"wpb_wrapper\">\n\t\t\t\n\n\t\t<\/div>\n\t<\/div>\n<div class=\"icons_cat_title\"> <h2>Anwendungsbereiche <\/h2><\/div><div class=\"container row\"> \n\t\t\t<div>\n  <ul class=\"image-gallery\"><li style=\"float: left;\"> <img decoding=\"async\" src=\"https:\/\/prodotti.albaen.it\/wp-content\/uploads\/Aree-ESD-1.png\" alt=\"ESD-Bereiche\" style=\"height:60px;\"\/>  <span class=\"products_icons\">ESD-Bereiche<\/span> <\/li><li style=\"float: left;\"> <img decoding=\"async\" src=\"https:\/\/prodotti.albaen.it\/wp-content\/uploads\/Artigianato-_-Officine-1.png\" alt=\"Handwerk \/ Werkst\u00e4tten\" style=\"height:60px;\"\/>  <span class=\"products_icons\">Handwerk \/ Werkst\u00e4tten<\/span> <\/li><li style=\"float: left;\"> <img decoding=\"async\" src=\"https:\/\/prodotti.albaen.it\/wp-content\/uploads\/Automotive-1.png\" alt=\"Automobil\" style=\"height:60px;\"\/>  <span class=\"products_icons\">Automobil<\/span> <\/li><li style=\"float: left;\"> <img decoding=\"async\" src=\"https:\/\/prodotti.albaen.it\/wp-content\/uploads\/Industria-Metalmeccanica-1.png\" alt=\"Metallverarbeitende Industrie\" style=\"height:60px;\"\/>  <span class=\"products_icons\">Metallverarbeitende Industrie<\/span> <\/li><li style=\"float: left;\"> <img decoding=\"async\" src=\"https:\/\/prodotti.albaen.it\/wp-content\/uploads\/Logistica-_-Trasporto-1.png\" alt=\"Logistik \/ Transport\" style=\"height:60px;\"\/>  <span class=\"products_icons\">Logistik \/ Transport<\/span> <\/li><li style=\"float: left;\"> <img decoding=\"async\" src=\"https:\/\/prodotti.albaen.it\/wp-content\/uploads\/Magazzino-_-GDO-1.png\" alt=\"Lager \/ GDO\" style=\"height:60px;\"\/>  <span class=\"products_icons\">Lager \/ GDO<\/span> <\/li><\/ul>\n<\/div><\/div>\n\t<div class=\"wpb_text_column wpb_content_element\" >\n\t\t<div class=\"wpb_wrapper\">\n\t\t\t\n\n\t\t<\/div>\n\t<\/div>\n<div class=\"icons_cat_title\"> <h2>Technologie <\/h2><\/div><div class=\"container row\"> \n\t\t\t<div>\n  <ul class=\"image-gallery\"><li style=\"float: left;\"><img decoding=\"async\" src=\"https:\/\/prodotti.albaen.it\/wp-content\/uploads\/secosol-@4x.png\"  alt=\"DGUV 112_191\" style=\"height:60px;\"\/><span class=\"products_icons\">DGUV 112_191<\/span><\/li><li style=\"float: left;\"><img decoding=\"async\" src=\"https:\/\/prodotti.albaen.it\/wp-content\/uploads\/Xqt-_2.png\"  alt=\"Extra Quality Technology\" style=\"height:60px;\"\/><span class=\"products_icons\">Extra Quality Technology<\/span><\/li><li style=\"float: left;\"><img decoding=\"async\" src=\"https:\/\/prodotti.albaen.it\/wp-content\/uploads\/memory-flex-2.png\"  alt=\"Memory Flex\" style=\"height:60px;\"\/><span class=\"products_icons\">Memory Flex<\/span><\/li><li style=\"float: left;\"><img decoding=\"async\" src=\"https:\/\/prodotti.albaen.it\/wp-content\/uploads\/Metal-Free-Tecnologia-2.png\"  alt=\"Metal Free\" style=\"height:60px;\"\/><span class=\"products_icons\">Metal Free<\/span><\/li><\/ul>\n<\/div><\/div>\n\t<div class=\"wpb_text_column wpb_content_element\" >\n\t\t<div class=\"wpb_wrapper\">\n\t\t\t<p><strong><\/strong><\/p>\n\n\t\t<\/div>\n\t<\/div>\n<\/div><\/div><\/div><\/div>","protected":false},"excerpt":{"rendered":"<p>COSMO ist der bequeme, sportliche Sicherheitsschuh mit \u00fcberzeugender Look, der Sie bei den heikelsten Arbeiten begleitet. Es sch\u00fctzt Sie vor St\u00f6\u00dfen, St\u00fcrzen, Kompression und Perforation und erf\u00fcllt au\u00dferdem ESD-Anforderungen. Auf diese Weise leiten Ihre Schuhe die angesammelte statische Elektrizit\u00e4t st\u00e4ndig an den Boden ab, was optimale Sicherheit in explosionsgef\u00e4hrdeten Umgebungen gew\u00e4hrleistet und au\u00dferdem die Maschinen und empfindlichen elektrischen Komponenten, mit denen Sie arbeiten, sch\u00fctzt.<\/p>\n<p><a href=\"https:\/\/prodotti.albaen.it\/wp-content\/uploads\/P1566CK-V.3-S3-ESD.ted_-1.pdf\"><button class=\"btn1\"><span style=\"vertical-align: inherit;\"><span style=\"vertical-align: inherit;\">TECHNISCHES DATENBLATT HERUNTERLADEN<\/span><\/span><\/button><\/a>\u00a0 \u00a0<a href=\"https:\/\/prodotti.albaen.it\/wp-content\/uploads\/P1566CK-S3-ESD-Dich.-conformita.pdf\"><button><span style=\"vertical-align: inherit;\">KONFORMIT\u00c4TSERKL\u00c4RUNG<\/span><\/button><\/a><\/p>","protected":false},"featured_media":65840,"comment_status":"closed","ping_status":"closed","template":"","meta":[],"product_cat":[8291,8292],"product_tag":[],"yoast_head":"<!-- This site is optimized with the Yoast SEO Premium plugin v15.0 - https:\/\/yoast.com\/wordpress\/plugins\/seo\/ -->\n<title>Scarpa antinfortunistica bassa da lavoro COSMO S3 ESD SRC - Alba&amp;n<\/title>\n<meta name=\"description\" content=\"Scarpa antinfortunistica bassa da lavoro comoda, sportiva, dal look irresistibile che ti accompagner\u00e0 durante i lavori pi\u00f9 delicati.\" \/>\n<meta name=\"robots\" content=\"index, follow, max-snippet:-1, max-image-preview:large, max-video-preview:-1\" \/>\n<link rel=\"canonical\" href=\"https:\/\/prodotti.albaen.it\/deutsche\/produkt\/scarpa-antinfortunistica-bassa-cosmo-p1566ck-s3-src-esd\/\" \/>\n<meta property=\"og:locale\" content=\"de_DE\" \/>\n<meta property=\"og:type\" content=\"article\" \/>\n<meta property=\"og:title\" content=\"Scarpa antinfortunistica bassa da lavoro COSMO S3 ESD SRC - Alba&amp;n\" \/>\n<meta property=\"og:description\" content=\"Scarpa antinfortunistica bassa da lavoro comoda, sportiva, dal look irresistibile che ti accompagner\u00e0 durante i lavori pi\u00f9 delicati.\" \/>\n<meta property=\"og:url\" content=\"https:\/\/prodotti.albaen.it\/deutsche\/produkt\/scarpa-antinfortunistica-bassa-cosmo-p1566ck-s3-src-esd\/\" \/>\n<meta property=\"og:site_name\" content=\"Alba&amp;N. - Produttori di Scarpe Antinfortunistiche\" \/>\n<meta property=\"article:publisher\" content=\"https:\/\/www.facebook.com\/AlbaenShoes\/\" \/>\n<meta property=\"article:modified_time\" content=\"2024-06-26T08:39:28+00:00\" \/>\n<meta property=\"og:image\" content=\"https:\/\/prodotti.albaen.it\/wp-content\/uploads\/P1566CK-S3-SRC-ESD_COSMO.jpg\" \/>\n\t<meta property=\"og:image:width\" content=\"2000\" \/>\n\t<meta property=\"og:image:height\" content=\"2000\" \/>\n<meta name=\"twitter:card\" content=\"summary_large_image\" \/>\n<script type=\"application\/ld+json\" class=\"yoast-schema-graph\">{\"@context\":\"https:\/\/schema.org\",\"@graph\":[{\"@type\":\"Organization\",\"@id\":\"https:\/\/prodotti.albaen.it\/deutsche\/#organization\",\"name\":\"Alba&N\",\"url\":\"https:\/\/prodotti.albaen.it\/deutsche\/\",\"sameAs\":[\"https:\/\/www.facebook.com\/AlbaenShoes\/\"],\"logo\":{\"@type\":\"ImageObject\",\"@id\":\"https:\/\/prodotti.albaen.it\/deutsche\/#logo\",\"inLanguage\":\"de\",\"url\":\"https:\/\/prodotti.albaen.it\/wp-content\/uploads\/2019\/01\/logo1-1.png\",\"width\":269,\"height\":98,\"caption\":\"Alba&N\"},\"image\":{\"@id\":\"https:\/\/prodotti.albaen.it\/deutsche\/#logo\"}},{\"@type\":\"WebSite\",\"@id\":\"https:\/\/prodotti.albaen.it\/deutsche\/#website\",\"url\":\"https:\/\/prodotti.albaen.it\/deutsche\/\",\"name\":\"Alba&N - Produttori di Scarpe Antinfortunistiche\",\"description\":\"Leader Mondiali nella produzione di Scarpe Antinfortunistiche\",\"publisher\":{\"@id\":\"https:\/\/prodotti.albaen.it\/deutsche\/#organization\"},\"potentialAction\":[{\"@type\":\"SearchAction\",\"target\":\"https:\/\/prodotti.albaen.it\/deutsche\/?s={search_term_string}\",\"query-input\":\"required name=search_term_string\"}],\"inLanguage\":\"de\"},{\"@type\":\"ImageObject\",\"@id\":\"https:\/\/prodotti.albaen.it\/prodotto\/scarpa-antinfortunistica-bassa-cosmo-p1566ck-s3-src-esd\/#primaryimage\",\"inLanguage\":\"de\",\"url\":\"https:\/\/prodotti.albaen.it\/wp-content\/uploads\/P1566CK-S3-SRC-ESD_COSMO.jpg\",\"width\":2000,\"height\":2000,\"caption\":\"Scarpa antinfortunistica bassa da lavoro\"},{\"@type\":\"WebPage\",\"@id\":\"https:\/\/prodotti.albaen.it\/prodotto\/scarpa-antinfortunistica-bassa-cosmo-p1566ck-s3-src-esd\/#webpage\",\"url\":\"https:\/\/prodotti.albaen.it\/prodotto\/scarpa-antinfortunistica-bassa-cosmo-p1566ck-s3-src-esd\/\",\"name\":\"Scarpa antinfortunistica bassa da lavoro COSMO S3 ESD SRC - Alba&n\",\"isPartOf\":{\"@id\":\"https:\/\/prodotti.albaen.it\/deutsche\/#website\"},\"primaryImageOfPage\":{\"@id\":\"https:\/\/prodotti.albaen.it\/prodotto\/scarpa-antinfortunistica-bassa-cosmo-p1566ck-s3-src-esd\/#primaryimage\"},\"datePublished\":\"2024-04-22T23:40:06+00:00\",\"dateModified\":\"2024-06-26T08:39:28+00:00\",\"description\":\"Scarpa antinfortunistica bassa da lavoro comoda, sportiva, dal look irresistibile che ti accompagner\\u00e0 durante i lavori pi\\u00f9 delicati.\",\"inLanguage\":\"de\",\"potentialAction\":[{\"@type\":\"ReadAction\",\"target\":[\"https:\/\/prodotti.albaen.it\/prodotto\/scarpa-antinfortunistica-bassa-cosmo-p1566ck-s3-src-esd\/\"]}]}]}<\/script>\n<!-- \/ Yoast SEO Premium plugin. -->","_links":{"self":[{"href":"https:\/\/prodotti.albaen.it\/deutsche\/wp-json\/wp\/v2\/product\/65828"}],"collection":[{"href":"https:\/\/prodotti.albaen.it\/deutsche\/wp-json\/wp\/v2\/product"}],"about":[{"href":"https:\/\/prodotti.albaen.it\/deutsche\/wp-json\/wp\/v2\/types\/product"}],"replies":[{"embeddable":true,"href":"https:\/\/prodotti.albaen.it\/deutsche\/wp-json\/wp\/v2\/comments?post=65828"}],"wp:featuredmedia":[{"embeddable":true,"href":"https:\/\/prodotti.albaen.it\/deutsche\/wp-json\/wp\/v2\/media\/65840"}],"wp:attachment":[{"href":"https:\/\/prodotti.albaen.it\/deutsche\/wp-json\/wp\/v2\/media?parent=65828"}],"wp:term":[{"taxonomy":"product_cat","embeddable":true,"href":"https:\/\/prodotti.albaen.it\/deutsche\/wp-json\/wp\/v2\/product_cat?post=65828"},{"taxonomy":"product_tag","embeddable":true,"href":"https:\/\/prodotti.albaen.it\/deutsche\/wp-json\/wp\/v2\/product_tag?post=65828"}],"curies":[{"name":"wp","href":"https:\/\/api.w.org\/{rel}","templated":true}]}}