{"id":65965,"date":"2024-05-23T10:07:18","date_gmt":"2024-05-23T08:07:18","guid":{"rendered":"https:\/\/prodotti.albaen.it\/?post_type=product&#038;p=65965"},"modified":"2024-06-26T11:16:22","modified_gmt":"2024-06-26T09:16:22","slug":"scarpa-antinfortunistica-bassa-quarzo-c28sk-s1p-src","status":"publish","type":"product","link":"https:\/\/prodotti.albaen.it\/deutsche\/produkt\/scarpa-antinfortunistica-bassa-quarzo-c28sk-s1p-src\/","title":{"rendered":"QUARZO S1P SRC"},"content":{"rendered":"<div class=\"vc_row wpb_row vc_row-fluid\"><div class=\"wpb_column vc_column_container vc_col-sm-6\"><div class=\"vc_column-inner\"><div class=\"wpb_wrapper\">\n\t<div class=\"wpb_text_column wpb_content_element\" >\n\t\t<div class=\"wpb_wrapper\">\n\t\t\t<p>S1P Sicherheitsschuhe aus Leder, mit rutschfester SRC-Sohle, ausgestattet mit metallfreiem Zehen- und Durchtritt-Schutz.. Dieses Produkt ist CE-gekennzeichnet und erf\u00fcllt alle Anforderungen der europ\u00e4ischen Norm EN ISO 20345:2011, die durch die Verordnung (EU) 2016\/425 geregelt wird.<\/p>\n<p><strong><span style=\"vertical-align: inherit;\">OBERMATERIAL<\/span><\/strong><span style=\"vertical-align: inherit;\"> Perforiertes Veloursleder, gepolsterte Kragen und Lasche aus Nylon.<br \/>\n<\/span><br \/>\n<strong><span style=\"vertical-align: inherit;\">FUTTER<\/span><\/strong><span style=\"vertical-align: inherit;\"> Innenfutter mit 3D Effekt, atmungsaktiv mit hervorragender Abriebfestigkeit.<br \/>\n<\/span><br \/>\n<strong><span style=\"vertical-align: inherit;\">EMBOUT <\/span><\/strong><span style=\"vertical-align: inherit;\">Nicht-metallisch, mit Kunststoff, 200J Sto\u00dffestigkeit und 15kN Druckfestigkeit. Leicht, nicht magnetisch und w\u00e4rmeisolierend.<\/span><span style=\"vertical-align: inherit;\"><br \/>\n<\/span><br \/>\n<strong><span style=\"vertical-align: inherit;\">DURCHTRITTSCHUTZ<\/span><\/strong><span style=\"vertical-align: inherit;\"> aus Gewebe, 1100N. Extrem leicht und flexibel, nicht magnetisch und w\u00e4rmeisolierend.<br \/>\n<\/span><br \/>\n<strong><span style=\"vertical-align: inherit;\">SOHLE<\/span><\/strong><span style=\"vertical-align: inherit;\"> antistatische, \u00f6l- und s\u00e4urebest\u00e4ndige, SRC rutschhemmende 2-Schichten-PU\/PU-Sohle mit Shock absorber im Fersenbereich.<br \/>\n<\/span><br \/>\n<strong><span style=\"vertical-align: inherit;\">EINLEGESOHLE <\/span><\/strong><span style=\"vertical-align: inherit;\">\"Claudia\", anatomisch, aus antistatischem und sto\u00dfd\u00e4mpfendem PU, \u00fcberzogen mit atmungsaktivem und abriebfestem Stoff. Antistatisch, herausnehmbar und waschbar.<\/span><span style=\"vertical-align: inherit;\"><br \/>\n<\/span><br \/>\n<strong><span style=\"vertical-align: inherit;\">PASSFORM <\/span><\/strong> <em><span style=\"vertical-align: inherit;\">Mondopoint<\/span><\/em><span style=\"vertical-align: inherit;\"> 11 \u2013 breit und bequem.<br \/>\n<\/span><br \/>\n<strong><span style=\"vertical-align: inherit;\">STANDARD<\/span><\/strong><span style=\"vertical-align: inherit;\"> EN ISO 20345:2011<\/span><\/p>\n<p><strong>GEWICHT DES SCHUHS\u00a0<\/strong> 655gr \/ Schuh in Gr.  42<\/p>\n\n\t\t<\/div>\n\t<\/div>\n<\/div><\/div><\/div><div class=\"wpb_column vc_column_container vc_col-sm-6\"><div class=\"vc_column-inner\"><div class=\"wpb_wrapper\">\n\t<div class=\"wpb_text_column wpb_content_element\" >\n\t\t<div class=\"wpb_wrapper\">\n\t\t\t<p>Die Sohle der QUARZO-Schuhe der CHALLENGE-Kollektion bietet auf h\u00f6chstem Niveau die Sicherheit, Stabilit\u00e4t, D\u00e4mpfung und den Komfort, die insbesondere f\u00fcr Outdoor-Aktivit\u00e4ten und extreme Bedingungen erforderlich sind.<br \/>\nDie Sohle ist aus Polyurethan mit doppelter Dichte eingespritzt, um ein hohes Ma\u00df an Sto\u00dfd\u00e4mpfung zu gew\u00e4hrleisten. Sie verf\u00fcgt \u00fcber einen integrierten Zehenschutz und eignet sich besonders f\u00fcr kniende Arbeitst\u00e4tigkeiten.<\/p>\n<p>Die weite Passform (Mondopoint 11) gibt dem Fu\u00df Bewegungsfreiheit und Komfort, auch nach mehreren Stunden Arbeit.<\/p>\n\n\t\t<\/div>\n\t<\/div>\n<div class=\"icons_cat_title\"> <h2>Schutzkategorien <\/h2><\/div><div class=\"container row\"> \n\t\t\t<div>\n  <ul class=\"image-gallery\"><li style=\"float: left;\">  <img decoding=\"async\" src=\"https:\/\/prodotti.albaen.it\/wp-content\/uploads\/simboletti-06.png\"  alt=\"Antistatisch\" style=\"height:110px;\"\/> <span class=\"products_icons products_icons1\">Antistatisch<\/span> <\/li><li style=\"float: left;\">  <img decoding=\"async\" src=\"https:\/\/prodotti.albaen.it\/wp-content\/uploads\/simboletti-07.png\"  alt=\"Energieaufnahme in der Ferse\" style=\"height:110px;\"\/> <span class=\"products_icons products_icons1\">Energieaufnahme in der Ferse<\/span> <\/li><li style=\"float: left;\">  <img decoding=\"async\" src=\"https:\/\/prodotti.albaen.it\/wp-content\/uploads\/simboletti-08.png\"  alt=\"Durchsto\u00dfsicherer Einsatz, best\u00e4ndig gegen Perforation \u00d8=4,5 mm\" style=\"height:110px;\"\/> <span class=\"products_icons products_icons1\">Durchsto\u00dfsicherer Einsatz, best\u00e4ndig gegen Perforation \u00d8=4,5 mm<\/span> <\/li><li style=\"float: left;\">  <img decoding=\"async\" src=\"https:\/\/prodotti.albaen.it\/wp-content\/uploads\/simboletti-22.png\"  alt=\"Schlag- und Druckfestigkeit\" style=\"height:110px;\"\/> <span class=\"products_icons products_icons1\">Schlag- und Druckfestigkeit<\/span> <\/li><li style=\"float: left;\">  <img decoding=\"async\" src=\"https:\/\/prodotti.albaen.it\/wp-content\/uploads\/simboletti-11.png\"  alt=\"Rutschhemmung\" style=\"height:110px;\"\/> <span class=\"products_icons products_icons1\">Rutschhemmung<\/span> <\/li><li style=\"float: left;\">  <img decoding=\"async\" src=\"https:\/\/prodotti.albaen.it\/wp-content\/uploads\/simboletti-04.png\"  alt=\"Sohle best\u00e4ndig gegen \u00d6le und Kohlenwasserstoffe\" style=\"height:110px;\"\/> <span class=\"products_icons products_icons1\">Sohle best\u00e4ndig gegen \u00d6le und Kohlenwasserstoffe<\/span> <\/li><\/ul>\n<\/div><\/div>\n\t<div class=\"wpb_text_column wpb_content_element\" >\n\t\t<div class=\"wpb_wrapper\">\n\t\t\t<p><strong><\/strong><\/p>\n\n\t\t<\/div>\n\t<\/div>\n<div class=\"icons_cat_title\"> <h2>Anwendungsbereiche <\/h2><\/div><div class=\"container row\"> \n\t\t\t<div>\n  <ul class=\"image-gallery\"><li style=\"float: left;\"> <img decoding=\"async\" src=\"https:\/\/prodotti.albaen.it\/wp-content\/uploads\/Artigianato-_-Officine-1.png\" alt=\"Handwerk \/ Werkst\u00e4tten\" style=\"height:60px;\"\/>  <span class=\"products_icons\">Handwerk \/ Werkst\u00e4tten<\/span> <\/li><li style=\"float: left;\"> <img decoding=\"async\" src=\"https:\/\/prodotti.albaen.it\/wp-content\/uploads\/Logistica-_-Trasporto-1.png\" alt=\"Logistik \/ Transport\" style=\"height:60px;\"\/>  <span class=\"products_icons\">Logistik \/ Transport<\/span> <\/li><li style=\"float: left;\"> <img decoding=\"async\" src=\"https:\/\/prodotti.albaen.it\/wp-content\/uploads\/Magazzino-_-GDO-1.png\" alt=\"Lager \/ GDO\" style=\"height:60px;\"\/>  <span class=\"products_icons\">Lager \/ GDO<\/span> <\/li><\/ul>\n<\/div><\/div>\n\t<div class=\"wpb_text_column wpb_content_element\" >\n\t\t<div class=\"wpb_wrapper\">\n\t\t\t\n\n\t\t<\/div>\n\t<\/div>\n<div class=\"icons_cat_title\"> <h2>Technologie <\/h2><\/div><div class=\"container row\"> \n\t\t\t<div>\n  <ul class=\"image-gallery\"><li style=\"float: left;\"><img decoding=\"async\" src=\"https:\/\/prodotti.albaen.it\/wp-content\/uploads\/No-nail-tex.png\"  alt=\"Pannensichere Stoffplatte\" style=\"height:60px;\"\/><span class=\"products_icons\">Pannensichere Stoffplatte<\/span><\/li><li style=\"float: left;\"><img decoding=\"async\" src=\"https:\/\/prodotti.albaen.it\/wp-content\/uploads\/C-Cap.png\"  alt=\"Sicherheits-Zehenkappe aus Verbundwerkstoff\" style=\"height:60px;\"\/><span class=\"products_icons\">Sicherheits-Zehenkappe aus Verbundwerkstoff<\/span><\/li><\/ul>\n<\/div><\/div>\n\t<div class=\"wpb_text_column wpb_content_element\" >\n\t\t<div class=\"wpb_wrapper\">\n\t\t\t<p><strong><\/strong><\/p>\n\n\t\t<\/div>\n\t<\/div>\n<\/div><\/div><\/div><\/div>","protected":false},"excerpt":{"rendered":"<p>Sicherheitsschuh aus weichem Wildleder, seitlich perforiert, um die Bel\u00fcftung der F\u00fc\u00dfe zu erh\u00f6hen. Das 3D-Innenfutter vermeidet Abrieb, absorbiert Schwei\u00df und l\u00e4sst den Fu\u00df atmen. Innovative Sicherheits-Zehenkappe, ohne Metallteile. Durchtrittsichere Textileinlegesohle, die daf\u00fcr sorgt, dass kein metallisches Material eindringt. Die PU\/PU zwei-schichtige Sohle ist so konzipiert, dass sie eine hervorragende Sto\u00dfd\u00e4mpfung gew\u00e4hrleistet, und verf\u00fcgt \u00fcber eine \u00dcberkappe, die perfekt f\u00fcr eine l\u00e4ngere Lebensdauer des Schuhwerks ist.<br \/>\nCalzata ampia, per un comfort ottimale anche dopo una giornata di lavoro.<\/p>\n<p><a href=\"https:\/\/prodotti.albaen.it\/wp-content\/uploads\/C28SK-S1P.ted_-1.pdf\"><button class=\"btn1\"><span style=\"vertical-align: inherit;\">TECHNISCHES DATENBLATT HERUNTERLADEN<\/span><\/button><\/a> \u00a0\u00a0<a href=\"https:\/\/prodotti.albaen.it\/wp-content\/uploads\/C28SK-S1P-Dich.-conformita.pdf\"><button><span style=\"vertical-align: inherit;\">KONFORMIT\u00c4TSERKL\u00c4RUNG<\/span><\/button><\/a><\/p>","protected":false},"featured_media":65966,"comment_status":"open","ping_status":"closed","template":"","meta":[],"product_cat":[8284,8292],"product_tag":[],"yoast_head":"<!-- This site is optimized with the Yoast SEO Premium plugin v15.0 - https:\/\/yoast.com\/wordpress\/plugins\/seo\/ -->\n<title>Scarpa antinfortunistica bassa QUARZO S1P SRC - Alba&amp;N<\/title>\n<meta name=\"description\" content=\"Calzatura di sicurezza in morbida pelle scamosciata con fori laterali per maggiore areazione e traspirazione del piede.\" \/>\n<meta name=\"robots\" content=\"index, follow, max-snippet:-1, max-image-preview:large, max-video-preview:-1\" \/>\n<link rel=\"canonical\" href=\"https:\/\/prodotti.albaen.it\/deutsche\/produkt\/scarpa-antinfortunistica-bassa-quarzo-c28sk-s1p-src\/\" \/>\n<meta property=\"og:locale\" content=\"de_DE\" \/>\n<meta property=\"og:type\" content=\"article\" \/>\n<meta property=\"og:title\" content=\"Scarpa antinfortunistica bassa QUARZO S1P SRC - Alba&amp;N\" \/>\n<meta property=\"og:description\" content=\"Calzatura di sicurezza in morbida pelle scamosciata con fori laterali per maggiore areazione e traspirazione del piede.\" \/>\n<meta property=\"og:url\" content=\"https:\/\/prodotti.albaen.it\/deutsche\/produkt\/scarpa-antinfortunistica-bassa-quarzo-c28sk-s1p-src\/\" \/>\n<meta property=\"og:site_name\" content=\"Alba&amp;N. - Produttori di Scarpe Antinfortunistiche\" \/>\n<meta property=\"article:publisher\" content=\"https:\/\/www.facebook.com\/AlbaenShoes\/\" \/>\n<meta property=\"article:modified_time\" content=\"2024-06-26T09:16:22+00:00\" \/>\n<meta property=\"og:image\" content=\"https:\/\/prodotti.albaen.it\/wp-content\/uploads\/FLORIDA-S1P-SRC-1.jpg\" \/>\n\t<meta property=\"og:image:width\" content=\"1000\" \/>\n\t<meta property=\"og:image:height\" content=\"1000\" \/>\n<meta name=\"twitter:card\" content=\"summary_large_image\" \/>\n<script type=\"application\/ld+json\" class=\"yoast-schema-graph\">{\"@context\":\"https:\/\/schema.org\",\"@graph\":[{\"@type\":\"Organization\",\"@id\":\"https:\/\/prodotti.albaen.it\/deutsche\/#organization\",\"name\":\"Alba&N\",\"url\":\"https:\/\/prodotti.albaen.it\/deutsche\/\",\"sameAs\":[\"https:\/\/www.facebook.com\/AlbaenShoes\/\"],\"logo\":{\"@type\":\"ImageObject\",\"@id\":\"https:\/\/prodotti.albaen.it\/deutsche\/#logo\",\"inLanguage\":\"de\",\"url\":\"https:\/\/prodotti.albaen.it\/wp-content\/uploads\/2019\/01\/logo1-1.png\",\"width\":269,\"height\":98,\"caption\":\"Alba&N\"},\"image\":{\"@id\":\"https:\/\/prodotti.albaen.it\/deutsche\/#logo\"}},{\"@type\":\"WebSite\",\"@id\":\"https:\/\/prodotti.albaen.it\/deutsche\/#website\",\"url\":\"https:\/\/prodotti.albaen.it\/deutsche\/\",\"name\":\"Alba&N - Produttori di Scarpe Antinfortunistiche\",\"description\":\"Leader Mondiali nella produzione di Scarpe Antinfortunistiche\",\"publisher\":{\"@id\":\"https:\/\/prodotti.albaen.it\/deutsche\/#organization\"},\"potentialAction\":[{\"@type\":\"SearchAction\",\"target\":\"https:\/\/prodotti.albaen.it\/deutsche\/?s={search_term_string}\",\"query-input\":\"required name=search_term_string\"}],\"inLanguage\":\"de\"},{\"@type\":\"ImageObject\",\"@id\":\"https:\/\/prodotti.albaen.it\/prodotto\/scarpa-antinfortunistica-bassa-quarzo-c28sk-s1p-src\/#primaryimage\",\"inLanguage\":\"de\",\"url\":\"https:\/\/prodotti.albaen.it\/wp-content\/uploads\/FLORIDA-S1P-SRC-1.jpg\",\"width\":1000,\"height\":1000,\"caption\":\"Calzatura bassa antinfortunistica in pelle S1P, dalla suola antiscivolo SRC, dotata di protezione della punta dei piedi e da perforazioni della suola.\"},{\"@type\":\"WebPage\",\"@id\":\"https:\/\/prodotti.albaen.it\/prodotto\/scarpa-antinfortunistica-bassa-quarzo-c28sk-s1p-src\/#webpage\",\"url\":\"https:\/\/prodotti.albaen.it\/prodotto\/scarpa-antinfortunistica-bassa-quarzo-c28sk-s1p-src\/\",\"name\":\"Scarpa antinfortunistica bassa QUARZO S1P SRC - Alba&N\",\"isPartOf\":{\"@id\":\"https:\/\/prodotti.albaen.it\/deutsche\/#website\"},\"primaryImageOfPage\":{\"@id\":\"https:\/\/prodotti.albaen.it\/prodotto\/scarpa-antinfortunistica-bassa-quarzo-c28sk-s1p-src\/#primaryimage\"},\"datePublished\":\"2024-05-23T08:07:18+00:00\",\"dateModified\":\"2024-06-26T09:16:22+00:00\",\"description\":\"Calzatura di sicurezza in morbida pelle scamosciata con fori laterali per maggiore areazione e traspirazione del piede.\",\"inLanguage\":\"de\",\"potentialAction\":[{\"@type\":\"ReadAction\",\"target\":[\"https:\/\/prodotti.albaen.it\/prodotto\/scarpa-antinfortunistica-bassa-quarzo-c28sk-s1p-src\/\"]}]}]}<\/script>\n<!-- \/ Yoast SEO Premium plugin. -->","_links":{"self":[{"href":"https:\/\/prodotti.albaen.it\/deutsche\/wp-json\/wp\/v2\/product\/65965"}],"collection":[{"href":"https:\/\/prodotti.albaen.it\/deutsche\/wp-json\/wp\/v2\/product"}],"about":[{"href":"https:\/\/prodotti.albaen.it\/deutsche\/wp-json\/wp\/v2\/types\/product"}],"replies":[{"embeddable":true,"href":"https:\/\/prodotti.albaen.it\/deutsche\/wp-json\/wp\/v2\/comments?post=65965"}],"wp:featuredmedia":[{"embeddable":true,"href":"https:\/\/prodotti.albaen.it\/deutsche\/wp-json\/wp\/v2\/media\/65966"}],"wp:attachment":[{"href":"https:\/\/prodotti.albaen.it\/deutsche\/wp-json\/wp\/v2\/media?parent=65965"}],"wp:term":[{"taxonomy":"product_cat","embeddable":true,"href":"https:\/\/prodotti.albaen.it\/deutsche\/wp-json\/wp\/v2\/product_cat?post=65965"},{"taxonomy":"product_tag","embeddable":true,"href":"https:\/\/prodotti.albaen.it\/deutsche\/wp-json\/wp\/v2\/product_tag?post=65965"}],"curies":[{"name":"wp","href":"https:\/\/api.w.org\/{rel}","templated":true}]}}