{"id":66100,"date":"2024-06-14T12:40:17","date_gmt":"2024-06-14T10:40:17","guid":{"rendered":"https:\/\/prodotti.albaen.it\/?post_type=product&#038;p=66100"},"modified":"2024-06-26T11:17:01","modified_gmt":"2024-06-26T09:17:01","slug":"scarpa-antinfortunistica-bassa-atlantico-k05-s3-fo-sr","status":"publish","type":"product","link":"https:\/\/prodotti.albaen.it\/deutsche\/produkt\/scarpa-antinfortunistica-bassa-atlantico-k05-s3-fo-sr\/","title":{"rendered":"ATLANTICO S3 FO SR"},"content":{"rendered":"<div class=\"vc_row wpb_row vc_row-fluid\"><div class=\"wpb_column vc_column_container vc_col-sm-6\"><div class=\"vc_column-inner\"><div class=\"wpb_wrapper\">\n\t<div class=\"wpb_text_column wpb_content_element\" >\n\t\t<div class=\"wpb_wrapper\">\n\t\t\t<p>Calzatura di sicurezza bassa S3, con tomaia in pelle idrorepellente, puntale di sicurezza e lamina antiforo. Suola in poliuretano, resistente allo scivolamento SR.<\/p>\n<p><strong><span style=\"vertical-align: inherit;\">OBERMATERIAL<\/span><\/strong><span style=\"vertical-align: inherit;\"> in pelle stampata idrorepellente, lingua con chiusura a soffietto per evitare l&#8217;ingresso di sporco e detriti.<br \/>\n<\/span><strong><span style=\"vertical-align: inherit;\"><br \/>\nFUTTER<\/span><\/strong><span style=\"vertical-align: inherit;\"> Innenfutter mit 3D Effekt, atmungsaktiv mit hervorragender Abriebfestigkeit.<br \/>\n<\/span><br \/>\n<strong><span style=\"vertical-align: inherit;\">EMBOUT <\/span><\/strong><span style=\"vertical-align: inherit;\">in acciaio, resistente agli urti fino a 200J e alla compressione fino a 15Kn.<\/span><span style=\"vertical-align: inherit;\"><br \/>\n<\/span><br \/>\n<strong><span style=\"vertical-align: inherit;\">DURCHTRITTSCHUTZ<\/span><\/strong><span style=\"vertical-align: inherit;\"> acciaio inox, resistente ad una perforazione fino a 1100N.<\/span><\/p>\n<p><strong><span style=\"vertical-align: inherit;\">SOHLE<\/span><\/strong><span style=\"vertical-align: inherit;\"> in mono-densit\u00e0 PU, antistatica, antiscivolo SR, resistente agli oli e agli idrocarburi, con assorbimento dell\u2019energia nella zona del tallone.<br \/>\n<\/span><br \/>\n<strong><span style=\"vertical-align: inherit;\">EINLEGESOHLE <\/span><\/strong><span style=\"vertical-align: inherit;\">antistatica, traspirante, rimovibile.<\/span><span style=\"vertical-align: inherit;\"><br \/>\n<\/span><strong><span style=\"vertical-align: inherit;\"><br \/>\nPASSFORM <\/span><\/strong> <em><span style=\"vertical-align: inherit;\">Mondopoint<\/span><\/em><span style=\"vertical-align: inherit;\"> 10,5 &#8211; Regolare<br \/>\n<\/span><strong><span style=\"vertical-align: inherit;\"><br \/>\nSTANDARD<\/span><\/strong><span style=\"vertical-align: inherit;\"> EN ISO 20345:2022<\/span><\/p>\n<p><strong>GEWICHT DES SCHUHS\u00a0<\/strong> 610 GR \u00bd paio 42<\/p>\n\n\t\t<\/div>\n\t<\/div>\n<\/div><\/div><\/div><div class=\"wpb_column vc_column_container vc_col-sm-6\"><div class=\"vc_column-inner\"><div class=\"wpb_wrapper\">\n\t<div class=\"wpb_text_column wpb_content_element\" >\n\t\t<div class=\"wpb_wrapper\">\n\t\t\t<p>Il nome della linea, KRUJA, prende ispirazione proprio da un paesino in stile medievale albanese arroccato sulle ripide pareti delle montagne, di nome KRUJ\u00cb. Ispirata dunque alla possenza e alla rocciosit\u00e0 che distinguono questo particolare borgo storico, la suola Kruja, iniettata in mono-densit\u00e0 di PU, rappresenta una perfetta combinazione di solidit\u00e0 e al tempo stesso leggerezza, garantendo un ottimo assorbimento degli impatti grazie al poliuretano, un materiale leggero, altamente elastico e ammortizzante.<\/p>\n<p>Ideali per agricoltori, operatori ecologici o per i cantieri edili, tra detriti e calcinacci, in cui sicurezza e comfort dell&#8217;operatore sono essenziali.<\/p>\n\n\t\t<\/div>\n\t<\/div>\n<div class=\"icons_cat_title\"> <h2>Schutzkategorien <\/h2><\/div><div class=\"container row\"> \n\t\t\t<div>\n  <ul class=\"image-gallery\"><li style=\"float: left;\">  <img decoding=\"async\" src=\"https:\/\/prodotti.albaen.it\/wp-content\/uploads\/simboletti-06.png\"  alt=\"Antistatisch\" style=\"height:110px;\"\/> <span class=\"products_icons products_icons1\">Antistatisch<\/span> <\/li><li style=\"float: left;\">  <img decoding=\"async\" src=\"https:\/\/prodotti.albaen.it\/wp-content\/uploads\/simboletti-07.png\"  alt=\"Energieaufnahme in der Ferse\" style=\"height:110px;\"\/> <span class=\"products_icons products_icons1\">Energieaufnahme in der Ferse<\/span> <\/li><li style=\"float: left;\">  <img decoding=\"async\" src=\"https:\/\/prodotti.albaen.it\/wp-content\/uploads\/simboletti-08.png\"  alt=\"Durchsto\u00dfsicherer Einsatz, best\u00e4ndig gegen Perforation \u00d8=4,5 mm\" style=\"height:110px;\"\/> <span class=\"products_icons products_icons1\">Durchsto\u00dfsicherer Einsatz, best\u00e4ndig gegen Perforation \u00d8=4,5 mm<\/span> <\/li><li style=\"float: left;\">  <img decoding=\"async\" src=\"https:\/\/prodotti.albaen.it\/wp-content\/uploads\/simboletti-12.png\"  alt=\"Rutschfestigkeit \u2013 Keramikboden + Glycerin\" style=\"height:110px;\"\/> <span class=\"products_icons products_icons1\">Rutschfestigkeit \u2013 Keramikboden + Glycerin<\/span> <\/li><li style=\"float: left;\">  <img decoding=\"async\" src=\"https:\/\/prodotti.albaen.it\/wp-content\/uploads\/simboletti-04.png\"  alt=\"Sohle best\u00e4ndig gegen \u00d6le und Kohlenwasserstoffe\" style=\"height:110px;\"\/> <span class=\"products_icons products_icons1\">Sohle best\u00e4ndig gegen \u00d6le und Kohlenwasserstoffe<\/span> <\/li><li style=\"float: left;\">  <img decoding=\"async\" src=\"https:\/\/prodotti.albaen.it\/wp-content\/uploads\/simboletti-01.png\"  alt=\"Tomaia resistente all\u2019assorbimento e alla penetrazione dell\u2019acqua\" style=\"height:110px;\"\/> <span class=\"products_icons products_icons1\">Tomaia resistente all\u2019assorbimento e alla penetrazione dell\u2019acqua<\/span> <\/li><\/ul>\n<\/div><\/div>\n\t<div class=\"wpb_text_column wpb_content_element\" >\n\t\t<div class=\"wpb_wrapper\">\n\t\t\t<p><strong><\/strong><\/p>\n\n\t\t<\/div>\n\t<\/div>\n<div class=\"icons_cat_title\"> <h2>Anwendungsbereiche <\/h2><\/div><div class=\"container row\"> \n\t\t\t<div>\n  <ul class=\"image-gallery\"><li style=\"float: left;\"> <img decoding=\"async\" src=\"https:\/\/prodotti.albaen.it\/wp-content\/uploads\/Agricoltura-_-Giardinaggio-1.png\" alt=\"Landwirtschaft \/ Gartenbau\" style=\"height:60px;\"\/>  <span class=\"products_icons\">Landwirtschaft \/ Gartenbau<\/span> <\/li><li style=\"float: left;\"> <img decoding=\"async\" src=\"https:\/\/prodotti.albaen.it\/wp-content\/uploads\/Artigianato-_-Officine-1.png\" alt=\"Handwerk \/ Werkst\u00e4tten\" style=\"height:60px;\"\/>  <span class=\"products_icons\">Handwerk \/ Werkst\u00e4tten<\/span> <\/li><li style=\"float: left;\"> <img decoding=\"async\" src=\"https:\/\/prodotti.albaen.it\/wp-content\/uploads\/Edilizia-e-Carpenteria-1.png\" alt=\"Bau und Zimmerei\" style=\"height:60px;\"\/>  <span class=\"products_icons\">Bau und Zimmerei<\/span> <\/li><li style=\"float: left;\"> <img decoding=\"async\" src=\"https:\/\/prodotti.albaen.it\/wp-content\/uploads\/Miniere-_-Estrazione-1.png\" alt=\"Bergbau \/ Steingewinnung\" style=\"height:60px;\"\/>  <span class=\"products_icons\">Bergbau \/ Steingewinnung<\/span> <\/li><li style=\"float: left;\"> <img decoding=\"async\" src=\"https:\/\/prodotti.albaen.it\/wp-content\/uploads\/Industria-Pesante-1.png\" alt=\"Schwere Industrie\" style=\"height:60px;\"\/>  <span class=\"products_icons\">Schwere Industrie<\/span> <\/li><li style=\"float: left;\"> <img decoding=\"async\" src=\"https:\/\/prodotti.albaen.it\/wp-content\/uploads\/Smaltimento-rifiuti1.png\" alt=\"M\u00fcllentsorgung\" style=\"height:60px;\"\/>  <span class=\"products_icons\">M\u00fcllentsorgung<\/span> <\/li><\/ul>\n<\/div><\/div>\n\t<div class=\"wpb_text_column wpb_content_element\" >\n\t\t<div class=\"wpb_wrapper\">\n\t\t\t\n\n\t\t<\/div>\n\t<\/div>\n<div class=\"icons_cat_title\"> <h2>Technologie <\/h2><\/div><div class=\"container row\"> \n\t\t\t<div>\n  <ul class=\"image-gallery\"><li style=\"float: left;\"><img decoding=\"async\" src=\"https:\/\/prodotti.albaen.it\/wp-content\/uploads\/No-nail-tex-.png\"  alt=\"Lamina antiforo in acciaio\" style=\"height:60px;\"\/><span class=\"products_icons\">Lamina antiforo in acciaio<\/span><\/li><li style=\"float: left;\"><img decoding=\"async\" src=\"https:\/\/prodotti.albaen.it\/wp-content\/uploads\/s-cap.png\"  alt=\"Puntale di sicurezza in acciaio\" style=\"height:60px;\"\/><span class=\"products_icons\">Puntale di sicurezza in acciaio<\/span><\/li><\/ul>\n<\/div><\/div>\n\t<div class=\"wpb_text_column wpb_content_element\" >\n\t\t<div class=\"wpb_wrapper\">\n\t\t\t<p><strong><\/strong><\/p>\n\n\t\t<\/div>\n\t<\/div>\n<\/div><\/div><\/div><\/div>","protected":false},"excerpt":{"rendered":"<p>Scarpa antinfortunistica bassa con lacci della linea Kruja di Alba&amp;n, con tomaia in pelle stampata idrorepellente, puntale di protezione da impatto resistente ad un carico di 200J e anti-schiacciamento fino a 15KN. Lamina anti-perforazione e suola in mono-densit\u00e0 PU, dal battistrada con tassellature pronunciate che fanno scivolare acqua e detriti conferendo la massima aderenza in qualunque tipo di superficie. Suola con propriet\u00e0 antistatiche, antiscivolo SRC e di resistenza agli idrocarburi.<\/p>\n<p><a href=\"https:\/\/prodotti.albaen.it\/wp-content\/uploads\/K05AA-S3-SRC.ita_.pdf\"><button class=\"btn1\"><span style=\"vertical-align: inherit;\">TECHNISCHES DATENBLATT HERUNTERLADEN<\/span><\/button><\/a> \u00a0 <a href=\"https:\/\/prodotti.albaen.it\/wp-content\/uploads\/K05-S3-FO-SR-Dich.-conformita.pdf\"><button><span style=\"vertical-align: inherit;\">KONFORMIT\u00c4TSERKL\u00c4RUNG<\/span><\/button><\/a><\/p>","protected":false},"featured_media":66103,"comment_status":"open","ping_status":"closed","template":"","meta":[],"product_cat":[8280,8292],"product_tag":[],"yoast_head":"<!-- This site is optimized with the Yoast SEO Premium plugin v15.0 - https:\/\/yoast.com\/wordpress\/plugins\/seo\/ -->\n<title>Scarpa antinfortunistica bassa ATLANTICO S3 FO SR - Alba&amp;N<\/title>\n<meta name=\"description\" content=\"Calzatura di sicurezza bassa S3, con tomaia in pelle idrorepellente, puntale di sicurezza e lamina antiforo.\" \/>\n<meta name=\"robots\" content=\"index, follow, max-snippet:-1, max-image-preview:large, max-video-preview:-1\" \/>\n<link rel=\"canonical\" href=\"https:\/\/prodotti.albaen.it\/deutsche\/produkt\/scarpa-antinfortunistica-bassa-atlantico-k05-s3-fo-sr\/\" \/>\n<meta property=\"og:locale\" content=\"de_DE\" \/>\n<meta property=\"og:type\" content=\"article\" \/>\n<meta property=\"og:title\" content=\"Scarpa antinfortunistica bassa ATLANTICO S3 FO SR - Alba&amp;N\" \/>\n<meta property=\"og:description\" content=\"Calzatura di sicurezza bassa S3, con tomaia in pelle idrorepellente, puntale di sicurezza e lamina antiforo.\" \/>\n<meta property=\"og:url\" content=\"https:\/\/prodotti.albaen.it\/deutsche\/produkt\/scarpa-antinfortunistica-bassa-atlantico-k05-s3-fo-sr\/\" \/>\n<meta property=\"og:site_name\" content=\"Alba&amp;N. - Produttori di Scarpe Antinfortunistiche\" \/>\n<meta property=\"article:publisher\" content=\"https:\/\/www.facebook.com\/AlbaenShoes\/\" \/>\n<meta property=\"article:modified_time\" content=\"2024-06-26T09:17:01+00:00\" \/>\n<meta property=\"og:image\" content=\"https:\/\/prodotti.albaen.it\/wp-content\/uploads\/K05-1.jpg\" \/>\n\t<meta property=\"og:image:width\" content=\"1300\" \/>\n\t<meta property=\"og:image:height\" content=\"1300\" \/>\n<meta name=\"twitter:card\" content=\"summary_large_image\" \/>\n<script type=\"application\/ld+json\" class=\"yoast-schema-graph\">{\"@context\":\"https:\/\/schema.org\",\"@graph\":[{\"@type\":\"Organization\",\"@id\":\"https:\/\/prodotti.albaen.it\/deutsche\/#organization\",\"name\":\"Alba&N\",\"url\":\"https:\/\/prodotti.albaen.it\/deutsche\/\",\"sameAs\":[\"https:\/\/www.facebook.com\/AlbaenShoes\/\"],\"logo\":{\"@type\":\"ImageObject\",\"@id\":\"https:\/\/prodotti.albaen.it\/deutsche\/#logo\",\"inLanguage\":\"de\",\"url\":\"https:\/\/prodotti.albaen.it\/wp-content\/uploads\/2019\/01\/logo1-1.png\",\"width\":269,\"height\":98,\"caption\":\"Alba&N\"},\"image\":{\"@id\":\"https:\/\/prodotti.albaen.it\/deutsche\/#logo\"}},{\"@type\":\"WebSite\",\"@id\":\"https:\/\/prodotti.albaen.it\/deutsche\/#website\",\"url\":\"https:\/\/prodotti.albaen.it\/deutsche\/\",\"name\":\"Alba&N - Produttori di Scarpe Antinfortunistiche\",\"description\":\"Leader Mondiali nella produzione di Scarpe Antinfortunistiche\",\"publisher\":{\"@id\":\"https:\/\/prodotti.albaen.it\/deutsche\/#organization\"},\"potentialAction\":[{\"@type\":\"SearchAction\",\"target\":\"https:\/\/prodotti.albaen.it\/deutsche\/?s={search_term_string}\",\"query-input\":\"required name=search_term_string\"}],\"inLanguage\":\"de\"},{\"@type\":\"ImageObject\",\"@id\":\"https:\/\/prodotti.albaen.it\/prodotto\/scarpa-antinfortunistica-bassa-atlantico-k05-s3-fo-sr\/#primaryimage\",\"inLanguage\":\"de\",\"url\":\"https:\/\/prodotti.albaen.it\/wp-content\/uploads\/K05-1.jpg\",\"width\":1300,\"height\":1300,\"caption\":\"scarpa antinfortunistica bassa kruja nera\"},{\"@type\":\"WebPage\",\"@id\":\"https:\/\/prodotti.albaen.it\/prodotto\/scarpa-antinfortunistica-bassa-atlantico-k05-s3-fo-sr\/#webpage\",\"url\":\"https:\/\/prodotti.albaen.it\/prodotto\/scarpa-antinfortunistica-bassa-atlantico-k05-s3-fo-sr\/\",\"name\":\"Scarpa antinfortunistica bassa ATLANTICO S3 FO SR - Alba&N\",\"isPartOf\":{\"@id\":\"https:\/\/prodotti.albaen.it\/deutsche\/#website\"},\"primaryImageOfPage\":{\"@id\":\"https:\/\/prodotti.albaen.it\/prodotto\/scarpa-antinfortunistica-bassa-atlantico-k05-s3-fo-sr\/#primaryimage\"},\"datePublished\":\"2024-06-14T10:40:17+00:00\",\"dateModified\":\"2024-06-26T09:17:01+00:00\",\"description\":\"Calzatura di sicurezza bassa S3, con tomaia in pelle idrorepellente, puntale di sicurezza e lamina antiforo.\",\"inLanguage\":\"de\",\"potentialAction\":[{\"@type\":\"ReadAction\",\"target\":[\"https:\/\/prodotti.albaen.it\/prodotto\/scarpa-antinfortunistica-bassa-atlantico-k05-s3-fo-sr\/\"]}]}]}<\/script>\n<!-- \/ Yoast SEO Premium plugin. -->","_links":{"self":[{"href":"https:\/\/prodotti.albaen.it\/deutsche\/wp-json\/wp\/v2\/product\/66100"}],"collection":[{"href":"https:\/\/prodotti.albaen.it\/deutsche\/wp-json\/wp\/v2\/product"}],"about":[{"href":"https:\/\/prodotti.albaen.it\/deutsche\/wp-json\/wp\/v2\/types\/product"}],"replies":[{"embeddable":true,"href":"https:\/\/prodotti.albaen.it\/deutsche\/wp-json\/wp\/v2\/comments?post=66100"}],"wp:featuredmedia":[{"embeddable":true,"href":"https:\/\/prodotti.albaen.it\/deutsche\/wp-json\/wp\/v2\/media\/66103"}],"wp:attachment":[{"href":"https:\/\/prodotti.albaen.it\/deutsche\/wp-json\/wp\/v2\/media?parent=66100"}],"wp:term":[{"taxonomy":"product_cat","embeddable":true,"href":"https:\/\/prodotti.albaen.it\/deutsche\/wp-json\/wp\/v2\/product_cat?post=66100"},{"taxonomy":"product_tag","embeddable":true,"href":"https:\/\/prodotti.albaen.it\/deutsche\/wp-json\/wp\/v2\/product_tag?post=66100"}],"curies":[{"name":"wp","href":"https:\/\/api.w.org\/{rel}","templated":true}]}}