{"id":66104,"date":"2024-06-14T12:54:48","date_gmt":"2024-06-14T10:54:48","guid":{"rendered":"https:\/\/prodotti.albaen.it\/?post_type=product&#038;p=66104"},"modified":"2024-06-26T11:17:48","modified_gmt":"2024-06-26T09:17:48","slug":"scarpa-antinfortunistica-bassa-ionio-k04-s1p-src","status":"publish","type":"product","link":"https:\/\/prodotti.albaen.it\/english\/product\/scarpa-antinfortunistica-bassa-ionio-k04-s1p-src\/","title":{"rendered":"IONIO S1P SRC"},"content":{"rendered":"<div class=\"vc_row wpb_row vc_row-fluid\"><div class=\"wpb_column vc_column_container vc_col-sm-6\"><div class=\"vc_column-inner\"><div class=\"wpb_wrapper\">\n\t<div class=\"wpb_text_column wpb_content_element\" >\n\t\t<div class=\"wpb_wrapper\">\n\t\t\t<p>Calzatura antinfortunistica bassa S1P, con tomaia in pelle traspirante, puntale di sicurezza e lamina antiforo. Suola in poliuretano, resistente allo scivolamento SRC.<\/p>\n<p><strong><span style=\"vertical-align: inherit;\">UPPER<\/span><\/strong><span style=\"vertical-align: inherit;\"> in pelle scamosciata forata, lingua con chiusura a soffietto per evitare l&#8217;ingresso di sporco e detriti.<br \/>\n<\/span><strong><span style=\"vertical-align: inherit;\"><br \/>\nLINING<\/span><\/strong><span style=\"vertical-align: inherit;\"> 3D effect inner lining, breathable and with excellent abrasion resistance.<br \/>\n<\/span><br \/>\n<strong><span style=\"vertical-align: inherit;\">TOE CAP <\/span><\/strong><span style=\"vertical-align: inherit;\">in acciaio, resistente agli urti fino a 200J e alla compressione fino a 15Kn.<\/span><span style=\"vertical-align: inherit;\"><br \/>\n<\/span><br \/>\n<strong><span style=\"vertical-align: inherit;\">ANTI-PERFORATION MIDSOLE<\/span><\/strong><span style=\"vertical-align: inherit;\"> acciaio inox, resistente ad una perforazione fino a 1100N.<\/span><\/p>\n<p><strong><span style=\"vertical-align: inherit;\">SOLE<\/span><\/strong><span style=\"vertical-align: inherit;\"> in mono-densit\u00e0 PU, antistatica, antiscivolo SRC, resistente agli oli e agli idrocarburi, con assorbimento dell\u2019energia nella zona del tallone.<br \/>\n<\/span><br \/>\n<strong><span style=\"vertical-align: inherit;\">FOOTBED <\/span><\/strong><span style=\"vertical-align: inherit;\">antistatica, traspirante, rimovibile.<\/span><span style=\"vertical-align: inherit;\"><br \/>\n<\/span><strong><span style=\"vertical-align: inherit;\"><br \/>\nFIT <\/span><\/strong> <em><span style=\"vertical-align: inherit;\">Mondopoint<\/span><\/em><span style=\"vertical-align: inherit;\"> 10,5 &#8211; Regolare<br \/>\n<\/span><strong><span style=\"vertical-align: inherit;\"><br \/>\nREGULATION<\/span><\/strong><span style=\"vertical-align: inherit;\"> EN ISO 20345:2011<\/span><\/p>\n<p><strong>SHOE WEIGHT\u00a0<\/strong> 570 GR \u00bd paio 42<\/p>\n\n\t\t<\/div>\n\t<\/div>\n<\/div><\/div><\/div><div class=\"wpb_column vc_column_container vc_col-sm-6\"><div class=\"vc_column-inner\"><div class=\"wpb_wrapper\">\n\t<div class=\"wpb_text_column wpb_content_element\" >\n\t\t<div class=\"wpb_wrapper\">\n\t\t\t<p>Il nome della linea, KRUJA, prende ispirazione proprio da un paesino in stile medievale albanese arroccato sulle ripide pareti delle montagne, di nome KRUJ\u00cb. Ispirata dunque alla possenza e alla rocciosit\u00e0 che distinguono questo particolare borgo storico, la suola Kruja, iniettata in mono-densit\u00e0 di PU, rappresenta una perfetta combinazione di solidit\u00e0 e al tempo stesso leggerezza, garantendo un ottimo assorbimento degli impatti grazie al poliuretano, un materiale leggero, altamente elastico e ammortizzante.<\/p>\n<p>Ideali per carrellisti, operatori ecologici, operatori della GDO, in cui sicurezza e comfort dell&#8217;operatore sono essenziali.<\/p>\n\n\t\t<\/div>\n\t<\/div>\n<div class=\"icons_cat_title\"> <h2>Protection Categories <\/h2><\/div><div class=\"container row\"> \n\t\t\t<div>\n  <ul class=\"image-gallery\"><li style=\"float: left;\">  <img decoding=\"async\" src=\"https:\/\/prodotti.albaen.it\/wp-content\/uploads\/simboletti-06.png\"  alt=\"Antistatic\" style=\"height:110px;\"\/> <span class=\"products_icons products_icons1\">Antistatic<\/span> <\/li><li style=\"float: left;\">  <img decoding=\"async\" src=\"https:\/\/prodotti.albaen.it\/wp-content\/uploads\/simboletti-07.png\"  alt=\"Energy absorption in the heel\" style=\"height:110px;\"\/> <span class=\"products_icons products_icons1\">Energy absorption in the heel<\/span> <\/li><li style=\"float: left;\">  <img decoding=\"async\" src=\"https:\/\/prodotti.albaen.it\/wp-content\/uploads\/simboletti-08.png\"  alt=\"Anti-puncture insert, resistant to perforation \u00d8=4.5mm\" style=\"height:110px;\"\/> <span class=\"products_icons products_icons1\">Anti-puncture insert, resistant to perforation \u00d8=4.5mm<\/span> <\/li><li style=\"float: left;\">  <img decoding=\"async\" src=\"https:\/\/prodotti.albaen.it\/wp-content\/uploads\/simboletti-11.png\"  alt=\"Slip resistance\" style=\"height:110px;\"\/> <span class=\"products_icons products_icons1\">Slip resistance<\/span> <\/li><li style=\"float: left;\">  <img decoding=\"async\" src=\"https:\/\/prodotti.albaen.it\/wp-content\/uploads\/simboletti-04.png\"  alt=\"Sole resistant to oils and hydrocarbons\" style=\"height:110px;\"\/> <span class=\"products_icons products_icons1\">Sole resistant to oils and hydrocarbons<\/span> <\/li><\/ul>\n<\/div><\/div>\n\t<div class=\"wpb_text_column wpb_content_element\" >\n\t\t<div class=\"wpb_wrapper\">\n\t\t\t<p><strong><\/strong><\/p>\n\n\t\t<\/div>\n\t<\/div>\n<div class=\"icons_cat_title\"> <h2>Sectors of use <\/h2><\/div><div class=\"container row\"> \n\t\t\t<div>\n  <ul class=\"image-gallery\"><li style=\"float: left;\"> <img decoding=\"async\" src=\"https:\/\/prodotti.albaen.it\/wp-content\/uploads\/Artigianato-_-Officine-1.png\" alt=\"Handicraft \/ Workshops\" style=\"height:60px;\"\/>  <span class=\"products_icons\">Handicraft \/ Workshops<\/span> <\/li><li style=\"float: left;\"> <img decoding=\"async\" src=\"https:\/\/prodotti.albaen.it\/wp-content\/uploads\/Edilizia-e-Carpenteria-1.png\" alt=\"Construction and Carpentry\" style=\"height:60px;\"\/>  <span class=\"products_icons\">Construction and Carpentry<\/span> <\/li><li style=\"float: left;\"> <img decoding=\"async\" src=\"https:\/\/prodotti.albaen.it\/wp-content\/uploads\/Logistica-_-Trasporto-1.png\" alt=\"Logistics \/ Transportation\" style=\"height:60px;\"\/>  <span class=\"products_icons\">Logistics \/ Transportation<\/span> <\/li><li style=\"float: left;\"> <img decoding=\"async\" src=\"https:\/\/prodotti.albaen.it\/wp-content\/uploads\/Magazzino-_-GDO-1.png\" alt=\"Warehouse \/ GDO\" style=\"height:60px;\"\/>  <span class=\"products_icons\">Warehouse \/ GDO<\/span> <\/li><\/ul>\n<\/div><\/div>\n\t<div class=\"wpb_text_column wpb_content_element\" >\n\t\t<div class=\"wpb_wrapper\">\n\t\t\t\n\n\t\t<\/div>\n\t<\/div>\n<div class=\"icons_cat_title\"> <h2>Technology <\/h2><\/div><div class=\"container row\"> \n\t\t\t<div>\n  <ul class=\"image-gallery\"><li style=\"float: left;\"><img decoding=\"async\" src=\"https:\/\/prodotti.albaen.it\/wp-content\/uploads\/No-nail-tex-.png\"  alt=\"Lamina antiforo in acciaio\" style=\"height:60px;\"\/><span class=\"products_icons\">Lamina antiforo in acciaio<\/span><\/li><li style=\"float: left;\"><img decoding=\"async\" src=\"https:\/\/prodotti.albaen.it\/wp-content\/uploads\/s-cap.png\"  alt=\"Puntale di sicurezza in acciaio\" style=\"height:60px;\"\/><span class=\"products_icons\">Puntale di sicurezza in acciaio<\/span><\/li><\/ul>\n<\/div><\/div>\n\t<div class=\"wpb_text_column wpb_content_element\" >\n\t\t<div class=\"wpb_wrapper\">\n\t\t\t<p><strong><\/strong><\/p>\n\n\t\t<\/div>\n\t<\/div>\n<\/div><\/div><\/div><\/div>","protected":false},"excerpt":{"rendered":"<p>Calzature di sicurezza basse con lacci IONIO S1P SRC in pelle scamosciata con fori laterali per maggiore areazione della scarpa. La fodera interna 3D, anti-abrasione, assorbe il sudore e fa respirare il piede. Protezione delle dita dei piedi garantita dal puntale di sicurezza resistente a schiacciamenti fino a 200J. Resistenza a perforazioni assicurata da una lamina in acciaio inossidabile.<br \/>\nSuola in mono-densit\u00e0 PU, con battistrada a tassellature pronunciate che favoriscono l&#8217;auto scivolamento di acqua e detriti conferendo sempre la massima aderenza e di resistenza antiscivolo SRC su qualsiasi tipo di superficie, in ceramica o in acciaio.<\/p>\n<p><a href=\"https:\/\/prodotti.albaen.it\/wp-content\/uploads\/K04-S1P-SRC.ita_.pdf\"><button class=\"btn1\"><span style=\"vertical-align: inherit;\">DOWNLOAD TECHNICAL SHEET<\/span><\/button><\/a> \u00a0 <a href=\"https:\/\/prodotti.albaen.it\/wp-content\/uploads\/K04-S1P-Dich.-conformita.pdf\"><button><span style=\"vertical-align: inherit;\">DECLARATION OF CONFORMITY<\/span><\/button><\/a><\/p>","protected":false},"featured_media":66107,"comment_status":"open","ping_status":"closed","template":"","meta":[],"product_cat":[8280,8292],"product_tag":[],"yoast_head":"<!-- This site is optimized with the Yoast SEO Premium plugin v15.0 - https:\/\/yoast.com\/wordpress\/plugins\/seo\/ -->\n<title>Scarpa antinfortunistica bassa IONIO S1P SRC - Alba&amp;N<\/title>\n<meta name=\"description\" content=\"Calzatura di sicurezza bassa SRC, con tomaia in pelle idrorepellente, puntale di sicurezza e lamina antiforo.\" \/>\n<meta name=\"robots\" content=\"index, follow, max-snippet:-1, max-image-preview:large, max-video-preview:-1\" \/>\n<link rel=\"canonical\" href=\"https:\/\/prodotti.albaen.it\/english\/product\/scarpa-antinfortunistica-bassa-ionio-k04-s1p-src\/\" \/>\n<meta property=\"og:locale\" content=\"en_GB\" \/>\n<meta property=\"og:type\" content=\"article\" \/>\n<meta property=\"og:title\" content=\"Scarpa antinfortunistica bassa IONIO S1P SRC - Alba&amp;N\" \/>\n<meta property=\"og:description\" content=\"Calzatura di sicurezza bassa SRC, con tomaia in pelle idrorepellente, puntale di sicurezza e lamina antiforo.\" \/>\n<meta property=\"og:url\" content=\"https:\/\/prodotti.albaen.it\/english\/product\/scarpa-antinfortunistica-bassa-ionio-k04-s1p-src\/\" \/>\n<meta property=\"og:site_name\" content=\"Alba&amp;N. - Produttori di Scarpe Antinfortunistiche\" \/>\n<meta property=\"article:publisher\" content=\"https:\/\/www.facebook.com\/AlbaenShoes\/\" \/>\n<meta property=\"article:modified_time\" content=\"2024-06-26T09:17:48+00:00\" \/>\n<meta property=\"og:image\" content=\"https:\/\/prodotti.albaen.it\/wp-content\/uploads\/K04.jpg\" \/>\n\t<meta property=\"og:image:width\" content=\"2000\" \/>\n\t<meta property=\"og:image:height\" content=\"2000\" \/>\n<meta name=\"twitter:card\" content=\"summary_large_image\" \/>\n<script type=\"application\/ld+json\" class=\"yoast-schema-graph\">{\"@context\":\"https:\/\/schema.org\",\"@graph\":[{\"@type\":\"Organization\",\"@id\":\"https:\/\/prodotti.albaen.it\/english\/#organization\",\"name\":\"Alba&N\",\"url\":\"https:\/\/prodotti.albaen.it\/english\/\",\"sameAs\":[\"https:\/\/www.facebook.com\/AlbaenShoes\/\"],\"logo\":{\"@type\":\"ImageObject\",\"@id\":\"https:\/\/prodotti.albaen.it\/english\/#logo\",\"inLanguage\":\"en-GB\",\"url\":\"https:\/\/prodotti.albaen.it\/wp-content\/uploads\/2019\/01\/logo1-1.png\",\"width\":269,\"height\":98,\"caption\":\"Alba&N\"},\"image\":{\"@id\":\"https:\/\/prodotti.albaen.it\/english\/#logo\"}},{\"@type\":\"WebSite\",\"@id\":\"https:\/\/prodotti.albaen.it\/english\/#website\",\"url\":\"https:\/\/prodotti.albaen.it\/english\/\",\"name\":\"Alba&N - Produttori di Scarpe Antinfortunistiche\",\"description\":\"Leader Mondiali nella produzione di Scarpe Antinfortunistiche\",\"publisher\":{\"@id\":\"https:\/\/prodotti.albaen.it\/english\/#organization\"},\"potentialAction\":[{\"@type\":\"SearchAction\",\"target\":\"https:\/\/prodotti.albaen.it\/english\/?s={search_term_string}\",\"query-input\":\"required name=search_term_string\"}],\"inLanguage\":\"en-GB\"},{\"@type\":\"ImageObject\",\"@id\":\"https:\/\/prodotti.albaen.it\/prodotto\/scarpa-antinfortunistica-bassa-ionio-k04-s1p-src\/#primaryimage\",\"inLanguage\":\"en-GB\",\"url\":\"https:\/\/prodotti.albaen.it\/wp-content\/uploads\/K04.jpg\",\"width\":2000,\"height\":2000,\"caption\":\"scarpa antinfortunistica bassa kruja grigio\"},{\"@type\":\"WebPage\",\"@id\":\"https:\/\/prodotti.albaen.it\/prodotto\/scarpa-antinfortunistica-bassa-ionio-k04-s1p-src\/#webpage\",\"url\":\"https:\/\/prodotti.albaen.it\/prodotto\/scarpa-antinfortunistica-bassa-ionio-k04-s1p-src\/\",\"name\":\"Scarpa antinfortunistica bassa IONIO S1P SRC - Alba&N\",\"isPartOf\":{\"@id\":\"https:\/\/prodotti.albaen.it\/english\/#website\"},\"primaryImageOfPage\":{\"@id\":\"https:\/\/prodotti.albaen.it\/prodotto\/scarpa-antinfortunistica-bassa-ionio-k04-s1p-src\/#primaryimage\"},\"datePublished\":\"2024-06-14T10:54:48+00:00\",\"dateModified\":\"2024-06-26T09:17:48+00:00\",\"description\":\"Calzatura di sicurezza bassa SRC, con tomaia in pelle idrorepellente, puntale di sicurezza e lamina antiforo.\",\"inLanguage\":\"en-GB\",\"potentialAction\":[{\"@type\":\"ReadAction\",\"target\":[\"https:\/\/prodotti.albaen.it\/prodotto\/scarpa-antinfortunistica-bassa-ionio-k04-s1p-src\/\"]}]}]}<\/script>\n<!-- \/ Yoast SEO Premium plugin. -->","_links":{"self":[{"href":"https:\/\/prodotti.albaen.it\/english\/wp-json\/wp\/v2\/product\/66104"}],"collection":[{"href":"https:\/\/prodotti.albaen.it\/english\/wp-json\/wp\/v2\/product"}],"about":[{"href":"https:\/\/prodotti.albaen.it\/english\/wp-json\/wp\/v2\/types\/product"}],"replies":[{"embeddable":true,"href":"https:\/\/prodotti.albaen.it\/english\/wp-json\/wp\/v2\/comments?post=66104"}],"wp:featuredmedia":[{"embeddable":true,"href":"https:\/\/prodotti.albaen.it\/english\/wp-json\/wp\/v2\/media\/66107"}],"wp:attachment":[{"href":"https:\/\/prodotti.albaen.it\/english\/wp-json\/wp\/v2\/media?parent=66104"}],"wp:term":[{"taxonomy":"product_cat","embeddable":true,"href":"https:\/\/prodotti.albaen.it\/english\/wp-json\/wp\/v2\/product_cat?post=66104"},{"taxonomy":"product_tag","embeddable":true,"href":"https:\/\/prodotti.albaen.it\/english\/wp-json\/wp\/v2\/product_tag?post=66104"}],"curies":[{"name":"wp","href":"https:\/\/api.w.org\/{rel}","templated":true}]}}