{"id":64694,"date":"2019-02-06T15:04:05","date_gmt":"2019-02-06T14:04:05","guid":{"rendered":"https:\/\/prodotti.albaen.it\/?product=h03ck-s3-bis"},"modified":"2021-09-10T11:26:47","modified_gmt":"2021-09-10T09:26:47","slug":"h03ck-s3-bis","status":"publish","type":"product","link":"https:\/\/prodotti.albaen.it\/francais\/produit\/h03ck-s3-bis\/","title":{"rendered":"Stivaletto da lavoro H03CK S3 BIS"},"content":{"rendered":"<p>Les chaussures F1071CK, fabriqu\u00e9es avec des mat\u00e9riaux respirants, r\u00e9sistants et hydrofuges, sont dot\u00e9es d'un support de talon en TPU anti-torsion particulier qui maintient le pied stable. Con\u00e7u et construit pour tous les professionnels qui travaillent dans les d\u00e9m\u00e9nagements, la logistique, les entrep\u00f4ts, l'artisanat, la maintenance, etc.<\/p>","protected":false},"excerpt":{"rendered":"<p><strong>Tige:<\/strong> Pelle crazy horse, idrorepellente<br \/><strong>Doublure:<\/strong> 3D respirant<br \/><strong>Embout:<\/strong> Composite, 200-J<br \/><strong>Semelle de propret\u00e9:<\/strong> Respirant, antistatique et amovible<br \/><strong>Semelle antiperforation:<\/strong> Textile, non m\u00e9tallique<br \/><strong>Semelle:<\/strong> PU\/PU double-densit\u00e9 SRC<br \/><strong>Pointure:<\/strong> 36-47<br \/><strong>Particuliers:<\/strong> Brodequin S3, SRC<\/p>","protected":false},"featured_media":37911,"comment_status":"closed","ping_status":"open","template":"","meta":[],"product_cat":[8275],"product_tag":[],"yoast_head":"<!-- This site is optimized with the Yoast SEO Premium plugin v15.0 - https:\/\/yoast.com\/wordpress\/plugins\/seo\/ -->\n<title>Stivaletto da lavoro H03CK S3 BIS - Alba&amp;N. - Produttori di Scarpe Antinfortunistiche<\/title>\n<meta name=\"robots\" content=\"index, follow, max-snippet:-1, max-image-preview:large, max-video-preview:-1\" \/>\n<link rel=\"canonical\" href=\"https:\/\/prodotti.albaen.it\/francais\/produit\/h03ck-s3-bis\/\" \/>\n<meta property=\"og:locale\" content=\"fr_FR\" \/>\n<meta property=\"og:type\" content=\"article\" \/>\n<meta property=\"og:title\" content=\"Stivaletto da lavoro H03CK S3 BIS - Alba&amp;N. - Produttori di Scarpe Antinfortunistiche\" \/>\n<meta property=\"og:description\" content=\"Tomaia: Pelle crazy horse, idrorepellenteFodera: 3D traspirantePuntale: CompositoSottopiede: Rimovibile e antistaticoLamina: tessuto anti-perforazioneSuola: Bi-densit\u00e0 PU\/PU SRCTaglie: 36-47Particolari: Calzatura S3, ampia e confortevole\" \/>\n<meta property=\"og:url\" content=\"https:\/\/prodotti.albaen.it\/francais\/produit\/h03ck-s3-bis\/\" \/>\n<meta property=\"og:site_name\" content=\"Alba&amp;N. - Produttori di Scarpe Antinfortunistiche\" \/>\n<meta property=\"article:publisher\" content=\"https:\/\/www.facebook.com\/AlbaenShoes\/\" \/>\n<meta property=\"article:modified_time\" content=\"2021-09-10T09:26:47+00:00\" \/>\n<meta property=\"og:image\" content=\"https:\/\/prodotti.albaen.it\/wp-content\/uploads\/scarpe-antinfortunistiche-uomo-impermeabili-puntale-composito-alta-nera-albaen-1-H03CK-S3-5.jpg\" \/>\n\t<meta property=\"og:image:width\" content=\"1000\" \/>\n\t<meta property=\"og:image:height\" content=\"1000\" \/>\n<meta name=\"twitter:card\" content=\"summary_large_image\" \/>\n<script type=\"application\/ld+json\" class=\"yoast-schema-graph\">{\"@context\":\"https:\/\/schema.org\",\"@graph\":[{\"@type\":\"Organization\",\"@id\":\"https:\/\/prodotti.albaen.it\/francais\/#organization\",\"name\":\"Alba&N\",\"url\":\"https:\/\/prodotti.albaen.it\/francais\/\",\"sameAs\":[\"https:\/\/www.facebook.com\/AlbaenShoes\/\"],\"logo\":{\"@type\":\"ImageObject\",\"@id\":\"https:\/\/prodotti.albaen.it\/francais\/#logo\",\"inLanguage\":\"fr-FR\",\"url\":\"https:\/\/prodotti.albaen.it\/wp-content\/uploads\/2019\/01\/logo1-1.png\",\"width\":269,\"height\":98,\"caption\":\"Alba&N\"},\"image\":{\"@id\":\"https:\/\/prodotti.albaen.it\/francais\/#logo\"}},{\"@type\":\"WebSite\",\"@id\":\"https:\/\/prodotti.albaen.it\/francais\/#website\",\"url\":\"https:\/\/prodotti.albaen.it\/francais\/\",\"name\":\"Alba&N - Produttori di Scarpe Antinfortunistiche\",\"description\":\"Leader Mondiali nella produzione di Scarpe Antinfortunistiche\",\"publisher\":{\"@id\":\"https:\/\/prodotti.albaen.it\/francais\/#organization\"},\"potentialAction\":[{\"@type\":\"SearchAction\",\"target\":\"https:\/\/prodotti.albaen.it\/francais\/?s={search_term_string}\",\"query-input\":\"required name=search_term_string\"}],\"inLanguage\":\"fr-FR\"},{\"@type\":\"ImageObject\",\"@id\":\"https:\/\/prodotti.albaen.it\/prodotto\/h03ck-s3-bis\/#primaryimage\",\"inLanguage\":\"fr-FR\",\"url\":\"https:\/\/prodotti.albaen.it\/wp-content\/uploads\/scarpe-antinfortunistiche-uomo-impermeabili-puntale-composito-alta-nera-albaen-1-H03CK-S3-5.jpg\",\"width\":1000,\"height\":1000},{\"@type\":\"WebPage\",\"@id\":\"https:\/\/prodotti.albaen.it\/prodotto\/h03ck-s3-bis\/#webpage\",\"url\":\"https:\/\/prodotti.albaen.it\/prodotto\/h03ck-s3-bis\/\",\"name\":\"Stivaletto da lavoro H03CK S3 BIS - Alba&amp;N. - Produttori di Scarpe Antinfortunistiche\",\"isPartOf\":{\"@id\":\"https:\/\/prodotti.albaen.it\/francais\/#website\"},\"primaryImageOfPage\":{\"@id\":\"https:\/\/prodotti.albaen.it\/prodotto\/h03ck-s3-bis\/#primaryimage\"},\"datePublished\":\"2019-02-06T14:04:05+00:00\",\"dateModified\":\"2021-09-10T09:26:47+00:00\",\"inLanguage\":\"fr-FR\",\"potentialAction\":[{\"@type\":\"ReadAction\",\"target\":[\"https:\/\/prodotti.albaen.it\/prodotto\/h03ck-s3-bis\/\"]}]}]}<\/script>\n<!-- \/ Yoast SEO Premium plugin. -->","_links":{"self":[{"href":"https:\/\/prodotti.albaen.it\/francais\/wp-json\/wp\/v2\/product\/64694"}],"collection":[{"href":"https:\/\/prodotti.albaen.it\/francais\/wp-json\/wp\/v2\/product"}],"about":[{"href":"https:\/\/prodotti.albaen.it\/francais\/wp-json\/wp\/v2\/types\/product"}],"replies":[{"embeddable":true,"href":"https:\/\/prodotti.albaen.it\/francais\/wp-json\/wp\/v2\/comments?post=64694"}],"wp:featuredmedia":[{"embeddable":true,"href":"https:\/\/prodotti.albaen.it\/francais\/wp-json\/wp\/v2\/media\/37911"}],"wp:attachment":[{"href":"https:\/\/prodotti.albaen.it\/francais\/wp-json\/wp\/v2\/media?parent=64694"}],"wp:term":[{"taxonomy":"product_cat","embeddable":true,"href":"https:\/\/prodotti.albaen.it\/francais\/wp-json\/wp\/v2\/product_cat?post=64694"},{"taxonomy":"product_tag","embeddable":true,"href":"https:\/\/prodotti.albaen.it\/francais\/wp-json\/wp\/v2\/product_tag?post=64694"}],"curies":[{"name":"wp","href":"https:\/\/api.w.org\/{rel}","templated":true}]}}