{"id":64784,"date":"2019-03-20T14:54:53","date_gmt":"2019-03-20T13:54:53","guid":{"rendered":"https:\/\/prodotti.albaen.it\/?product=n1217ck-s3"},"modified":"2021-09-10T10:59:00","modified_gmt":"2021-09-10T08:59:00","slug":"n1217ck-s3","status":"publish","type":"product","link":"https:\/\/prodotti.albaen.it\/francais\/produit\/n1217ck-s3\/","title":{"rendered":"Scarpa antinfortunistica alta N1217CK S3"},"content":{"rendered":"<p>Les chaussures de s\u00e9curit\u00e9 S3 ont une semelle antistatique, un embout de s\u00e9curit\u00e9 qui emp\u00eache l&#039;\u00e9crasement des doigts et une semelle r\u00e9sistante \u00e0 la p\u00e9n\u00e9tration d&#039;objets m\u00e9talliques. Ils sont \u00e9galement tr\u00e8s r\u00e9sistants \u00e0 l&#039;eau<\/p>","protected":false},"excerpt":{"rendered":"<p><strong>Tige:<\/strong> Cuir fleur grain\u00e9, hydrofuge, avec col et languette synth\u00e9tiques<br \/><strong>Doublure:<\/strong> 3D respirant<br \/><strong>Embout:<\/strong> Composite, 200-J<br \/><strong>Semelle de propret\u00e9:<\/strong> Respirant, antistatique et amovible<br \/><strong>Semelle antiperforation:<\/strong> Textile, non m\u00e9tallique<br \/><strong>Semelle:<\/strong> PU\/PU double-densit\u00e9 SRC<br \/><strong>Pointure:<\/strong> 36-47<br \/><strong>Particuliers:<\/strong> Brodequin S3, SRC<\/p>\n<p><a href=\"https:\/\/prodotti.albaen.it\/wp-content\/uploads\/N1217CK-S3-1.pdf\" target=\"_blank\" rel=\"noopener\"><span style=\"color: #0000ff;\"><strong>T\u00e9l\u00e9chargez le certificat<\/strong><\/span><\/a><\/p>","protected":false},"featured_media":14337,"comment_status":"closed","ping_status":"open","template":"","meta":[],"product_cat":[8283],"product_tag":[],"yoast_head":"<!-- This site is optimized with the Yoast SEO Premium plugin v15.0 - https:\/\/yoast.com\/wordpress\/plugins\/seo\/ -->\n<title>Scarpa antinfortunistica alta N1217CK S3 - Alba&amp;N. - Produttori di Scarpe Antinfortunistiche<\/title>\n<meta name=\"robots\" content=\"index, follow, max-snippet:-1, max-image-preview:large, max-video-preview:-1\" \/>\n<link rel=\"canonical\" href=\"https:\/\/prodotti.albaen.it\/francais\/produit\/n1217ck-s3\/\" \/>\n<meta property=\"og:locale\" content=\"fr_FR\" \/>\n<meta property=\"og:type\" content=\"article\" \/>\n<meta property=\"og:title\" content=\"Scarpa antinfortunistica alta N1217CK S3 - Alba&amp;N. - Produttori di Scarpe Antinfortunistiche\" \/>\n<meta property=\"og:description\" content=\"Tomaia: Pelle fiore idrorepellente, con collarino e lingua in sinteticoFodera: 3D traspirantePuntale: CompositoSottopiede: Rimovibile e antistaticoLamina: tessuto anti-perforazioneSuola: Bi-densit\u00e0 PU\/PU SRCTaglie: 36-47Particolari: Calzatura S3, ampia e confortevoleScarica il certificato\" \/>\n<meta property=\"og:url\" content=\"https:\/\/prodotti.albaen.it\/francais\/produit\/n1217ck-s3\/\" \/>\n<meta property=\"og:site_name\" content=\"Alba&amp;N. - Produttori di Scarpe Antinfortunistiche\" \/>\n<meta property=\"article:publisher\" content=\"https:\/\/www.facebook.com\/AlbaenShoes\/\" \/>\n<meta property=\"article:modified_time\" content=\"2021-09-10T08:59:00+00:00\" \/>\n<meta property=\"og:image\" content=\"https:\/\/prodotti.albaen.it\/wp-content\/uploads\/scarpe-antinfortunistiche-uomo-impermeabili-puntale-composito-alta-marrone-albaen-1-N1217CK-S3.jpg\" \/>\n\t<meta property=\"og:image:width\" content=\"1000\" \/>\n\t<meta property=\"og:image:height\" content=\"1000\" \/>\n<meta name=\"twitter:card\" content=\"summary_large_image\" \/>\n<script type=\"application\/ld+json\" class=\"yoast-schema-graph\">{\"@context\":\"https:\/\/schema.org\",\"@graph\":[{\"@type\":\"Organization\",\"@id\":\"https:\/\/prodotti.albaen.it\/francais\/#organization\",\"name\":\"Alba&N\",\"url\":\"https:\/\/prodotti.albaen.it\/francais\/\",\"sameAs\":[\"https:\/\/www.facebook.com\/AlbaenShoes\/\"],\"logo\":{\"@type\":\"ImageObject\",\"@id\":\"https:\/\/prodotti.albaen.it\/francais\/#logo\",\"inLanguage\":\"fr-FR\",\"url\":\"https:\/\/prodotti.albaen.it\/wp-content\/uploads\/2019\/01\/logo1-1.png\",\"width\":269,\"height\":98,\"caption\":\"Alba&N\"},\"image\":{\"@id\":\"https:\/\/prodotti.albaen.it\/francais\/#logo\"}},{\"@type\":\"WebSite\",\"@id\":\"https:\/\/prodotti.albaen.it\/francais\/#website\",\"url\":\"https:\/\/prodotti.albaen.it\/francais\/\",\"name\":\"Alba&N - Produttori di Scarpe Antinfortunistiche\",\"description\":\"Leader Mondiali nella produzione di Scarpe Antinfortunistiche\",\"publisher\":{\"@id\":\"https:\/\/prodotti.albaen.it\/francais\/#organization\"},\"potentialAction\":[{\"@type\":\"SearchAction\",\"target\":\"https:\/\/prodotti.albaen.it\/francais\/?s={search_term_string}\",\"query-input\":\"required name=search_term_string\"}],\"inLanguage\":\"fr-FR\"},{\"@type\":\"ImageObject\",\"@id\":\"https:\/\/prodotti.albaen.it\/prodotto\/n1217ck-s3\/#primaryimage\",\"inLanguage\":\"fr-FR\",\"url\":\"https:\/\/prodotti.albaen.it\/wp-content\/uploads\/scarpe-antinfortunistiche-uomo-impermeabili-puntale-composito-alta-marrone-albaen-1-N1217CK-S3.jpg\",\"width\":1000,\"height\":1000},{\"@type\":\"WebPage\",\"@id\":\"https:\/\/prodotti.albaen.it\/prodotto\/n1217ck-s3\/#webpage\",\"url\":\"https:\/\/prodotti.albaen.it\/prodotto\/n1217ck-s3\/\",\"name\":\"Scarpa antinfortunistica alta N1217CK S3 - Alba&amp;N. - Produttori di Scarpe Antinfortunistiche\",\"isPartOf\":{\"@id\":\"https:\/\/prodotti.albaen.it\/francais\/#website\"},\"primaryImageOfPage\":{\"@id\":\"https:\/\/prodotti.albaen.it\/prodotto\/n1217ck-s3\/#primaryimage\"},\"datePublished\":\"2019-03-20T13:54:53+00:00\",\"dateModified\":\"2021-09-10T08:59:00+00:00\",\"inLanguage\":\"fr-FR\",\"potentialAction\":[{\"@type\":\"ReadAction\",\"target\":[\"https:\/\/prodotti.albaen.it\/prodotto\/n1217ck-s3\/\"]}]}]}<\/script>\n<!-- \/ Yoast SEO Premium plugin. -->","_links":{"self":[{"href":"https:\/\/prodotti.albaen.it\/francais\/wp-json\/wp\/v2\/product\/64784"}],"collection":[{"href":"https:\/\/prodotti.albaen.it\/francais\/wp-json\/wp\/v2\/product"}],"about":[{"href":"https:\/\/prodotti.albaen.it\/francais\/wp-json\/wp\/v2\/types\/product"}],"replies":[{"embeddable":true,"href":"https:\/\/prodotti.albaen.it\/francais\/wp-json\/wp\/v2\/comments?post=64784"}],"wp:featuredmedia":[{"embeddable":true,"href":"https:\/\/prodotti.albaen.it\/francais\/wp-json\/wp\/v2\/media\/14337"}],"wp:attachment":[{"href":"https:\/\/prodotti.albaen.it\/francais\/wp-json\/wp\/v2\/media?parent=64784"}],"wp:term":[{"taxonomy":"product_cat","embeddable":true,"href":"https:\/\/prodotti.albaen.it\/francais\/wp-json\/wp\/v2\/product_cat?post=64784"},{"taxonomy":"product_tag","embeddable":true,"href":"https:\/\/prodotti.albaen.it\/francais\/wp-json\/wp\/v2\/product_tag?post=64784"}],"curies":[{"name":"wp","href":"https:\/\/api.w.org\/{rel}","templated":true}]}}