{"id":64838,"date":"2019-03-26T16:28:24","date_gmt":"2019-03-26T15:28:24","guid":{"rendered":"https:\/\/prodotti.albaen.it\/?product=c01msck-s3"},"modified":"2021-09-10T10:20:42","modified_gmt":"2021-09-10T08:20:42","slug":"c01msck-s3","status":"publish","type":"product","link":"https:\/\/prodotti.albaen.it\/francais\/produit\/c01msck-s3\/","title":{"rendered":"Scarpa da lavoro C01MSCK S3"},"content":{"rendered":"<p>Le mod\u00e8le C01SCK S3 combine les besoins de protection avec les exigences de r\u00e9sistance. Confectionn\u00e9e en cuir noir hydrofuge et dot\u00e9e d'une doublure tridimensionnelle hautement respirante et r\u00e9sistante \u00e0 l'abrasion, cette bottine de la ligne CHALLENGE vous permettra de relever tous les d\u00e9fis.<\/p>","protected":false},"excerpt":{"rendered":"<p><strong>Tige:<\/strong> Cuir fleur grain\u00e9, hydrofuge, avec col et languette synth\u00e9tiques<br \/>\n<strong>Doublure:<\/strong> 3D respirant<br \/>\n<strong>Embout:<\/strong> Composite, 200-J<br \/>\n<strong>Semelle de propret\u00e9:<\/strong> Respirant, antistatique et amovible<br \/>\n<strong>Semelle antiperforation:<\/strong> Textile, non m\u00e9tallique<br \/>\n<strong>Semelle:<\/strong> PU\/PU double-densit\u00e9 SRC<br \/>\n<strong>Pointure:<\/strong> 35-48<br \/>\n<strong>Particuliers:<\/strong> Brodequin S3, SRC<\/p>\n<p><a href=\"https:\/\/prodotti.albaen.it\/wp-content\/uploads\/C01MSCK-S3-1.pdf\" target=\"_blank\" rel=\"noopener\"><span style=\"color: #0000ff;\">T\u00e9l\u00e9chargez le certificat<\/span><\/a><\/p>","protected":false},"featured_media":14455,"comment_status":"closed","ping_status":"closed","template":"","meta":[],"product_cat":[8284],"product_tag":[],"yoast_head":"<!-- This site is optimized with the Yoast SEO Premium plugin v15.0 - https:\/\/yoast.com\/wordpress\/plugins\/seo\/ -->\n<title>Scarpa da lavoro C01MSCK S3 - Alba&amp;N. - Produttori di Scarpe Antinfortunistiche<\/title>\n<meta name=\"robots\" content=\"index, follow, max-snippet:-1, max-image-preview:large, max-video-preview:-1\" \/>\n<link rel=\"canonical\" href=\"https:\/\/prodotti.albaen.it\/francais\/produit\/c01msck-s3\/\" \/>\n<meta property=\"og:locale\" content=\"fr_FR\" \/>\n<meta property=\"og:type\" content=\"article\" \/>\n<meta property=\"og:title\" content=\"Scarpa da lavoro C01MSCK S3 - Alba&amp;N. - Produttori di Scarpe Antinfortunistiche\" \/>\n<meta property=\"og:description\" content=\"Tomaia: Pelle fiore idrorepellente, con collarino e lingua in sintetico Fodera: 3D traspirante Puntale: Composito Sottopiede: Rimovibile e antistatico Lamina: tessuto anti-perforazione Suola: Bi-densit\u00e0 PU\/PU SRC Taglie: 35-48 Particolari: Calzatura S3, ampia e confortevole  Scarica il certificato\" \/>\n<meta property=\"og:url\" content=\"https:\/\/prodotti.albaen.it\/francais\/produit\/c01msck-s3\/\" \/>\n<meta property=\"og:site_name\" content=\"Alba&amp;N. - Produttori di Scarpe Antinfortunistiche\" \/>\n<meta property=\"article:publisher\" content=\"https:\/\/www.facebook.com\/AlbaenShoes\/\" \/>\n<meta property=\"article:modified_time\" content=\"2021-09-10T08:20:42+00:00\" \/>\n<meta property=\"og:image\" content=\"https:\/\/prodotti.albaen.it\/wp-content\/uploads\/scarpe-antinfortunistiche-uomo-impermeabili-puntale-composito-alta-nero-albaen-1-C01MSCK-S3.jpg\" \/>\n\t<meta property=\"og:image:width\" content=\"1000\" \/>\n\t<meta property=\"og:image:height\" content=\"1000\" \/>\n<meta name=\"twitter:card\" content=\"summary_large_image\" \/>\n<script type=\"application\/ld+json\" class=\"yoast-schema-graph\">{\"@context\":\"https:\/\/schema.org\",\"@graph\":[{\"@type\":\"Organization\",\"@id\":\"https:\/\/prodotti.albaen.it\/francais\/#organization\",\"name\":\"Alba&N\",\"url\":\"https:\/\/prodotti.albaen.it\/francais\/\",\"sameAs\":[\"https:\/\/www.facebook.com\/AlbaenShoes\/\"],\"logo\":{\"@type\":\"ImageObject\",\"@id\":\"https:\/\/prodotti.albaen.it\/francais\/#logo\",\"inLanguage\":\"fr-FR\",\"url\":\"https:\/\/prodotti.albaen.it\/wp-content\/uploads\/2019\/01\/logo1-1.png\",\"width\":269,\"height\":98,\"caption\":\"Alba&N\"},\"image\":{\"@id\":\"https:\/\/prodotti.albaen.it\/francais\/#logo\"}},{\"@type\":\"WebSite\",\"@id\":\"https:\/\/prodotti.albaen.it\/francais\/#website\",\"url\":\"https:\/\/prodotti.albaen.it\/francais\/\",\"name\":\"Alba&N - Produttori di Scarpe Antinfortunistiche\",\"description\":\"Leader Mondiali nella produzione di Scarpe Antinfortunistiche\",\"publisher\":{\"@id\":\"https:\/\/prodotti.albaen.it\/francais\/#organization\"},\"potentialAction\":[{\"@type\":\"SearchAction\",\"target\":\"https:\/\/prodotti.albaen.it\/francais\/?s={search_term_string}\",\"query-input\":\"required name=search_term_string\"}],\"inLanguage\":\"fr-FR\"},{\"@type\":\"ImageObject\",\"@id\":\"https:\/\/prodotti.albaen.it\/prodotto\/c01msck-s3\/#primaryimage\",\"inLanguage\":\"fr-FR\",\"url\":\"https:\/\/prodotti.albaen.it\/wp-content\/uploads\/scarpe-antinfortunistiche-uomo-impermeabili-puntale-composito-alta-nero-albaen-1-C01MSCK-S3.jpg\",\"width\":1000,\"height\":1000},{\"@type\":\"WebPage\",\"@id\":\"https:\/\/prodotti.albaen.it\/prodotto\/c01msck-s3\/#webpage\",\"url\":\"https:\/\/prodotti.albaen.it\/prodotto\/c01msck-s3\/\",\"name\":\"Scarpa da lavoro C01MSCK S3 - Alba&amp;N. - Produttori di Scarpe Antinfortunistiche\",\"isPartOf\":{\"@id\":\"https:\/\/prodotti.albaen.it\/francais\/#website\"},\"primaryImageOfPage\":{\"@id\":\"https:\/\/prodotti.albaen.it\/prodotto\/c01msck-s3\/#primaryimage\"},\"datePublished\":\"2019-03-26T15:28:24+00:00\",\"dateModified\":\"2021-09-10T08:20:42+00:00\",\"inLanguage\":\"fr-FR\",\"potentialAction\":[{\"@type\":\"ReadAction\",\"target\":[\"https:\/\/prodotti.albaen.it\/prodotto\/c01msck-s3\/\"]}]}]}<\/script>\n<!-- \/ Yoast SEO Premium plugin. -->","_links":{"self":[{"href":"https:\/\/prodotti.albaen.it\/francais\/wp-json\/wp\/v2\/product\/64838"}],"collection":[{"href":"https:\/\/prodotti.albaen.it\/francais\/wp-json\/wp\/v2\/product"}],"about":[{"href":"https:\/\/prodotti.albaen.it\/francais\/wp-json\/wp\/v2\/types\/product"}],"replies":[{"embeddable":true,"href":"https:\/\/prodotti.albaen.it\/francais\/wp-json\/wp\/v2\/comments?post=64838"}],"wp:featuredmedia":[{"embeddable":true,"href":"https:\/\/prodotti.albaen.it\/francais\/wp-json\/wp\/v2\/media\/14455"}],"wp:attachment":[{"href":"https:\/\/prodotti.albaen.it\/francais\/wp-json\/wp\/v2\/media?parent=64838"}],"wp:term":[{"taxonomy":"product_cat","embeddable":true,"href":"https:\/\/prodotti.albaen.it\/francais\/wp-json\/wp\/v2\/product_cat?post=64838"},{"taxonomy":"product_tag","embeddable":true,"href":"https:\/\/prodotti.albaen.it\/francais\/wp-json\/wp\/v2\/product_tag?post=64838"}],"curies":[{"name":"wp","href":"https:\/\/api.w.org\/{rel}","templated":true}]}}