{"id":64981,"date":"2020-12-17T14:23:14","date_gmt":"2020-12-17T13:23:14","guid":{"rendered":"https:\/\/prodotti.albaen.it\/?post_type=product&#038;p=64981"},"modified":"2024-04-22T09:38:45","modified_gmt":"2024-04-22T07:38:45","slug":"scarpa-antinfortunistica-s3-antiperfoante","status":"publish","type":"product","link":"https:\/\/prodotti.albaen.it\/francais\/produit\/scarpa-antinfortunistica-s3-antiperfoante\/","title":{"rendered":"Chaussure de travail N1150CK S3"},"content":{"rendered":"<div>Les chaussures de s\u00e9curit\u00e9 N1150CK S3 de la ligne NEW EVOLUTION ont une semelle inject\u00e9e en double densit\u00e9 de polyur\u00e9thane. D'un dessin moderne et dynamique, cette semelle b\u00e9n\u00e9ficie d'une tr\u00e8s grande r\u00e9sistance au glissement et d'un sur-embout en PU qui prot\u00e8ge les orteils notamment lors du travail sur les genoux.<\/div>","protected":false},"excerpt":{"rendered":"<p><strong>Tige:<\/strong> Cuir pleine fleur pull up hydrofuge<br \/>\n<strong>Doublure:<\/strong> 3D respirant<br \/>\n<strong>Embout:<\/strong> Composite, 200-J<br \/>\n<strong>Semelle de propret\u00e9:<\/strong>\u00a0Respirant, antistatique et amovible<br \/>\n<strong>Semelle antiperforation:<\/strong>\u00a0Textile, non m\u00e9tallique<br \/>\n<strong>Semelle:<\/strong> PU\/PU double-densit\u00e9 SRC<br \/>\n<strong>Pointure:<\/strong> 35-48<br \/>\n<strong>Particuliers: <\/strong>Chaussure montante S3, SRC, chaussant large et confortable<\/p>\n<p><img loading=\"lazy\" decoding=\"async\" class=\"alignnone size-medium wp-image-65433\" src=\"https:\/\/prodotti.albaen.it\/wp-content\/uploads\/N1149-CK-e-N1150-CK--300x43.png\" alt=\"\" width=\"300\" height=\"43\" srcset=\"https:\/\/prodotti.albaen.it\/wp-content\/uploads\/N1149-CK-e-N1150-CK--300x43.png 300w, https:\/\/prodotti.albaen.it\/wp-content\/uploads\/N1149-CK-e-N1150-CK--768x109.png 768w, https:\/\/prodotti.albaen.it\/wp-content\/uploads\/N1149-CK-e-N1150-CK--18x3.png 18w, https:\/\/prodotti.albaen.it\/wp-content\/uploads\/N1149-CK-e-N1150-CK--320x45.png 320w, https:\/\/prodotti.albaen.it\/wp-content\/uploads\/N1149-CK-e-N1150-CK--480x68.png 480w, https:\/\/prodotti.albaen.it\/wp-content\/uploads\/N1149-CK-e-N1150-CK--800x114.png 800w, https:\/\/prodotti.albaen.it\/wp-content\/uploads\/N1149-CK-e-N1150-CK-.png 944w\" sizes=\"(max-width: 300px) 100vw, 300px\" \/><\/p>\n<h3><span style=\"color: #000000;\"><a style=\"color: #000000;\" href=\"https:\/\/prodotti.albaen.it\/wp-content\/uploads\/N1150CK-S3.fr_-1.pdf\">T\u00c9L\u00c9CHARGER LA FICHE TECHNIQUE<\/a><\/span><\/h3>","protected":false},"featured_media":65204,"comment_status":"closed","ping_status":"closed","template":"","meta":[],"product_cat":[8283],"product_tag":[],"yoast_head":"<!-- This site is optimized with the Yoast SEO Premium plugin v15.0 - https:\/\/yoast.com\/wordpress\/plugins\/seo\/ -->\n<title>Scarpa da lavoro N1150CK S3 - Alba&amp;N. - Produttori di Scarpe Antinfortunistiche<\/title>\n<meta name=\"robots\" content=\"index, follow, max-snippet:-1, max-image-preview:large, max-video-preview:-1\" \/>\n<link rel=\"canonical\" href=\"https:\/\/prodotti.albaen.it\/francais\/produit\/scarpa-antinfortunistica-s3-antiperfoante\/\" \/>\n<meta property=\"og:locale\" content=\"fr_FR\" \/>\n<meta property=\"og:type\" content=\"article\" \/>\n<meta property=\"og:title\" content=\"Scarpa da lavoro N1150CK S3 - Alba&amp;N. - Produttori di Scarpe Antinfortunistiche\" \/>\n<meta property=\"og:description\" content=\"Tomaia: Pelle pieno fiore marrone idrorepellente Fodera: 3D traspirante Puntale: Composito, 200-J Sottopiede:\u00a0Traspirante, antistatico e rimovibile Lamina:\u00a0Tessuto antiperforazione Suola: Bi-densit\u00e0 PU\/PU SRC Taglie: 35-48 Particolari: Calzatura S3, SRC, calzata ampia e confortevole   SCARICA SCHEDA TECNICA\" \/>\n<meta property=\"og:url\" content=\"https:\/\/prodotti.albaen.it\/francais\/produit\/scarpa-antinfortunistica-s3-antiperfoante\/\" \/>\n<meta property=\"og:site_name\" content=\"Alba&amp;N. - Produttori di Scarpe Antinfortunistiche\" \/>\n<meta property=\"article:publisher\" content=\"https:\/\/www.facebook.com\/AlbaenShoes\/\" \/>\n<meta property=\"article:modified_time\" content=\"2024-04-22T07:38:45+00:00\" \/>\n<meta property=\"og:image\" content=\"https:\/\/prodotti.albaen.it\/wp-content\/uploads\/N1150CK-S3-1_.jpg\" \/>\n\t<meta property=\"og:image:width\" content=\"1000\" \/>\n\t<meta property=\"og:image:height\" content=\"1000\" \/>\n<meta name=\"twitter:card\" content=\"summary_large_image\" \/>\n<script type=\"application\/ld+json\" class=\"yoast-schema-graph\">{\"@context\":\"https:\/\/schema.org\",\"@graph\":[{\"@type\":\"Organization\",\"@id\":\"https:\/\/prodotti.albaen.it\/francais\/#organization\",\"name\":\"Alba&N\",\"url\":\"https:\/\/prodotti.albaen.it\/francais\/\",\"sameAs\":[\"https:\/\/www.facebook.com\/AlbaenShoes\/\"],\"logo\":{\"@type\":\"ImageObject\",\"@id\":\"https:\/\/prodotti.albaen.it\/francais\/#logo\",\"inLanguage\":\"fr-FR\",\"url\":\"https:\/\/prodotti.albaen.it\/wp-content\/uploads\/2019\/01\/logo1-1.png\",\"width\":269,\"height\":98,\"caption\":\"Alba&N\"},\"image\":{\"@id\":\"https:\/\/prodotti.albaen.it\/francais\/#logo\"}},{\"@type\":\"WebSite\",\"@id\":\"https:\/\/prodotti.albaen.it\/francais\/#website\",\"url\":\"https:\/\/prodotti.albaen.it\/francais\/\",\"name\":\"Alba&N - Produttori di Scarpe Antinfortunistiche\",\"description\":\"Leader Mondiali nella produzione di Scarpe Antinfortunistiche\",\"publisher\":{\"@id\":\"https:\/\/prodotti.albaen.it\/francais\/#organization\"},\"potentialAction\":[{\"@type\":\"SearchAction\",\"target\":\"https:\/\/prodotti.albaen.it\/francais\/?s={search_term_string}\",\"query-input\":\"required name=search_term_string\"}],\"inLanguage\":\"fr-FR\"},{\"@type\":\"ImageObject\",\"@id\":\"https:\/\/prodotti.albaen.it\/prodotto\/scarpa-antinfortunistica-s3-antiperfoante\/#primaryimage\",\"inLanguage\":\"fr-FR\",\"url\":\"https:\/\/prodotti.albaen.it\/wp-content\/uploads\/N1150CK-S3-1_.jpg\",\"width\":1000,\"height\":1000},{\"@type\":\"WebPage\",\"@id\":\"https:\/\/prodotti.albaen.it\/prodotto\/scarpa-antinfortunistica-s3-antiperfoante\/#webpage\",\"url\":\"https:\/\/prodotti.albaen.it\/prodotto\/scarpa-antinfortunistica-s3-antiperfoante\/\",\"name\":\"Scarpa da lavoro N1150CK S3 - Alba&amp;N. - Produttori di Scarpe Antinfortunistiche\",\"isPartOf\":{\"@id\":\"https:\/\/prodotti.albaen.it\/francais\/#website\"},\"primaryImageOfPage\":{\"@id\":\"https:\/\/prodotti.albaen.it\/prodotto\/scarpa-antinfortunistica-s3-antiperfoante\/#primaryimage\"},\"datePublished\":\"2020-12-17T13:23:14+00:00\",\"dateModified\":\"2024-04-22T07:38:45+00:00\",\"inLanguage\":\"fr-FR\",\"potentialAction\":[{\"@type\":\"ReadAction\",\"target\":[\"https:\/\/prodotti.albaen.it\/prodotto\/scarpa-antinfortunistica-s3-antiperfoante\/\"]}]}]}<\/script>\n<!-- \/ Yoast SEO Premium plugin. -->","_links":{"self":[{"href":"https:\/\/prodotti.albaen.it\/francais\/wp-json\/wp\/v2\/product\/64981"}],"collection":[{"href":"https:\/\/prodotti.albaen.it\/francais\/wp-json\/wp\/v2\/product"}],"about":[{"href":"https:\/\/prodotti.albaen.it\/francais\/wp-json\/wp\/v2\/types\/product"}],"replies":[{"embeddable":true,"href":"https:\/\/prodotti.albaen.it\/francais\/wp-json\/wp\/v2\/comments?post=64981"}],"wp:featuredmedia":[{"embeddable":true,"href":"https:\/\/prodotti.albaen.it\/francais\/wp-json\/wp\/v2\/media\/65204"}],"wp:attachment":[{"href":"https:\/\/prodotti.albaen.it\/francais\/wp-json\/wp\/v2\/media?parent=64981"}],"wp:term":[{"taxonomy":"product_cat","embeddable":true,"href":"https:\/\/prodotti.albaen.it\/francais\/wp-json\/wp\/v2\/product_cat?post=64981"},{"taxonomy":"product_tag","embeddable":true,"href":"https:\/\/prodotti.albaen.it\/francais\/wp-json\/wp\/v2\/product_tag?post=64981"}],"curies":[{"name":"wp","href":"https:\/\/api.w.org\/{rel}","templated":true}]}}