{"id":64983,"date":"2020-12-17T14:28:18","date_gmt":"2020-12-17T13:28:18","guid":{"rendered":"https:\/\/prodotti.albaen.it\/?post_type=product&#038;p=64983"},"modified":"2024-04-22T09:38:03","modified_gmt":"2024-04-22T07:38:03","slug":"scarpa-antinfortunistica-alta-s3","status":"publish","type":"product","link":"https:\/\/prodotti.albaen.it\/francais\/produit\/scarpa-antinfortunistica-alta-s3\/","title":{"rendered":"Chaussures de s\u00e9curit\u00e9montantes N1149CK S3"},"content":{"rendered":"<p>Chaussure montante de s\u00e9curit\u00e9 S3 en cuir pleine fleur hydrofuge. Totalement exempt de pi\u00e8ces m\u00e9talliques, gr\u00e2ce \u00e0 la pr\u00e9sence d'un embout anti-\u00e9crasement en mat\u00e9riau composite et d'une semelle anti-clou en tissu. Id\u00e9al pour les travaux ext\u00e9rieurs dans le b\u00e2timent, l'artisanat et l'industrie l\u00e9g\u00e8re.<\/p>","protected":false},"excerpt":{"rendered":"<p><strong>Tige:<\/strong> Cuir pleine fleur pull up hydrofuge<br \/>\n<strong>Doublure:<\/strong> 3D respirant<br \/>\n<strong>Embout:<\/strong> Composite, 200-J<br \/>\n<strong>Semelle de propret\u00e9:<\/strong>\u00a0Respirant, antistatique et amovible<br \/>\n<strong>Semelle antiperforation:<\/strong>\u00a0Textile, non m\u00e9tallique<br \/>\n<strong>Semelle:<\/strong> PU\/PU double-densit\u00e9 SRC<br \/>\n<strong>Pointure:<\/strong> 35-48<br \/>\n<strong>Particuliers: <\/strong>Chaussure montante S3, SRC, chaussant large et confortable<\/p>\n<p><img loading=\"lazy\" decoding=\"async\" class=\"alignnone size-medium wp-image-65433\" src=\"https:\/\/prodotti.albaen.it\/wp-content\/uploads\/N1149-CK-e-N1150-CK--300x43.png\" alt=\"\" width=\"300\" height=\"43\" srcset=\"https:\/\/prodotti.albaen.it\/wp-content\/uploads\/N1149-CK-e-N1150-CK--300x43.png 300w, https:\/\/prodotti.albaen.it\/wp-content\/uploads\/N1149-CK-e-N1150-CK--768x109.png 768w, https:\/\/prodotti.albaen.it\/wp-content\/uploads\/N1149-CK-e-N1150-CK--18x3.png 18w, https:\/\/prodotti.albaen.it\/wp-content\/uploads\/N1149-CK-e-N1150-CK--320x45.png 320w, https:\/\/prodotti.albaen.it\/wp-content\/uploads\/N1149-CK-e-N1150-CK--480x68.png 480w, https:\/\/prodotti.albaen.it\/wp-content\/uploads\/N1149-CK-e-N1150-CK--800x114.png 800w, https:\/\/prodotti.albaen.it\/wp-content\/uploads\/N1149-CK-e-N1150-CK-.png 944w\" sizes=\"(max-width: 300px) 100vw, 300px\" \/><\/p>\n<h3><span style=\"color: #000000;\"><a style=\"color: #000000;\" href=\"https:\/\/prodotti.albaen.it\/wp-content\/uploads\/N1149CK-S3.fr_.pdf\">T\u00c9L\u00c9CHARGER LA FICHE TECHNIQUE<\/a><\/span><\/h3>","protected":false},"featured_media":65206,"comment_status":"closed","ping_status":"closed","template":"","meta":[],"product_cat":[8283],"product_tag":[],"yoast_head":"<!-- This site is optimized with the Yoast SEO Premium plugin v15.0 - https:\/\/yoast.com\/wordpress\/plugins\/seo\/ -->\n<title>Scarpa alta da lavoro N1149CK S3 - Alba&amp;N. - Produttori di Scarpe Antinfortunistiche<\/title>\n<meta name=\"robots\" content=\"index, follow, max-snippet:-1, max-image-preview:large, max-video-preview:-1\" \/>\n<link rel=\"canonical\" href=\"https:\/\/prodotti.albaen.it\/francais\/produit\/scarpa-antinfortunistica-alta-s3\/\" \/>\n<meta property=\"og:locale\" content=\"fr_FR\" \/>\n<meta property=\"og:type\" content=\"article\" \/>\n<meta property=\"og:title\" content=\"Scarpa alta da lavoro N1149CK S3 - Alba&amp;N. - Produttori di Scarpe Antinfortunistiche\" \/>\n<meta property=\"og:description\" content=\"Tomaia: Pelle pieno fiore marrone idrorepellente Fodera: 3D traspirante Puntale: Composito, 200-J Sottopiede:\u00a0Traspirante, antistatico e rimovibile Lamina:\u00a0Tessuto antiperforazione Suola: Bi-densit\u00e0 PU\/PU SRC Taglie: 35-48 Particolari: Calzatura alta S3, SRC, calzata ampia e confortevole   SCARICA SCHEDA TECNICA\" \/>\n<meta property=\"og:url\" content=\"https:\/\/prodotti.albaen.it\/francais\/produit\/scarpa-antinfortunistica-alta-s3\/\" \/>\n<meta property=\"og:site_name\" content=\"Alba&amp;N. - Produttori di Scarpe Antinfortunistiche\" \/>\n<meta property=\"article:publisher\" content=\"https:\/\/www.facebook.com\/AlbaenShoes\/\" \/>\n<meta property=\"article:modified_time\" content=\"2024-04-22T07:38:03+00:00\" \/>\n<meta property=\"og:image\" content=\"https:\/\/prodotti.albaen.it\/wp-content\/uploads\/N1149CK-S3-1_.jpg\" \/>\n\t<meta property=\"og:image:width\" content=\"1000\" \/>\n\t<meta property=\"og:image:height\" content=\"1000\" \/>\n<meta name=\"twitter:card\" content=\"summary_large_image\" \/>\n<script type=\"application\/ld+json\" class=\"yoast-schema-graph\">{\"@context\":\"https:\/\/schema.org\",\"@graph\":[{\"@type\":\"Organization\",\"@id\":\"https:\/\/prodotti.albaen.it\/francais\/#organization\",\"name\":\"Alba&N\",\"url\":\"https:\/\/prodotti.albaen.it\/francais\/\",\"sameAs\":[\"https:\/\/www.facebook.com\/AlbaenShoes\/\"],\"logo\":{\"@type\":\"ImageObject\",\"@id\":\"https:\/\/prodotti.albaen.it\/francais\/#logo\",\"inLanguage\":\"fr-FR\",\"url\":\"https:\/\/prodotti.albaen.it\/wp-content\/uploads\/2019\/01\/logo1-1.png\",\"width\":269,\"height\":98,\"caption\":\"Alba&N\"},\"image\":{\"@id\":\"https:\/\/prodotti.albaen.it\/francais\/#logo\"}},{\"@type\":\"WebSite\",\"@id\":\"https:\/\/prodotti.albaen.it\/francais\/#website\",\"url\":\"https:\/\/prodotti.albaen.it\/francais\/\",\"name\":\"Alba&N - Produttori di Scarpe Antinfortunistiche\",\"description\":\"Leader Mondiali nella produzione di Scarpe Antinfortunistiche\",\"publisher\":{\"@id\":\"https:\/\/prodotti.albaen.it\/francais\/#organization\"},\"potentialAction\":[{\"@type\":\"SearchAction\",\"target\":\"https:\/\/prodotti.albaen.it\/francais\/?s={search_term_string}\",\"query-input\":\"required name=search_term_string\"}],\"inLanguage\":\"fr-FR\"},{\"@type\":\"ImageObject\",\"@id\":\"https:\/\/prodotti.albaen.it\/prodotto\/scarpa-antinfortunistica-alta-s3\/#primaryimage\",\"inLanguage\":\"fr-FR\",\"url\":\"https:\/\/prodotti.albaen.it\/wp-content\/uploads\/N1149CK-S3-1_.jpg\",\"width\":1000,\"height\":1000},{\"@type\":\"WebPage\",\"@id\":\"https:\/\/prodotti.albaen.it\/prodotto\/scarpa-antinfortunistica-alta-s3\/#webpage\",\"url\":\"https:\/\/prodotti.albaen.it\/prodotto\/scarpa-antinfortunistica-alta-s3\/\",\"name\":\"Scarpa alta da lavoro N1149CK S3 - Alba&amp;N. - Produttori di Scarpe Antinfortunistiche\",\"isPartOf\":{\"@id\":\"https:\/\/prodotti.albaen.it\/francais\/#website\"},\"primaryImageOfPage\":{\"@id\":\"https:\/\/prodotti.albaen.it\/prodotto\/scarpa-antinfortunistica-alta-s3\/#primaryimage\"},\"datePublished\":\"2020-12-17T13:28:18+00:00\",\"dateModified\":\"2024-04-22T07:38:03+00:00\",\"inLanguage\":\"fr-FR\",\"potentialAction\":[{\"@type\":\"ReadAction\",\"target\":[\"https:\/\/prodotti.albaen.it\/prodotto\/scarpa-antinfortunistica-alta-s3\/\"]}]}]}<\/script>\n<!-- \/ Yoast SEO Premium plugin. -->","_links":{"self":[{"href":"https:\/\/prodotti.albaen.it\/francais\/wp-json\/wp\/v2\/product\/64983"}],"collection":[{"href":"https:\/\/prodotti.albaen.it\/francais\/wp-json\/wp\/v2\/product"}],"about":[{"href":"https:\/\/prodotti.albaen.it\/francais\/wp-json\/wp\/v2\/types\/product"}],"replies":[{"embeddable":true,"href":"https:\/\/prodotti.albaen.it\/francais\/wp-json\/wp\/v2\/comments?post=64983"}],"wp:featuredmedia":[{"embeddable":true,"href":"https:\/\/prodotti.albaen.it\/francais\/wp-json\/wp\/v2\/media\/65206"}],"wp:attachment":[{"href":"https:\/\/prodotti.albaen.it\/francais\/wp-json\/wp\/v2\/media?parent=64983"}],"wp:term":[{"taxonomy":"product_cat","embeddable":true,"href":"https:\/\/prodotti.albaen.it\/francais\/wp-json\/wp\/v2\/product_cat?post=64983"},{"taxonomy":"product_tag","embeddable":true,"href":"https:\/\/prodotti.albaen.it\/francais\/wp-json\/wp\/v2\/product_tag?post=64983"}],"curies":[{"name":"wp","href":"https:\/\/api.w.org\/{rel}","templated":true}]}}