{"id":65165,"date":"2021-01-21T17:54:31","date_gmt":"2021-01-21T16:54:31","guid":{"rendered":"https:\/\/prodotti.albaen.it\/?post_type=product&#038;p=65165"},"modified":"2024-04-22T09:37:22","modified_gmt":"2024-04-22T07:37:22","slug":"scarpa-da-lavoro-n1427ck-s3-src","status":"publish","type":"product","link":"https:\/\/prodotti.albaen.it\/francais\/produit\/scarpa-da-lavoro-n1427ck-s3-src\/","title":{"rendered":"Chaussures de s\u00e9curit\u00e9 N1427CK S3 SRC"},"content":{"rendered":"<p>Les chaussures de s\u00e9curit\u00e9 N1427CK S3 ont une semelle antistatique, un embout de s\u00e9curit\u00e9 qui prot\u00e8ge les orteils des chocs  (200 joules) et une semelle r\u00e9sistante \u00e0 la p\u00e9n\u00e9tration d'objets m\u00e9talliques. La tige hydrofuge et l'adh\u00e9rence maximale garantissent des performances \u00e9lev\u00e9es m\u00eame dans des conditions d\u00e9favorables.<\/p>","protected":false},"excerpt":{"rendered":"<p><strong>Tige:<\/strong>Cuir grain\u00e9, hydrofuge<br \/>\n<strong>Doublure:\u00a0<\/strong>3D respirant<br \/>\n<strong>Embout:<\/strong>\u00a0Composite 200-J<br \/>\n<strong>Semelle de propret\u00e9:<\/strong> Respirant, antistatique et amovible<br \/>\n<strong>Semelle antiperforation:<\/strong> Textile, non m\u00e9tallique<br \/>\n<strong>Semelle:\u00a0<\/strong>PU\/PU double-densit\u00e9 SRC<br \/>\n<strong>Pointure:<\/strong>\u00a035-48<br \/>\n<strong>Particuliers:<\/strong> Chaussure S3, SRC, Chaussant large et confortable<\/p>\n<p><img loading=\"lazy\" decoding=\"async\" class=\"alignnone wp-image-65421\" src=\"https:\/\/prodotti.albaen.it\/wp-content\/uploads\/Unknown7-300x50.png\" alt=\"\" width=\"282\" height=\"47\" srcset=\"https:\/\/prodotti.albaen.it\/wp-content\/uploads\/Unknown7-300x50.png 300w, https:\/\/prodotti.albaen.it\/wp-content\/uploads\/Unknown7-768x129.png 768w, https:\/\/prodotti.albaen.it\/wp-content\/uploads\/Unknown7-18x3.png 18w, https:\/\/prodotti.albaen.it\/wp-content\/uploads\/Unknown7-320x54.png 320w, https:\/\/prodotti.albaen.it\/wp-content\/uploads\/Unknown7-480x81.png 480w, https:\/\/prodotti.albaen.it\/wp-content\/uploads\/Unknown7.png 799w\" sizes=\"(max-width: 282px) 100vw, 282px\" \/><\/p>\n<h3><span style=\"color: #000000;\"><a style=\"color: #000000;\" href=\"https:\/\/prodotti.albaen.it\/wp-content\/uploads\/N1427CK-S3.fr_.pdf\">T\u00c9L\u00c9CHARGER LA FICHE TECHNIQUE<\/a><\/span><\/h3>","protected":false},"featured_media":65167,"comment_status":"closed","ping_status":"closed","template":"","meta":[],"product_cat":[8283],"product_tag":[],"yoast_head":"<!-- This site is optimized with the Yoast SEO Premium plugin v15.0 - https:\/\/yoast.com\/wordpress\/plugins\/seo\/ -->\n<title>Scarpa da lavoro N1427CK S3 SRC - Albaen Safety Shoes<\/title>\n<meta name=\"description\" content=\"Le scarpe N1427CK S3 hanno una suola antistatica, un puntale di sicurezza che evita schiacciamenti delle dita e una suola resistente.\" \/>\n<meta name=\"robots\" content=\"index, follow, max-snippet:-1, max-image-preview:large, max-video-preview:-1\" \/>\n<link rel=\"canonical\" href=\"https:\/\/prodotti.albaen.it\/francais\/produit\/scarpa-da-lavoro-n1427ck-s3-src\/\" \/>\n<meta property=\"og:locale\" content=\"fr_FR\" \/>\n<meta property=\"og:type\" content=\"article\" \/>\n<meta property=\"og:title\" content=\"Scarpa da lavoro N1427CK S3 SRC - Albaen Safety Shoes\" \/>\n<meta property=\"og:description\" content=\"Le scarpe N1427CK S3 hanno una suola antistatica, un puntale di sicurezza che evita schiacciamenti delle dita e una suola resistente.\" \/>\n<meta property=\"og:url\" content=\"https:\/\/prodotti.albaen.it\/francais\/produit\/scarpa-da-lavoro-n1427ck-s3-src\/\" \/>\n<meta property=\"og:site_name\" content=\"Alba&amp;N. - Produttori di Scarpe Antinfortunistiche\" \/>\n<meta property=\"article:publisher\" content=\"https:\/\/www.facebook.com\/AlbaenShoes\/\" \/>\n<meta property=\"article:modified_time\" content=\"2024-04-22T07:37:22+00:00\" \/>\n<meta property=\"og:image\" content=\"https:\/\/prodotti.albaen.it\/wp-content\/uploads\/n1427-1.jpg\" \/>\n\t<meta property=\"og:image:width\" content=\"800\" \/>\n\t<meta property=\"og:image:height\" content=\"800\" \/>\n<meta name=\"twitter:card\" content=\"summary_large_image\" \/>\n<script type=\"application\/ld+json\" class=\"yoast-schema-graph\">{\"@context\":\"https:\/\/schema.org\",\"@graph\":[{\"@type\":\"Organization\",\"@id\":\"https:\/\/prodotti.albaen.it\/francais\/#organization\",\"name\":\"Alba&N\",\"url\":\"https:\/\/prodotti.albaen.it\/francais\/\",\"sameAs\":[\"https:\/\/www.facebook.com\/AlbaenShoes\/\"],\"logo\":{\"@type\":\"ImageObject\",\"@id\":\"https:\/\/prodotti.albaen.it\/francais\/#logo\",\"inLanguage\":\"fr-FR\",\"url\":\"https:\/\/prodotti.albaen.it\/wp-content\/uploads\/2019\/01\/logo1-1.png\",\"width\":269,\"height\":98,\"caption\":\"Alba&N\"},\"image\":{\"@id\":\"https:\/\/prodotti.albaen.it\/francais\/#logo\"}},{\"@type\":\"WebSite\",\"@id\":\"https:\/\/prodotti.albaen.it\/francais\/#website\",\"url\":\"https:\/\/prodotti.albaen.it\/francais\/\",\"name\":\"Alba&N - Produttori di Scarpe Antinfortunistiche\",\"description\":\"Leader Mondiali nella produzione di Scarpe Antinfortunistiche\",\"publisher\":{\"@id\":\"https:\/\/prodotti.albaen.it\/francais\/#organization\"},\"potentialAction\":[{\"@type\":\"SearchAction\",\"target\":\"https:\/\/prodotti.albaen.it\/francais\/?s={search_term_string}\",\"query-input\":\"required name=search_term_string\"}],\"inLanguage\":\"fr-FR\"},{\"@type\":\"ImageObject\",\"@id\":\"https:\/\/prodotti.albaen.it\/prodotto\/scarpa-da-lavoro-n1427ck-s3-src\/#primaryimage\",\"inLanguage\":\"fr-FR\",\"url\":\"https:\/\/prodotti.albaen.it\/wp-content\/uploads\/n1427-1.jpg\",\"width\":800,\"height\":800},{\"@type\":\"WebPage\",\"@id\":\"https:\/\/prodotti.albaen.it\/prodotto\/scarpa-da-lavoro-n1427ck-s3-src\/#webpage\",\"url\":\"https:\/\/prodotti.albaen.it\/prodotto\/scarpa-da-lavoro-n1427ck-s3-src\/\",\"name\":\"Scarpa da lavoro N1427CK S3 SRC - Albaen Safety Shoes\",\"isPartOf\":{\"@id\":\"https:\/\/prodotti.albaen.it\/francais\/#website\"},\"primaryImageOfPage\":{\"@id\":\"https:\/\/prodotti.albaen.it\/prodotto\/scarpa-da-lavoro-n1427ck-s3-src\/#primaryimage\"},\"datePublished\":\"2021-01-21T16:54:31+00:00\",\"dateModified\":\"2024-04-22T07:37:22+00:00\",\"description\":\"Le scarpe N1427CK S3 hanno una suola antistatica, un puntale di sicurezza che evita schiacciamenti delle dita e una suola resistente.\",\"inLanguage\":\"fr-FR\",\"potentialAction\":[{\"@type\":\"ReadAction\",\"target\":[\"https:\/\/prodotti.albaen.it\/prodotto\/scarpa-da-lavoro-n1427ck-s3-src\/\"]}]}]}<\/script>\n<!-- \/ Yoast SEO Premium plugin. -->","_links":{"self":[{"href":"https:\/\/prodotti.albaen.it\/francais\/wp-json\/wp\/v2\/product\/65165"}],"collection":[{"href":"https:\/\/prodotti.albaen.it\/francais\/wp-json\/wp\/v2\/product"}],"about":[{"href":"https:\/\/prodotti.albaen.it\/francais\/wp-json\/wp\/v2\/types\/product"}],"replies":[{"embeddable":true,"href":"https:\/\/prodotti.albaen.it\/francais\/wp-json\/wp\/v2\/comments?post=65165"}],"wp:featuredmedia":[{"embeddable":true,"href":"https:\/\/prodotti.albaen.it\/francais\/wp-json\/wp\/v2\/media\/65167"}],"wp:attachment":[{"href":"https:\/\/prodotti.albaen.it\/francais\/wp-json\/wp\/v2\/media?parent=65165"}],"wp:term":[{"taxonomy":"product_cat","embeddable":true,"href":"https:\/\/prodotti.albaen.it\/francais\/wp-json\/wp\/v2\/product_cat?post=65165"},{"taxonomy":"product_tag","embeddable":true,"href":"https:\/\/prodotti.albaen.it\/francais\/wp-json\/wp\/v2\/product_tag?post=65165"}],"curies":[{"name":"wp","href":"https:\/\/api.w.org\/{rel}","templated":true}]}}