{"id":65247,"date":"2021-05-17T14:46:04","date_gmt":"2021-05-17T12:46:04","guid":{"rendered":"https:\/\/prodotti.albaen.it\/?post_type=product&#038;p=65247"},"modified":"2024-04-22T09:36:01","modified_gmt":"2024-04-22T07:36:01","slug":"scarpa-da-lavoro-re-choose-j03ak-s3-src","status":"publish","type":"product","link":"https:\/\/prodotti.albaen.it\/francais\/produit\/scarpa-da-lavoro-re-choose-j03ak-s3-src\/","title":{"rendered":"Re-choose baskets de s\u00e9curit\u00e9 J03AK S3 SRC"},"content":{"rendered":"<p>Chaussures de s\u00e9curit\u00e9 montantes fabriqu\u00e9es avec des mat\u00e9riaux PET recycl\u00e9s, \u00e0 partir de bouteilles en plastique post-consommation. Equip\u00e9es d'un embout de protection et d'un insert anti-clou. Semelle PU double densit\u00e9 pour garantir excellente absorption des chocs et surtout r\u00e9sistance au glissement. Semelle int\u00e9rieure en mousse \u00e0 m\u00e9moire con\u00e7ue pour r\u00e9duire la fatigue du pied et offrir un confort in\u00e9gal\u00e9.<\/p>","protected":false},"excerpt":{"rendered":"<p><strong>Tige<\/strong>: En tissu PET, hydrofuge, avec inserts \nen cro\u00fbte velours<br \/>\n<strong>Garniture<\/strong>: Tissu PET recycl\u00e9 \u2013 3D, respirant<br \/>\n<strong>Embout<\/strong> Acier, 200-J<br \/>\n<strong>Semelle<\/strong>: Textile, non m\u00e9tallique recycl\u00e9<br \/>\n<strong>Semelle int\u00e9rieure<\/strong>: Tissu recycl\u00e9, respirant, antistatique, amovible anatomique avec MEMORY FOAM<br \/>\n<strong>Semelle<\/strong>: PU\/RPU double-densit\u00e9 SRC<br \/>\n<strong>Pointure: <\/strong>36-48<br \/>\n<strong>Particuliers:<\/strong> Basket de s\u00e9curit\u00e9 S3, SRC, Eco-Friendly<\/p>\n<p><img loading=\"lazy\" decoding=\"async\" class=\"alignnone size-medium wp-image-65420\" src=\"https:\/\/prodotti.albaen.it\/wp-content\/uploads\/Unknown8-1-300x43.png\" alt=\"\" width=\"300\" height=\"43\" srcset=\"https:\/\/prodotti.albaen.it\/wp-content\/uploads\/Unknown8-1-300x43.png 300w, https:\/\/prodotti.albaen.it\/wp-content\/uploads\/Unknown8-1-768x111.png 768w, https:\/\/prodotti.albaen.it\/wp-content\/uploads\/Unknown8-1-18x3.png 18w, https:\/\/prodotti.albaen.it\/wp-content\/uploads\/Unknown8-1-320x46.png 320w, https:\/\/prodotti.albaen.it\/wp-content\/uploads\/Unknown8-1-480x70.png 480w, https:\/\/prodotti.albaen.it\/wp-content\/uploads\/Unknown8-1-800x116.png 800w, https:\/\/prodotti.albaen.it\/wp-content\/uploads\/Unknown8-1.png 932w\" sizes=\"(max-width: 300px) 100vw, 300px\" \/><\/p>\n<h3><span style=\"color: #000000;\"><a style=\"color: #000000;\" href=\"https:\/\/prodotti.albaen.it\/wp-content\/uploads\/J03AK-S3-rechoose.fr_.pdf\">T\u00c9L\u00c9CHARGER LA FICHE TECHNIQUE<\/a><\/span><\/h3>","protected":false},"featured_media":65314,"comment_status":"closed","ping_status":"closed","template":"","meta":[],"product_cat":[8340],"product_tag":[],"yoast_head":"<!-- This site is optimized with the Yoast SEO Premium plugin v15.0 - https:\/\/yoast.com\/wordpress\/plugins\/seo\/ -->\n<title>Scarpa da lavoro Re-choose J03AK S3 SRC - Albaen Safety Shoes<\/title>\n<meta name=\"description\" content=\"Calzature antinfortunistiche realizzate con materiali PET riciclati, da bottiglie di plastica post-consumo.\" \/>\n<meta name=\"robots\" content=\"index, follow, max-snippet:-1, max-image-preview:large, max-video-preview:-1\" \/>\n<link rel=\"canonical\" href=\"https:\/\/prodotti.albaen.it\/francais\/produit\/scarpa-da-lavoro-re-choose-j03ak-s3-src\/\" \/>\n<meta property=\"og:locale\" content=\"fr_FR\" \/>\n<meta property=\"og:type\" content=\"article\" \/>\n<meta property=\"og:title\" content=\"Scarpa da lavoro Re-choose J03AK S3 SRC - Albaen Safety Shoes\" \/>\n<meta property=\"og:description\" content=\"Calzature antinfortunistiche realizzate con materiali PET riciclati, da bottiglie di plastica post-consumo.\" \/>\n<meta property=\"og:url\" content=\"https:\/\/prodotti.albaen.it\/francais\/produit\/scarpa-da-lavoro-re-choose-j03ak-s3-src\/\" \/>\n<meta property=\"og:site_name\" content=\"Alba&amp;N. - Produttori di Scarpe Antinfortunistiche\" \/>\n<meta property=\"article:publisher\" content=\"https:\/\/www.facebook.com\/AlbaenShoes\/\" \/>\n<meta property=\"article:modified_time\" content=\"2024-04-22T07:36:01+00:00\" \/>\n<meta property=\"og:image\" content=\"https:\/\/prodotti.albaen.it\/wp-content\/uploads\/ricycle-1.jpg\" \/>\n\t<meta property=\"og:image:width\" content=\"1000\" \/>\n\t<meta property=\"og:image:height\" content=\"1000\" \/>\n<meta name=\"twitter:card\" content=\"summary_large_image\" \/>\n<script type=\"application\/ld+json\" class=\"yoast-schema-graph\">{\"@context\":\"https:\/\/schema.org\",\"@graph\":[{\"@type\":\"Organization\",\"@id\":\"https:\/\/prodotti.albaen.it\/francais\/#organization\",\"name\":\"Alba&N\",\"url\":\"https:\/\/prodotti.albaen.it\/francais\/\",\"sameAs\":[\"https:\/\/www.facebook.com\/AlbaenShoes\/\"],\"logo\":{\"@type\":\"ImageObject\",\"@id\":\"https:\/\/prodotti.albaen.it\/francais\/#logo\",\"inLanguage\":\"fr-FR\",\"url\":\"https:\/\/prodotti.albaen.it\/wp-content\/uploads\/2019\/01\/logo1-1.png\",\"width\":269,\"height\":98,\"caption\":\"Alba&N\"},\"image\":{\"@id\":\"https:\/\/prodotti.albaen.it\/francais\/#logo\"}},{\"@type\":\"WebSite\",\"@id\":\"https:\/\/prodotti.albaen.it\/francais\/#website\",\"url\":\"https:\/\/prodotti.albaen.it\/francais\/\",\"name\":\"Alba&N - Produttori di Scarpe Antinfortunistiche\",\"description\":\"Leader Mondiali nella produzione di Scarpe Antinfortunistiche\",\"publisher\":{\"@id\":\"https:\/\/prodotti.albaen.it\/francais\/#organization\"},\"potentialAction\":[{\"@type\":\"SearchAction\",\"target\":\"https:\/\/prodotti.albaen.it\/francais\/?s={search_term_string}\",\"query-input\":\"required name=search_term_string\"}],\"inLanguage\":\"fr-FR\"},{\"@type\":\"ImageObject\",\"@id\":\"https:\/\/prodotti.albaen.it\/prodotto\/scarpa-da-lavoro-re-choose-j03ak-s3-src\/#primaryimage\",\"inLanguage\":\"fr-FR\",\"url\":\"https:\/\/prodotti.albaen.it\/wp-content\/uploads\/ricycle-1.jpg\",\"width\":1000,\"height\":1000},{\"@type\":\"WebPage\",\"@id\":\"https:\/\/prodotti.albaen.it\/prodotto\/scarpa-da-lavoro-re-choose-j03ak-s3-src\/#webpage\",\"url\":\"https:\/\/prodotti.albaen.it\/prodotto\/scarpa-da-lavoro-re-choose-j03ak-s3-src\/\",\"name\":\"Scarpa da lavoro Re-choose J03AK S3 SRC - Albaen Safety Shoes\",\"isPartOf\":{\"@id\":\"https:\/\/prodotti.albaen.it\/francais\/#website\"},\"primaryImageOfPage\":{\"@id\":\"https:\/\/prodotti.albaen.it\/prodotto\/scarpa-da-lavoro-re-choose-j03ak-s3-src\/#primaryimage\"},\"datePublished\":\"2021-05-17T12:46:04+00:00\",\"dateModified\":\"2024-04-22T07:36:01+00:00\",\"description\":\"Calzature antinfortunistiche realizzate con materiali PET riciclati, da bottiglie di plastica post-consumo.\",\"inLanguage\":\"fr-FR\",\"potentialAction\":[{\"@type\":\"ReadAction\",\"target\":[\"https:\/\/prodotti.albaen.it\/prodotto\/scarpa-da-lavoro-re-choose-j03ak-s3-src\/\"]}]}]}<\/script>\n<!-- \/ Yoast SEO Premium plugin. -->","_links":{"self":[{"href":"https:\/\/prodotti.albaen.it\/francais\/wp-json\/wp\/v2\/product\/65247"}],"collection":[{"href":"https:\/\/prodotti.albaen.it\/francais\/wp-json\/wp\/v2\/product"}],"about":[{"href":"https:\/\/prodotti.albaen.it\/francais\/wp-json\/wp\/v2\/types\/product"}],"replies":[{"embeddable":true,"href":"https:\/\/prodotti.albaen.it\/francais\/wp-json\/wp\/v2\/comments?post=65247"}],"wp:featuredmedia":[{"embeddable":true,"href":"https:\/\/prodotti.albaen.it\/francais\/wp-json\/wp\/v2\/media\/65314"}],"wp:attachment":[{"href":"https:\/\/prodotti.albaen.it\/francais\/wp-json\/wp\/v2\/media?parent=65247"}],"wp:term":[{"taxonomy":"product_cat","embeddable":true,"href":"https:\/\/prodotti.albaen.it\/francais\/wp-json\/wp\/v2\/product_cat?post=65247"},{"taxonomy":"product_tag","embeddable":true,"href":"https:\/\/prodotti.albaen.it\/francais\/wp-json\/wp\/v2\/product_tag?post=65247"}],"curies":[{"name":"wp","href":"https:\/\/api.w.org\/{rel}","templated":true}]}}