{"id":65390,"date":"2022-05-20T14:38:46","date_gmt":"2022-05-20T12:38:46","guid":{"rendered":"https:\/\/prodotti.albaen.it\/?post_type=product&#038;p=65390"},"modified":"2024-04-22T09:32:24","modified_gmt":"2024-04-22T07:32:24","slug":"scarpa-da-lavoro-p1423ck-s3-texpet","status":"publish","type":"product","link":"https:\/\/prodotti.albaen.it\/francais\/produit\/scarpa-da-lavoro-p1423ck-s3-texpet\/","title":{"rendered":"Chaussure de travail P1423CK S3 TEXPET"},"content":{"rendered":"<p>Chaussures de s\u00e9curit\u00e9 montantes fabriqu\u00e9es avec des mat\u00e9riaux PET recycl\u00e9s, \u00e0 partir de bouteilles en plastique post-consommation. L\u00e9g\u00e8res, \u00e9quip\u00e9es d'un embout de protection et d'un insert anti-clou. Semelle PU double densit\u00e9 pour garantir excellente absorption des chocs et surtout r\u00e9sistance au glissement. Semelle int\u00e9rieure en mousse \u00e0 m\u00e9moire con\u00e7ue pour r\u00e9duire la fatigue du pied et offrir un confort in\u00e9gal\u00e9.<\/p>","protected":false},"excerpt":{"rendered":"<p><strong>Tige<\/strong>: En tissu TEXPET recycl\u00e9 hydrofuge et inserts \nen cro\u00fbte velours<br \/>\n<strong>Doublure: <\/strong>3D respirant<br \/>\n<strong>Embout: <\/strong>Composite, 200-J<br \/>\n<strong>Semelle antiperforation: <\/strong>Textile, non m\u00e9tallique<br \/>\n<strong>Semelle de propret\u00e9: <\/strong>Respirant, antistatique, anatomique y amovible avec MEMORY FOAM<br \/>\n<strong>Semelle:<\/strong>\u00a0PU\/PU double-densit\u00e9 SRC<br \/>\n<strong>Pointure: <\/strong>EU 36-47<br \/>\n<strong>Particuliers:<\/strong> Brodequin S3, SRC, Eco-friendly, norme DGUV 112-191 <img loading=\"lazy\" decoding=\"async\" class=\"alignnone wp-image-65411\" src=\"https:\/\/prodotti.albaen.it\/wp-content\/uploads\/Unknown6-300x38.png\" alt=\"\" width=\"348\" height=\"44\" srcset=\"https:\/\/prodotti.albaen.it\/wp-content\/uploads\/Unknown6-300x38.png 300w, https:\/\/prodotti.albaen.it\/wp-content\/uploads\/Unknown6-1000x126.png 1000w, https:\/\/prodotti.albaen.it\/wp-content\/uploads\/Unknown6-1024x129.png 1024w, https:\/\/prodotti.albaen.it\/wp-content\/uploads\/Unknown6-768x97.png 768w, https:\/\/prodotti.albaen.it\/wp-content\/uploads\/Unknown6-18x2.png 18w, https:\/\/prodotti.albaen.it\/wp-content\/uploads\/Unknown6-320x40.png 320w, https:\/\/prodotti.albaen.it\/wp-content\/uploads\/Unknown6-480x60.png 480w, https:\/\/prodotti.albaen.it\/wp-content\/uploads\/Unknown6-800x101.png 800w, https:\/\/prodotti.albaen.it\/wp-content\/uploads\/Unknown6.png 1072w\" sizes=\"(max-width: 348px) 100vw, 348px\" \/><\/p>\n<h3><span style=\"color: #000000;\"><a style=\"color: #000000;\" href=\"https:\/\/prodotti.albaen.it\/wp-content\/uploads\/P1423CK-S3-Evian.fr_.pdf\">T\u00c9L\u00c9CHARGER LA FICHE TECHNIQUE<\/a><\/span><\/h3>","protected":false},"featured_media":65391,"comment_status":"closed","ping_status":"closed","template":"","meta":[],"product_cat":[8291],"product_tag":[],"yoast_head":"<!-- This site is optimized with the Yoast SEO Premium plugin v15.0 - https:\/\/yoast.com\/wordpress\/plugins\/seo\/ -->\n<title>Scarpa da lavoro P1423CK S3 TEXPET - Albaen Safety Shoes<\/title>\n<meta name=\"description\" content=\"Calzature alte di sicurezza, realizzate con materiali PET riciclati, da bottiglie di plastica post-consumo.\" \/>\n<meta name=\"robots\" content=\"index, follow, max-snippet:-1, max-image-preview:large, max-video-preview:-1\" \/>\n<link rel=\"canonical\" href=\"https:\/\/prodotti.albaen.it\/francais\/produit\/scarpa-da-lavoro-p1423ck-s3-texpet\/\" \/>\n<meta property=\"og:locale\" content=\"fr_FR\" \/>\n<meta property=\"og:type\" content=\"article\" \/>\n<meta property=\"og:title\" content=\"Scarpa da lavoro P1423CK S3 TEXPET - Albaen Safety Shoes\" \/>\n<meta property=\"og:description\" content=\"Calzature alte di sicurezza, realizzate con materiali PET riciclati, da bottiglie di plastica post-consumo.\" \/>\n<meta property=\"og:url\" content=\"https:\/\/prodotti.albaen.it\/francais\/produit\/scarpa-da-lavoro-p1423ck-s3-texpet\/\" \/>\n<meta property=\"og:site_name\" content=\"Alba&amp;N. - Produttori di Scarpe Antinfortunistiche\" \/>\n<meta property=\"article:publisher\" content=\"https:\/\/www.facebook.com\/AlbaenShoes\/\" \/>\n<meta property=\"article:modified_time\" content=\"2024-04-22T07:32:24+00:00\" \/>\n<meta property=\"og:image\" content=\"https:\/\/prodotti.albaen.it\/wp-content\/uploads\/P1423-TEXPET-shoes.jpg\" \/>\n\t<meta property=\"og:image:width\" content=\"1000\" \/>\n\t<meta property=\"og:image:height\" content=\"1000\" \/>\n<meta name=\"twitter:card\" content=\"summary_large_image\" \/>\n<script type=\"application\/ld+json\" class=\"yoast-schema-graph\">{\"@context\":\"https:\/\/schema.org\",\"@graph\":[{\"@type\":\"Organization\",\"@id\":\"https:\/\/prodotti.albaen.it\/francais\/#organization\",\"name\":\"Alba&N\",\"url\":\"https:\/\/prodotti.albaen.it\/francais\/\",\"sameAs\":[\"https:\/\/www.facebook.com\/AlbaenShoes\/\"],\"logo\":{\"@type\":\"ImageObject\",\"@id\":\"https:\/\/prodotti.albaen.it\/francais\/#logo\",\"inLanguage\":\"fr-FR\",\"url\":\"https:\/\/prodotti.albaen.it\/wp-content\/uploads\/2019\/01\/logo1-1.png\",\"width\":269,\"height\":98,\"caption\":\"Alba&N\"},\"image\":{\"@id\":\"https:\/\/prodotti.albaen.it\/francais\/#logo\"}},{\"@type\":\"WebSite\",\"@id\":\"https:\/\/prodotti.albaen.it\/francais\/#website\",\"url\":\"https:\/\/prodotti.albaen.it\/francais\/\",\"name\":\"Alba&N - Produttori di Scarpe Antinfortunistiche\",\"description\":\"Leader Mondiali nella produzione di Scarpe Antinfortunistiche\",\"publisher\":{\"@id\":\"https:\/\/prodotti.albaen.it\/francais\/#organization\"},\"potentialAction\":[{\"@type\":\"SearchAction\",\"target\":\"https:\/\/prodotti.albaen.it\/francais\/?s={search_term_string}\",\"query-input\":\"required name=search_term_string\"}],\"inLanguage\":\"fr-FR\"},{\"@type\":\"ImageObject\",\"@id\":\"https:\/\/prodotti.albaen.it\/prodotto\/scarpa-da-lavoro-p1423ck-s3-texpet\/#primaryimage\",\"inLanguage\":\"fr-FR\",\"url\":\"https:\/\/prodotti.albaen.it\/wp-content\/uploads\/P1423-TEXPET-shoes.jpg\",\"width\":1000,\"height\":1000},{\"@type\":\"WebPage\",\"@id\":\"https:\/\/prodotti.albaen.it\/prodotto\/scarpa-da-lavoro-p1423ck-s3-texpet\/#webpage\",\"url\":\"https:\/\/prodotti.albaen.it\/prodotto\/scarpa-da-lavoro-p1423ck-s3-texpet\/\",\"name\":\"Scarpa da lavoro P1423CK S3 TEXPET - Albaen Safety Shoes\",\"isPartOf\":{\"@id\":\"https:\/\/prodotti.albaen.it\/francais\/#website\"},\"primaryImageOfPage\":{\"@id\":\"https:\/\/prodotti.albaen.it\/prodotto\/scarpa-da-lavoro-p1423ck-s3-texpet\/#primaryimage\"},\"datePublished\":\"2022-05-20T12:38:46+00:00\",\"dateModified\":\"2024-04-22T07:32:24+00:00\",\"description\":\"Calzature alte di sicurezza, realizzate con materiali PET riciclati, da bottiglie di plastica post-consumo.\",\"inLanguage\":\"fr-FR\",\"potentialAction\":[{\"@type\":\"ReadAction\",\"target\":[\"https:\/\/prodotti.albaen.it\/prodotto\/scarpa-da-lavoro-p1423ck-s3-texpet\/\"]}]}]}<\/script>\n<!-- \/ Yoast SEO Premium plugin. -->","_links":{"self":[{"href":"https:\/\/prodotti.albaen.it\/francais\/wp-json\/wp\/v2\/product\/65390"}],"collection":[{"href":"https:\/\/prodotti.albaen.it\/francais\/wp-json\/wp\/v2\/product"}],"about":[{"href":"https:\/\/prodotti.albaen.it\/francais\/wp-json\/wp\/v2\/types\/product"}],"replies":[{"embeddable":true,"href":"https:\/\/prodotti.albaen.it\/francais\/wp-json\/wp\/v2\/comments?post=65390"}],"wp:featuredmedia":[{"embeddable":true,"href":"https:\/\/prodotti.albaen.it\/francais\/wp-json\/wp\/v2\/media\/65391"}],"wp:attachment":[{"href":"https:\/\/prodotti.albaen.it\/francais\/wp-json\/wp\/v2\/media?parent=65390"}],"wp:term":[{"taxonomy":"product_cat","embeddable":true,"href":"https:\/\/prodotti.albaen.it\/francais\/wp-json\/wp\/v2\/product_cat?post=65390"},{"taxonomy":"product_tag","embeddable":true,"href":"https:\/\/prodotti.albaen.it\/francais\/wp-json\/wp\/v2\/product_tag?post=65390"}],"curies":[{"name":"wp","href":"https:\/\/api.w.org\/{rel}","templated":true}]}}