{"id":65403,"date":"2022-06-30T17:27:33","date_gmt":"2022-06-30T15:27:33","guid":{"rendered":"https:\/\/prodotti.albaen.it\/?post_type=product&#038;p=65403"},"modified":"2022-06-30T17:27:33","modified_gmt":"2022-06-30T15:27:33","slug":"scarpa-da-lavoro-p1689ck-s3-src","status":"publish","type":"product","link":"https:\/\/prodotti.albaen.it\/francais\/produit\/scarpa-da-lavoro-p1689ck-s3-src\/","title":{"rendered":"Chaussure de travail P1689CK S3 SRC"},"content":{"rendered":"","protected":false},"excerpt":{"rendered":"<p><strong>Tige<\/strong>: Tissu technique en su\u00e8de respirant et hydrofuge, avec du film de polyur\u00e9thane pour une plus grande r\u00e9sistance aux rayures et \u00e0 l'abrasion<br \/>\n<strong>Garniture<\/strong>: 3D Mesh respirant<br \/>\n<strong>Embout<\/strong>: Composite, 200-J<br \/>\n<strong>Semelle int\u00e9rieure<\/strong>: Respirant, antistatique, anatomique y amovible avec MEMORY FOAM<br \/>\n<strong>Semelle<\/strong>: Textile, non m\u00e9tallique<br \/>\n<strong>Semelle<\/strong>: PU\/PU double densit\u00e9 SRC<br \/>\n<strong>Tailles<\/strong>: 36-48<br \/>\n<strong>Particuliers<\/strong>: Basket de s\u00e9curit\u00e9 S3,  SRC, 100% Amagn\u00e9tique,  DGUV 112-191<br \/>\n<strong>Couleur<\/strong>: Noir<\/p>","protected":false},"featured_media":65405,"comment_status":"closed","ping_status":"closed","template":"","meta":[],"product_cat":[8291],"product_tag":[],"yoast_head":"<!-- This site is optimized with the Yoast SEO Premium plugin v15.0 - https:\/\/yoast.com\/wordpress\/plugins\/seo\/ -->\n<title>Scarpa da lavoro P1689CK S3 SRC - Alba&amp;N. - Produttori di Scarpe Antinfortunistiche<\/title>\n<meta name=\"robots\" content=\"index, follow, max-snippet:-1, max-image-preview:large, max-video-preview:-1\" \/>\n<link rel=\"canonical\" href=\"https:\/\/prodotti.albaen.it\/francais\/produit\/scarpa-da-lavoro-p1689ck-s3-src\/\" \/>\n<meta property=\"og:locale\" content=\"fr_FR\" \/>\n<meta property=\"og:type\" content=\"article\" \/>\n<meta property=\"og:title\" content=\"Scarpa da lavoro P1689CK S3 SRC - Alba&amp;N. - Produttori di Scarpe Antinfortunistiche\" \/>\n<meta property=\"og:description\" content=\"Tomaia: Tessuto tecnico scamosciato traspirante, idrorepellente rivestito in punta e sui lati con film poliuretanico per maggiore resistenza a graffi ed abrasioni Fodera: 3D traspirante Puntale: Composito resistente fino a 200-J Sottopiede: Traspirante, antistatico, anatomico e rimovibile con MEMORY FOAM Lamina: Tessuto antiperforazione Suola:\u00a0PU\/PU bi-densit\u00e0 SRC Taglie: 36-48 Particolari: Calzatura S3; 100% Metalfree, Norma DGUV 112-191 Colore: Nero\" \/>\n<meta property=\"og:url\" content=\"https:\/\/prodotti.albaen.it\/francais\/produit\/scarpa-da-lavoro-p1689ck-s3-src\/\" \/>\n<meta property=\"og:site_name\" content=\"Alba&amp;N. - Produttori di Scarpe Antinfortunistiche\" \/>\n<meta property=\"article:publisher\" content=\"https:\/\/www.facebook.com\/AlbaenShoes\/\" \/>\n<meta property=\"og:image\" content=\"https:\/\/prodotti.albaen.it\/wp-content\/uploads\/nuovo-modello.jpg\" \/>\n\t<meta property=\"og:image:width\" content=\"1000\" \/>\n\t<meta property=\"og:image:height\" content=\"1000\" \/>\n<meta name=\"twitter:card\" content=\"summary_large_image\" \/>\n<script type=\"application\/ld+json\" class=\"yoast-schema-graph\">{\"@context\":\"https:\/\/schema.org\",\"@graph\":[{\"@type\":\"Organization\",\"@id\":\"https:\/\/prodotti.albaen.it\/francais\/#organization\",\"name\":\"Alba&N\",\"url\":\"https:\/\/prodotti.albaen.it\/francais\/\",\"sameAs\":[\"https:\/\/www.facebook.com\/AlbaenShoes\/\"],\"logo\":{\"@type\":\"ImageObject\",\"@id\":\"https:\/\/prodotti.albaen.it\/francais\/#logo\",\"inLanguage\":\"fr-FR\",\"url\":\"https:\/\/prodotti.albaen.it\/wp-content\/uploads\/2019\/01\/logo1-1.png\",\"width\":269,\"height\":98,\"caption\":\"Alba&N\"},\"image\":{\"@id\":\"https:\/\/prodotti.albaen.it\/francais\/#logo\"}},{\"@type\":\"WebSite\",\"@id\":\"https:\/\/prodotti.albaen.it\/francais\/#website\",\"url\":\"https:\/\/prodotti.albaen.it\/francais\/\",\"name\":\"Alba&N - Produttori di Scarpe Antinfortunistiche\",\"description\":\"Leader Mondiali nella produzione di Scarpe Antinfortunistiche\",\"publisher\":{\"@id\":\"https:\/\/prodotti.albaen.it\/francais\/#organization\"},\"potentialAction\":[{\"@type\":\"SearchAction\",\"target\":\"https:\/\/prodotti.albaen.it\/francais\/?s={search_term_string}\",\"query-input\":\"required name=search_term_string\"}],\"inLanguage\":\"fr-FR\"},{\"@type\":\"ImageObject\",\"@id\":\"https:\/\/prodotti.albaen.it\/prodotto\/scarpa-da-lavoro-p1689ck-s3-src\/#primaryimage\",\"inLanguage\":\"fr-FR\",\"url\":\"https:\/\/prodotti.albaen.it\/wp-content\/uploads\/nuovo-modello.jpg\",\"width\":1000,\"height\":1000},{\"@type\":\"WebPage\",\"@id\":\"https:\/\/prodotti.albaen.it\/prodotto\/scarpa-da-lavoro-p1689ck-s3-src\/#webpage\",\"url\":\"https:\/\/prodotti.albaen.it\/prodotto\/scarpa-da-lavoro-p1689ck-s3-src\/\",\"name\":\"Scarpa da lavoro P1689CK S3 SRC - Alba&amp;N. - Produttori di Scarpe Antinfortunistiche\",\"isPartOf\":{\"@id\":\"https:\/\/prodotti.albaen.it\/francais\/#website\"},\"primaryImageOfPage\":{\"@id\":\"https:\/\/prodotti.albaen.it\/prodotto\/scarpa-da-lavoro-p1689ck-s3-src\/#primaryimage\"},\"datePublished\":\"2022-06-30T15:27:33+00:00\",\"dateModified\":\"2022-06-30T15:27:33+00:00\",\"inLanguage\":\"fr-FR\",\"potentialAction\":[{\"@type\":\"ReadAction\",\"target\":[\"https:\/\/prodotti.albaen.it\/prodotto\/scarpa-da-lavoro-p1689ck-s3-src\/\"]}]}]}<\/script>\n<!-- \/ Yoast SEO Premium plugin. -->","_links":{"self":[{"href":"https:\/\/prodotti.albaen.it\/francais\/wp-json\/wp\/v2\/product\/65403"}],"collection":[{"href":"https:\/\/prodotti.albaen.it\/francais\/wp-json\/wp\/v2\/product"}],"about":[{"href":"https:\/\/prodotti.albaen.it\/francais\/wp-json\/wp\/v2\/types\/product"}],"replies":[{"embeddable":true,"href":"https:\/\/prodotti.albaen.it\/francais\/wp-json\/wp\/v2\/comments?post=65403"}],"wp:featuredmedia":[{"embeddable":true,"href":"https:\/\/prodotti.albaen.it\/francais\/wp-json\/wp\/v2\/media\/65405"}],"wp:attachment":[{"href":"https:\/\/prodotti.albaen.it\/francais\/wp-json\/wp\/v2\/media?parent=65403"}],"wp:term":[{"taxonomy":"product_cat","embeddable":true,"href":"https:\/\/prodotti.albaen.it\/francais\/wp-json\/wp\/v2\/product_cat?post=65403"},{"taxonomy":"product_tag","embeddable":true,"href":"https:\/\/prodotti.albaen.it\/francais\/wp-json\/wp\/v2\/product_tag?post=65403"}],"curies":[{"name":"wp","href":"https:\/\/api.w.org\/{rel}","templated":true}]}}