{"id":65706,"date":"2022-11-16T14:53:10","date_gmt":"2022-11-16T13:53:10","guid":{"rendered":"https:\/\/prodotti.albaen.it\/?post_type=product&#038;p=65706"},"modified":"2024-06-26T11:12:48","modified_gmt":"2024-06-26T09:12:48","slug":"polacco-da-lavoro-vesuvio-h03ck-s3l-fo-src-marrone","status":"publish","type":"product","link":"https:\/\/prodotti.albaen.it\/francais\/produit\/polacco-da-lavoro-vesuvio-h03ck-s3l-fo-src-marrone\/","title":{"rendered":"VESUVIO S3L FO SR"},"content":{"rendered":"<div class=\"vc_row wpb_row vc_row-fluid\"><div class=\"wpb_column vc_column_container vc_col-sm-6\"><div class=\"vc_column-inner\"><div class=\"wpb_wrapper\">\n\t<div class=\"wpb_text_column wpb_content_element\" >\n\t\t<div class=\"wpb_wrapper\">\n\t\t\t<p>Bottine de travail VESUVIO H03CK S3L FO SR MARRON, en cuir pleine fleur hydrofuge.<br \/>\nLanguette et col en \u00e9co-cuir souple.<br \/>\nCrochets non-m\u00e9talliques.<\/p>\n<p><strong>DOUBLURE <\/strong>en tissu \u00e0 effet 3D ou tridimensionnel, respirante avec une excellente r\u00e9sistance \u00e0 l'abrasion.<br \/>\n<strong><br \/>\nSCHUTZKAPPE<\/strong> en mat\u00e9riau composite, r\u00e9sistant \u00e0 un impact \u00e9gal \u00e0 une force de 200 joules et \u00e0 une compression jusqu'\u00e0 15Kn. L\u00e9ger, non magn\u00e9tique et athermique.<\/p>\n<p><strong>SEMELLE ANTI-PERFORATION<\/strong> en textile, r\u00e9sistante \u00e0 la perforation jusqu'\u00e0 1100N. Prot\u00e8ge toute la surface de la plante du pied. Flexible et confortable, non magn\u00e9tique, antistatique et isolant thermique.<\/p>\n<p><strong>SEMELLE<\/strong> en PU\/PU bi-densit\u00e9, antistatique, antid\u00e9rapante, r\u00e9sistante aux huiles et hydrocarbures, absorption des chocs au niveau du talon.<\/p>\n<p><strong>TRETEN<\/strong> avec reliefs pour une adh\u00e9rence exceptionnelle m\u00eame sur terrain accident\u00e9 et des les surfaces mouill\u00e9es.<\/p>\n<p><strong>SEMELLE INT\u00c9RIEURE<\/strong> antistatique, respirante, amovible \"PS03-Claudia\".<\/p>\n<p><strong>AJUSTEMENT<\/strong> <em>Mondopoint<\/em> 11 \u2013 large et confortable.<\/p>\n<p><strong>R\u00c9GULATION<\/strong> EN ISO 20345:2022<\/p>\n<p><strong>POIDS<\/strong> gr. 730 \u00bd combat 42<\/p>\n\n\t\t<\/div>\n\t<\/div>\n<\/div><\/div><\/div><div class=\"wpb_column vc_column_container vc_col-sm-6\"><div class=\"vc_column-inner\"><div class=\"wpb_wrapper\">\n\t<div class=\"wpb_text_column wpb_content_element\" >\n\t\t<div class=\"wpb_wrapper\">\n\t\t\t<p>La gamme HUMMER est id\u00e9ale pour ceux qui recherchent le summum de la performance et du raffinement, alliant la puissance de la haute performance au luxe du confort.<br \/>\nChoisissez la s\u00e9curit\u00e9 et le confort sans compromis avec VESUVIO by <a href=\"https:\/\/albaen.it\/\">Alba&amp;n<\/a> XQT.<\/p>\n<p>XQT by <a href=\"https:\/\/albaen.it\/\">Alba&amp;n<\/a> est la deuxi\u00e8me marque d\u2019ALBA&amp;N et est l\u2019acronyme d\u2019eXtra Quality Technology, un concept qui incarne la technologie en m\u00eame temps que le confort, pour garantir des normes de s\u00e9curit\u00e9 \u00e9lev\u00e9es sans jamais sacrifier le bien-\u00eatre.<\/p>\n\n\t\t<\/div>\n\t<\/div>\n<div class=\"icons_cat_title\"> <h2>Cat\u00e9gories de protection <\/h2><\/div><div class=\"container row\"> \n\t\t\t<div>\n  <ul class=\"image-gallery\"><li style=\"float: left;\">  <img decoding=\"async\" src=\"https:\/\/prodotti.albaen.it\/wp-content\/uploads\/simboletti-06.png\"  alt=\"Antistatique\" style=\"height:110px;\"\/> <span class=\"products_icons products_icons1\">Antistatique<\/span> <\/li><li style=\"float: left;\">  <img decoding=\"async\" src=\"https:\/\/prodotti.albaen.it\/wp-content\/uploads\/simboletti-07.png\"  alt=\"Absorption d&#039;\u00e9nergie dans le talon\" style=\"height:110px;\"\/> <span class=\"products_icons products_icons1\">Absorption d'\u00e9nergie dans le talon<\/span> <\/li><li style=\"float: left;\">  <img decoding=\"async\" src=\"https:\/\/prodotti.albaen.it\/wp-content\/uploads\/simboletti-09.png\"  alt=\"Inserto antiforo tessile resistente alla perforazione \u00d8=4,5mm\" style=\"height:110px;\"\/> <span class=\"products_icons products_icons1\">Inserto antiforo tessile resistente alla perforazione \u00d8=4,5mm<\/span> <\/li><li style=\"float: left;\">  <img decoding=\"async\" src=\"https:\/\/prodotti.albaen.it\/wp-content\/uploads\/simboletti-22.png\"  alt=\"R\u00e9sistance aux chocs et \u00e0 la compression\" style=\"height:110px;\"\/> <span class=\"products_icons products_icons1\">R\u00e9sistance aux chocs et \u00e0 la compression<\/span> <\/li><li style=\"float: left;\">  <img decoding=\"async\" src=\"https:\/\/prodotti.albaen.it\/wp-content\/uploads\/simboletti-12.png\"  alt=\"Antid\u00e9rapant - Sol c\u00e9ramique + glyc\u00e9rine\" style=\"height:110px;\"\/> <span class=\"products_icons products_icons1\">Antid\u00e9rapant - Sol c\u00e9ramique + glyc\u00e9rine<\/span> <\/li><li style=\"float: left;\">  <img decoding=\"async\" src=\"https:\/\/prodotti.albaen.it\/wp-content\/uploads\/simboletti-04.png\"  alt=\"Semelle r\u00e9sistante aux huiles et aux hydrocarbures\" style=\"height:110px;\"\/> <span class=\"products_icons products_icons1\">Semelle r\u00e9sistante aux huiles et aux hydrocarbures<\/span> <\/li><li style=\"float: left;\">  <img decoding=\"async\" src=\"https:\/\/prodotti.albaen.it\/wp-content\/uploads\/simboletti-01.png\"  alt=\"Tomaia resistente all\u2019assorbimento e alla penetrazione dell\u2019acqua\" style=\"height:110px;\"\/> <span class=\"products_icons products_icons1\">Tomaia resistente all\u2019assorbimento e alla penetrazione dell\u2019acqua<\/span> <\/li><\/ul>\n<\/div><\/div>\n\t<div class=\"wpb_text_column wpb_content_element\" >\n\t\t<div class=\"wpb_wrapper\">\n\t\t\t\n\n\t\t<\/div>\n\t<\/div>\n<div class=\"icons_cat_title\"> <h2>Secteurs d'utilisation <\/h2><\/div><div class=\"container row\"> \n\t\t\t<div>\n  <ul class=\"image-gallery\"><li style=\"float: left;\"> <img decoding=\"async\" src=\"https:\/\/prodotti.albaen.it\/wp-content\/uploads\/Agricoltura-_-Giardinaggio-1.png\" alt=\"Agriculture \/ Jardinage\" style=\"height:60px;\"\/>  <span class=\"products_icons\">Agriculture \/ Jardinage<\/span> <\/li><li style=\"float: left;\"> <img decoding=\"async\" src=\"https:\/\/prodotti.albaen.it\/wp-content\/uploads\/Edilizia-e-Carpenteria-1.png\" alt=\"Construction et Menuiserie\" style=\"height:60px;\"\/>  <span class=\"products_icons\">Construction et Menuiserie<\/span> <\/li><li style=\"float: left;\"> <img decoding=\"async\" src=\"https:\/\/prodotti.albaen.it\/wp-content\/uploads\/Industria-Metalmeccanica-1.png\" alt=\"Industrie M\u00e9tallurgique\" style=\"height:60px;\"\/>  <span class=\"products_icons\">Industrie M\u00e9tallurgique<\/span> <\/li><li style=\"float: left;\"> <img decoding=\"async\" src=\"https:\/\/prodotti.albaen.it\/wp-content\/uploads\/Miniere-_-Estrazione-1.png\" alt=\"Exploitation mini\u00e8re\/extraction de pierre\" style=\"height:60px;\"\/>  <span class=\"products_icons\">Exploitation mini\u00e8re\/extraction de pierre<\/span> <\/li><li style=\"float: left;\"> <img decoding=\"async\" src=\"https:\/\/prodotti.albaen.it\/wp-content\/uploads\/Industria-Pesante-1.png\" alt=\"Industrie lourde\" style=\"height:60px;\"\/>  <span class=\"products_icons\">Industrie lourde<\/span> <\/li><li style=\"float: left;\"> <img decoding=\"async\" src=\"https:\/\/prodotti.albaen.it\/wp-content\/uploads\/Smaltimento-rifiuti1.png\" alt=\"Traitement des d\u00e9chets\" style=\"height:60px;\"\/>  <span class=\"products_icons\">Traitement des d\u00e9chets<\/span> <\/li><\/ul>\n<\/div><\/div>\n\t<div class=\"wpb_text_column wpb_content_element\" >\n\t\t<div class=\"wpb_wrapper\">\n\t\t\t\n\n\t\t<\/div>\n\t<\/div>\n<div class=\"icons_cat_title\"> <h2>La technologie <\/h2><\/div><div class=\"container row\"> \n\t\t\t<div>\n  <ul class=\"image-gallery\"><li style=\"float: left;\"><img decoding=\"async\" src=\"https:\/\/prodotti.albaen.it\/wp-content\/uploads\/Xqt-_2.png\"  alt=\"Extra Quality Technology\" style=\"height:60px;\"\/><span class=\"products_icons\">Extra Quality Technology<\/span><\/li><li style=\"float: left;\"><img decoding=\"async\" src=\"https:\/\/prodotti.albaen.it\/wp-content\/uploads\/No-nail-tex.png\"  alt=\"Plaque en tissu anti-crevaison\" style=\"height:60px;\"\/><span class=\"products_icons\">Plaque en tissu anti-crevaison<\/span><\/li><li style=\"float: left;\"><img decoding=\"async\" src=\"https:\/\/prodotti.albaen.it\/wp-content\/uploads\/C-Cap.png\"  alt=\"Embout de s\u00e9curit\u00e9 composite\" style=\"height:60px;\"\/><span class=\"products_icons\">Embout de s\u00e9curit\u00e9 composite<\/span><\/li><\/ul>\n<\/div><\/div>\n\t<div class=\"wpb_text_column wpb_content_element\" >\n\t\t<div class=\"wpb_wrapper\">\n\t\t\t<p><strong><\/strong><\/p>\n\n\t\t<\/div>\n\t<\/div>\n<\/div><\/div><\/div><\/div>","protected":false},"excerpt":{"rendered":"<p>Explorez l'innovation avec la bottine de travail VESUVIO S3L FO SR.<br \/>\nCertifi\u00e9e EN ISO 20345 :2022, elle offre un excellent confort et une protection exclusive.<br \/>\nD\u00e9velopp\u00e9e avec des mat\u00e9riaux haut de gamme, une coque de protection contre les chocs et la compression et une semelle r\u00e9sistante \u00e0 la p\u00e9n\u00e9tration des clous, elle garantit une qualit\u00e9 in\u00e9gal\u00e9e sans renoncer aux niveaux de performance.<\/p>\n<p><a href=\"https:\/\/prodotti.albaen.it\/wp-content\/uploads\/H03K-S3L-FO-SR-marron.fr_.pdf\"><button class=\"btn1\">T\u00c9L\u00c9CHARGEZ LA FICHE TECHNIQUE<\/button><\/a> \u00a0\u00a0<a href=\"https:\/\/prodotti.albaen.it\/wp-content\/uploads\/H03CK-S3L-Dich.-conformita-1.pdf\"><button><span style=\"vertical-align: inherit;\">D\u00c9CLARATION DE CONFORMIT\u00c9<\/span><\/button><\/a><\/p>","protected":false},"featured_media":65756,"comment_status":"closed","ping_status":"closed","template":"","meta":[],"product_cat":[8275,8292],"product_tag":[],"yoast_head":"<!-- This site is optimized with the Yoast SEO Premium plugin v15.0 - https:\/\/yoast.com\/wordpress\/plugins\/seo\/ -->\n<title>Polacco alto da lavoro VESUVIO H03CK S3L FO SR Marrone, Alba&amp;n<\/title>\n<meta name=\"description\" content=\"Sicurezza e comfort imbattibili con il polacco da lavoro VESUVIO H03CK S3L FO SR. Acquista ora per prestazioni elevate nel lavoro.\" \/>\n<meta name=\"robots\" content=\"index, follow, max-snippet:-1, max-image-preview:large, max-video-preview:-1\" \/>\n<link rel=\"canonical\" href=\"https:\/\/prodotti.albaen.it\/francais\/produit\/polacco-da-lavoro-vesuvio-h03ck-s3l-fo-src-marrone\/\" \/>\n<meta property=\"og:locale\" content=\"fr_FR\" \/>\n<meta property=\"og:type\" content=\"article\" \/>\n<meta property=\"og:title\" content=\"Polacco alto da lavoro VESUVIO H03CK S3L FO SR Marrone, Alba&amp;n\" \/>\n<meta property=\"og:description\" content=\"Sicurezza e comfort imbattibili con il polacco da lavoro VESUVIO H03CK S3L FO SR. Acquista ora per prestazioni elevate nel lavoro.\" \/>\n<meta property=\"og:url\" content=\"https:\/\/prodotti.albaen.it\/francais\/produit\/polacco-da-lavoro-vesuvio-h03ck-s3l-fo-src-marrone\/\" \/>\n<meta property=\"og:site_name\" content=\"Alba&amp;N. - Produttori di Scarpe Antinfortunistiche\" \/>\n<meta property=\"article:publisher\" content=\"https:\/\/www.facebook.com\/AlbaenShoes\/\" \/>\n<meta property=\"article:modified_time\" content=\"2024-06-26T09:12:48+00:00\" \/>\n<meta property=\"og:image\" content=\"https:\/\/prodotti.albaen.it\/wp-content\/uploads\/H03CK-S3L-FO-SR-marrone_2_1.jpg\" \/>\n\t<meta property=\"og:image:width\" content=\"1000\" \/>\n\t<meta property=\"og:image:height\" content=\"1000\" \/>\n<meta name=\"twitter:card\" content=\"summary_large_image\" \/>\n<script type=\"application\/ld+json\" class=\"yoast-schema-graph\">{\"@context\":\"https:\/\/schema.org\",\"@graph\":[{\"@type\":\"Organization\",\"@id\":\"https:\/\/prodotti.albaen.it\/francais\/#organization\",\"name\":\"Alba&N\",\"url\":\"https:\/\/prodotti.albaen.it\/francais\/\",\"sameAs\":[\"https:\/\/www.facebook.com\/AlbaenShoes\/\"],\"logo\":{\"@type\":\"ImageObject\",\"@id\":\"https:\/\/prodotti.albaen.it\/francais\/#logo\",\"inLanguage\":\"fr-FR\",\"url\":\"https:\/\/prodotti.albaen.it\/wp-content\/uploads\/2019\/01\/logo1-1.png\",\"width\":269,\"height\":98,\"caption\":\"Alba&N\"},\"image\":{\"@id\":\"https:\/\/prodotti.albaen.it\/francais\/#logo\"}},{\"@type\":\"WebSite\",\"@id\":\"https:\/\/prodotti.albaen.it\/francais\/#website\",\"url\":\"https:\/\/prodotti.albaen.it\/francais\/\",\"name\":\"Alba&N - Produttori di Scarpe Antinfortunistiche\",\"description\":\"Leader Mondiali nella produzione di Scarpe Antinfortunistiche\",\"publisher\":{\"@id\":\"https:\/\/prodotti.albaen.it\/francais\/#organization\"},\"potentialAction\":[{\"@type\":\"SearchAction\",\"target\":\"https:\/\/prodotti.albaen.it\/francais\/?s={search_term_string}\",\"query-input\":\"required name=search_term_string\"}],\"inLanguage\":\"fr-FR\"},{\"@type\":\"ImageObject\",\"@id\":\"https:\/\/prodotti.albaen.it\/prodotto\/polacco-da-lavoro-vesuvio-h03ck-s3l-fo-src-marrone\/#primaryimage\",\"inLanguage\":\"fr-FR\",\"url\":\"https:\/\/prodotti.albaen.it\/wp-content\/uploads\/H03CK-S3L-FO-SR-marrone_2_1.jpg\",\"width\":1000,\"height\":1000,\"caption\":\"Polacco alto da lavoro\"},{\"@type\":\"WebPage\",\"@id\":\"https:\/\/prodotti.albaen.it\/prodotto\/polacco-da-lavoro-vesuvio-h03ck-s3l-fo-src-marrone\/#webpage\",\"url\":\"https:\/\/prodotti.albaen.it\/prodotto\/polacco-da-lavoro-vesuvio-h03ck-s3l-fo-src-marrone\/\",\"name\":\"Polacco alto da lavoro VESUVIO H03CK S3L FO SR Marrone, Alba&n\",\"isPartOf\":{\"@id\":\"https:\/\/prodotti.albaen.it\/francais\/#website\"},\"primaryImageOfPage\":{\"@id\":\"https:\/\/prodotti.albaen.it\/prodotto\/polacco-da-lavoro-vesuvio-h03ck-s3l-fo-src-marrone\/#primaryimage\"},\"datePublished\":\"2022-11-16T13:53:10+00:00\",\"dateModified\":\"2024-06-26T09:12:48+00:00\",\"description\":\"Sicurezza e comfort imbattibili con il polacco da lavoro VESUVIO H03CK S3L FO SR. Acquista ora per prestazioni elevate nel lavoro.\",\"inLanguage\":\"fr-FR\",\"potentialAction\":[{\"@type\":\"ReadAction\",\"target\":[\"https:\/\/prodotti.albaen.it\/prodotto\/polacco-da-lavoro-vesuvio-h03ck-s3l-fo-src-marrone\/\"]}]}]}<\/script>\n<!-- \/ Yoast SEO Premium plugin. -->","_links":{"self":[{"href":"https:\/\/prodotti.albaen.it\/francais\/wp-json\/wp\/v2\/product\/65706"}],"collection":[{"href":"https:\/\/prodotti.albaen.it\/francais\/wp-json\/wp\/v2\/product"}],"about":[{"href":"https:\/\/prodotti.albaen.it\/francais\/wp-json\/wp\/v2\/types\/product"}],"replies":[{"embeddable":true,"href":"https:\/\/prodotti.albaen.it\/francais\/wp-json\/wp\/v2\/comments?post=65706"}],"wp:featuredmedia":[{"embeddable":true,"href":"https:\/\/prodotti.albaen.it\/francais\/wp-json\/wp\/v2\/media\/65756"}],"wp:attachment":[{"href":"https:\/\/prodotti.albaen.it\/francais\/wp-json\/wp\/v2\/media?parent=65706"}],"wp:term":[{"taxonomy":"product_cat","embeddable":true,"href":"https:\/\/prodotti.albaen.it\/francais\/wp-json\/wp\/v2\/product_cat?post=65706"},{"taxonomy":"product_tag","embeddable":true,"href":"https:\/\/prodotti.albaen.it\/francais\/wp-json\/wp\/v2\/product_tag?post=65706"}],"curies":[{"name":"wp","href":"https:\/\/api.w.org\/{rel}","templated":true}]}}