{"id":65855,"date":"2024-04-24T09:21:35","date_gmt":"2024-04-24T07:21:35","guid":{"rendered":"https:\/\/prodotti.albaen.it\/?post_type=product&#038;p=65855"},"modified":"2024-06-26T10:37:51","modified_gmt":"2024-06-26T08:37:51","slug":"scarpa-antinfortunistica-borealis-p1423ck-s3-src","status":"publish","type":"product","link":"https:\/\/prodotti.albaen.it\/francais\/produit\/scarpa-antinfortunistica-borealis-p1423ck-s3-src\/","title":{"rendered":"BOREALIS S3 SRC"},"content":{"rendered":"<div class=\"vc_row wpb_row vc_row-fluid\"><div class=\"wpb_column vc_column_container vc_col-sm-6\"><div class=\"vc_column-inner\"><div class=\"wpb_wrapper\">\n\t<div class=\"wpb_text_column wpb_content_element\" >\n\t\t<div class=\"wpb_wrapper\">\n\t\t\t<p>Bottines de s\u00e9curit\u00e9 de classe S3, avec semelle antid\u00e9rapante certifi\u00e9e au plus haut niveau SRC, embout de protection et semelle interm\u00e9diaire r\u00e9sistante aux clous en mat\u00e9riaux non m\u00e9talliques.<\/p>\n<p><strong><span style=\"vertical-align: inherit;\">TIGE<\/span><\/strong><span style=\"vertical-align: inherit;\"> Tige en tissu technique de technologie PUTEK\u00ae - haute t\u00e9nacit\u00e9, r\u00e9sistante \u00e0 l\u2019abrasion, l\u00e9g\u00e8re, respirante et hydrofuge, avec inserts en tissu velours et insert r\u00e9tro-r\u00e9fl\u00e9chissant sur le c\u00f4t\u00e9.<br \/>\n<\/span><br \/>\n<strong><span style=\"vertical-align: inherit;\">DOUBLURE<\/span><\/strong><span style=\"vertical-align: inherit;\"> en textile effet 3D, respirant et avec une excellente r\u00e9sistance \u00e0 l\u2019abrasion. Talon renforc\u00e9 en microfibre pour une action antid\u00e9rapante et anti-usure.<br \/>\n<\/span><br \/>\n<strong><span style=\"vertical-align: inherit;\">SCHUTZKAPPE<\/span><\/strong><span style=\"vertical-align: inherit;\"> non m\u00e9tallique, en mat\u00e9riau composite, r\u00e9sistant aux chocs jusqu\u2019\u00e0 200J et \u00e0 la compression jusqu\u2019\u00e0 15Kn. L\u00e9ger, non magn\u00e9tique et isolant thermique.<br \/>\n<\/span><br \/>\n<strong><span style=\"vertical-align: inherit;\">SEMELLE ANTI-PERFORATION<\/span><\/strong><span style=\"vertical-align: inherit;\"> en textile, r\u00e9sistante \u00e0 la perforation jusqu'\u00e0 1100N. Prot\u00e8ge toute la surface de la plante du pied. Flexible et confortable, non magn\u00e9tique, antistatique et isolant thermique.<br \/>\n<\/span><br \/>\n<strong><span style=\"vertical-align: inherit;\">SEMELLE<\/span><\/strong><span style=\"vertical-align: inherit;\"> inject\u00e9 en PU\/PU double densit\u00e9, antistatique, antid\u00e9rapant, r\u00e9sistant \u00e0 l\u2019huile et aux hydrocarbures, absorption des chocs dans la zone du talon.<br \/>\n<\/span><br \/>\n<strong><span style=\"vertical-align: inherit;\">SEMELLE INT\u00c9RIEURE <\/span><\/strong><span style=\"vertical-align: inherit;\">ELISA MEMORY anatomique en PU antistatique et absorbant les chocs, recouvert d\u2019un tissu respirant et anti-abrasion. Coussin de talon en PU pour une meilleure absorption des chocs et couche de mousse \u00e0 m\u00e9moire de forme auto-moulante pour un confort in\u00e9gal\u00e9. Antistatique, amovible et lavable.<\/span><span style=\"vertical-align: inherit;\"><br \/>\n<\/span><br \/>\n<strong><span style=\"vertical-align: inherit;\">AJUSTEMENT <\/span><\/strong> <em><span style=\"vertical-align: inherit;\">Mondopoint<\/span><\/em><span style=\"vertical-align: inherit;\"> \u00a011 \u2013 large et confortable.<br \/>\n<\/span><br \/>\n<strong><span style=\"vertical-align: inherit;\">R\u00c9GULATION<\/span><\/strong><span style=\"vertical-align: inherit;\"> EN ISO 20345:2011, DGUV 112-191<br \/>\n<\/span><br \/>\n<strong><span style=\"vertical-align: inherit;\">POIDS<\/span><\/strong><span style=\"vertical-align: inherit;\"> gr 540 \u00bd pair 42<\/span><\/p>\n\n\t\t<\/div>\n\t<\/div>\n<\/div><\/div><\/div><div class=\"wpb_column vc_column_container vc_col-sm-6\"><div class=\"vc_column-inner\"><div class=\"wpb_wrapper\">\n\t<div class=\"wpb_text_column wpb_content_element\" >\n\t\t<div class=\"wpb_wrapper\">\n\t\t\t<p>Les chaussures de s\u00e9curit\u00e9 de la ligne Performer incarnent toutes les caract\u00e9ristiques cl\u00e9s d'une chaussure de sport confortable: l\u00e9g\u00e8ret\u00e9, polyvalence, flexibilit\u00e9, adh\u00e9rence et design. Id\u00e9ales pour l\u2019industrie l\u00e9g\u00e8re et les activit\u00e9s de logistique, d\u2019entrep\u00f4t et de transport.<\/p>\n<p><strong>PLUS TECHNIQUE:<\/strong> les chaussures de la ligne Performer sont con\u00e7ues et certifi\u00e9es pour accueillir \u00e9galement les semelles orthop\u00e9diques SECOSOL r\u00e9gies par la norme DGUV 112-19.<\/p>\n\n\t\t<\/div>\n\t<\/div>\n<div class=\"icons_cat_title\"> <h2>Cat\u00e9gories de protection <\/h2><\/div><div class=\"container row\"> \n\t\t\t<div>\n  <ul class=\"image-gallery\"><li style=\"float: left;\">  <img decoding=\"async\" src=\"https:\/\/prodotti.albaen.it\/wp-content\/uploads\/simboletti-06.png\"  alt=\"Antistatique\" style=\"height:110px;\"\/> <span class=\"products_icons products_icons1\">Antistatique<\/span> <\/li><li style=\"float: left;\">  <img decoding=\"async\" src=\"https:\/\/prodotti.albaen.it\/wp-content\/uploads\/simboletti-07.png\"  alt=\"Absorption d&#039;\u00e9nergie dans le talon\" style=\"height:110px;\"\/> <span class=\"products_icons products_icons1\">Absorption d'\u00e9nergie dans le talon<\/span> <\/li><li style=\"float: left;\">  <img decoding=\"async\" src=\"https:\/\/prodotti.albaen.it\/wp-content\/uploads\/simboletti-08.png\"  alt=\"Insert anti-crevaison, r\u00e9sistant \u00e0 la perforation \u00d8=4,5mm\" style=\"height:110px;\"\/> <span class=\"products_icons products_icons1\">Insert anti-crevaison, r\u00e9sistant \u00e0 la perforation \u00d8=4,5mm<\/span> <\/li><li style=\"float: left;\">  <img decoding=\"async\" src=\"https:\/\/prodotti.albaen.it\/wp-content\/uploads\/simboletti-02.png\"  alt=\"R\u00e9sistance \u00e0 l&#039;absorption et \u00e0 la p\u00e9n\u00e9tration de l&#039;eau\" style=\"height:110px;\"\/> <span class=\"products_icons products_icons1\">R\u00e9sistance \u00e0 l'absorption et \u00e0 la p\u00e9n\u00e9tration de l'eau<\/span> <\/li><li style=\"float: left;\">  <img decoding=\"async\" src=\"https:\/\/prodotti.albaen.it\/wp-content\/uploads\/simboletti-22.png\"  alt=\"R\u00e9sistance aux chocs et \u00e0 la compression\" style=\"height:110px;\"\/> <span class=\"products_icons products_icons1\">R\u00e9sistance aux chocs et \u00e0 la compression<\/span> <\/li><li style=\"float: left;\">  <img decoding=\"async\" src=\"https:\/\/prodotti.albaen.it\/wp-content\/uploads\/simboletti-11.png\"  alt=\"R\u00e9sistance au glissement\" style=\"height:110px;\"\/> <span class=\"products_icons products_icons1\">R\u00e9sistance au glissement<\/span> <\/li><li style=\"float: left;\">  <img decoding=\"async\" src=\"https:\/\/prodotti.albaen.it\/wp-content\/uploads\/simboletti-04.png\"  alt=\"Semelle r\u00e9sistante aux huiles et aux hydrocarbures\" style=\"height:110px;\"\/> <span class=\"products_icons products_icons1\">Semelle r\u00e9sistante aux huiles et aux hydrocarbures<\/span> <\/li><\/ul>\n<\/div><\/div>\n\t<div class=\"wpb_text_column wpb_content_element\" >\n\t\t<div class=\"wpb_wrapper\">\n\t\t\t\n\n\t\t<\/div>\n\t<\/div>\n<div class=\"icons_cat_title\"> <h2>Secteurs d'utilisation <\/h2><\/div><div class=\"container row\"> \n\t\t\t<div>\n  <ul class=\"image-gallery\"><li style=\"float: left;\"> <img decoding=\"async\" src=\"https:\/\/prodotti.albaen.it\/wp-content\/uploads\/Artigianato-_-Officine-1.png\" alt=\"Artisanat \/ Ateliers\" style=\"height:60px;\"\/>  <span class=\"products_icons\">Artisanat \/ Ateliers<\/span> <\/li><li style=\"float: left;\"> <img decoding=\"async\" src=\"https:\/\/prodotti.albaen.it\/wp-content\/uploads\/Edilizia-e-Carpenteria-1.png\" alt=\"Construction et Menuiserie\" style=\"height:60px;\"\/>  <span class=\"products_icons\">Construction et Menuiserie<\/span> <\/li><li style=\"float: left;\"> <img decoding=\"async\" src=\"https:\/\/prodotti.albaen.it\/wp-content\/uploads\/Industria-Metalmeccanica-1.png\" alt=\"Industrie M\u00e9tallurgique\" style=\"height:60px;\"\/>  <span class=\"products_icons\">Industrie M\u00e9tallurgique<\/span> <\/li><li style=\"float: left;\"> <img decoding=\"async\" src=\"https:\/\/prodotti.albaen.it\/wp-content\/uploads\/Logistica-_-Trasporto-1.png\" alt=\"Logistique \/ Transport\" style=\"height:60px;\"\/>  <span class=\"products_icons\">Logistique \/ Transport<\/span> <\/li><li style=\"float: left;\"> <img decoding=\"async\" src=\"https:\/\/prodotti.albaen.it\/wp-content\/uploads\/Magazzino-_-GDO-1.png\" alt=\"Entrep\u00f4t \/ GDO\" style=\"height:60px;\"\/>  <span class=\"products_icons\">Entrep\u00f4t \/ GDO<\/span> <\/li><\/ul>\n<\/div><\/div>\n\t<div class=\"wpb_text_column wpb_content_element\" >\n\t\t<div class=\"wpb_wrapper\">\n\t\t\t\n\n\t\t<\/div>\n\t<\/div>\n<div class=\"icons_cat_title\"> <h2>La technologie <\/h2><\/div><div class=\"container row\"> \n\t\t\t<div>\n  <ul class=\"image-gallery\"><li style=\"float: left;\"><img decoding=\"async\" src=\"https:\/\/prodotti.albaen.it\/wp-content\/uploads\/secosol-@4x.png\"  alt=\"DGUV 112_191\" style=\"height:60px;\"\/><span class=\"products_icons\">DGUV 112_191<\/span><\/li><li style=\"float: left;\"><img decoding=\"async\" src=\"https:\/\/prodotti.albaen.it\/wp-content\/uploads\/Xqt-_2.png\"  alt=\"Extra Quality Technology\" style=\"height:60px;\"\/><span class=\"products_icons\">Extra Quality Technology<\/span><\/li><li style=\"float: left;\"><img decoding=\"async\" src=\"https:\/\/prodotti.albaen.it\/wp-content\/uploads\/memory-flex-2.png\"  alt=\"Memory Flex\" style=\"height:60px;\"\/><span class=\"products_icons\">Memory Flex<\/span><\/li><li style=\"float: left;\"><img decoding=\"async\" src=\"https:\/\/prodotti.albaen.it\/wp-content\/uploads\/Metal-Free-Tecnologia-2.png\"  alt=\"Metal Free\" style=\"height:60px;\"\/><span class=\"products_icons\">Metal Free<\/span><\/li><li style=\"float: left;\"><img decoding=\"async\" src=\"https:\/\/prodotti.albaen.it\/wp-content\/uploads\/PU-TEK-technology-HYPERTEX-2.png\"  alt=\"Putek Technology\" style=\"height:60px;\"\/><span class=\"products_icons\">Putek Technology<\/span><\/li><\/ul>\n<\/div><\/div>\n\t<div class=\"wpb_text_column wpb_content_element\" >\n\t\t<div class=\"wpb_wrapper\">\n\t\t\t<p><strong><\/strong><\/p>\n\n\t\t<\/div>\n\t<\/div>\n<\/div><\/div><\/div><\/div>","protected":false},"excerpt":{"rendered":"<p>Le mod\u00e8le P1423CK S3 de la ligne Performer by Alba&amp;N est fabriqu\u00e9 avec la technologie Putek\u00ae, un mat\u00e9riau tr\u00e8s r\u00e9sistant \u00e0 l\u2019abrasion, aux rayures et \u00e0 l\u2019usure.<br \/>\nLa l\u00e9g\u00e8ret\u00e9 et la r\u00e9sistance d\u2019un embout composite, le confort d\u2019une semelle int\u00e9rieure anatomique en mousse \u00e0 m\u00e9moire de forme et PU, et une semelle interm\u00e9diaire en tissu anti-perforation. Cela rend votre travail plus s\u00fbr et plus confortable.<\/p>\n<p>De plus, gr\u00e2ce \u00e0 la semelle en PU \u00e0 double densit\u00e9 et \u00e0 un amortisseur exceptionnel dans la zone du talon, le Borealis absorbe bien les chocs et offre un excellent confort.<\/p>\n<p><a href=\"https:\/\/prodotti.albaen.it\/wp-content\/uploads\/P1423CK-S3-putek.fr_-1.pdf\"><button class=\"btn1\"><span style=\"vertical-align: inherit;\">T\u00c9L\u00c9CHARGEZ LA FICHE TECHNIQUE<\/span><\/button><\/a> <a href=\"https:\/\/prodotti.albaen.it\/wp-content\/uploads\/P1423CK-S3-Dich.-conformita-1.pdf\"><button><span style=\"vertical-align: inherit;\">D\u00c9CLARATION DE CONFORMIT\u00c9<\/span><\/button><\/a><\/p>","protected":false},"featured_media":65860,"comment_status":"closed","ping_status":"closed","template":"","meta":[],"product_cat":[8291,8292],"product_tag":[],"yoast_head":"<!-- This site is optimized with the Yoast SEO Premium plugin v15.0 - https:\/\/yoast.com\/wordpress\/plugins\/seo\/ -->\n<title>Polacco alto da lavoro BOREALIS S3 SRC by Alba&amp;N<\/title>\n<meta name=\"description\" content=\"Polacco alto da lavoro S3, con suola antiscivolo certificata SRC, puntale di protezione e lamina antiforo in materiali non-metallici.\" \/>\n<meta name=\"robots\" content=\"index, follow, max-snippet:-1, max-image-preview:large, max-video-preview:-1\" \/>\n<link rel=\"canonical\" href=\"https:\/\/prodotti.albaen.it\/francais\/produit\/scarpa-antinfortunistica-borealis-p1423ck-s3-src\/\" \/>\n<meta property=\"og:locale\" content=\"fr_FR\" \/>\n<meta property=\"og:type\" content=\"article\" \/>\n<meta property=\"og:title\" content=\"Polacco alto da lavoro BOREALIS S3 SRC by Alba&amp;N\" \/>\n<meta property=\"og:description\" content=\"Polacco alto da lavoro S3, con suola antiscivolo certificata SRC, puntale di protezione e lamina antiforo in materiali non-metallici.\" \/>\n<meta property=\"og:url\" content=\"https:\/\/prodotti.albaen.it\/francais\/produit\/scarpa-antinfortunistica-borealis-p1423ck-s3-src\/\" \/>\n<meta property=\"og:site_name\" content=\"Alba&amp;N. - Produttori di Scarpe Antinfortunistiche\" \/>\n<meta property=\"article:publisher\" content=\"https:\/\/www.facebook.com\/AlbaenShoes\/\" \/>\n<meta property=\"article:modified_time\" content=\"2024-06-26T08:37:51+00:00\" \/>\n<meta property=\"og:image\" content=\"https:\/\/prodotti.albaen.it\/wp-content\/uploads\/DEFENDER-1-1.jpg\" \/>\n\t<meta property=\"og:image:width\" content=\"1000\" \/>\n\t<meta property=\"og:image:height\" content=\"1000\" \/>\n<meta name=\"twitter:card\" content=\"summary_large_image\" \/>\n<script type=\"application\/ld+json\" class=\"yoast-schema-graph\">{\"@context\":\"https:\/\/schema.org\",\"@graph\":[{\"@type\":\"Organization\",\"@id\":\"https:\/\/prodotti.albaen.it\/francais\/#organization\",\"name\":\"Alba&N\",\"url\":\"https:\/\/prodotti.albaen.it\/francais\/\",\"sameAs\":[\"https:\/\/www.facebook.com\/AlbaenShoes\/\"],\"logo\":{\"@type\":\"ImageObject\",\"@id\":\"https:\/\/prodotti.albaen.it\/francais\/#logo\",\"inLanguage\":\"fr-FR\",\"url\":\"https:\/\/prodotti.albaen.it\/wp-content\/uploads\/2019\/01\/logo1-1.png\",\"width\":269,\"height\":98,\"caption\":\"Alba&N\"},\"image\":{\"@id\":\"https:\/\/prodotti.albaen.it\/francais\/#logo\"}},{\"@type\":\"WebSite\",\"@id\":\"https:\/\/prodotti.albaen.it\/francais\/#website\",\"url\":\"https:\/\/prodotti.albaen.it\/francais\/\",\"name\":\"Alba&N - Produttori di Scarpe Antinfortunistiche\",\"description\":\"Leader Mondiali nella produzione di Scarpe Antinfortunistiche\",\"publisher\":{\"@id\":\"https:\/\/prodotti.albaen.it\/francais\/#organization\"},\"potentialAction\":[{\"@type\":\"SearchAction\",\"target\":\"https:\/\/prodotti.albaen.it\/francais\/?s={search_term_string}\",\"query-input\":\"required name=search_term_string\"}],\"inLanguage\":\"fr-FR\"},{\"@type\":\"ImageObject\",\"@id\":\"https:\/\/prodotti.albaen.it\/prodotto\/scarpa-antinfortunistica-borealis-p1423ck-s3-src\/#primaryimage\",\"inLanguage\":\"fr-FR\",\"url\":\"https:\/\/prodotti.albaen.it\/wp-content\/uploads\/DEFENDER-1-1.jpg\",\"width\":1000,\"height\":1000,\"caption\":\"polacco alto da lavoro\"},{\"@type\":\"WebPage\",\"@id\":\"https:\/\/prodotti.albaen.it\/prodotto\/scarpa-antinfortunistica-borealis-p1423ck-s3-src\/#webpage\",\"url\":\"https:\/\/prodotti.albaen.it\/prodotto\/scarpa-antinfortunistica-borealis-p1423ck-s3-src\/\",\"name\":\"Polacco alto da lavoro BOREALIS S3 SRC by Alba&N\",\"isPartOf\":{\"@id\":\"https:\/\/prodotti.albaen.it\/francais\/#website\"},\"primaryImageOfPage\":{\"@id\":\"https:\/\/prodotti.albaen.it\/prodotto\/scarpa-antinfortunistica-borealis-p1423ck-s3-src\/#primaryimage\"},\"datePublished\":\"2024-04-24T07:21:35+00:00\",\"dateModified\":\"2024-06-26T08:37:51+00:00\",\"description\":\"Polacco alto da lavoro S3, con suola antiscivolo certificata SRC, puntale di protezione e lamina antiforo in materiali non-metallici.\",\"inLanguage\":\"fr-FR\",\"potentialAction\":[{\"@type\":\"ReadAction\",\"target\":[\"https:\/\/prodotti.albaen.it\/prodotto\/scarpa-antinfortunistica-borealis-p1423ck-s3-src\/\"]}]}]}<\/script>\n<!-- \/ Yoast SEO Premium plugin. -->","_links":{"self":[{"href":"https:\/\/prodotti.albaen.it\/francais\/wp-json\/wp\/v2\/product\/65855"}],"collection":[{"href":"https:\/\/prodotti.albaen.it\/francais\/wp-json\/wp\/v2\/product"}],"about":[{"href":"https:\/\/prodotti.albaen.it\/francais\/wp-json\/wp\/v2\/types\/product"}],"replies":[{"embeddable":true,"href":"https:\/\/prodotti.albaen.it\/francais\/wp-json\/wp\/v2\/comments?post=65855"}],"wp:featuredmedia":[{"embeddable":true,"href":"https:\/\/prodotti.albaen.it\/francais\/wp-json\/wp\/v2\/media\/65860"}],"wp:attachment":[{"href":"https:\/\/prodotti.albaen.it\/francais\/wp-json\/wp\/v2\/media?parent=65855"}],"wp:term":[{"taxonomy":"product_cat","embeddable":true,"href":"https:\/\/prodotti.albaen.it\/francais\/wp-json\/wp\/v2\/product_cat?post=65855"},{"taxonomy":"product_tag","embeddable":true,"href":"https:\/\/prodotti.albaen.it\/francais\/wp-json\/wp\/v2\/product_tag?post=65855"}],"curies":[{"name":"wp","href":"https:\/\/api.w.org\/{rel}","templated":true}]}}