{"id":66002,"date":"2024-05-29T09:48:36","date_gmt":"2024-05-29T07:48:36","guid":{"rendered":"https:\/\/prodotti.albaen.it\/?post_type=product&#038;p=66002"},"modified":"2024-06-26T11:15:05","modified_gmt":"2024-06-26T09:15:05","slug":"scarpa-antinfortunistica-alta-granito-c01sk-s3s-fo-sr","status":"publish","type":"product","link":"https:\/\/prodotti.albaen.it\/francais\/produit\/scarpa-antinfortunistica-alta-granito-c01sk-s3s-fo-sr\/","title":{"rendered":"GRANITO S3S FO SR"},"content":{"rendered":"<div class=\"vc_row wpb_row vc_row-fluid\"><div class=\"wpb_column vc_column_container vc_col-sm-6\"><div class=\"vc_column-inner\"><div class=\"wpb_wrapper\">\n\t<div class=\"wpb_text_column wpb_content_element\" >\n\t\t<div class=\"wpb_wrapper\">\n\t\t\t<p>La calzatura di sicurezza Granito S3 coniuga le esigenze di protezione a quelle di robustezza. Realizzato in pelle nera idrorepellente e con una fodera tridimensionale altamente traspirante e resistente all&#8217;abrasione, questo polacchino della linea CHALLENGE permetter\u00e0 di affrontare qualsiasi sfida.<\/p>\n<p><strong><span style=\"vertical-align: inherit;\">TIGE<\/span><\/strong><span style=\"vertical-align: inherit;\">\u00a0 in pelle stampata idrorepellente, collarino imbottito e lingua imbottita e foderata in ecopelle, chiusura a soffietto per evitare l&#8217;ingresso di detriti e polveri.<\/span><br \/>\n<strong><span style=\"vertical-align: inherit;\"><br \/>\nDOUBLURE<\/span><\/strong><span style=\"vertical-align: inherit;\"> en tissu \u00e0 effet 3D ou tridimensionnel, respirante avec une excellente r\u00e9sistance \u00e0 l'abrasion.<br \/>\n<\/span><br \/>\n<strong><span style=\"vertical-align: inherit;\">SCHUTZKAPPE <\/span><\/strong><span style=\"vertical-align: inherit;\">in materiale composito, resistente agli urti pari ad una forza di 200 J e ad una compressione fino a 15Kn. Leggero, amagnetico e atermico.<\/span><span style=\"vertical-align: inherit;\"><br \/>\n<\/span><br \/>\n<strong><span style=\"vertical-align: inherit;\">SEMELLE ANTI-PERFORATION<\/span><\/strong><span style=\"vertical-align: inherit;\"> en textile, r\u00e9sistante \u00e0 la perforation jusqu'\u00e0 1100N. Prot\u00e8ge toute la surface de la plante du pied. Flexible et confortable, non magn\u00e9tique, antistatique et isolant thermique.<\/span><\/p>\n<p><strong><span style=\"vertical-align: inherit;\">SEMELLE<\/span><\/strong><span style=\"vertical-align: inherit;\"> bi-densit\u00e0 PU\/PU, antistatica, antiscivolo, resistente agli oli e agli idrocarburi, assorbimento degli urti nella zona del tallone.<br \/>\n<\/span><br \/>\n<strong><span style=\"vertical-align: inherit;\">SEMELLE INT\u00c9RIEURE <\/span><\/strong><span style=\"vertical-align: inherit;\">Claudia - semelle int\u00e9rieure anatomique en PU antistatique et absorbant les chocs, recouverte d\u2019un tissu respirant et anti-abrasion. Antistatique, amovible et lavable.<\/span><span style=\"vertical-align: inherit;\"><br \/>\n<\/span><strong><span style=\"vertical-align: inherit;\"><br \/>\nAJUSTEMENT <\/span><\/strong> <em><span style=\"vertical-align: inherit;\">Mondopoint<\/span><\/em><span style=\"vertical-align: inherit;\"> 11 \u2013 larga e confortevole. La calzata ampia dona al piede dinamismo e libert\u00e0 di movimento, anche dopo diverse ore di lavoro.<br \/>\nSi adatta a tutti i tipi di attivit\u00e0 proprie dei settori industriali.<br \/>\n<\/span><strong><span style=\"vertical-align: inherit;\"><br \/>\nR\u00c9GULATION<\/span><\/strong><span style=\"vertical-align: inherit;\"> EN ISO 20345:2022<\/span><\/p>\n<p><strong>POIDS\u00a0<\/strong> 655 GR 1 pied 42<\/p>\n\n\t\t<\/div>\n\t<\/div>\n<\/div><\/div><\/div><div class=\"wpb_column vc_column_container vc_col-sm-6\"><div class=\"vc_column-inner\"><div class=\"wpb_wrapper\">\n\t<div class=\"wpb_text_column wpb_content_element\" >\n\t\t<div class=\"wpb_wrapper\">\n\t\t\t<p>La suola delle calzature GRANITO, e di tutta la linea CHALLENGE, rappresenta per eccellenza tutta la sicurezza, la stabilit\u00e0, l&#8217;ammortizzazione e la comodit\u00e0 necessarie durante tutte le attivit\u00e0 outdoor ed in condizioni estreme.<br \/>\nInject\u00e9e en polyur\u00e9thane double densit\u00e9, pour offrir des niveaux \u00e9lev\u00e9s d\u2019absorption des chocs, la semelle dispose d\u2019un prot\u00e8ge-orteils int\u00e9gr\u00e9, r\u00e9sistant \u00e0 l\u2019usure et particuli\u00e8rement adapt\u00e9 aux activit\u00e9s de travail sur les genoux.<\/p>\n\n\t\t<\/div>\n\t<\/div>\n<div class=\"icons_cat_title\"> <h2>Cat\u00e9gories de protection <\/h2><\/div><div class=\"container row\"> \n\t\t\t<div>\n  <ul class=\"image-gallery\"><li style=\"float: left;\">  <img decoding=\"async\" src=\"https:\/\/prodotti.albaen.it\/wp-content\/uploads\/simboletti-06.png\"  alt=\"Antistatique\" style=\"height:110px;\"\/> <span class=\"products_icons products_icons1\">Antistatique<\/span> <\/li><li style=\"float: left;\">  <img decoding=\"async\" src=\"https:\/\/prodotti.albaen.it\/wp-content\/uploads\/simboletti-07.png\"  alt=\"Absorption d&#039;\u00e9nergie dans le talon\" style=\"height:110px;\"\/> <span class=\"products_icons products_icons1\">Absorption d'\u00e9nergie dans le talon<\/span> <\/li><li style=\"float: left;\">  <img decoding=\"async\" src=\"https:\/\/prodotti.albaen.it\/wp-content\/uploads\/simboletti-10.png\"  alt=\"Inserto antiforo tessile resistente alla perforazione \u00d8=3mm\" style=\"height:110px;\"\/> <span class=\"products_icons products_icons1\">Inserto antiforo tessile resistente alla perforazione \u00d8=3mm<\/span> <\/li><li style=\"float: left;\">  <img decoding=\"async\" src=\"https:\/\/prodotti.albaen.it\/wp-content\/uploads\/simboletti-22.png\"  alt=\"R\u00e9sistance aux chocs et \u00e0 la compression\" style=\"height:110px;\"\/> <span class=\"products_icons products_icons1\">R\u00e9sistance aux chocs et \u00e0 la compression<\/span> <\/li><li style=\"float: left;\">  <img decoding=\"async\" src=\"https:\/\/prodotti.albaen.it\/wp-content\/uploads\/simboletti-12.png\"  alt=\"Antid\u00e9rapant - Sol c\u00e9ramique + glyc\u00e9rine\" style=\"height:110px;\"\/> <span class=\"products_icons products_icons1\">Antid\u00e9rapant - Sol c\u00e9ramique + glyc\u00e9rine<\/span> <\/li><li style=\"float: left;\">  <img decoding=\"async\" src=\"https:\/\/prodotti.albaen.it\/wp-content\/uploads\/simboletti-04.png\"  alt=\"Semelle r\u00e9sistante aux huiles et aux hydrocarbures\" style=\"height:110px;\"\/> <span class=\"products_icons products_icons1\">Semelle r\u00e9sistante aux huiles et aux hydrocarbures<\/span> <\/li><li style=\"float: left;\">  <img decoding=\"async\" src=\"https:\/\/prodotti.albaen.it\/wp-content\/uploads\/simboletti-01.png\"  alt=\"Tomaia resistente all\u2019assorbimento e alla penetrazione dell\u2019acqua\" style=\"height:110px;\"\/> <span class=\"products_icons products_icons1\">Tomaia resistente all\u2019assorbimento e alla penetrazione dell\u2019acqua<\/span> <\/li><\/ul>\n<\/div><\/div>\n\t<div class=\"wpb_text_column wpb_content_element\" >\n\t\t<div class=\"wpb_wrapper\">\n\t\t\t<p><strong><\/strong><\/p>\n\n\t\t<\/div>\n\t<\/div>\n<div class=\"icons_cat_title\"> <h2>Secteurs d'utilisation <\/h2><\/div><div class=\"container row\"> \n\t\t\t<div>\n  <ul class=\"image-gallery\"><li style=\"float: left;\"> <img decoding=\"async\" src=\"https:\/\/prodotti.albaen.it\/wp-content\/uploads\/Edilizia-e-Carpenteria-1.png\" alt=\"Construction et Menuiserie\" style=\"height:60px;\"\/>  <span class=\"products_icons\">Construction et Menuiserie<\/span> <\/li><li style=\"float: left;\"> <img decoding=\"async\" src=\"https:\/\/prodotti.albaen.it\/wp-content\/uploads\/Industria-Metalmeccanica-1.png\" alt=\"Industrie M\u00e9tallurgique\" style=\"height:60px;\"\/>  <span class=\"products_icons\">Industrie M\u00e9tallurgique<\/span> <\/li><li style=\"float: left;\"> <img decoding=\"async\" src=\"https:\/\/prodotti.albaen.it\/wp-content\/uploads\/Miniere-_-Estrazione-1.png\" alt=\"Exploitation mini\u00e8re\/extraction de pierre\" style=\"height:60px;\"\/>  <span class=\"products_icons\">Exploitation mini\u00e8re\/extraction de pierre<\/span> <\/li><li style=\"float: left;\"> <img decoding=\"async\" src=\"https:\/\/prodotti.albaen.it\/wp-content\/uploads\/Industria-Pesante-1.png\" alt=\"Industrie lourde\" style=\"height:60px;\"\/>  <span class=\"products_icons\">Industrie lourde<\/span> <\/li><li style=\"float: left;\"> <img decoding=\"async\" src=\"https:\/\/prodotti.albaen.it\/wp-content\/uploads\/Smaltimento-rifiuti1.png\" alt=\"Traitement des d\u00e9chets\" style=\"height:60px;\"\/>  <span class=\"products_icons\">Traitement des d\u00e9chets<\/span> <\/li><\/ul>\n<\/div><\/div>\n\t<div class=\"wpb_text_column wpb_content_element\" >\n\t\t<div class=\"wpb_wrapper\">\n\t\t\t\n\n\t\t<\/div>\n\t<\/div>\n<div class=\"icons_cat_title\"> <h2>La technologie <\/h2><\/div><div class=\"container row\"> \n\t\t\t<div>\n  <ul class=\"image-gallery\"><li style=\"float: left;\"><img decoding=\"async\" src=\"https:\/\/prodotti.albaen.it\/wp-content\/uploads\/No-nail-tex.png\"  alt=\"Plaque en tissu anti-crevaison\" style=\"height:60px;\"\/><span class=\"products_icons\">Plaque en tissu anti-crevaison<\/span><\/li><li style=\"float: left;\"><img decoding=\"async\" src=\"https:\/\/prodotti.albaen.it\/wp-content\/uploads\/C-Cap.png\"  alt=\"Embout de s\u00e9curit\u00e9 composite\" style=\"height:60px;\"\/><span class=\"products_icons\">Embout de s\u00e9curit\u00e9 composite<\/span><\/li><\/ul>\n<\/div><\/div>\n\t<div class=\"wpb_text_column wpb_content_element\" >\n\t\t<div class=\"wpb_wrapper\">\n\t\t\t<p><strong><\/strong><\/p>\n\n\t\t<\/div>\n\t<\/div>\n<\/div><\/div><\/div><\/div>","protected":false},"excerpt":{"rendered":"<p>Calzatura antinfortunistica alta in pelle fiore stampata, resistente all&#8217;acqua S3, dotata di puntale anti-urto e lamina anti-foro non-metallici.<br \/>\nLe calzature GRANITO permettono una buona protezione della caviglia, avvolgendola ma senza impedirne il movimento.<\/p>\n<p>La suola PU\/PU, grazie alla particolare scolpitura del battistrada garantisce un effetto altamente drenante in presenza di liquidi. Intersuola con protezione aggiuntiva di spunterbo PU in zona punta.<\/p>\n<p><a href=\"https:\/\/prodotti.albaen.it\/wp-content\/uploads\/C01SCK-S3.ita_.pdf\"><button class=\"btn1\"><span style=\"vertical-align: inherit;\">T\u00c9L\u00c9CHARGEZ LA FICHE TECHNIQUE<\/span><\/button><\/a> \u00a0 <a href=\"https:\/\/prodotti.albaen.it\/wp-content\/uploads\/C01SK-S3S-Dich.-conformita.pdf\"><button><span style=\"vertical-align: inherit;\">D\u00c9CLARATION DE CONFORMIT\u00c9<\/span><\/button><\/a><\/p>","protected":false},"featured_media":66003,"comment_status":"open","ping_status":"closed","template":"","meta":[],"product_cat":[8284,8292],"product_tag":[],"yoast_head":"<!-- This site is optimized with the Yoast SEO Premium plugin v15.0 - https:\/\/yoast.com\/wordpress\/plugins\/seo\/ -->\n<title>Scarpa antinfortunistica alta GRANITO S3S FO SR - Alba&amp;N<\/title>\n<meta name=\"description\" content=\"Calzatura alta in pelle fiore stampata, resistente all&#039;acqua, dotata di puntale anti-urto e lamina anti-foro non-metallici.\" \/>\n<meta name=\"robots\" content=\"index, follow, max-snippet:-1, max-image-preview:large, max-video-preview:-1\" \/>\n<link rel=\"canonical\" href=\"https:\/\/prodotti.albaen.it\/francais\/produit\/scarpa-antinfortunistica-alta-granito-c01sk-s3s-fo-sr\/\" \/>\n<meta property=\"og:locale\" content=\"fr_FR\" \/>\n<meta property=\"og:type\" content=\"article\" \/>\n<meta property=\"og:title\" content=\"Scarpa antinfortunistica alta GRANITO S3S FO SR - Alba&amp;N\" \/>\n<meta property=\"og:description\" content=\"Calzatura alta in pelle fiore stampata, resistente all&#039;acqua, dotata di puntale anti-urto e lamina anti-foro non-metallici.\" \/>\n<meta property=\"og:url\" content=\"https:\/\/prodotti.albaen.it\/francais\/produit\/scarpa-antinfortunistica-alta-granito-c01sk-s3s-fo-sr\/\" \/>\n<meta property=\"og:site_name\" content=\"Alba&amp;N. - Produttori di Scarpe Antinfortunistiche\" \/>\n<meta property=\"article:publisher\" content=\"https:\/\/www.facebook.com\/AlbaenShoes\/\" \/>\n<meta property=\"article:modified_time\" content=\"2024-06-26T09:15:05+00:00\" \/>\n<meta property=\"og:image\" content=\"https:\/\/prodotti.albaen.it\/wp-content\/uploads\/C01SK-S3-SRC-GRANITO-10.jpg\" \/>\n\t<meta property=\"og:image:width\" content=\"1000\" \/>\n\t<meta property=\"og:image:height\" content=\"1000\" \/>\n<meta name=\"twitter:card\" content=\"summary_large_image\" \/>\n<script type=\"application\/ld+json\" class=\"yoast-schema-graph\">{\"@context\":\"https:\/\/schema.org\",\"@graph\":[{\"@type\":\"Organization\",\"@id\":\"https:\/\/prodotti.albaen.it\/francais\/#organization\",\"name\":\"Alba&N\",\"url\":\"https:\/\/prodotti.albaen.it\/francais\/\",\"sameAs\":[\"https:\/\/www.facebook.com\/AlbaenShoes\/\"],\"logo\":{\"@type\":\"ImageObject\",\"@id\":\"https:\/\/prodotti.albaen.it\/francais\/#logo\",\"inLanguage\":\"fr-FR\",\"url\":\"https:\/\/prodotti.albaen.it\/wp-content\/uploads\/2019\/01\/logo1-1.png\",\"width\":269,\"height\":98,\"caption\":\"Alba&N\"},\"image\":{\"@id\":\"https:\/\/prodotti.albaen.it\/francais\/#logo\"}},{\"@type\":\"WebSite\",\"@id\":\"https:\/\/prodotti.albaen.it\/francais\/#website\",\"url\":\"https:\/\/prodotti.albaen.it\/francais\/\",\"name\":\"Alba&N - Produttori di Scarpe Antinfortunistiche\",\"description\":\"Leader Mondiali nella produzione di Scarpe Antinfortunistiche\",\"publisher\":{\"@id\":\"https:\/\/prodotti.albaen.it\/francais\/#organization\"},\"potentialAction\":[{\"@type\":\"SearchAction\",\"target\":\"https:\/\/prodotti.albaen.it\/francais\/?s={search_term_string}\",\"query-input\":\"required name=search_term_string\"}],\"inLanguage\":\"fr-FR\"},{\"@type\":\"ImageObject\",\"@id\":\"https:\/\/prodotti.albaen.it\/prodotto\/scarpa-antinfortunistica-alta-granito-c01sk-s3s-fo-sr\/#primaryimage\",\"inLanguage\":\"fr-FR\",\"url\":\"https:\/\/prodotti.albaen.it\/wp-content\/uploads\/C01SK-S3-SRC-GRANITO-10.jpg\",\"width\":1000,\"height\":1000,\"caption\":\"scarpa antinfortunistica alta challenge\"},{\"@type\":\"WebPage\",\"@id\":\"https:\/\/prodotti.albaen.it\/prodotto\/scarpa-antinfortunistica-alta-granito-c01sk-s3s-fo-sr\/#webpage\",\"url\":\"https:\/\/prodotti.albaen.it\/prodotto\/scarpa-antinfortunistica-alta-granito-c01sk-s3s-fo-sr\/\",\"name\":\"Scarpa antinfortunistica alta GRANITO S3S FO SR - Alba&N\",\"isPartOf\":{\"@id\":\"https:\/\/prodotti.albaen.it\/francais\/#website\"},\"primaryImageOfPage\":{\"@id\":\"https:\/\/prodotti.albaen.it\/prodotto\/scarpa-antinfortunistica-alta-granito-c01sk-s3s-fo-sr\/#primaryimage\"},\"datePublished\":\"2024-05-29T07:48:36+00:00\",\"dateModified\":\"2024-06-26T09:15:05+00:00\",\"description\":\"Calzatura alta in pelle fiore stampata, resistente all'acqua, dotata di puntale anti-urto e lamina anti-foro non-metallici.\",\"inLanguage\":\"fr-FR\",\"potentialAction\":[{\"@type\":\"ReadAction\",\"target\":[\"https:\/\/prodotti.albaen.it\/prodotto\/scarpa-antinfortunistica-alta-granito-c01sk-s3s-fo-sr\/\"]}]}]}<\/script>\n<!-- \/ Yoast SEO Premium plugin. -->","_links":{"self":[{"href":"https:\/\/prodotti.albaen.it\/francais\/wp-json\/wp\/v2\/product\/66002"}],"collection":[{"href":"https:\/\/prodotti.albaen.it\/francais\/wp-json\/wp\/v2\/product"}],"about":[{"href":"https:\/\/prodotti.albaen.it\/francais\/wp-json\/wp\/v2\/types\/product"}],"replies":[{"embeddable":true,"href":"https:\/\/prodotti.albaen.it\/francais\/wp-json\/wp\/v2\/comments?post=66002"}],"wp:featuredmedia":[{"embeddable":true,"href":"https:\/\/prodotti.albaen.it\/francais\/wp-json\/wp\/v2\/media\/66003"}],"wp:attachment":[{"href":"https:\/\/prodotti.albaen.it\/francais\/wp-json\/wp\/v2\/media?parent=66002"}],"wp:term":[{"taxonomy":"product_cat","embeddable":true,"href":"https:\/\/prodotti.albaen.it\/francais\/wp-json\/wp\/v2\/product_cat?post=66002"},{"taxonomy":"product_tag","embeddable":true,"href":"https:\/\/prodotti.albaen.it\/francais\/wp-json\/wp\/v2\/product_tag?post=66002"}],"curies":[{"name":"wp","href":"https:\/\/api.w.org\/{rel}","templated":true}]}}