{"id":66043,"date":"2024-05-30T14:30:43","date_gmt":"2024-05-30T12:30:43","guid":{"rendered":"https:\/\/prodotti.albaen.it\/?post_type=product&#038;p=66043"},"modified":"2024-06-26T11:18:35","modified_gmt":"2024-06-26T09:18:35","slug":"mocassino-di-sicurezza-basso-si-chef-w10c-s2-fo-sr-bianco","status":"publish","type":"product","link":"https:\/\/prodotti.albaen.it\/francais\/produit\/mocassino-di-sicurezza-basso-si-chef-w10c-s2-fo-sr-bianco\/","title":{"rendered":"S\u00cc CHEF S2 FO SR"},"content":{"rendered":"<div class=\"vc_row wpb_row vc_row-fluid\"><div class=\"wpb_column vc_column_container vc_col-sm-6\"><div class=\"vc_column-inner\"><div class=\"wpb_wrapper\">\n\t<div class=\"wpb_text_column wpb_content_element\" >\n\t\t<div class=\"wpb_wrapper\">\n\t\t\t<p>Mocassino di sicurezza basso S\u00cc CHEF S2, leggero, comodo, idrorepellente, in grado di garantire un benessere duraturo al piede. Antistatico, dotato di puntale di protezione, fodera traspirante, suola antiscivolo con ammortizzazione al tallone.<\/p>\n<p><strong><span style=\"vertical-align: inherit;\">TIGE<\/span><\/strong><span style=\"vertical-align: inherit;\"> in microfibra leggera e traspirante, idrorepellente, lavabile e facile da pulire.<\/span><br \/>\n<strong><span style=\"vertical-align: inherit;\"><br \/>\nDOUBLURE<\/span><\/strong><span style=\"vertical-align: inherit;\"> interna effetto 3D, traspirante e antibatterico.<br \/>\n<\/span><br \/>\n<strong><span style=\"vertical-align: inherit;\">SCHUTZKAPPE <\/span><\/strong><span style=\"vertical-align: inherit;\">in materiale composito, resistente agli urti pari ad una forza di 200 J e ad una compressione fino a 15Kn. Leggero, amagnetico, termoisolante.<\/span><span style=\"vertical-align: inherit;\"><br \/>\n<\/span><br \/>\n<strong><span style=\"vertical-align: inherit;\">SEMELLE<\/span><\/strong><span style=\"vertical-align: inherit;\"> in monodensit\u00e0 PU, antistatica, antiscivolo, resistente agli oli e agli idrocarburi, assorbimento degli urti nella zona del tallone.<br \/>\nQueste calzature sono conformi agli standard di sicurezza EN ISO 20345:2022, adatte per ambienti asciutti e bagnati, per l&#8217;industria alimentare, sanitaria e ospedaliera.<br \/>\n<\/span><br \/>\n<strong><span style=\"vertical-align: inherit;\">SEMELLE INT\u00c9RIEURE <\/span><\/strong><span style=\"vertical-align: inherit;\">antibatterica, antistatica, traspirante e rimovibile.<\/span><strong><span style=\"vertical-align: inherit;\"><br \/>\n<\/span><\/strong><strong><span style=\"vertical-align: inherit;\"><br \/>\nAJUSTEMENT <\/span><\/strong> <em><span style=\"vertical-align: inherit;\">Mondopoint<\/span><\/em><span style=\"vertical-align: inherit;\"> 10,5 \u2013 regolare.<br \/>\n<\/span><strong><span style=\"vertical-align: inherit;\"><br \/>\nR\u00c9GULATION<\/span><\/strong><span style=\"vertical-align: inherit;\"> EN ISO 20345:2022<\/span><\/p>\n<p><strong>POIDS<\/strong> 405 gr \u00bd paio 42<\/p>\n\n\t\t<\/div>\n\t<\/div>\n<\/div><\/div><\/div><div class=\"wpb_column vc_column_container vc_col-sm-6\"><div class=\"vc_column-inner\"><div class=\"wpb_wrapper\">\n\t<div class=\"wpb_text_column wpb_content_element\" >\n\t\t<div class=\"wpb_wrapper\">\n\t\t\t<p>La linea White di Alba&amp;n rappresenta l&#8217;essenza dell&#8217;eleganza senza tempo, offrendo una combinazione perfetta tra tecnicit\u00e0, comfort e sicurezza ottimale.<br \/>\nDal design pulito e lineare, questa linea, si caratterizza con materiali no-metal e di alta qualit\u00e0 perfetti per garantire comfort, igiene e sicurezza durante tutta la giornata lavorativa.<br \/>\nLa struttura della suola iniettata in singola densit\u00e0 di PU dona leggerezza ma al contempo garantisce grip, sicurezza e stabilit\u00e0 della postura.<br \/>\nPerfetta per cucine, ospedali e settore ho.re.ca..<\/p>\n<p>Pratiche e facili da pulire, lavabili in lavatrice fino a 30\u00b0C.<\/p>\n\n\t\t<\/div>\n\t<\/div>\n<div class=\"icons_cat_title\"> <h2>Cat\u00e9gories de protection <\/h2><\/div><div class=\"container row\"> \n\t\t\t<div>\n  <ul class=\"image-gallery\"><li style=\"float: left;\">  <img decoding=\"async\" src=\"https:\/\/prodotti.albaen.it\/wp-content\/uploads\/simboletti-06.png\"  alt=\"Antistatique\" style=\"height:110px;\"\/> <span class=\"products_icons products_icons1\">Antistatique<\/span> <\/li><li style=\"float: left;\">  <img decoding=\"async\" src=\"https:\/\/prodotti.albaen.it\/wp-content\/uploads\/simboletti-07.png\"  alt=\"Absorption d&#039;\u00e9nergie dans le talon\" style=\"height:110px;\"\/> <span class=\"products_icons products_icons1\">Absorption d'\u00e9nergie dans le talon<\/span> <\/li><li style=\"float: left;\">  <img decoding=\"async\" src=\"https:\/\/prodotti.albaen.it\/wp-content\/uploads\/simboletti-22.png\"  alt=\"R\u00e9sistance aux chocs et \u00e0 la compression\" style=\"height:110px;\"\/> <span class=\"products_icons products_icons1\">R\u00e9sistance aux chocs et \u00e0 la compression<\/span> <\/li><li style=\"float: left;\">  <img decoding=\"async\" src=\"https:\/\/prodotti.albaen.it\/wp-content\/uploads\/simboletti-12.png\"  alt=\"Antid\u00e9rapant - Sol c\u00e9ramique + glyc\u00e9rine\" style=\"height:110px;\"\/> <span class=\"products_icons products_icons1\">Antid\u00e9rapant - Sol c\u00e9ramique + glyc\u00e9rine<\/span> <\/li><li style=\"float: left;\">  <img decoding=\"async\" src=\"https:\/\/prodotti.albaen.it\/wp-content\/uploads\/simboletti-04.png\"  alt=\"Semelle r\u00e9sistante aux huiles et aux hydrocarbures\" style=\"height:110px;\"\/> <span class=\"products_icons products_icons1\">Semelle r\u00e9sistante aux huiles et aux hydrocarbures<\/span> <\/li><li style=\"float: left;\">  <img decoding=\"async\" src=\"https:\/\/prodotti.albaen.it\/wp-content\/uploads\/simboletti-01.png\"  alt=\"Tomaia resistente all\u2019assorbimento e alla penetrazione dell\u2019acqua\" style=\"height:110px;\"\/> <span class=\"products_icons products_icons1\">Tomaia resistente all\u2019assorbimento e alla penetrazione dell\u2019acqua<\/span> <\/li><\/ul>\n<\/div><\/div>\n\t<div class=\"wpb_text_column wpb_content_element\" >\n\t\t<div class=\"wpb_wrapper\">\n\t\t\t<p><strong><\/strong><\/p>\n\n\t\t<\/div>\n\t<\/div>\n<div class=\"icons_cat_title\"> <h2>Secteurs d'utilisation <\/h2><\/div><div class=\"container row\"> \n\t\t\t<div>\n  <ul class=\"image-gallery\"><li style=\"float: left;\"> <img decoding=\"async\" src=\"https:\/\/prodotti.albaen.it\/wp-content\/uploads\/Industria-Alimentare-_-HO.RE_.CA_.-2.png\" alt=\"Industria Alimentare \/ HO.RE.CA\" style=\"height:60px;\"\/>  <span class=\"products_icons\">Industria Alimentare \/ HO.RE.CA<\/span> <\/li><li style=\"float: left;\"> <img decoding=\"async\" src=\"https:\/\/prodotti.albaen.it\/wp-content\/uploads\/Sanita2.png\" alt=\"Sanit\u00e0\" style=\"height:60px;\"\/>  <span class=\"products_icons\">Sanit\u00e0<\/span> <\/li><\/ul>\n<\/div><\/div>\n\t<div class=\"wpb_text_column wpb_content_element\" >\n\t\t<div class=\"wpb_wrapper\">\n\t\t\t\n\n\t\t<\/div>\n\t<\/div>\n<div class=\"icons_cat_title\"> <h2>La technologie <\/h2><\/div><div class=\"container row\"> \n\t\t\t<div>\n  <ul class=\"image-gallery\"><li style=\"float: left;\"><img decoding=\"async\" src=\"https:\/\/prodotti.albaen.it\/wp-content\/uploads\/Metal-Free-Tecnologia-2.png\"  alt=\"Metal Free\" style=\"height:60px;\"\/><span class=\"products_icons\">Metal Free<\/span><\/li><li style=\"float: left;\"><img decoding=\"async\" src=\"https:\/\/prodotti.albaen.it\/wp-content\/uploads\/Microlight.png\"  alt=\"Microlight\" style=\"height:60px;\"\/><span class=\"products_icons\">Microlight<\/span><\/li><\/ul>\n<\/div><\/div>\n\t<div class=\"wpb_text_column wpb_content_element\" >\n\t\t<div class=\"wpb_wrapper\">\n\t\t\t<p><strong><\/strong><\/p>\n\n\t\t<\/div>\n\t<\/div>\n<\/div><\/div><\/div><\/div>","protected":false},"excerpt":{"rendered":"<p>Mocassino di sicurezza S2 FO SR comodo e leggero della linea White Elegance di Alba&amp;n, dal design pulito e lineare, con tomaia in microfibra tecnica Microlight di alta qualit\u00e0 leggera, traspirante e resistente all&#8217;acqua.<\/p>\n<p>Completamente METALFREE per donare maggiore benessere e leggerezza ai piedi, presenta infatti un puntale di sicurezza robusto e leggero in composito e una fodera a nido d&#8217;ape antibatterica che assicura igiene e traspirazione.<\/p>\n<p><a href=\"https:\/\/prodotti.albaen.it\/wp-content\/uploads\/W10C-S2-FO-SR-bianco.ita_.pdf\"><button class=\"btn1\"><span style=\"vertical-align: inherit;\">T\u00c9L\u00c9CHARGEZ LA FICHE TECHNIQUE<\/span><\/button><\/a> \u00a0 <a href=\"https:\/\/prodotti.albaen.it\/wp-content\/uploads\/W10C-S2-FO-SR-Dich.-conformita.pdf\"><button><span style=\"vertical-align: inherit;\">D\u00c9CLARATION DE CONFORMIT\u00c9<\/span><\/button><\/a><\/p>","protected":false},"featured_media":66054,"comment_status":"open","ping_status":"closed","template":"","meta":[],"product_cat":[8278,8292],"product_tag":[],"yoast_head":"<!-- This site is optimized with the Yoast SEO Premium plugin v15.0 - https:\/\/yoast.com\/wordpress\/plugins\/seo\/ -->\n<title>Mocassino di sicurezza basso S\u00cc CHEF S2 FO SR - Alba&amp;N<\/title>\n<meta name=\"description\" content=\"Mocassino di sicurezza basso, leggero, comodo, idrorepellente, in grado di garantire un benessere duraturo al piede.\" \/>\n<meta name=\"robots\" content=\"index, follow, max-snippet:-1, max-image-preview:large, max-video-preview:-1\" \/>\n<link rel=\"canonical\" href=\"https:\/\/prodotti.albaen.it\/francais\/produit\/mocassino-di-sicurezza-basso-si-chef-w10c-s2-fo-sr-bianco\/\" \/>\n<meta property=\"og:locale\" content=\"fr_FR\" \/>\n<meta property=\"og:type\" content=\"article\" \/>\n<meta property=\"og:title\" content=\"Mocassino di sicurezza basso S\u00cc CHEF S2 FO SR - Alba&amp;N\" \/>\n<meta property=\"og:description\" content=\"Mocassino di sicurezza basso, leggero, comodo, idrorepellente, in grado di garantire un benessere duraturo al piede.\" \/>\n<meta property=\"og:url\" content=\"https:\/\/prodotti.albaen.it\/francais\/produit\/mocassino-di-sicurezza-basso-si-chef-w10c-s2-fo-sr-bianco\/\" \/>\n<meta property=\"og:site_name\" content=\"Alba&amp;N. - Produttori di Scarpe Antinfortunistiche\" \/>\n<meta property=\"article:publisher\" content=\"https:\/\/www.facebook.com\/AlbaenShoes\/\" \/>\n<meta property=\"article:modified_time\" content=\"2024-06-26T09:18:35+00:00\" \/>\n<meta property=\"og:image\" content=\"https:\/\/prodotti.albaen.it\/wp-content\/uploads\/W10c-si-chef-2_.jpg\" \/>\n\t<meta property=\"og:image:width\" content=\"1000\" \/>\n\t<meta property=\"og:image:height\" content=\"1000\" \/>\n<meta name=\"twitter:card\" content=\"summary_large_image\" \/>\n<script type=\"application\/ld+json\" class=\"yoast-schema-graph\">{\"@context\":\"https:\/\/schema.org\",\"@graph\":[{\"@type\":\"Organization\",\"@id\":\"https:\/\/prodotti.albaen.it\/francais\/#organization\",\"name\":\"Alba&N\",\"url\":\"https:\/\/prodotti.albaen.it\/francais\/\",\"sameAs\":[\"https:\/\/www.facebook.com\/AlbaenShoes\/\"],\"logo\":{\"@type\":\"ImageObject\",\"@id\":\"https:\/\/prodotti.albaen.it\/francais\/#logo\",\"inLanguage\":\"fr-FR\",\"url\":\"https:\/\/prodotti.albaen.it\/wp-content\/uploads\/2019\/01\/logo1-1.png\",\"width\":269,\"height\":98,\"caption\":\"Alba&N\"},\"image\":{\"@id\":\"https:\/\/prodotti.albaen.it\/francais\/#logo\"}},{\"@type\":\"WebSite\",\"@id\":\"https:\/\/prodotti.albaen.it\/francais\/#website\",\"url\":\"https:\/\/prodotti.albaen.it\/francais\/\",\"name\":\"Alba&N - Produttori di Scarpe Antinfortunistiche\",\"description\":\"Leader Mondiali nella produzione di Scarpe Antinfortunistiche\",\"publisher\":{\"@id\":\"https:\/\/prodotti.albaen.it\/francais\/#organization\"},\"potentialAction\":[{\"@type\":\"SearchAction\",\"target\":\"https:\/\/prodotti.albaen.it\/francais\/?s={search_term_string}\",\"query-input\":\"required name=search_term_string\"}],\"inLanguage\":\"fr-FR\"},{\"@type\":\"ImageObject\",\"@id\":\"https:\/\/prodotti.albaen.it\/prodotto\/mocassino-di-sicurezza-basso-si-chef-w10c-s2-fo-sr-bianco\/#primaryimage\",\"inLanguage\":\"fr-FR\",\"url\":\"https:\/\/prodotti.albaen.it\/wp-content\/uploads\/W10c-si-chef-2_.jpg\",\"width\":1000,\"height\":1000,\"caption\":\"mocassino di sicurezza white elegance\"},{\"@type\":\"WebPage\",\"@id\":\"https:\/\/prodotti.albaen.it\/prodotto\/mocassino-di-sicurezza-basso-si-chef-w10c-s2-fo-sr-bianco\/#webpage\",\"url\":\"https:\/\/prodotti.albaen.it\/prodotto\/mocassino-di-sicurezza-basso-si-chef-w10c-s2-fo-sr-bianco\/\",\"name\":\"Mocassino di sicurezza basso S\\u00cc CHEF S2 FO SR - Alba&N\",\"isPartOf\":{\"@id\":\"https:\/\/prodotti.albaen.it\/francais\/#website\"},\"primaryImageOfPage\":{\"@id\":\"https:\/\/prodotti.albaen.it\/prodotto\/mocassino-di-sicurezza-basso-si-chef-w10c-s2-fo-sr-bianco\/#primaryimage\"},\"datePublished\":\"2024-05-30T12:30:43+00:00\",\"dateModified\":\"2024-06-26T09:18:35+00:00\",\"description\":\"Mocassino di sicurezza basso, leggero, comodo, idrorepellente, in grado di garantire un benessere duraturo al piede.\",\"inLanguage\":\"fr-FR\",\"potentialAction\":[{\"@type\":\"ReadAction\",\"target\":[\"https:\/\/prodotti.albaen.it\/prodotto\/mocassino-di-sicurezza-basso-si-chef-w10c-s2-fo-sr-bianco\/\"]}]}]}<\/script>\n<!-- \/ Yoast SEO Premium plugin. -->","_links":{"self":[{"href":"https:\/\/prodotti.albaen.it\/francais\/wp-json\/wp\/v2\/product\/66043"}],"collection":[{"href":"https:\/\/prodotti.albaen.it\/francais\/wp-json\/wp\/v2\/product"}],"about":[{"href":"https:\/\/prodotti.albaen.it\/francais\/wp-json\/wp\/v2\/types\/product"}],"replies":[{"embeddable":true,"href":"https:\/\/prodotti.albaen.it\/francais\/wp-json\/wp\/v2\/comments?post=66043"}],"wp:featuredmedia":[{"embeddable":true,"href":"https:\/\/prodotti.albaen.it\/francais\/wp-json\/wp\/v2\/media\/66054"}],"wp:attachment":[{"href":"https:\/\/prodotti.albaen.it\/francais\/wp-json\/wp\/v2\/media?parent=66043"}],"wp:term":[{"taxonomy":"product_cat","embeddable":true,"href":"https:\/\/prodotti.albaen.it\/francais\/wp-json\/wp\/v2\/product_cat?post=66043"},{"taxonomy":"product_tag","embeddable":true,"href":"https:\/\/prodotti.albaen.it\/francais\/wp-json\/wp\/v2\/product_tag?post=66043"}],"curies":[{"name":"wp","href":"https:\/\/api.w.org\/{rel}","templated":true}]}}