{"id":66165,"date":"2024-06-21T09:12:34","date_gmt":"2024-06-21T07:12:34","guid":{"rendered":"https:\/\/prodotti.albaen.it\/?post_type=product&#038;p=66165"},"modified":"2024-08-02T13:04:23","modified_gmt":"2024-08-02T11:04:23","slug":"scarpa-antinfortunistica-bianca-alta-yuki-grigio-y1807c-s2-fo-sr","status":"publish","type":"product","link":"https:\/\/prodotti.albaen.it\/francais\/produit\/scarpa-antinfortunistica-bianca-alta-yuki-grigio-y1807c-s2-fo-sr\/","title":{"rendered":"YUKI S2 FO SR"},"content":{"rendered":"<div class=\"vc_row wpb_row vc_row-fluid\"><div class=\"wpb_column vc_column_container vc_col-sm-6\"><div class=\"vc_column-inner\"><div class=\"wpb_wrapper\">\n\t<div class=\"wpb_text_column wpb_content_element\" >\n\t\t<div class=\"wpb_wrapper\">\n\t\t\t<p><strong>TIGE<\/strong><span style=\"vertical-align: inherit;\"> in microfibra traspirante, leggera e idrorepellente, collarino imbottito ed inserto Reflex al tallone.<br \/>\n<\/span><strong><span style=\"vertical-align: inherit;\"><br \/>\nDOUBLURE<\/span><\/strong><span style=\"vertical-align: inherit;\"> 3D, traspirante, antibatterico e resistente all\u2019abrasione. Tallone rinforzato con inserto microfibra ad azione antiscivolo e anti-abrasione.<br \/>\n<\/span><br \/>\n<strong><span style=\"vertical-align: inherit;\">SCHUTZKAPPE <\/span><\/strong><span style=\"vertical-align: inherit;\">non metallico, resistente agli urti pari ad una forza di 200 joule e ad una compressione fino a 15Kn.<\/span><\/p>\n<p><strong><span style=\"vertical-align: inherit;\">SEMELLE<\/span><\/strong><span style=\"vertical-align: inherit;\"> in bi-densit\u00e0 PU\/PU, antistatica, antiscivolo, resistente agli olii e agli idrocarburi, assorbimento degli urti nella zona del tallone.<br \/>\n<\/span><br \/>\n<strong><span style=\"vertical-align: inherit;\">SEMELLE INT\u00c9RIEURE <\/span><\/strong><span style=\"vertical-align: inherit;\">antistatica, antibatterica ed estraibile.<\/span><span style=\"vertical-align: inherit;\"><br \/>\n<\/span><strong><span style=\"vertical-align: inherit;\"><br \/>\nAJUSTEMENT <\/span><\/strong><span style=\"vertical-align: inherit;\"><em>Mondopoint 10,5<\/em> \u2013 regolare.<br \/>\n<\/span><strong><span style=\"vertical-align: inherit;\"><br \/>\nR\u00c9GULATION<\/span><\/strong><span style=\"vertical-align: inherit;\"> EN ISO 20345:2022<\/span><\/p>\n<p><strong>POIDS\u00a0<\/strong> 490 GR \u00bd paio 41<\/p>\n\n\t\t<\/div>\n\t<\/div>\n<\/div><\/div><\/div><div class=\"wpb_column vc_column_container vc_col-sm-6\"><div class=\"vc_column-inner\"><div class=\"wpb_wrapper\">\n\t<div class=\"wpb_text_column wpb_content_element\" >\n\t\t<div class=\"wpb_wrapper\">\n\t\t\t<p>Le calzature YUKI sono particolarmente indicate per tutti i professionisti dell&#8217;industria alimentare, del settore farmaceutico e\/o settore sanitario-ospedaliero che cercano comfort ma anche dinamicit\u00e0.<br \/>\nPratiche da pulire con un panno o in lavatrice fino a 30\u00b0C.<\/p>\n<p>Perfetta combinazione tra innovazione e stile, concepita come nuova espressione di libert\u00e0 di movimento e ispirata alla moderna antinfortunistica Urban-Style, la linea Young by Alba&amp;n \u00e8 progettata per rispondere alle esigenze di un pubblico dinamico che ricerca nella sicurezza uno stile fresco e giovanile senza mai rinunciare al comfort.<\/p>\n\n\t\t<\/div>\n\t<\/div>\n<div class=\"icons_cat_title\"> <h2>Cat\u00e9gories de protection <\/h2><\/div><div class=\"container row\"> \n\t\t\t<div>\n  <ul class=\"image-gallery\"><li style=\"float: left;\">  <img decoding=\"async\" src=\"https:\/\/prodotti.albaen.it\/wp-content\/uploads\/simboletti-06.png\"  alt=\"Antistatique\" style=\"height:110px;\"\/> <span class=\"products_icons products_icons1\">Antistatique<\/span> <\/li><li style=\"float: left;\">  <img decoding=\"async\" src=\"https:\/\/prodotti.albaen.it\/wp-content\/uploads\/simboletti-07.png\"  alt=\"Absorption d&#039;\u00e9nergie dans le talon\" style=\"height:110px;\"\/> <span class=\"products_icons products_icons1\">Absorption d'\u00e9nergie dans le talon<\/span> <\/li><li style=\"float: left;\">  <img decoding=\"async\" src=\"https:\/\/prodotti.albaen.it\/wp-content\/uploads\/simboletti-22.png\"  alt=\"R\u00e9sistance aux chocs et \u00e0 la compression\" style=\"height:110px;\"\/> <span class=\"products_icons products_icons1\">R\u00e9sistance aux chocs et \u00e0 la compression<\/span> <\/li><li style=\"float: left;\">  <img decoding=\"async\" src=\"https:\/\/prodotti.albaen.it\/wp-content\/uploads\/simboletti-12.png\"  alt=\"Antid\u00e9rapant - Sol c\u00e9ramique + glyc\u00e9rine\" style=\"height:110px;\"\/> <span class=\"products_icons products_icons1\">Antid\u00e9rapant - Sol c\u00e9ramique + glyc\u00e9rine<\/span> <\/li><li style=\"float: left;\">  <img decoding=\"async\" src=\"https:\/\/prodotti.albaen.it\/wp-content\/uploads\/simboletti-04.png\"  alt=\"Semelle r\u00e9sistante aux huiles et aux hydrocarbures\" style=\"height:110px;\"\/> <span class=\"products_icons products_icons1\">Semelle r\u00e9sistante aux huiles et aux hydrocarbures<\/span> <\/li><li style=\"float: left;\">  <img decoding=\"async\" src=\"https:\/\/prodotti.albaen.it\/wp-content\/uploads\/simboletti-01.png\"  alt=\"Tomaia resistente all\u2019assorbimento e alla penetrazione dell\u2019acqua\" style=\"height:110px;\"\/> <span class=\"products_icons products_icons1\">Tomaia resistente all\u2019assorbimento e alla penetrazione dell\u2019acqua<\/span> <\/li><\/ul>\n<\/div><\/div>\n\t<div class=\"wpb_text_column wpb_content_element\" >\n\t\t<div class=\"wpb_wrapper\">\n\t\t\t<p><strong><\/strong><\/p>\n\n\t\t<\/div>\n\t<\/div>\n<div class=\"icons_cat_title\"> <h2>Secteurs d'utilisation <\/h2><\/div><div class=\"container row\"> \n\t\t\t<div>\n  <ul class=\"image-gallery\"><li style=\"float: left;\"> <img decoding=\"async\" src=\"https:\/\/prodotti.albaen.it\/wp-content\/uploads\/Industria-Alimentare-_-HO.RE_.CA_.-2.png\" alt=\"Industria Alimentare \/ HO.RE.CA\" style=\"height:60px;\"\/>  <span class=\"products_icons\">Industria Alimentare \/ HO.RE.CA<\/span> <\/li><li style=\"float: left;\"> <img decoding=\"async\" src=\"https:\/\/prodotti.albaen.it\/wp-content\/uploads\/Sanita2.png\" alt=\"Sanit\u00e0\" style=\"height:60px;\"\/>  <span class=\"products_icons\">Sanit\u00e0<\/span> <\/li><\/ul>\n<\/div><\/div>\n\t<div class=\"wpb_text_column wpb_content_element\" >\n\t\t<div class=\"wpb_wrapper\">\n\t\t\t\n\n\t\t<\/div>\n\t<\/div>\n<div class=\"icons_cat_title\"> <h2>La technologie <\/h2><\/div><div class=\"container row\"> \n\t\t\t<div>\n  <ul class=\"image-gallery\"><li style=\"float: left;\"><img decoding=\"async\" src=\"https:\/\/prodotti.albaen.it\/wp-content\/uploads\/Metal-Free-Tecnologia-2.png\"  alt=\"Metal Free\" style=\"height:60px;\"\/><span class=\"products_icons\">Metal Free<\/span><\/li><li style=\"float: left;\"><img decoding=\"async\" src=\"https:\/\/prodotti.albaen.it\/wp-content\/uploads\/Microlight.png\"  alt=\"Microlight\" style=\"height:60px;\"\/><span class=\"products_icons\">Microlight<\/span><\/li><li style=\"float: left;\"><img decoding=\"async\" src=\"https:\/\/prodotti.albaen.it\/wp-content\/uploads\/C-Cap.png\"  alt=\"Embout de s\u00e9curit\u00e9 composite\" style=\"height:60px;\"\/><span class=\"products_icons\">Embout de s\u00e9curit\u00e9 composite<\/span><\/li><\/ul>\n<\/div><\/div>\n\t<div class=\"wpb_text_column wpb_content_element\" >\n\t\t<div class=\"wpb_wrapper\">\n\t\t\t<p><strong><\/strong><\/p>\n\n\t\t<\/div>\n\t<\/div>\n<\/div><\/div><\/div><\/div>","protected":false},"excerpt":{"rendered":"<p>Calzature alte di sicurezza YUKI S2 FO SR comode e leggere della linea YOUNG by Alba&amp;n, dal design pulito e lineare, con tomaia in microfibra tecnica Microlight di alta qualit\u00e0, leggera, traspirante e resistente all&#8217;acqua. 100% METALFREE per donare maggiore benessere ai piedi, presentano infatti un puntale di sicurezza robusto e leggero in composito e una fodera a nido d&#8217;ape antibatterica che assicura igiene e traspirazione.<\/p>\n<p>La struttura della suola anti abrasione e antistatica in 2D &#8211; PU\/PU flessibile garantisce grip, sicurezza e stabilit\u00e0 della postura. Il battistrada della suola \u00e8 progettato per garantire un grip eccezionale, superando le aspettative dei test di scivolamento condotti secondo la nuova normativa EN ISO 20345:2022.<\/p>\n<p><a href=\"https:\/\/prodotti.albaen.it\/wp-content\/uploads\/Y1807C-S2-grigio-YUKI.ita_.pdf\"><button class=\"btn1\"><span style=\"vertical-align: inherit;\">T\u00c9L\u00c9CHARGEZ LA FICHE TECHNIQUE<\/span><\/button><\/a><\/p>","protected":false},"featured_media":66168,"comment_status":"open","ping_status":"closed","template":"","meta":[],"product_cat":[8464,8292],"product_tag":[],"yoast_head":"<!-- This site is optimized with the Yoast SEO Premium plugin v15.0 - https:\/\/yoast.com\/wordpress\/plugins\/seo\/ -->\n<title>Scarpa antinfortunistica YUKI S2 FO SR - Alba&amp;N Safety Shoes<\/title>\n<meta name=\"description\" content=\"Scarpa antinfortunistica con tomaia in microfibra tecnica Microlight di alta qualit\u00e0 leggera, traspirante e resistente all&#039;acqua.\" \/>\n<meta name=\"robots\" content=\"index, follow, max-snippet:-1, max-image-preview:large, max-video-preview:-1\" \/>\n<link rel=\"canonical\" href=\"https:\/\/prodotti.albaen.it\/francais\/produit\/scarpa-antinfortunistica-bianca-alta-yuki-grigio-y1807c-s2-fo-sr\/\" \/>\n<meta property=\"og:locale\" content=\"fr_FR\" \/>\n<meta property=\"og:type\" content=\"article\" \/>\n<meta property=\"og:title\" content=\"Scarpa antinfortunistica YUKI S2 FO SR - Alba&amp;N Safety Shoes\" \/>\n<meta property=\"og:description\" content=\"Scarpa antinfortunistica con tomaia in microfibra tecnica Microlight di alta qualit\u00e0 leggera, traspirante e resistente all&#039;acqua.\" \/>\n<meta property=\"og:url\" content=\"https:\/\/prodotti.albaen.it\/francais\/produit\/scarpa-antinfortunistica-bianca-alta-yuki-grigio-y1807c-s2-fo-sr\/\" \/>\n<meta property=\"og:site_name\" content=\"Alba&amp;N. - Produttori di Scarpe Antinfortunistiche\" \/>\n<meta property=\"article:publisher\" content=\"https:\/\/www.facebook.com\/AlbaenShoes\/\" \/>\n<meta property=\"article:modified_time\" content=\"2024-08-02T11:04:23+00:00\" \/>\n<meta property=\"og:image\" content=\"https:\/\/prodotti.albaen.it\/wp-content\/uploads\/YUKI-2.jpg\" \/>\n\t<meta property=\"og:image:width\" content=\"1300\" \/>\n\t<meta property=\"og:image:height\" content=\"1300\" \/>\n<meta name=\"twitter:card\" content=\"summary_large_image\" \/>\n<script type=\"application\/ld+json\" class=\"yoast-schema-graph\">{\"@context\":\"https:\/\/schema.org\",\"@graph\":[{\"@type\":\"Organization\",\"@id\":\"https:\/\/prodotti.albaen.it\/francais\/#organization\",\"name\":\"Alba&N\",\"url\":\"https:\/\/prodotti.albaen.it\/francais\/\",\"sameAs\":[\"https:\/\/www.facebook.com\/AlbaenShoes\/\"],\"logo\":{\"@type\":\"ImageObject\",\"@id\":\"https:\/\/prodotti.albaen.it\/francais\/#logo\",\"inLanguage\":\"fr-FR\",\"url\":\"https:\/\/prodotti.albaen.it\/wp-content\/uploads\/2019\/01\/logo1-1.png\",\"width\":269,\"height\":98,\"caption\":\"Alba&N\"},\"image\":{\"@id\":\"https:\/\/prodotti.albaen.it\/francais\/#logo\"}},{\"@type\":\"WebSite\",\"@id\":\"https:\/\/prodotti.albaen.it\/francais\/#website\",\"url\":\"https:\/\/prodotti.albaen.it\/francais\/\",\"name\":\"Alba&N - Produttori di Scarpe Antinfortunistiche\",\"description\":\"Leader Mondiali nella produzione di Scarpe Antinfortunistiche\",\"publisher\":{\"@id\":\"https:\/\/prodotti.albaen.it\/francais\/#organization\"},\"potentialAction\":[{\"@type\":\"SearchAction\",\"target\":\"https:\/\/prodotti.albaen.it\/francais\/?s={search_term_string}\",\"query-input\":\"required name=search_term_string\"}],\"inLanguage\":\"fr-FR\"},{\"@type\":\"ImageObject\",\"@id\":\"https:\/\/prodotti.albaen.it\/prodotto\/scarpa-antinfortunistica-bianca-alta-yuki-grigio-y1807c-s2-fo-sr\/#primaryimage\",\"inLanguage\":\"fr-FR\",\"url\":\"https:\/\/prodotti.albaen.it\/wp-content\/uploads\/YUKI-2.jpg\",\"width\":1300,\"height\":1300,\"caption\":\"Scarpa antinfortunistica bianca linea young\"},{\"@type\":\"WebPage\",\"@id\":\"https:\/\/prodotti.albaen.it\/prodotto\/scarpa-antinfortunistica-bianca-alta-yuki-grigio-y1807c-s2-fo-sr\/#webpage\",\"url\":\"https:\/\/prodotti.albaen.it\/prodotto\/scarpa-antinfortunistica-bianca-alta-yuki-grigio-y1807c-s2-fo-sr\/\",\"name\":\"Scarpa antinfortunistica YUKI S2 FO SR - Alba&N Safety Shoes\",\"isPartOf\":{\"@id\":\"https:\/\/prodotti.albaen.it\/francais\/#website\"},\"primaryImageOfPage\":{\"@id\":\"https:\/\/prodotti.albaen.it\/prodotto\/scarpa-antinfortunistica-bianca-alta-yuki-grigio-y1807c-s2-fo-sr\/#primaryimage\"},\"datePublished\":\"2024-06-21T07:12:34+00:00\",\"dateModified\":\"2024-08-02T11:04:23+00:00\",\"description\":\"Scarpa antinfortunistica con tomaia in microfibra tecnica Microlight di alta qualit\\u00e0 leggera, traspirante e resistente all'acqua.\",\"inLanguage\":\"fr-FR\",\"potentialAction\":[{\"@type\":\"ReadAction\",\"target\":[\"https:\/\/prodotti.albaen.it\/prodotto\/scarpa-antinfortunistica-bianca-alta-yuki-grigio-y1807c-s2-fo-sr\/\"]}]}]}<\/script>\n<!-- \/ Yoast SEO Premium plugin. -->","_links":{"self":[{"href":"https:\/\/prodotti.albaen.it\/francais\/wp-json\/wp\/v2\/product\/66165"}],"collection":[{"href":"https:\/\/prodotti.albaen.it\/francais\/wp-json\/wp\/v2\/product"}],"about":[{"href":"https:\/\/prodotti.albaen.it\/francais\/wp-json\/wp\/v2\/types\/product"}],"replies":[{"embeddable":true,"href":"https:\/\/prodotti.albaen.it\/francais\/wp-json\/wp\/v2\/comments?post=66165"}],"wp:featuredmedia":[{"embeddable":true,"href":"https:\/\/prodotti.albaen.it\/francais\/wp-json\/wp\/v2\/media\/66168"}],"wp:attachment":[{"href":"https:\/\/prodotti.albaen.it\/francais\/wp-json\/wp\/v2\/media?parent=66165"}],"wp:term":[{"taxonomy":"product_cat","embeddable":true,"href":"https:\/\/prodotti.albaen.it\/francais\/wp-json\/wp\/v2\/product_cat?post=66165"},{"taxonomy":"product_tag","embeddable":true,"href":"https:\/\/prodotti.albaen.it\/francais\/wp-json\/wp\/v2\/product_tag?post=66165"}],"curies":[{"name":"wp","href":"https:\/\/api.w.org\/{rel}","templated":true}]}}