{"id":66194,"date":"2024-06-21T12:58:18","date_gmt":"2024-06-21T10:58:18","guid":{"rendered":"https:\/\/prodotti.albaen.it\/?post_type=product&#038;p=66194"},"modified":"2024-06-26T14:03:41","modified_gmt":"2024-06-26T12:03:41","slug":"scarpa-antinfortunistica-bassa-galilei-f1625ck-s1pl-fo-sr","status":"publish","type":"product","link":"https:\/\/prodotti.albaen.it\/francais\/produit\/scarpa-antinfortunistica-bassa-galilei-f1625ck-s1pl-fo-sr\/","title":{"rendered":"GALILEI S1PL FO SR"},"content":{"rendered":"<div class=\"vc_row wpb_row vc_row-fluid\"><div class=\"wpb_column vc_column_container vc_col-sm-6\"><div class=\"vc_column-inner\"><div class=\"wpb_wrapper\">\n\t<div class=\"wpb_text_column wpb_content_element\" >\n\t\t<div class=\"wpb_wrapper\">\n\t\t\t<p>Scarpa bassa da lavoro S1P SR con tomaia forata in morbida pelle scamosciata, puntale anti-urto, inserto anti-foro e suola antiscivolo SR.<\/p>\n<p><strong><span style=\"vertical-align: inherit;\">TIGE<\/span><\/strong><span style=\"vertical-align: inherit;\"> in pelle scamosciata, con fori laterali, collarino e lingua imbottiti in nylon.<br \/>\n<\/span><strong><span style=\"vertical-align: inherit;\"><br \/>\nDOUBLURE<\/span><\/strong><span style=\"vertical-align: inherit;\"> en tissu \u00e0 effet 3D ou tridimensionnel, respirante avec une excellente r\u00e9sistance \u00e0 l'abrasion.<br \/>\n<\/span><br \/>\n<strong><span style=\"vertical-align: inherit;\">SCHUTZKAPPE <\/span><\/strong><span style=\"vertical-align: inherit;\">non metallico, resistente agli urti pari ad una forza di 200 J e ad una compressione fino a 15Kn. Leggero, amagnetico e atermico.<\/span><span style=\"vertical-align: inherit;\"><br \/>\n<\/span><br \/>\n<strong><span style=\"vertical-align: inherit;\">SEMELLE ANTI-PERFORATION<\/span><\/strong><span style=\"vertical-align: inherit;\">\u00a0 en textile, r\u00e9sistante \u00e0 la perforation jusqu'\u00e0 1100N. Prot\u00e8ge toute la surface de la plante du pied. Flexible et confortable, non magn\u00e9tique, antistatique et isolant thermique.<\/span><\/p>\n<p><strong><span style=\"vertical-align: inherit;\">SEMELLE<\/span><\/strong><span style=\"vertical-align: inherit;\"> in bi-densit\u00e0 PU\/PU, antistatica, antiscivolo SR, resistente agli oli e agli idrocarburi, assorbimento degli urti nella zona del tallone.<br \/>\n<\/span><br \/>\n<strong><span style=\"vertical-align: inherit;\">SEMELLE INT\u00c9RIEURE <\/span><\/strong><span style=\"vertical-align: inherit;\">\u201cClaudia\u201d in PU antistatico e ammortizzante, rivestito da tessuto traspirante e anti abrasione. Rimovibile e lavabile.<\/span><strong><span style=\"vertical-align: inherit;\"><br \/>\n<\/span><\/strong><strong><span style=\"vertical-align: inherit;\"><br \/>\nAJUSTEMENT <\/span><\/strong> <em><span style=\"vertical-align: inherit;\">Mondopoint<\/span><\/em><span style=\"vertical-align: inherit;\"> 11 \u2013 large et confortable.<br \/>\n<\/span><strong><span style=\"vertical-align: inherit;\"><br \/>\nR\u00c9GULATION<\/span><\/strong><span style=\"vertical-align: inherit;\"> EN ISO 20345:2022<\/span><\/p>\n<p><strong>POIDS<\/strong> 560 GR \u00bd paio tg 42<\/p>\n\n\t\t<\/div>\n\t<\/div>\n<\/div><\/div><\/div><div class=\"wpb_column vc_column_container vc_col-sm-6\"><div class=\"vc_column-inner\"><div class=\"wpb_wrapper\">\n\t<div class=\"wpb_text_column wpb_content_element\" >\n\t\t<div class=\"wpb_wrapper\">\n\t\t\t<p>Le calzature della linea Safety Balance si contraddistinguono per la loro versatilit\u00e0 e funzionalit\u00e0, sono infatti progettate per affrontare le sfide di vari settori lavorativi, offrendo il giusto mix di comfort, protezione e funzionalit\u00e0. Con una suola studiata per offrire la massima aderenza e un design ergonomico, queste scarpe sono il giusto alleato per soddisfare tutte le esigenze di chi le indossa.<\/p>\n\n\t\t<\/div>\n\t<\/div>\n<div class=\"icons_cat_title\"> <h2>Cat\u00e9gories de protection <\/h2><\/div><div class=\"container row\"> \n\t\t\t<div>\n  <ul class=\"image-gallery\"><li style=\"float: left;\">  <img decoding=\"async\" src=\"https:\/\/prodotti.albaen.it\/wp-content\/uploads\/simboletti-06.png\"  alt=\"Antistatique\" style=\"height:110px;\"\/> <span class=\"products_icons products_icons1\">Antistatique<\/span> <\/li><li style=\"float: left;\">  <img decoding=\"async\" src=\"https:\/\/prodotti.albaen.it\/wp-content\/uploads\/simboletti-07.png\"  alt=\"Absorption d&#039;\u00e9nergie dans le talon\" style=\"height:110px;\"\/> <span class=\"products_icons products_icons1\">Absorption d'\u00e9nergie dans le talon<\/span> <\/li><li style=\"float: left;\">  <img decoding=\"async\" src=\"https:\/\/prodotti.albaen.it\/wp-content\/uploads\/simboletti-23.png\"  alt=\"ElectroStatic Discharge\" style=\"height:110px;\"\/> <span class=\"products_icons products_icons1\">ElectroStatic Discharge<\/span> <\/li><li style=\"float: left;\">  <img decoding=\"async\" src=\"https:\/\/prodotti.albaen.it\/wp-content\/uploads\/simboletti-09.png\"  alt=\"Inserto antiforo tessile resistente alla perforazione \u00d8=4,5mm\" style=\"height:110px;\"\/> <span class=\"products_icons products_icons1\">Inserto antiforo tessile resistente alla perforazione \u00d8=4,5mm<\/span> <\/li><li style=\"float: left;\">  <img decoding=\"async\" src=\"https:\/\/prodotti.albaen.it\/wp-content\/uploads\/simboletti-22.png\"  alt=\"R\u00e9sistance aux chocs et \u00e0 la compression\" style=\"height:110px;\"\/> <span class=\"products_icons products_icons1\">R\u00e9sistance aux chocs et \u00e0 la compression<\/span> <\/li><li style=\"float: left;\">  <img decoding=\"async\" src=\"https:\/\/prodotti.albaen.it\/wp-content\/uploads\/simboletti-12.png\"  alt=\"Antid\u00e9rapant - Sol c\u00e9ramique + glyc\u00e9rine\" style=\"height:110px;\"\/> <span class=\"products_icons products_icons1\">Antid\u00e9rapant - Sol c\u00e9ramique + glyc\u00e9rine<\/span> <\/li><li style=\"float: left;\">  <img decoding=\"async\" src=\"https:\/\/prodotti.albaen.it\/wp-content\/uploads\/simboletti-04.png\"  alt=\"Semelle r\u00e9sistante aux huiles et aux hydrocarbures\" style=\"height:110px;\"\/> <span class=\"products_icons products_icons1\">Semelle r\u00e9sistante aux huiles et aux hydrocarbures<\/span> <\/li><\/ul>\n<\/div><\/div>\n\t<div class=\"wpb_text_column wpb_content_element\" >\n\t\t<div class=\"wpb_wrapper\">\n\t\t\t<p><strong><\/strong><\/p>\n\n\t\t<\/div>\n\t<\/div>\n<div class=\"icons_cat_title\"> <h2>Secteurs d'utilisation <\/h2><\/div><div class=\"container row\"> \n\t\t\t<div>\n  <ul class=\"image-gallery\"><li style=\"float: left;\"> <img decoding=\"async\" src=\"https:\/\/prodotti.albaen.it\/wp-content\/uploads\/Artigianato-_-Officine-1.png\" alt=\"Artisanat \/ Ateliers\" style=\"height:60px;\"\/>  <span class=\"products_icons\">Artisanat \/ Ateliers<\/span> <\/li><li style=\"float: left;\"> <img decoding=\"async\" src=\"https:\/\/prodotti.albaen.it\/wp-content\/uploads\/Logistica-_-Trasporto-1.png\" alt=\"Logistique \/ Transport\" style=\"height:60px;\"\/>  <span class=\"products_icons\">Logistique \/ Transport<\/span> <\/li><li style=\"float: left;\"> <img decoding=\"async\" src=\"https:\/\/prodotti.albaen.it\/wp-content\/uploads\/Magazzino-_-GDO-1.png\" alt=\"Entrep\u00f4t \/ GDO\" style=\"height:60px;\"\/>  <span class=\"products_icons\">Entrep\u00f4t \/ GDO<\/span> <\/li><\/ul>\n<\/div><\/div>\n\t<div class=\"wpb_text_column wpb_content_element\" >\n\t\t<div class=\"wpb_wrapper\">\n\t\t\t\n\n\t\t<\/div>\n\t<\/div>\n<div class=\"icons_cat_title\"> <h2>La technologie <\/h2><\/div><div class=\"container row\"> \n\t\t\t<div>\n  <ul class=\"image-gallery\"><li style=\"float: left;\"><img decoding=\"async\" src=\"https:\/\/prodotti.albaen.it\/wp-content\/uploads\/Xqt-_2.png\"  alt=\"Extra Quality Technology\" style=\"height:60px;\"\/><span class=\"products_icons\">Extra Quality Technology<\/span><\/li><li style=\"float: left;\"><img decoding=\"async\" src=\"https:\/\/prodotti.albaen.it\/wp-content\/uploads\/No-nail-tex.png\"  alt=\"Plaque en tissu anti-crevaison\" style=\"height:60px;\"\/><span class=\"products_icons\">Plaque en tissu anti-crevaison<\/span><\/li><li style=\"float: left;\"><img decoding=\"async\" src=\"https:\/\/prodotti.albaen.it\/wp-content\/uploads\/Metal-Free-Tecnologia-2.png\"  alt=\"Metal Free\" style=\"height:60px;\"\/><span class=\"products_icons\">Metal Free<\/span><\/li><li style=\"float: left;\"><img decoding=\"async\" src=\"https:\/\/prodotti.albaen.it\/wp-content\/uploads\/C-Cap.png\"  alt=\"Embout de s\u00e9curit\u00e9 composite\" style=\"height:60px;\"\/><span class=\"products_icons\">Embout de s\u00e9curit\u00e9 composite<\/span><\/li><\/ul>\n<\/div><\/div>\n\t<div class=\"wpb_text_column wpb_content_element\" >\n\t\t<div class=\"wpb_wrapper\">\n\t\t\t<p><strong><\/strong><\/p>\n\n\t\t<\/div>\n\t<\/div>\n<\/div><\/div><\/div><\/div>","protected":false},"excerpt":{"rendered":"<p>Calzature di sicurezza con lacci GALILEI S1PL SR, in pelle scamosciata con fori laterali per maggiore areazione e traspirazione del piede. La fodera interna 3D assorbe il sudore, fa respirare il piede e resiste contro l&#8217;abrasione. Le calzature Galilei sono dotate di puntale di sicurezza non metallico e resistente agli urti fino a 200J, inserto antiforo tessile che assicura ZERO penetrazione.<\/p>\n<p>Suola in doppia densit\u00e0 di poliuretano, per maggiore resistenza ed una durata prolungata. Battistrada con design a scanalature per favorire il drenaggio di sporco e liquidi. \u00c8 inoltre antistatica, antiscivolo SR, resistente agli idrocarburi FO e shock absorber nella zona del tallone.<\/p>\n<p>Le GALILEI S1PL sono 100% metalfree, pensate e realizzate per tutte quelle figure professionali che operano nei magazzini e nella grande distribuzione.<\/p>\n<p><a href=\"https:\/\/prodotti.albaen.it\/wp-content\/uploads\/F1625CK-S1PL-1-Galilei.it_.pdf\"><button class=\"btn1\"><span style=\"vertical-align: inherit;\">T\u00c9L\u00c9CHARGEZ LA FICHE TECHNIQUE<\/span><\/button><\/a><\/p>","protected":false},"featured_media":66203,"comment_status":"open","ping_status":"closed","template":"","meta":[],"product_cat":[8286,8292],"product_tag":[],"yoast_head":"<!-- This site is optimized with the Yoast SEO Premium plugin v15.0 - https:\/\/yoast.com\/wordpress\/plugins\/seo\/ -->\n<title>Scarpa antinfortunistica bassa GALILEI S1PL FO SR - Alba&amp;N<\/title>\n<meta name=\"description\" content=\"Scarpa antinfortunistica bassa con lacci, in pelle scamosciata con fori laterali per maggiore areazione e traspirazione del piede.\" \/>\n<meta name=\"robots\" content=\"index, follow, max-snippet:-1, max-image-preview:large, max-video-preview:-1\" \/>\n<link rel=\"canonical\" href=\"https:\/\/prodotti.albaen.it\/francais\/produit\/scarpa-antinfortunistica-bassa-galilei-f1625ck-s1pl-fo-sr\/\" \/>\n<meta property=\"og:locale\" content=\"fr_FR\" \/>\n<meta property=\"og:type\" content=\"article\" \/>\n<meta property=\"og:title\" content=\"Scarpa antinfortunistica bassa GALILEI S1PL FO SR - Alba&amp;N\" \/>\n<meta property=\"og:description\" content=\"Scarpa antinfortunistica bassa con lacci, in pelle scamosciata con fori laterali per maggiore areazione e traspirazione del piede.\" \/>\n<meta property=\"og:url\" content=\"https:\/\/prodotti.albaen.it\/francais\/produit\/scarpa-antinfortunistica-bassa-galilei-f1625ck-s1pl-fo-sr\/\" \/>\n<meta property=\"og:site_name\" content=\"Alba&amp;N. - Produttori di Scarpe Antinfortunistiche\" \/>\n<meta property=\"article:publisher\" content=\"https:\/\/www.facebook.com\/AlbaenShoes\/\" \/>\n<meta property=\"article:modified_time\" content=\"2024-06-26T12:03:41+00:00\" \/>\n<meta property=\"og:image\" content=\"https:\/\/prodotti.albaen.it\/wp-content\/uploads\/galilei-2.jpg\" \/>\n\t<meta property=\"og:image:width\" content=\"1300\" \/>\n\t<meta property=\"og:image:height\" content=\"1300\" \/>\n<meta name=\"twitter:card\" content=\"summary_large_image\" \/>\n<script type=\"application\/ld+json\" class=\"yoast-schema-graph\">{\"@context\":\"https:\/\/schema.org\",\"@graph\":[{\"@type\":\"Organization\",\"@id\":\"https:\/\/prodotti.albaen.it\/francais\/#organization\",\"name\":\"Alba&N\",\"url\":\"https:\/\/prodotti.albaen.it\/francais\/\",\"sameAs\":[\"https:\/\/www.facebook.com\/AlbaenShoes\/\"],\"logo\":{\"@type\":\"ImageObject\",\"@id\":\"https:\/\/prodotti.albaen.it\/francais\/#logo\",\"inLanguage\":\"fr-FR\",\"url\":\"https:\/\/prodotti.albaen.it\/wp-content\/uploads\/2019\/01\/logo1-1.png\",\"width\":269,\"height\":98,\"caption\":\"Alba&N\"},\"image\":{\"@id\":\"https:\/\/prodotti.albaen.it\/francais\/#logo\"}},{\"@type\":\"WebSite\",\"@id\":\"https:\/\/prodotti.albaen.it\/francais\/#website\",\"url\":\"https:\/\/prodotti.albaen.it\/francais\/\",\"name\":\"Alba&N - Produttori di Scarpe Antinfortunistiche\",\"description\":\"Leader Mondiali nella produzione di Scarpe Antinfortunistiche\",\"publisher\":{\"@id\":\"https:\/\/prodotti.albaen.it\/francais\/#organization\"},\"potentialAction\":[{\"@type\":\"SearchAction\",\"target\":\"https:\/\/prodotti.albaen.it\/francais\/?s={search_term_string}\",\"query-input\":\"required name=search_term_string\"}],\"inLanguage\":\"fr-FR\"},{\"@type\":\"ImageObject\",\"@id\":\"https:\/\/prodotti.albaen.it\/prodotto\/scarpa-antinfortunistica-bassa-galilei-f1625ck-s1pl-fo-sr\/#primaryimage\",\"inLanguage\":\"fr-FR\",\"url\":\"https:\/\/prodotti.albaen.it\/wp-content\/uploads\/galilei-2.jpg\",\"width\":1300,\"height\":1300,\"caption\":\"scarpa antinfortunistica bassa grigia safety balance\"},{\"@type\":\"WebPage\",\"@id\":\"https:\/\/prodotti.albaen.it\/prodotto\/scarpa-antinfortunistica-bassa-galilei-f1625ck-s1pl-fo-sr\/#webpage\",\"url\":\"https:\/\/prodotti.albaen.it\/prodotto\/scarpa-antinfortunistica-bassa-galilei-f1625ck-s1pl-fo-sr\/\",\"name\":\"Scarpa antinfortunistica bassa GALILEI S1PL FO SR - Alba&N\",\"isPartOf\":{\"@id\":\"https:\/\/prodotti.albaen.it\/francais\/#website\"},\"primaryImageOfPage\":{\"@id\":\"https:\/\/prodotti.albaen.it\/prodotto\/scarpa-antinfortunistica-bassa-galilei-f1625ck-s1pl-fo-sr\/#primaryimage\"},\"datePublished\":\"2024-06-21T10:58:18+00:00\",\"dateModified\":\"2024-06-26T12:03:41+00:00\",\"description\":\"Scarpa antinfortunistica bassa con lacci, in pelle scamosciata con fori laterali per maggiore areazione e traspirazione del piede.\",\"inLanguage\":\"fr-FR\",\"potentialAction\":[{\"@type\":\"ReadAction\",\"target\":[\"https:\/\/prodotti.albaen.it\/prodotto\/scarpa-antinfortunistica-bassa-galilei-f1625ck-s1pl-fo-sr\/\"]}]}]}<\/script>\n<!-- \/ Yoast SEO Premium plugin. -->","_links":{"self":[{"href":"https:\/\/prodotti.albaen.it\/francais\/wp-json\/wp\/v2\/product\/66194"}],"collection":[{"href":"https:\/\/prodotti.albaen.it\/francais\/wp-json\/wp\/v2\/product"}],"about":[{"href":"https:\/\/prodotti.albaen.it\/francais\/wp-json\/wp\/v2\/types\/product"}],"replies":[{"embeddable":true,"href":"https:\/\/prodotti.albaen.it\/francais\/wp-json\/wp\/v2\/comments?post=66194"}],"wp:featuredmedia":[{"embeddable":true,"href":"https:\/\/prodotti.albaen.it\/francais\/wp-json\/wp\/v2\/media\/66203"}],"wp:attachment":[{"href":"https:\/\/prodotti.albaen.it\/francais\/wp-json\/wp\/v2\/media?parent=66194"}],"wp:term":[{"taxonomy":"product_cat","embeddable":true,"href":"https:\/\/prodotti.albaen.it\/francais\/wp-json\/wp\/v2\/product_cat?post=66194"},{"taxonomy":"product_tag","embeddable":true,"href":"https:\/\/prodotti.albaen.it\/francais\/wp-json\/wp\/v2\/product_tag?post=66194"}],"curies":[{"name":"wp","href":"https:\/\/api.w.org\/{rel}","templated":true}]}}