{"id":66212,"date":"2024-06-26T11:22:43","date_gmt":"2024-06-26T09:22:43","guid":{"rendered":"https:\/\/prodotti.albaen.it\/?post_type=product&#038;p=66212"},"modified":"2024-07-29T10:51:21","modified_gmt":"2024-07-29T08:51:21","slug":"scarpa-antinfortunistica-ecosostenibile-bassa-wood-p1450ck-s3-src","status":"publish","type":"product","link":"https:\/\/prodotti.albaen.it\/francais\/produit\/scarpa-antinfortunistica-ecosostenibile-bassa-wood-p1450ck-s3-src\/","title":{"rendered":"WOOD S3 SRC"},"content":{"rendered":"<div class=\"vc_row wpb_row vc_row-fluid\"><div class=\"wpb_column vc_column_container vc_col-sm-6\"><div class=\"vc_column-inner\"><div class=\"wpb_wrapper\">\n\t<div class=\"wpb_text_column wpb_content_element\" >\n\t\t<div class=\"wpb_wrapper\">\n\t\t\t<p>Le calzature di sicurezza WOOD S3 coniugano tutte le esigenze in materia di protezione a quelle di ecosostenibilit\u00e0, sono la scelta giusta per un mondo pi\u00f9 eco-responsabile ed un pianeta pi\u00f9 sostenibile.<\/p>\n<p><strong>TIGE<\/strong> Prin-tex ECO technology, tessuto stampato ecosostenibile riciclato da bottiglie di plastica post-consumo. Traspirante, leggero e idrorepellente, con puntalino in pelle antigraffio per maggiore protezione.<span style=\"vertical-align: inherit;\"><br \/>\n<\/span><strong><span style=\"vertical-align: inherit;\"><br \/>\nDOUBLURE<\/span><\/strong><span style=\"vertical-align: inherit;\"> 3D, traspirante e anti-abrasione. Tallone rinforzato con inserto ad azione antiscivolo e anti-abrasione.<br \/>\n<\/span><br \/>\n<strong><span style=\"vertical-align: inherit;\">SCHUTZKAPPE <\/span><\/strong><span style=\"vertical-align: inherit;\">non metallico, resistente agli urti fino a 200J e alla compressione fino a 15kN. Leggero, amagnetico, termoisolante.<br \/>\n<\/span><br \/>\n<strong><span style=\"vertical-align: inherit;\">SEMELLE ANTI-PERFORATION<\/span><\/strong><span style=\"vertical-align: inherit;\"> tessile, resistente alla perforazione fino a 1100N. Flessibile e confortevole, amagnetico, antistatico e termo isolante.<\/span><\/p>\n<p><strong><span style=\"vertical-align: inherit;\">SEMELLE<\/span><\/strong><span style=\"vertical-align: inherit;\"> in bi-densit\u00e0 PU\/PU, antistatica, antiscivolo SRC, resistente agli oli e agli idrocarburi FO, assorbimento degli urti nella zona del tallone.<br \/>\n<\/span><br \/>\n<strong><span style=\"vertical-align: inherit;\">SEMELLE INT\u00c9RIEURE <\/span><\/strong><span style=\"vertical-align: inherit;\">\u201cElisa\u201d in PU antistatico e ammortizzante, anatomico, rivestito da tessuto traspirante e anti abrasione. Tallonetta shock absorber per una maggiore ammortizzazione degli urti. Rimovibile e lavabile.<\/span><span style=\"vertical-align: inherit;\"><br \/>\n<\/span><strong><span style=\"vertical-align: inherit;\"><br \/>\nAJUSTEMENT <\/span><\/strong> <em><span style=\"vertical-align: inherit;\">Mondopoint<\/span><\/em><span style=\"vertical-align: inherit;\"><em> 11<\/em> &#8211; ampia e confortevole<br \/>\n<\/span><strong><span style=\"vertical-align: inherit;\"><br \/>\nR\u00c9GULATION<\/span><\/strong><span style=\"vertical-align: inherit;\"> EN ISO 20345:2011<\/span><\/p>\n<p><strong>POIDS\u00a0<\/strong> 530 GR \u00bd paio 42<\/p>\n\n\t\t<\/div>\n\t<\/div>\n<\/div><\/div><\/div><div class=\"wpb_column vc_column_container vc_col-sm-6\"><div class=\"vc_column-inner\"><div class=\"wpb_wrapper\">\n\t<div class=\"wpb_text_column wpb_content_element\" >\n\t\t<div class=\"wpb_wrapper\">\n\t\t\t<p>Re-choose\u00ae \u00e8 il nuovo brand di calzature di sicurezza by Alba&amp;n, improntato su un concetto ecosostenibile che mira alla salvaguardia dell\u2019ambiente senza perdere di vista gli elementi di protezione e comfort necessari per garantire sicurezza e benessere durante tutta la tua giornata lavorativa.<br \/>\nFai la scelta giusta per te e per l\u2019ambiente.<br \/>\nRecycle, reduce, reuse, RE-CHOOSE!<br \/>\n#WEARTHECHANGE<\/p>\n\n\t\t<\/div>\n\t<\/div>\n<div class=\"icons_cat_title\"> <h2>Cat\u00e9gories de protection <\/h2><\/div><div class=\"container row\"> \n\t\t\t<div>\n  <ul class=\"image-gallery\"><li style=\"float: left;\">  <img decoding=\"async\" src=\"https:\/\/prodotti.albaen.it\/wp-content\/uploads\/simboletti-06.png\"  alt=\"Antistatique\" style=\"height:110px;\"\/> <span class=\"products_icons products_icons1\">Antistatique<\/span> <\/li><li style=\"float: left;\">  <img decoding=\"async\" src=\"https:\/\/prodotti.albaen.it\/wp-content\/uploads\/simboletti-07.png\"  alt=\"Absorption d&#039;\u00e9nergie dans le talon\" style=\"height:110px;\"\/> <span class=\"products_icons products_icons1\">Absorption d'\u00e9nergie dans le talon<\/span> <\/li><li style=\"float: left;\">  <img decoding=\"async\" src=\"https:\/\/prodotti.albaen.it\/wp-content\/uploads\/simboletti-08.png\"  alt=\"Insert anti-crevaison, r\u00e9sistant \u00e0 la perforation \u00d8=4,5mm\" style=\"height:110px;\"\/> <span class=\"products_icons products_icons1\">Insert anti-crevaison, r\u00e9sistant \u00e0 la perforation \u00d8=4,5mm<\/span> <\/li><li style=\"float: left;\">  <img decoding=\"async\" src=\"https:\/\/prodotti.albaen.it\/wp-content\/uploads\/simboletti-22.png\"  alt=\"R\u00e9sistance aux chocs et \u00e0 la compression\" style=\"height:110px;\"\/> <span class=\"products_icons products_icons1\">R\u00e9sistance aux chocs et \u00e0 la compression<\/span> <\/li><li style=\"float: left;\">  <img decoding=\"async\" src=\"https:\/\/prodotti.albaen.it\/wp-content\/uploads\/simboletti-11.png\"  alt=\"R\u00e9sistance au glissement\" style=\"height:110px;\"\/> <span class=\"products_icons products_icons1\">R\u00e9sistance au glissement<\/span> <\/li><li style=\"float: left;\">  <img decoding=\"async\" src=\"https:\/\/prodotti.albaen.it\/wp-content\/uploads\/simboletti-04.png\"  alt=\"Semelle r\u00e9sistante aux huiles et aux hydrocarbures\" style=\"height:110px;\"\/> <span class=\"products_icons products_icons1\">Semelle r\u00e9sistante aux huiles et aux hydrocarbures<\/span> <\/li><\/ul>\n<\/div><\/div>\n\t<div class=\"wpb_text_column wpb_content_element\" >\n\t\t<div class=\"wpb_wrapper\">\n\t\t\t<p><strong><\/strong><\/p>\n\n\t\t<\/div>\n\t<\/div>\n<div class=\"icons_cat_title\"> <h2>Secteurs d'utilisation <\/h2><\/div><div class=\"container row\"> \n\t\t\t<div>\n  <ul class=\"image-gallery\"><li style=\"float: left;\"> <img decoding=\"async\" src=\"https:\/\/prodotti.albaen.it\/wp-content\/uploads\/Artigianato-_-Officine-1.png\" alt=\"Artisanat \/ Ateliers\" style=\"height:60px;\"\/>  <span class=\"products_icons\">Artisanat \/ Ateliers<\/span> <\/li><li style=\"float: left;\"> <img decoding=\"async\" src=\"https:\/\/prodotti.albaen.it\/wp-content\/uploads\/Logistica-_-Trasporto-1.png\" alt=\"Logistique \/ Transport\" style=\"height:60px;\"\/>  <span class=\"products_icons\">Logistique \/ Transport<\/span> <\/li><li style=\"float: left;\"> <img decoding=\"async\" src=\"https:\/\/prodotti.albaen.it\/wp-content\/uploads\/Magazzino-_-GDO-1.png\" alt=\"Entrep\u00f4t \/ GDO\" style=\"height:60px;\"\/>  <span class=\"products_icons\">Entrep\u00f4t \/ GDO<\/span> <\/li><\/ul>\n<\/div><\/div>\n\t<div class=\"wpb_text_column wpb_content_element\" >\n\t\t<div class=\"wpb_wrapper\">\n\t\t\t\n\n\t\t<\/div>\n\t<\/div>\n<div class=\"icons_cat_title\"> <h2>La technologie <\/h2><\/div><div class=\"container row\"> \n\t\t\t<div>\n  <ul class=\"image-gallery\"><li style=\"float: left;\"><img decoding=\"async\" src=\"https:\/\/prodotti.albaen.it\/wp-content\/uploads\/secosol-@4x.png\"  alt=\"DGUV 112_191\" style=\"height:60px;\"\/><span class=\"products_icons\">DGUV 112_191<\/span><\/li><li style=\"float: left;\"><img decoding=\"async\" src=\"https:\/\/prodotti.albaen.it\/wp-content\/uploads\/ECO.png\"  alt=\"Eco Friendly\" style=\"height:60px;\"\/><span class=\"products_icons\">Eco Friendly<\/span><\/li><li style=\"float: left;\"><img decoding=\"async\" src=\"https:\/\/prodotti.albaen.it\/wp-content\/uploads\/Xqt-_2.png\"  alt=\"Extra Quality Technology\" style=\"height:60px;\"\/><span class=\"products_icons\">Extra Quality Technology<\/span><\/li><li style=\"float: left;\"><img decoding=\"async\" src=\"https:\/\/prodotti.albaen.it\/wp-content\/uploads\/No-nail-tex.png\"  alt=\"Plaque en tissu anti-crevaison\" style=\"height:60px;\"\/><span class=\"products_icons\">Plaque en tissu anti-crevaison<\/span><\/li><li style=\"float: left;\"><img decoding=\"async\" src=\"https:\/\/prodotti.albaen.it\/wp-content\/uploads\/memory-flex-2.png\"  alt=\"Memory Flex\" style=\"height:60px;\"\/><span class=\"products_icons\">Memory Flex<\/span><\/li><li style=\"float: left;\"><img decoding=\"async\" src=\"https:\/\/prodotti.albaen.it\/wp-content\/uploads\/Metal-Free-Tecnologia-2.png\"  alt=\"Metal Free\" style=\"height:60px;\"\/><span class=\"products_icons\">Metal Free<\/span><\/li><li style=\"float: left;\"><img decoding=\"async\" src=\"https:\/\/prodotti.albaen.it\/wp-content\/uploads\/PRIN-TEX-NEW-LOGO.png\"  alt=\"Print-Tex\" style=\"height:60px;\"\/><span class=\"products_icons\">Print-Tex<\/span><\/li><li style=\"float: left;\"><img decoding=\"async\" src=\"https:\/\/prodotti.albaen.it\/wp-content\/uploads\/C-Cap.png\"  alt=\"Embout de s\u00e9curit\u00e9 composite\" style=\"height:60px;\"\/><span class=\"products_icons\">Embout de s\u00e9curit\u00e9 composite<\/span><\/li><\/ul>\n<\/div><\/div>\n\t<div class=\"wpb_text_column wpb_content_element\" >\n\t\t<div class=\"wpb_wrapper\">\n\t\t\t<p><strong><\/strong><\/p>\n\n\t\t<\/div>\n\t<\/div>\n<\/div><\/div><\/div><\/div>","protected":false},"excerpt":{"rendered":"<p>Calzature da lavoro ecosostenibili della linea RECHOOSE by Alba&amp;n, realizzate con materiali PET 100% riciclati, ricavati da bottiglie di plastica post-consumo processati da aziende italiane certificate GRS.<br \/>\nLe WOOD S3 SRC sono scarpe leggerissime e senza parti metalliche, con puntale di protezione da impatto e compressione e lamina anti chiodo leggera e flessibile.<\/p>\n<p>Suola iniettata in duplice densit\u00e0 di PU per garantirti flessibilit\u00e0, ottima ammortizzazione degli urti e soprattutto resistenza allo scivolamento. Comoda soletta anatomica in Memory foam, per il benessere dei tuoi piedi, anche a fine giornata lavorativa.<\/p>\n<p>Le calzature di sicurezza RECHOOSE sono consigliate sia per uso interno che esterno grazie alla loro tomaia idrorepellente WRU, e sono ideali per tutti i professionisti che operano nella logistica, magazzino, manutenzione, ecc.<\/p>\n<p><a href=\"https:\/\/prodotti.albaen.it\/wp-content\/uploads\/P1450CK-S3-rechoose.ita_.pdf\"><button class=\"btn1\"><span style=\"vertical-align: inherit;\">T\u00c9L\u00c9CHARGEZ LA FICHE TECHNIQUE<\/span><\/button><\/a><\/p>","protected":false},"featured_media":66220,"comment_status":"open","ping_status":"closed","template":"","meta":[],"product_cat":[8340,8292],"product_tag":[],"yoast_head":"<!-- This site is optimized with the Yoast SEO Premium plugin v15.0 - https:\/\/yoast.com\/wordpress\/plugins\/seo\/ -->\n<title>Scarpa antinfortunistica ecosostenibile WOOD S3 SRC- Alba&amp;N<\/title>\n<meta name=\"description\" content=\"Calzature di sicurezza ecosostenibili realizzate con materiali PET 100% riciclati, ricavati da bottiglie di plastica post-consumo.\" \/>\n<meta name=\"robots\" content=\"index, follow, max-snippet:-1, max-image-preview:large, max-video-preview:-1\" \/>\n<link rel=\"canonical\" href=\"https:\/\/prodotti.albaen.it\/francais\/produit\/scarpa-antinfortunistica-ecosostenibile-bassa-wood-p1450ck-s3-src\/\" \/>\n<meta property=\"og:locale\" content=\"fr_FR\" \/>\n<meta property=\"og:type\" content=\"article\" \/>\n<meta property=\"og:title\" content=\"Scarpa antinfortunistica ecosostenibile WOOD S3 SRC- Alba&amp;N\" \/>\n<meta property=\"og:description\" content=\"Calzature di sicurezza ecosostenibili realizzate con materiali PET 100% riciclati, ricavati da bottiglie di plastica post-consumo.\" \/>\n<meta property=\"og:url\" content=\"https:\/\/prodotti.albaen.it\/francais\/produit\/scarpa-antinfortunistica-ecosostenibile-bassa-wood-p1450ck-s3-src\/\" \/>\n<meta property=\"og:site_name\" content=\"Alba&amp;N. - Produttori di Scarpe Antinfortunistiche\" \/>\n<meta property=\"article:publisher\" content=\"https:\/\/www.facebook.com\/AlbaenShoes\/\" \/>\n<meta property=\"article:modified_time\" content=\"2024-07-29T08:51:21+00:00\" \/>\n<meta property=\"og:image\" content=\"https:\/\/prodotti.albaen.it\/wp-content\/uploads\/wood-re-choose-.jpg\" \/>\n\t<meta property=\"og:image:width\" content=\"1300\" \/>\n\t<meta property=\"og:image:height\" content=\"1300\" \/>\n<meta name=\"twitter:card\" content=\"summary_large_image\" \/>\n<script type=\"application\/ld+json\" class=\"yoast-schema-graph\">{\"@context\":\"https:\/\/schema.org\",\"@graph\":[{\"@type\":\"Organization\",\"@id\":\"https:\/\/prodotti.albaen.it\/francais\/#organization\",\"name\":\"Alba&N\",\"url\":\"https:\/\/prodotti.albaen.it\/francais\/\",\"sameAs\":[\"https:\/\/www.facebook.com\/AlbaenShoes\/\"],\"logo\":{\"@type\":\"ImageObject\",\"@id\":\"https:\/\/prodotti.albaen.it\/francais\/#logo\",\"inLanguage\":\"fr-FR\",\"url\":\"https:\/\/prodotti.albaen.it\/wp-content\/uploads\/2019\/01\/logo1-1.png\",\"width\":269,\"height\":98,\"caption\":\"Alba&N\"},\"image\":{\"@id\":\"https:\/\/prodotti.albaen.it\/francais\/#logo\"}},{\"@type\":\"WebSite\",\"@id\":\"https:\/\/prodotti.albaen.it\/francais\/#website\",\"url\":\"https:\/\/prodotti.albaen.it\/francais\/\",\"name\":\"Alba&N - Produttori di Scarpe Antinfortunistiche\",\"description\":\"Leader Mondiali nella produzione di Scarpe Antinfortunistiche\",\"publisher\":{\"@id\":\"https:\/\/prodotti.albaen.it\/francais\/#organization\"},\"potentialAction\":[{\"@type\":\"SearchAction\",\"target\":\"https:\/\/prodotti.albaen.it\/francais\/?s={search_term_string}\",\"query-input\":\"required name=search_term_string\"}],\"inLanguage\":\"fr-FR\"},{\"@type\":\"ImageObject\",\"@id\":\"https:\/\/prodotti.albaen.it\/prodotto\/scarpa-antinfortunistica-ecosostenibile-bassa-wood-p1450ck-s3-src\/#primaryimage\",\"inLanguage\":\"fr-FR\",\"url\":\"https:\/\/prodotti.albaen.it\/wp-content\/uploads\/wood-re-choose-.jpg\",\"width\":1300,\"height\":1300,\"caption\":\"scarpa antinfortunistica ecosostenibile re-choose\"},{\"@type\":\"WebPage\",\"@id\":\"https:\/\/prodotti.albaen.it\/prodotto\/scarpa-antinfortunistica-ecosostenibile-bassa-wood-p1450ck-s3-src\/#webpage\",\"url\":\"https:\/\/prodotti.albaen.it\/prodotto\/scarpa-antinfortunistica-ecosostenibile-bassa-wood-p1450ck-s3-src\/\",\"name\":\"Scarpa antinfortunistica ecosostenibile WOOD S3 SRC- Alba&N\",\"isPartOf\":{\"@id\":\"https:\/\/prodotti.albaen.it\/francais\/#website\"},\"primaryImageOfPage\":{\"@id\":\"https:\/\/prodotti.albaen.it\/prodotto\/scarpa-antinfortunistica-ecosostenibile-bassa-wood-p1450ck-s3-src\/#primaryimage\"},\"datePublished\":\"2024-06-26T09:22:43+00:00\",\"dateModified\":\"2024-07-29T08:51:21+00:00\",\"description\":\"Calzature di sicurezza ecosostenibili realizzate con materiali PET 100% riciclati, ricavati da bottiglie di plastica post-consumo.\",\"inLanguage\":\"fr-FR\",\"potentialAction\":[{\"@type\":\"ReadAction\",\"target\":[\"https:\/\/prodotti.albaen.it\/prodotto\/scarpa-antinfortunistica-ecosostenibile-bassa-wood-p1450ck-s3-src\/\"]}]}]}<\/script>\n<!-- \/ Yoast SEO Premium plugin. -->","_links":{"self":[{"href":"https:\/\/prodotti.albaen.it\/francais\/wp-json\/wp\/v2\/product\/66212"}],"collection":[{"href":"https:\/\/prodotti.albaen.it\/francais\/wp-json\/wp\/v2\/product"}],"about":[{"href":"https:\/\/prodotti.albaen.it\/francais\/wp-json\/wp\/v2\/types\/product"}],"replies":[{"embeddable":true,"href":"https:\/\/prodotti.albaen.it\/francais\/wp-json\/wp\/v2\/comments?post=66212"}],"wp:featuredmedia":[{"embeddable":true,"href":"https:\/\/prodotti.albaen.it\/francais\/wp-json\/wp\/v2\/media\/66220"}],"wp:attachment":[{"href":"https:\/\/prodotti.albaen.it\/francais\/wp-json\/wp\/v2\/media?parent=66212"}],"wp:term":[{"taxonomy":"product_cat","embeddable":true,"href":"https:\/\/prodotti.albaen.it\/francais\/wp-json\/wp\/v2\/product_cat?post=66212"},{"taxonomy":"product_tag","embeddable":true,"href":"https:\/\/prodotti.albaen.it\/francais\/wp-json\/wp\/v2\/product_tag?post=66212"}],"curies":[{"name":"wp","href":"https:\/\/api.w.org\/{rel}","templated":true}]}}